{"id":98,"date":"2018-04-26T13:50:47","date_gmt":"2018-04-26T11:50:47","guid":{"rendered":"http:\/\/thibault-svt.fr\/?page_id=98"},"modified":"2025-09-16T15:06:19","modified_gmt":"2025-09-16T13:06:19","slug":"specialite-2","status":"publish","type":"page","link":"http:\/\/thibault-svt.fr\/index.php\/terminales\/specialite-2\/","title":{"rendered":"Sp\u00e9cialit\u00e9 TG"},"content":{"rendered":"<p style=\"text-align: center;\"><span style=\"text-decoration: underline; color: #c2c20c;\"><strong>THEME 1 &#8211; Physiologie humaine<\/strong><\/span><\/p>\n<ul>\n<li><span style=\"color: #c2c288;\"><strong>CHAPITRE 1\u2013 Le r\u00e9flexe myotatique : une commande nerveuse : <\/strong><\/span><span style=\"color: #000000;\"><a style=\"color: #000000;\" href=\"http:\/\/thibault-svt.fr\/index.php\/terminales\/specialite-2\/tspe-th3-ch1-produire-un-mouvement\/\" target=\"_blank\" rel=\"noopener\">Cours<\/a> \/ <a style=\"color: #000000;\" href=\"http:\/\/thibault-svt.fr\/index.php\/terminales\/specialite-2\/theme-3-b-la-communication-nerveuse\/chapitre-1-le-reflexe-myotatique\/tp-theme-1-ch-1-produire-un-mouvement\/\" target=\"_blank\" rel=\"noopener\">TP<\/a> \/ <a style=\"color: #000000;\" href=\"http:\/\/thibault-svt.fr\/index.php\/wp_quiz\/tspesvt-questions-reponses-th1ch1-reflexe-myotatique\/\" target=\"_blank\" rel=\"noopener\">R\u00e9visions<\/a>\u00a0\/ <a style=\"color: #000000;\" href=\"http:\/\/thibault-svt.fr\/index.php\/tspe-type-1-reflexe-myotatique\/\">Correction DS<\/a><\/span><\/li>\n<li><span style=\"color: #e3af7b;\"><strong>CHAPITRE 2 &#8211; Contr\u00f4le du mouvement volontaire par le cerveau :\u00a0 \u00a0<\/strong><\/span><a style=\"color: #000000;\" href=\"http:\/\/thibault-svt.fr\/index.php\/terminales\/specialite-2\/chapitre-2-controle-cerebral-du-mouvement-volontaire\/\" target=\"_blank\" rel=\"noopener\">Cour<span style=\"color: #333333;\">s<\/span><\/a><span style=\"color: #333333;\"> \/ <a style=\"color: #333333;\" href=\"http:\/\/thibault-svt.fr\/index.php\/terminales\/specialite-2\/chapitre-2-controle-cerebral-du-mouvement-volontaire\/tp-theme-1-ch-2-controle-cerebral-du-mouvement-volontaire\/\" target=\"_blank\" rel=\"noopener\">TP<\/a> \/ <a href=\"http:\/\/thibault-svt.fr\/index.php\/wp_quiz\/revisions-ts-th1ch2-cerveau-et-mouvements-volontaires\/\" target=\"_blank\" rel=\"noopener\"><span style=\"color: #000000;\">R\u00e9visions<\/span><\/a><\/span><\/li>\n<li><span style=\"color: #ffcc00;\"><strong>CHAPITRE 3 &#8211; Origine de l&rsquo;\u00e9nergie n\u00e9cessaire au mouvement <\/strong><span style=\"color: #000000;\">: <\/span><\/span><span style=\"color: #000000;\"><a style=\"color: #000000;\" href=\"http:\/\/thibault-svt.fr\/index.php\/terminales\/specialite-2\/chapitre-2-la-respiration-cellulaire-un-metabolisme-heterotrophe-aerobie\/\" target=\"_blank\" rel=\"noopener\">Cours <\/a> \/ <a href=\"http:\/\/thibault-svt.fr\/index.php\/terminales\/specialite-2\/chapitre-2-la-respiration-cellulaire-un-metabolisme-heterotrophe-aerobie\/tp-theme-1-ch-3-produire-le-mouvement-contraction-musculaire-et-apport-denergie\/\"><span style=\"color: #000000;\">TP<\/span><\/a> \/ <a style=\"color: #000000;\" href=\"http:\/\/thibault-svt.fr\/index.php\/wp_quiz\/tspe-qr-th1ch3-energie-et-contraction-musculaire\/\" target=\"_blank\" rel=\"noopener\">R\u00e9visions<\/a><\/span><\/li>\n<li><span style=\"color: #ff9900;\"><strong>CHAPITRE 4 &#8211; La r\u00e9gulation des flux de glucose dans l&rsquo;organisme <\/strong><span style=\"color: #000000;\">: <\/span><\/span><span style=\"color: #000000;\"><a style=\"color: #000000;\" href=\"http:\/\/thibault-svt.fr\/index.php\/terminales\/specialite-2\/theme-3-glycemie-et-diabetes\/\" target=\"_blank\" rel=\"noopener\">Cours <\/a> \/ <a style=\"color: #000000;\" href=\"http:\/\/thibault-svt.fr\/index.php\/terminales\/specialite-2\/theme-3-glycemie-et-diabetes\/tp-theme-1-ch-4-controle-des-flux-de-glucose\/\" target=\"_blank\" rel=\"noopener\">TP<\/a> \/ <a style=\"color: #000000;\" href=\"http:\/\/thibault-svt.fr\/index.php\/wp_quiz\/tspe-qr-th1ch4-flux-de-glucose\/\">R\u00e9visions<\/a><\/span><\/li>\n<li><span style=\"color: #ff6600;\"><strong>CHAPITRE 5 &#8211; Le stress aigu : une manifestation de l&rsquo;adaptabilit\u00e9 de l&rsquo;organisme <\/strong><\/span><span style=\"color: #000000;\">: <a style=\"color: #000000;\" href=\"http:\/\/thibault-svt.fr\/index.php\/terminales\/specialite-2\/chapitre-5-le-stress-aigu-une-manifestation-de-ladaptabilite-de-lorganisme\/\" target=\"_blank\" rel=\"noopener\">Cours <\/a> \/ <a style=\"color: #000000;\" href=\"http:\/\/thibault-svt.fr\/index.php\/terminales\/specialite-2\/chapitre-5-le-stress-aigu-une-manifestation-de-ladaptabilite-de-lorganisme\/tp-theme-1-ch5-stress-aigu\/\">TP<\/a> \/ <a style=\"color: #000000;\" href=\"http:\/\/thibault-svt.fr\/index.php\/wp_quiz\/tspe-qr-th1ch5-stress-aigu\/\" target=\"_blank\" rel=\"noopener\">R\u00e9visions<\/a><\/span><\/li>\n<li><span style=\"color: #ff0000;\"><strong>CHAPITRE 6 &#8211; Le stress chronique : quand l&rsquo;organisme ne s&rsquo;adapte plus <\/strong><\/span><span style=\"color: #000000;\">: <a style=\"color: #000000;\" href=\"http:\/\/thibault-svt.fr\/index.php\/terminales\/specialite-2\/chapitre-6-le-stress-chronique-quand-lorganisme-ne-sadapte-plus\/\" target=\"_blank\" rel=\"noopener\">Cours<\/a> \/<a style=\"color: #000000;\" href=\"http:\/\/thibault-svt.fr\/index.php\/terminales\/specialite-2\/chapitre-6-le-stress-chronique-quand-lorganisme-ne-sadapte-plus\/tp-theme1-ch6-stress-chronique\/\"> TP<\/a> \/ R\u00e9visions<\/span><\/li>\n<\/ul>\n<p>&nbsp;<\/p>\n<p><span style=\"text-decoration: underline; color: #333399;\"><strong><strong>THEME &#8211; GENETIQUE ET EVOLUTION<\/strong><\/strong><\/span><\/p>\n<ul>\n<li><span style=\"color: #0000ff;\"><strong>CHAPITRE 1 \u2013 Origine du g\u00e9notype<\/strong><span style=\"color: #000000;\">: <a style=\"color: #000000;\" href=\"http:\/\/thibault-svt.fr\/index.php\/terminales\/specialite-2\/la-transmission-des-caracteres-lors-de-la-reproduction-sexuee-meiose-et-fecondation\/\" target=\"_blank\" rel=\"noopener\">Cours<\/a> \/ <\/span><\/span><span style=\"color: #000000;\"><a style=\"color: #000000;\" href=\"http:\/\/thibault-svt.fr\/index.php\/terminales\/specialite-2\/la-transmission-des-caracteres-lors-de-la-reproduction-sexuee-meiose-et-fecondation\/tp-tspe-th2ch1-origine-phenotype\/\">TP<\/a><\/span><span style=\"color: #0000ff;\"><span style=\"color: #000000;\"> \/ <a style=\"color: #000000;\" href=\"http:\/\/thibault-svt.fr\/index.php\/wp_quiz\/tspe-qr-th2ch1-origine-du-genotype\/\" target=\"_blank\" rel=\"noopener\">R\u00e9visions<\/a><\/span><\/span><\/li>\n<li><span style=\"color: #3366ff;\"><strong>CHAPITRE 2 \u2013 Diversification du g\u00e9nome et \u00e9volution<\/strong> <span style=\"color: #000000;\">: <a style=\"color: #000000;\" href=\"http:\/\/thibault-svt.fr\/index.php\/terminales\/specialite-2\/chapitre-2-la-diversification-des-etres-vivants\/\" target=\"_blank\" rel=\"noopener\">Cours<\/a> \/<a style=\"color: #000000;\" href=\"http:\/\/thibault-svt.fr\/index.php\/terminales\/specialite-2\/chapitre-2-la-diversification-des-etres-vivants\/tp-tspe-th2ch2-diversification-du-genome\/\"> TP<\/a> \/ <a style=\"color: #000000;\" href=\"http:\/\/thibault-svt.fr\/index.php\/wp_quiz\/tspe-qr-th2ch2-complexification-des-genomes\/\" target=\"_blank\" rel=\"noopener\">R\u00e9visions<\/a><\/span><\/span><\/li>\n<li><span style=\"color: #00ccff;\"><strong>CHAPITRE 3 \u2013 Evolution des g\u00e9nomes des populations<\/strong> <span style=\"color: #000000;\">: <a style=\"color: #000000;\" href=\"http:\/\/thibault-svt.fr\/index.php\/terminales\/specialite-2\/chapitre-3-de-la-diversification-des-etres-vivants-a-levolution-de-la-biodiversite\/\" target=\"_blank\" rel=\"noopener\">Cours<\/a> \/ <a style=\"color: #000000;\" href=\"http:\/\/thibault-svt.fr\/index.php\/terminales\/specialite-2\/chapitre-3-de-la-diversification-des-etres-vivants-a-levolution-de-la-biodiversite\/tp-tspe-th2ch3-evolution-des-genomes\/\">TP<\/a> \/ <a style=\"color: #000000;\" href=\"http:\/\/thibault-svt.fr\/index.php\/wp_quiz\/tspe-qr-th2ch3-evolution-des-genomes-des-populations\/\" target=\"_blank\" rel=\"noopener\">R\u00e9visions<\/a><\/span><\/span><\/li>\n<li><span style=\"color: #00ccff;\"><span style=\"color: #33cccc;\"><strong>CHAPITRE 4 \u2013 M\u00e9canismes \u00e9volutifs non g\u00e9n\u00e9tiques <\/strong><\/span>\u00a0<span style=\"color: #000000;\">: <a style=\"color: #000000;\" href=\"http:\/\/thibault-svt.fr\/index.php\/terminales\/specialite-2\/chapitre-4-mecanismes-evolutifs-non-genetiques\/\" target=\"_blank\" rel=\"noopener\">Cours <\/a>\/ <a style=\"color: #000000;\" href=\"http:\/\/thibault-svt.fr\/index.php\/terminales\/specialite-2\/chapitre-4-mecanismes-evolutifs-non-genetiques\/tp-theme1-ch4-mecanismes-evolutifs-non-genetiques\/\" target=\"_blank\" rel=\"noopener\">TP<\/a> \/ <a style=\"color: #000000;\" href=\"http:\/\/thibault-svt.fr\/index.php\/wp_quiz\/tspe-qr-th2ch3-evolution-des-genomes-des-populations-2\/\" target=\"_blank\" rel=\"noopener\">R\u00e9visions<\/a><\/span><\/span><\/li>\n<\/ul>\n<p>&nbsp;<\/p>\n<p><span style=\"text-decoration: underline; color: #f255a4;\"><strong>THEME &#8211; LE PASSE GEOLOGIQUE DE LA TERRE<\/strong><\/span><\/p>\n<ul>\n<li><span style=\"color: #ff99cc;\"><a style=\"color: #ff99cc;\" href=\"http:\/\/thibault-svt.fr\/index.php\/terminales\/specialite-2\/chapitre-1-le-temps-et-les-roches\/\" target=\"_blank\" rel=\"noopener\"><strong>CHAPITRE 1 \u2013 Le temps et les roches<\/strong><\/a> <span style=\"color: #000000;\">: <a style=\"color: #000000;\" href=\"http:\/\/thibault-svt.fr\/index.php\/terminales\/specialite-2\/chapitre-1-le-temps-et-les-roches\/\" target=\"_blank\" rel=\"noopener\">Cours<\/a> \/ <a style=\"color: #000000;\" href=\"http:\/\/thibault-svt.fr\/index.php\/terminales\/specialite-2\/chapitre-1-le-temps-et-les-roches\/tp-tspe-chap5-temps-et-roches\/\" target=\"_blank\" rel=\"noopener\">TP<\/a> \/ <a style=\"color: #000000;\" href=\"http:\/\/thibault-svt.fr\/index.php\/wp_quiz\/tspe-qr-th3ch1-temps-et-roches\/\" target=\"_blank\" rel=\"noopener\">R\u00e9visions<\/a><\/span><\/span><\/li>\n<li><span style=\"color: #f27cee;\"><a style=\"color: #f27cee;\" href=\"http:\/\/thibault-svt.fr\/index.php\/terminales\/specialite-2\/chapitre-2-les-traces-du-passe-geologique-de-la-terre\/\" target=\"_blank\" rel=\"noopener\"><strong>CHAPITRE 2 \u2013 Les traces du pass\u00e9 g\u00e9ologique de la Terre<\/strong><\/a> <span style=\"color: #000000;\">: <a style=\"color: #000000;\" href=\"http:\/\/thibault-svt.fr\/index.php\/terminales\/specialite-2\/chapitre-2-les-traces-du-passe-geologique-de-la-terre\/\" target=\"_blank\" rel=\"noopener\">Cours <\/a> \/ <a style=\"color: #000000;\" href=\"http:\/\/thibault-svt.fr\/index.php\/terminales\/specialite-2\/chapitre-2-les-traces-du-passe-geologique-de-la-terre\/tp-tspe-chap6-traces-du-passe-geologique\/\">TP<\/a> \/ <a style=\"color: #000000;\" href=\"http:\/\/thibault-svt.fr\/index.php\/wp_quiz\/tspe-qr-geologie\/\" target=\"_blank\" rel=\"noopener\">R\u00e9visions<\/a><\/span><\/span><\/li>\n<\/ul>\n<p>&nbsp;<\/p>\n<p><span style=\"text-decoration: underline; color: #098f09;\"><strong>TH\u00c8ME &#8211; BIOLOGIE VEGETALE<\/strong><\/span><\/p>\n<ul>\n<li><span style=\"color: #149935;\"><a style=\"color: #149935;\" href=\"http:\/\/thibault-svt.fr\/index.php\/terminales\/specialite-2\/chapitre-5-adaptations-des-plantes-a-la-vie-fixee\/\" target=\"_blank\" rel=\"noopener\"><strong>CHAPITRE 1 \u2013 Organisation des plantes \u00e0 fleur<\/strong><\/a><span style=\"color: #000000;\">: <a style=\"color: #000000;\" href=\"http:\/\/thibault-svt.fr\/index.php\/terminales\/specialite-2\/chapitre-5-adaptations-des-plantes-a-la-vie-fixee\/\" target=\"_blank\" rel=\"noopener\">Cours<\/a> \/ <\/span><\/span><span style=\"color: #000000;\"><a style=\"color: #000000;\" href=\"http:\/\/thibault-svt.fr\/index.php\/terminales\/specialite-2\/chapitre-5-adaptations-des-plantes-a-la-vie-fixee\/tp-tspe-th2ch5-anatomie-fonctionnelle-angiospermes\/\" target=\"_blank\" rel=\"noopener\">TP<\/a><\/span><span style=\"color: #149935;\"><span style=\"color: #000000;\"> \/ <a style=\"color: #000000;\" href=\"http:\/\/thibault-svt.fr\/index.php\/wp_quiz\/tspe-qr-th2ch5-organisation-fonctionnelle-des-plantes-a-fleur\/\" target=\"_blank\" rel=\"noopener\">R\u00e9visions<\/a><\/span><\/span><\/li>\n<li><span style=\"color: #45e82c;\"><a style=\"color: #45e82c;\" href=\"http:\/\/thibault-svt.fr\/index.php\/terminales\/specialite-2\/la-plante-productrice-de-matiere-organique\/\" target=\"_blank\" rel=\"noopener\"><strong>CHAPITRE 2 \u2013 La plante : Productrice de mati\u00e8re organique<\/strong><\/a> <span style=\"color: #000000;\">: <a style=\"color: #000000;\" href=\"http:\/\/thibault-svt.fr\/index.php\/terminales\/specialite-2\/la-plante-productrice-de-matiere-organique\/\">Cours<\/a> \/ <a style=\"color: #000000;\" href=\"http:\/\/thibault-svt.fr\/index.php\/terminales\/specialite-2\/la-plante-productrice-de-matiere-organique\/tp-tspe-th2ch6-la-plante-productrice-de-mo\/\" target=\"_blank\" rel=\"noopener\">T<span style=\"color: #000000;\">P<\/span><\/a> \/ <a style=\"color: #000000;\" href=\"http:\/\/thibault-svt.fr\/index.php\/wp_quiz\/tspe-qr-th2ch6-la-plante-productrice-de-matiere-organique\/\" target=\"_blank\" rel=\"noopener\">R\u00e9visions<\/a><\/span><\/span><\/li>\n<li><span style=\"color: #38e8a7;\"><a style=\"color: #38e8a7;\" href=\"http:\/\/thibault-svt.fr\/index.php\/terminales\/specialite-2\/chapitre-3-reproduction-des-plantes\/\" target=\"_blank\" rel=\"noopener\"><strong>CHAPITRE 3 \u2013 Reproduction des plantes<\/strong><\/a> <span style=\"color: #000000;\">: <a style=\"color: #000000;\" href=\"http:\/\/thibault-svt.fr\/index.php\/terminales\/specialite-2\/chapitre-3-reproduction-des-plantes\/\" target=\"_blank\" rel=\"noopener\">Cours <\/a> \/ <a style=\"color: #000000;\" href=\"http:\/\/thibault-svt.fr\/index.php\/terminales\/specialite-2\/chapitre-3-reproduction-des-plantes\/tp-tspe-th2ch7-reproduction-des-plantes\/\" target=\"_blank\" rel=\"noopener\">TP<\/a> \/ <a style=\"color: #000000;\" href=\"http:\/\/thibault-svt.fr\/index.php\/wp_quiz\/tspe-qr-th2ch7-reproduction-de-la-plante-entre-vie-fixee-et-mobilite\/\" target=\"_blank\" rel=\"noopener\">R\u00e9visions<\/a><\/span><\/span><\/li>\n<li><span style=\"color: #7ed994;\"><a style=\"color: #7ed994;\" href=\"http:\/\/thibault-svt.fr\/index.php\/terminales\/specialite-2\/chapitre-6-domestication-des-plantes\/\" target=\"_blank\" rel=\"noopener\"><strong>CHAPITRE 4 &#8211; La domestication des plantes<\/strong><\/a><span style=\"color: #000000;\"> : <a style=\"color: #000000;\" href=\"http:\/\/thibault-svt.fr\/index.php\/terminales\/specialite-2\/chapitre-6-domestication-des-plantes\/\" target=\"_blank\" rel=\"noopener\">Cours<\/a> \/ <a style=\"color: #000000;\" href=\"http:\/\/thibault-svt.fr\/index.php\/terminales\/specialite-2\/chapitre-6-domestication-des-plantes\/tp-tspe-th2ch8-domestication-des-plantes\/\" target=\"_blank\" rel=\"noopener\">TP<\/a> \/ R\u00e9visions<\/span><\/span><\/li>\n<\/ul>\n<p>&nbsp;<\/p>\n<p><span style=\"text-decoration: underline; color: #826565;\"><strong>THEME &#8211; Comprendre le climat terrestre<\/strong><\/span><\/p>\n<ul>\n<li><span style=\"color: #b59393;\"><a style=\"color: #b59393;\" href=\"http:\/\/thibault-svt.fr\/index.php\/terminales\/specialite-2\/theme-2-atmosphere-hydrosphere-climats-du-passe-a-lavenir\/\" target=\"_blank\" rel=\"noopener\"><strong>CHAPITRE 1 \u2013 Reconstituer les variations climatiques au Quaternaire<\/strong><\/a><span style=\"color: #000000;\">: <a style=\"color: #000000;\" href=\"http:\/\/thibault-svt.fr\/index.php\/terminales\/specialite-2\/theme-2-atmosphere-hydrosphere-climats-du-passe-a-lavenir\/\" target=\"_blank\" rel=\"noopener\">Cours <\/a> \/ <a style=\"color: #000000;\" href=\"http:\/\/thibault-svt.fr\/index.php\/terminales\/specialite-2\/theme-2-atmosphere-hydrosphere-climats-du-passe-a-lavenir\/tp-tspe-th3ch1\/\" target=\"_blank\" rel=\"noopener\">TP<\/a> \/ <\/span><\/span><span style=\"color: #000000;\"><a style=\"color: #000000;\" href=\"http:\/\/thibault-svt.fr\/index.php\/wp_quiz\/tspe-qr-climatologie\/\" target=\"_blank\" rel=\"noopener\">R\u00e9visions<\/a><\/span><\/li>\n<li><span style=\"color: #bf6363;\"><a style=\"color: #bf6363;\" href=\"http:\/\/thibault-svt.fr\/index.php\/terminales\/specialite-2\/chapitre-2-consequences-du-rechauffement-climatique-et-actions-possibles\/\" target=\"_blank\" rel=\"noopener\"><strong>CHAPITRE 2 &#8211; Reconstituer les variations climatiques au C\u00e9nozo\u00efque<\/strong><\/a><span style=\"color: #000000;\"> : <a style=\"color: #000000;\" href=\"http:\/\/thibault-svt.fr\/index.php\/terminales\/specialite-2\/chapitre-2-consequences-du-rechauffement-climatique-et-actions-possibles\/\" target=\"_blank\" rel=\"noopener\">Cours<\/a> \/ <a style=\"color: #000000;\" href=\"http:\/\/thibault-svt.fr\/index.php\/terminales\/specialite-2\/chapitre-2-consequences-du-rechauffement-climatique-et-actions-possibles\/tp-tspe-th3ch2-climats-anciens\/\" target=\"_blank\" rel=\"noopener\">TP<\/a> \/ <a style=\"color: #000000;\" href=\"http:\/\/thibault-svt.fr\/index.php\/wp_quiz\/tspe-qr-climatologie\/\" target=\"_blank\" rel=\"noopener\">R\u00e9visions<\/a><\/span><\/span><\/li>\n<li><span style=\"color: #bf6363;\"><span style=\"color: #800000;\"><strong>CHAPITRE 3 &#8211; Cons\u00e9quences du r\u00e9chauffement climatique et actions possibles<\/strong><\/span><span style=\"color: #000000;\"> : Cours \/ TP \/ R\u00e9vision<\/span><\/span><\/li>\n<\/ul>\n<p>&nbsp;<\/p>\n","protected":false},"excerpt":{"rendered":"<p>THEME 1 &#8211; Physiologie humaine CHAPITRE 1\u2013 Le r\u00e9flexe myotatique : une commande nerveuse : Cours \/ TP \/ R\u00e9visions\u00a0\/ Correction DS CHAPITRE 2 &#8211; Contr\u00f4le du mouvement volontaire par le cerveau :\u00a0 \u00a0Cours \/ TP \/ R\u00e9visions CHAPITRE 3 &#8211; Origine de l&rsquo;\u00e9nergie n\u00e9cessaire au mouvement : Cours \/ TP \/ R\u00e9visions CHAPITRE 4 [&hellip;]<\/p>\n","protected":false},"author":1,"featured_media":0,"parent":86,"menu_order":0,"comment_status":"closed","ping_status":"closed","template":"full-width-page-template.php","meta":{"footnotes":""},"class_list":["post-98","page","type-page","status-publish","hentry"],"yoast_head":"<!-- This site is optimized with the Yoast SEO plugin v24.4 - https:\/\/yoast.com\/wordpress\/plugins\/seo\/ -->\n<title>Sp\u00e9cialit\u00e9 TG - SVT<\/title>\n<meta name=\"robots\" content=\"index, follow, max-snippet:-1, max-image-preview:large, max-video-preview:-1\" \/>\n<link rel=\"canonical\" href=\"http:\/\/thibault-svt.fr\/index.php\/terminales\/specialite-2\/\" \/>\n<meta property=\"og:locale\" content=\"fr_FR\" \/>\n<meta property=\"og:type\" content=\"article\" \/>\n<meta property=\"og:title\" content=\"Sp\u00e9cialit\u00e9 TG - SVT\" \/>\n<meta property=\"og:description\" content=\"THEME 1 &#8211; Physiologie humaine CHAPITRE 1\u2013 Le r\u00e9flexe myotatique : une commande nerveuse : Cours \/ TP \/ R\u00e9visions\u00a0\/ Correction DS CHAPITRE 2 &#8211; Contr\u00f4le du mouvement volontaire par le cerveau :\u00a0 \u00a0Cours \/ TP \/ R\u00e9visions CHAPITRE 3 &#8211; Origine de l&rsquo;\u00e9nergie n\u00e9cessaire au mouvement : Cours \/ TP \/ R\u00e9visions CHAPITRE 4 [&hellip;]\" \/>\n<meta property=\"og:url\" content=\"http:\/\/thibault-svt.fr\/index.php\/terminales\/specialite-2\/\" \/>\n<meta property=\"og:site_name\" content=\"SVT\" \/>\n<meta property=\"article:modified_time\" content=\"2025-09-16T13:06:19+00:00\" \/>\n<meta name=\"twitter:card\" content=\"summary_large_image\" \/>\n<meta name=\"twitter:label1\" content=\"Dur\u00e9e de lecture estim\u00e9e\" \/>\n\t<meta name=\"twitter:data1\" content=\"2 minutes\" \/>\n<script type=\"application\/ld+json\" class=\"yoast-schema-graph\">{\"@context\":\"https:\/\/schema.org\",\"@graph\":[{\"@type\":\"WebPage\",\"@id\":\"http:\/\/thibault-svt.fr\/index.php\/terminales\/specialite-2\/\",\"url\":\"http:\/\/thibault-svt.fr\/index.php\/terminales\/specialite-2\/\",\"name\":\"Sp\u00e9cialit\u00e9 TG - SVT\",\"isPartOf\":{\"@id\":\"http:\/\/thibault-svt.fr\/#website\"},\"datePublished\":\"2018-04-26T11:50:47+00:00\",\"dateModified\":\"2025-09-16T13:06:19+00:00\",\"breadcrumb\":{\"@id\":\"http:\/\/thibault-svt.fr\/index.php\/terminales\/specialite-2\/#breadcrumb\"},\"inLanguage\":\"fr-FR\",\"potentialAction\":[{\"@type\":\"ReadAction\",\"target\":[\"http:\/\/thibault-svt.fr\/index.php\/terminales\/specialite-2\/\"]}]},{\"@type\":\"BreadcrumbList\",\"@id\":\"http:\/\/thibault-svt.fr\/index.php\/terminales\/specialite-2\/#breadcrumb\",\"itemListElement\":[{\"@type\":\"ListItem\",\"position\":1,\"name\":\"Accueil\",\"item\":\"http:\/\/thibault-svt.fr\/\"},{\"@type\":\"ListItem\",\"position\":2,\"name\":\"Terminales\",\"item\":\"http:\/\/thibault-svt.fr\/index.php\/terminales\/\"},{\"@type\":\"ListItem\",\"position\":3,\"name\":\"Sp\u00e9cialit\u00e9 TG\"}]},{\"@type\":\"WebSite\",\"@id\":\"http:\/\/thibault-svt.fr\/#website\",\"url\":\"http:\/\/thibault-svt.fr\/\",\"name\":\"SVT\",\"description\":\"Cours de SVT de Mme Thibault - Professeure au Lyc\u00e9e Maurice Genevoix\",\"potentialAction\":[{\"@type\":\"SearchAction\",\"target\":{\"@type\":\"EntryPoint\",\"urlTemplate\":\"http:\/\/thibault-svt.fr\/?s={search_term_string}\"},\"query-input\":{\"@type\":\"PropertyValueSpecification\",\"valueRequired\":true,\"valueName\":\"search_term_string\"}}],\"inLanguage\":\"fr-FR\"}]}<\/script>\n<!-- \/ Yoast SEO plugin. -->","yoast_head_json":{"title":"Sp\u00e9cialit\u00e9 TG - SVT","robots":{"index":"index","follow":"follow","max-snippet":"max-snippet:-1","max-image-preview":"max-image-preview:large","max-video-preview":"max-video-preview:-1"},"canonical":"http:\/\/thibault-svt.fr\/index.php\/terminales\/specialite-2\/","og_locale":"fr_FR","og_type":"article","og_title":"Sp\u00e9cialit\u00e9 TG - SVT","og_description":"THEME 1 &#8211; Physiologie humaine CHAPITRE 1\u2013 Le r\u00e9flexe myotatique : une commande nerveuse : Cours \/ TP \/ R\u00e9visions\u00a0\/ Correction DS CHAPITRE 2 &#8211; Contr\u00f4le du mouvement volontaire par le cerveau :\u00a0 \u00a0Cours \/ TP \/ R\u00e9visions CHAPITRE 3 &#8211; Origine de l&rsquo;\u00e9nergie n\u00e9cessaire au mouvement : Cours \/ TP \/ R\u00e9visions CHAPITRE 4 [&hellip;]","og_url":"http:\/\/thibault-svt.fr\/index.php\/terminales\/specialite-2\/","og_site_name":"SVT","article_modified_time":"2025-09-16T13:06:19+00:00","twitter_card":"summary_large_image","twitter_misc":{"Dur\u00e9e de lecture estim\u00e9e":"2 minutes"},"schema":{"@context":"https:\/\/schema.org","@graph":[{"@type":"WebPage","@id":"http:\/\/thibault-svt.fr\/index.php\/terminales\/specialite-2\/","url":"http:\/\/thibault-svt.fr\/index.php\/terminales\/specialite-2\/","name":"Sp\u00e9cialit\u00e9 TG - SVT","isPartOf":{"@id":"http:\/\/thibault-svt.fr\/#website"},"datePublished":"2018-04-26T11:50:47+00:00","dateModified":"2025-09-16T13:06:19+00:00","breadcrumb":{"@id":"http:\/\/thibault-svt.fr\/index.php\/terminales\/specialite-2\/#breadcrumb"},"inLanguage":"fr-FR","potentialAction":[{"@type":"ReadAction","target":["http:\/\/thibault-svt.fr\/index.php\/terminales\/specialite-2\/"]}]},{"@type":"BreadcrumbList","@id":"http:\/\/thibault-svt.fr\/index.php\/terminales\/specialite-2\/#breadcrumb","itemListElement":[{"@type":"ListItem","position":1,"name":"Accueil","item":"http:\/\/thibault-svt.fr\/"},{"@type":"ListItem","position":2,"name":"Terminales","item":"http:\/\/thibault-svt.fr\/index.php\/terminales\/"},{"@type":"ListItem","position":3,"name":"Sp\u00e9cialit\u00e9 TG"}]},{"@type":"WebSite","@id":"http:\/\/thibault-svt.fr\/#website","url":"http:\/\/thibault-svt.fr\/","name":"SVT","description":"Cours de SVT de Mme Thibault - Professeure au Lyc\u00e9e Maurice Genevoix","potentialAction":[{"@type":"SearchAction","target":{"@type":"EntryPoint","urlTemplate":"http:\/\/thibault-svt.fr\/?s={search_term_string}"},"query-input":{"@type":"PropertyValueSpecification","valueRequired":true,"valueName":"search_term_string"}}],"inLanguage":"fr-FR"}]}},"_links":{"self":[{"href":"http:\/\/thibault-svt.fr\/index.php\/wp-json\/wp\/v2\/pages\/98","targetHints":{"allow":["GET"]}}],"collection":[{"href":"http:\/\/thibault-svt.fr\/index.php\/wp-json\/wp\/v2\/pages"}],"about":[{"href":"http:\/\/thibault-svt.fr\/index.php\/wp-json\/wp\/v2\/types\/page"}],"author":[{"embeddable":true,"href":"http:\/\/thibault-svt.fr\/index.php\/wp-json\/wp\/v2\/users\/1"}],"replies":[{"embeddable":true,"href":"http:\/\/thibault-svt.fr\/index.php\/wp-json\/wp\/v2\/comments?post=98"}],"version-history":[{"count":70,"href":"http:\/\/thibault-svt.fr\/index.php\/wp-json\/wp\/v2\/pages\/98\/revisions"}],"predecessor-version":[{"id":3726,"href":"http:\/\/thibault-svt.fr\/index.php\/wp-json\/wp\/v2\/pages\/98\/revisions\/3726"}],"up":[{"embeddable":true,"href":"http:\/\/thibault-svt.fr\/index.php\/wp-json\/wp\/v2\/pages\/86"}],"wp:attachment":[{"href":"http:\/\/thibault-svt.fr\/index.php\/wp-json\/wp\/v2\/media?parent=98"}],"curies":[{"name":"wp","href":"https:\/\/api.w.org\/{rel}","templated":true}]}}