{"id":957,"date":"2018-08-24T17:01:29","date_gmt":"2018-08-24T15:01:29","guid":{"rendered":"http:\/\/thibault-svt.fr\/?page_id=957"},"modified":"2018-08-28T13:25:52","modified_gmt":"2018-08-28T11:25:52","slug":"chapitre-2-la-convergence-lithospherique-contexte-de-formation-des-chaines-de-montagne","status":"publish","type":"page","link":"http:\/\/thibault-svt.fr\/index.php\/terminales\/enseignement-obligatoire\/theme-2-a-la-convergence-lithospherique-et-ses-consequences\/chapitre-2-la-convergence-lithospherique-contexte-de-formation-des-chaines-de-montagne\/","title":{"rendered":"Chapitre 2 &#8211; La convergence lithosph\u00e9rique : contexte de formation des chaines de montagne."},"content":{"rendered":"<p>La convergence lithosph\u00e9rique (= rapprochement de deux plaques)  peut avoir diff\u00e9rentes cons\u00e9quences :<br \/>\n<strong><u>La subduction <\/u><\/strong>lorsqu\u2019une plaque oc\u00e9anique converge vers une autre plaque (oc\u00e9anique ou continentale)<br \/>\n<strong><u> L\u2019orogen\u00e8se<\/u><\/strong> (= formation d\u2019une chaine de montagne) lorsque deux plaques continentales convergent.<\/p>\n<div class=\"titre-chapitre\">\n<h3 style=\"text-align: center;\">CHAPITRE 2 : LA CONVERGENCE LITHOSPH\u00c9RIQUE : MOTEUR DE LA FORMATION DES CHAINES DE MONTAGNES<\/h3>\n<\/div>\n<p class=\"titre-TP\" style=\"text-align: center;\"><span style=\"color: #000000;\"><a style=\"color: #000000;\" href=\"http:\/\/thibault-svt.fr\/wp-content\/uploads\/2018\/08\/TP3.pdf\" target=\"_blank\" rel=\"noopener\"> TP3- La formation des Alpes<\/a> <\/span><\/p>\n<p style=\"text-align: left;\">La formation d\u2019une cha\u00eene de montagne se fait en plusieurs \u00e9tapes, que l\u2019on peut reconstituer en observant les marqueurs tectoniques et p\u00e9trographiques<\/p>\n<p style=\"text-align: left;\"><span style=\"text-align: left;\"><span class=\"titre-partie\">I &#8211; Des t\u00e9moins d\u2019un rifting et d\u2019une ouverture oc\u00e9anique : <\/span><\/span><\/p>\n<p><span class=\"titre-souspartie\">A- Rifting <\/span><br \/>\nAu niveau des chaines de montagnes, on retrouve des indices d\u2019une <strong>divergence<\/strong> qui a abouti \u00e0 l\u2019ouverture d\u2019un <strong>rift (= bassin s\u00e9dimentaire continental)<\/strong>,<br \/>\n&#8211; Des <strong>failles normales<\/strong><br \/>\n&#8211; Des <strong>blocs bascul\u00e9s<\/strong><br \/>\n&#8211; Une disposition particuli\u00e8re des s\u00e9diments sur ces blocs bascul\u00e9s : Les s\u00e9diment ant\u00e9rifts (d\u00e9pos\u00e9s avant l&rsquo;ouverture) et synrifts (d\u00e9pos\u00e9s pendant l&rsquo;ouverture) sont affect\u00e9s alors que les s\u00e9diments postrifts ne sont pas affect\u00e9s.<br \/>\n<img loading=\"lazy\" decoding=\"async\" class=\" wp-image-972 aligncenter\" src=\"http:\/\/thibault-svt.fr\/wp-content\/uploads\/2018\/08\/Faille-normale-bloc-bascul\u00e9s-rifting.jpg\" alt=\"\" width=\"967\" height=\"688\" \/><br \/>\nCe rifting \u00e9tire la lithosph\u00e8re continentale, ce qui ouvre un bassin s\u00e9dimentaire (=rift).<\/p>\n<p><span class=\"titre-souspartie\">B- Ouverture oc\u00e9anique <\/span><br \/>\nSous l&rsquo;effet des contraintes divergentes une dorsale oc\u00e9anique se met en place. Elle forme de la lithosph\u00e8re oc\u00e9anique (basaltes, gabbros et p\u00e9ridotites). Un oc\u00e9an se met alors en place. On en retrouve les indices suivants :<br \/>\n&#8211; Des<strong><u> ophiolites <\/u>: <\/strong>Superposition de p\u00e9ridotites (roches du manteau), gabbros, et basaltes correspondant \u00e0 des morceaux de lithosph\u00e8re oc\u00e9anique<br \/>\n&#8211; Des <strong><u>roches s\u00e9dimentaires se formant en milieu marin<\/u><\/strong><br \/>\n-Des <strong><u>fossiles d\u2019organismes marins<\/u>.<\/strong><br \/>\n-De <strong><u>la serpentine<\/u><\/strong> : p\u00e9ridotite hydrat\u00e9e<\/p>\n<p><img loading=\"lazy\" decoding=\"async\" class=\"alignnone size-full wp-image-966 aligncenter\" src=\"http:\/\/thibault-svt.fr\/wp-content\/uploads\/2018\/08\/Ophiolite-du-chenaillet.png\" alt=\"Ophiolite du chenaillet\" width=\"1247\" height=\"707\" \/><\/p>\n<p><b>Tout ceci nous permet d\u2019affirmer que la premi\u00e8re \u00e9tape de la formation d\u2019une cha\u00eene de montagne est <\/b><u style=\"font-weight: bold;\">l\u2019ouverture d\u2019un rift, puis d\u2019un oc\u00e9an<\/u><b> en contexte de divergence. <\/b><\/p>\n<p style=\"text-align: left;\"><span style=\"text-align: left;\"><span class=\"titre-partie\">II- Des t\u00e9moins d\u2019une subduction entra\u00eenant une fermeture oc\u00e9anique <\/span><\/span><\/p>\n<p>Dans les chaines de montagnes, on trouve des t\u00e9moins d\u2019une <strong>subduction,<\/strong> c\u2019est-\u00e0-dire du plongement d\u2019une LO dans l\u2019asth\u00e9nosph\u00e8re :<br \/>\n<strong><u>&#8211; La tomographie et l\u2019\u00e9tude de la vitesse des ondes sismiques<\/u><\/strong> montrent que les chaines de montagnes pr\u00e9sentent, en profondeur, du mat\u00e9riel froid et dense qui correspond \u00e0 la LO froide<\/p>\n<p><img loading=\"lazy\" decoding=\"async\" class=\"alignnone size-full wp-image-974\" src=\"http:\/\/thibault-svt.fr\/wp-content\/uploads\/2018\/08\/Tomo-et-ECORS-Alpes.png\" alt=\"Tomographie et ECORS Alpes\" width=\"1154\" height=\"761\" srcset=\"http:\/\/thibault-svt.fr\/wp-content\/uploads\/2018\/08\/Tomo-et-ECORS-Alpes.png 1154w, http:\/\/thibault-svt.fr\/wp-content\/uploads\/2018\/08\/Tomo-et-ECORS-Alpes-300x198.png 300w, http:\/\/thibault-svt.fr\/wp-content\/uploads\/2018\/08\/Tomo-et-ECORS-Alpes-768x506.png 768w, http:\/\/thibault-svt.fr\/wp-content\/uploads\/2018\/08\/Tomo-et-ECORS-Alpes-1024x675.png 1024w, http:\/\/thibault-svt.fr\/wp-content\/uploads\/2018\/08\/Tomo-et-ECORS-Alpes-900x594.png 900w\" sizes=\"auto, (max-width: 1154px) 100vw, 1154px\" \/><\/p>\n<p>&#8211; <strong><u>Des m\u00e9tagabbros et m\u00e9tabasaltes :<\/u><\/strong> Ce sont des roches de la CO qui ont subi un <u>m\u00e9tamorphisme de subduction<\/u>. En effet, lorsque la LO plonge, l\u2019augmentation de pression et temp\u00e9rature entra\u00eene des r\u00e9actions m\u00e9tamorphiques qui permettent l\u2019apparition de nouveaux min\u00e9raux (glaucophane, jad\u00e9ite, grenat \u2026). Les gabbros et basaltes, acqui\u00e8rent alors de nouvelles associations min\u00e9rales et deviennent des m\u00e9tagabbros ou m\u00e9tabasaltes de diff\u00e9rents faci\u00e8s :<\/p>\n<ul>\n<li>Pyrox\u00e8nes + feldspaths &#8211;&gt; Gabbros<\/li>\n<li>Chlorite + Actinote &#8211;&gt; M\u00e9tagabbro faci\u00e8s schiste vert<\/li>\n<li>Glaucophane &#8211;&gt; M\u00e9tagabbro faci\u00e8s schiste bleu<\/li>\n<li>Jad\u00e9ite + grenat &#8211;&gt; M\u00e9tagabbro faci\u00e8s \u00e9clogite.<\/li>\n<\/ul>\n<p><img loading=\"lazy\" decoding=\"async\" class=\"alignnone size-full wp-image-976\" src=\"http:\/\/thibault-svt.fr\/wp-content\/uploads\/2018\/08\/Diagramme-PT.png\" alt=\"Diagramme PT\" width=\"767\" height=\"795\" srcset=\"http:\/\/thibault-svt.fr\/wp-content\/uploads\/2018\/08\/Diagramme-PT.png 767w, http:\/\/thibault-svt.fr\/wp-content\/uploads\/2018\/08\/Diagramme-PT-289x300.png 289w\" sizes=\"auto, (max-width: 767px) 100vw, 767px\" \/><\/p>\n<p>Ainsi, la deuxi\u00e8me \u00e9tape de la formation d\u2019une cha\u00eene de montagne est la <strong>fermeture de l\u2019oc\u00e9an par subduction :<\/strong><br \/>\nLorsque les roches form\u00e9es \u00e0 la dorsale (gabbros, basaltes) s\u2019\u00e9loignent, elles <strong>s\u2019hydratent<\/strong> et se <strong>refroidissent<\/strong>, ce qui entra\u00eene une augmentation de la densit\u00e9 de la LO.<br \/>\nLorsque la densit\u00e9 de la LO devient plus \u00e9lev\u00e9e que celle de l\u2019asth\u00e9nosph\u00e8re sous-jacente, la LO plonge : c\u2019est la subduction.<br \/>\nCette subduction entraine une <strong>augmentation de pression et temp\u00e9rature<\/strong> des roches, ce qui aboutit a un <strong>m\u00e9tamorphisme<\/strong> des basaltes et gabbros, qui deviennent des m\u00e9tabasaltes ou m\u00e9tagabbros<\/p>\n<p>Lorsque les contraintes divergentes s&rsquo;arr\u00eatent, la subduction entra\u00eene la disparition de la LO et la <strong>fermeture de l\u2019oc\u00e9an<\/strong>. Cela aboutit ensuite \u00e0 la rencontre des deux lithosph\u00e8res continentales : <strong>la collision.<\/strong><\/p>\n<p style=\"text-align: left;\"><span style=\"text-align: left;\"><span class=\"titre-partie\">III &#8211; Des t\u00e9moins d\u2019une collision continentale<\/span><\/span><\/p>\n<p>Les chaines de montagnes pr\u00e9sentent \u00e9galement des t\u00e9moins <strong>de convergence <\/strong>entre deux LC <span style=\"color: #000080;\"><a style=\"color: #000080;\" href=\"http:\/\/thibault-svt.fr\/index.php\/terminales\/tp-de-ts\/theme-2-a-la-convergence-lithospherique-et-ses-consequences\/chapitre-1-la-dualite-des-domaines-continentaux-et-oceaniques#indicescompression\" target=\"_blank\" rel=\"noopener\">(cf. Chapitre 1)<\/a><\/span> :<br \/>\n&#8211; Plis<br \/>\n&#8211; Failles inverses<br \/>\n&#8211; Nappes de charriage<br \/>\n&#8211; Chevauchements<br \/>\n&#8211; Schistosit\u00e9 des roches<br \/>\n&#8211; Foliation<br \/>\n&#8211; M\u00e9tamorphisme de collision (co\u00e9site)<br \/>\n&#8211; Roches form\u00e9es par anatexie : migmatites<\/p>\n<p>Tous ces indices mettent en \u00e9vidence une collision entre deux LC.<\/p>\n<p style=\"text-align: center;\"><span style=\"text-align: left;\"><span class=\"titre-partie\"> Bilan : la formation d\u2019une cha\u00eene de montagne<\/span><\/span><\/p>\n<p><strong><img loading=\"lazy\" decoding=\"async\" class=\"wp-image-981 aligncenter\" src=\"http:\/\/thibault-svt.fr\/wp-content\/uploads\/2018\/08\/Sch\u00e9ma-bilan-Alpes.png\" alt=\"Sch\u00e9ma bilan Alpes\" width=\"699\" height=\"981\" \/> <img loading=\"lazy\" decoding=\"async\" class=\"wp-image-982 aligncenter\" src=\"http:\/\/thibault-svt.fr\/wp-content\/uploads\/2018\/08\/L\u00e9gendes-sch\u00e9ma-bilan-Alpes.png\" alt=\"\" width=\"627\" height=\"305\" \/><\/strong><\/p>\n","protected":false},"excerpt":{"rendered":"<p>La convergence lithosph\u00e9rique (= rapprochement de deux plaques) peut avoir diff\u00e9rentes cons\u00e9quences : La subduction lorsqu\u2019une plaque oc\u00e9anique converge vers une autre plaque (oc\u00e9anique ou continentale) L\u2019orogen\u00e8se (= formation d\u2019une chaine de montagne) lorsque deux plaques continentales convergent. CHAPITRE 2 : LA CONVERGENCE LITHOSPH\u00c9RIQUE : MOTEUR DE LA FORMATION DES CHAINES DE MONTAGNES TP3- La [&hellip;]<\/p>\n","protected":false},"author":1,"featured_media":0,"parent":186,"menu_order":1,"comment_status":"closed","ping_status":"closed","template":"full-width-page-template.php","meta":{"footnotes":""},"class_list":["post-957","page","type-page","status-publish","hentry"],"yoast_head":"<!-- This site is optimized with the Yoast SEO plugin v24.4 - https:\/\/yoast.com\/wordpress\/plugins\/seo\/ -->\n<title>Formation des chaines de montagne - Cours et TP de SVT<\/title>\n<meta name=\"description\" content=\"Cours et TP de SVT - TS. Formation des chaines de montagne en contexte de convergence. Rift, blocs bascul\u00e9s, ophiolite, orogen\u00e8se.\" \/>\n<meta name=\"robots\" content=\"index, follow, max-snippet:-1, max-image-preview:large, max-video-preview:-1\" \/>\n<link rel=\"canonical\" href=\"http:\/\/thibault-svt.fr\/index.php\/terminales\/enseignement-obligatoire\/theme-2-a-la-convergence-lithospherique-et-ses-consequences\/chapitre-2-la-convergence-lithospherique-contexte-de-formation-des-chaines-de-montagne\/\" \/>\n<meta property=\"og:locale\" content=\"fr_FR\" \/>\n<meta property=\"og:type\" content=\"article\" \/>\n<meta property=\"og:title\" content=\"Formation des chaines de montagne - Cours et TP de SVT\" \/>\n<meta property=\"og:description\" content=\"Cours et TP de SVT - TS. Formation des chaines de montagne en contexte de convergence. Rift, blocs bascul\u00e9s, ophiolite, orogen\u00e8se.\" \/>\n<meta property=\"og:url\" content=\"http:\/\/thibault-svt.fr\/index.php\/terminales\/enseignement-obligatoire\/theme-2-a-la-convergence-lithospherique-et-ses-consequences\/chapitre-2-la-convergence-lithospherique-contexte-de-formation-des-chaines-de-montagne\/\" \/>\n<meta property=\"og:site_name\" content=\"SVT\" \/>\n<meta property=\"article:modified_time\" content=\"2018-08-28T11:25:52+00:00\" \/>\n<meta property=\"og:image\" content=\"http:\/\/thibault-svt.fr\/wp-content\/uploads\/2018\/08\/Ophiolite-du-chenaillet.png\" \/>\n<meta name=\"twitter:card\" content=\"summary_large_image\" \/>\n<meta name=\"twitter:label1\" content=\"Dur\u00e9e de lecture estim\u00e9e\" \/>\n\t<meta name=\"twitter:data1\" content=\"4 minutes\" \/>\n<script type=\"application\/ld+json\" class=\"yoast-schema-graph\">{\"@context\":\"https:\/\/schema.org\",\"@graph\":[{\"@type\":\"WebPage\",\"@id\":\"http:\/\/thibault-svt.fr\/index.php\/terminales\/enseignement-obligatoire\/theme-2-a-la-convergence-lithospherique-et-ses-consequences\/chapitre-2-la-convergence-lithospherique-contexte-de-formation-des-chaines-de-montagne\/\",\"url\":\"http:\/\/thibault-svt.fr\/index.php\/terminales\/enseignement-obligatoire\/theme-2-a-la-convergence-lithospherique-et-ses-consequences\/chapitre-2-la-convergence-lithospherique-contexte-de-formation-des-chaines-de-montagne\/\",\"name\":\"Formation des chaines de montagne - Cours et TP de SVT\",\"isPartOf\":{\"@id\":\"http:\/\/thibault-svt.fr\/#website\"},\"primaryImageOfPage\":{\"@id\":\"http:\/\/thibault-svt.fr\/index.php\/terminales\/enseignement-obligatoire\/theme-2-a-la-convergence-lithospherique-et-ses-consequences\/chapitre-2-la-convergence-lithospherique-contexte-de-formation-des-chaines-de-montagne\/#primaryimage\"},\"image\":{\"@id\":\"http:\/\/thibault-svt.fr\/index.php\/terminales\/enseignement-obligatoire\/theme-2-a-la-convergence-lithospherique-et-ses-consequences\/chapitre-2-la-convergence-lithospherique-contexte-de-formation-des-chaines-de-montagne\/#primaryimage\"},\"thumbnailUrl\":\"http:\/\/thibault-svt.fr\/wp-content\/uploads\/2018\/08\/Ophiolite-du-chenaillet.png\",\"datePublished\":\"2018-08-24T15:01:29+00:00\",\"dateModified\":\"2018-08-28T11:25:52+00:00\",\"description\":\"Cours et TP de SVT - TS. Formation des chaines de montagne en contexte de convergence. Rift, blocs bascul\u00e9s, ophiolite, orogen\u00e8se.\",\"breadcrumb\":{\"@id\":\"http:\/\/thibault-svt.fr\/index.php\/terminales\/enseignement-obligatoire\/theme-2-a-la-convergence-lithospherique-et-ses-consequences\/chapitre-2-la-convergence-lithospherique-contexte-de-formation-des-chaines-de-montagne\/#breadcrumb\"},\"inLanguage\":\"fr-FR\",\"potentialAction\":[{\"@type\":\"ReadAction\",\"target\":[\"http:\/\/thibault-svt.fr\/index.php\/terminales\/enseignement-obligatoire\/theme-2-a-la-convergence-lithospherique-et-ses-consequences\/chapitre-2-la-convergence-lithospherique-contexte-de-formation-des-chaines-de-montagne\/\"]}]},{\"@type\":\"ImageObject\",\"inLanguage\":\"fr-FR\",\"@id\":\"http:\/\/thibault-svt.fr\/index.php\/terminales\/enseignement-obligatoire\/theme-2-a-la-convergence-lithospherique-et-ses-consequences\/chapitre-2-la-convergence-lithospherique-contexte-de-formation-des-chaines-de-montagne\/#primaryimage\",\"url\":\"http:\/\/thibault-svt.fr\/wp-content\/uploads\/2018\/08\/Ophiolite-du-chenaillet.png\",\"contentUrl\":\"http:\/\/thibault-svt.fr\/wp-content\/uploads\/2018\/08\/Ophiolite-du-chenaillet.png\"},{\"@type\":\"BreadcrumbList\",\"@id\":\"http:\/\/thibault-svt.fr\/index.php\/terminales\/enseignement-obligatoire\/theme-2-a-la-convergence-lithospherique-et-ses-consequences\/chapitre-2-la-convergence-lithospherique-contexte-de-formation-des-chaines-de-montagne\/#breadcrumb\",\"itemListElement\":[{\"@type\":\"ListItem\",\"position\":1,\"name\":\"Accueil\",\"item\":\"http:\/\/thibault-svt.fr\/\"},{\"@type\":\"ListItem\",\"position\":2,\"name\":\"Terminales\",\"item\":\"http:\/\/thibault-svt.fr\/index.php\/terminales\/\"},{\"@type\":\"ListItem\",\"position\":3,\"name\":\"Enseignement obligatoire &#8211; Ancien programme\",\"item\":\"http:\/\/thibault-svt.fr\/index.php\/terminales\/enseignement-obligatoire\/\"},{\"@type\":\"ListItem\",\"position\":4,\"name\":\"Th\u00e8me 2.a &#8211; La convergence lithosph\u00e9rique et ses cons\u00e9quences\",\"item\":\"http:\/\/thibault-svt.fr\/index.php\/terminales\/enseignement-obligatoire\/theme-2-a-la-convergence-lithospherique-et-ses-consequences\/\"},{\"@type\":\"ListItem\",\"position\":5,\"name\":\"Chapitre 2 &#8211; La convergence lithosph\u00e9rique : contexte de formation des chaines de montagne.\"}]},{\"@type\":\"WebSite\",\"@id\":\"http:\/\/thibault-svt.fr\/#website\",\"url\":\"http:\/\/thibault-svt.fr\/\",\"name\":\"SVT\",\"description\":\"Cours de SVT de Mme Thibault - Professeure au Lyc\u00e9e Maurice Genevoix\",\"potentialAction\":[{\"@type\":\"SearchAction\",\"target\":{\"@type\":\"EntryPoint\",\"urlTemplate\":\"http:\/\/thibault-svt.fr\/?s={search_term_string}\"},\"query-input\":{\"@type\":\"PropertyValueSpecification\",\"valueRequired\":true,\"valueName\":\"search_term_string\"}}],\"inLanguage\":\"fr-FR\"}]}<\/script>\n<!-- \/ Yoast SEO plugin. -->","yoast_head_json":{"title":"Formation des chaines de montagne - Cours et TP de SVT","description":"Cours et TP de SVT - TS. Formation des chaines de montagne en contexte de convergence. Rift, blocs bascul\u00e9s, ophiolite, orogen\u00e8se.","robots":{"index":"index","follow":"follow","max-snippet":"max-snippet:-1","max-image-preview":"max-image-preview:large","max-video-preview":"max-video-preview:-1"},"canonical":"http:\/\/thibault-svt.fr\/index.php\/terminales\/enseignement-obligatoire\/theme-2-a-la-convergence-lithospherique-et-ses-consequences\/chapitre-2-la-convergence-lithospherique-contexte-de-formation-des-chaines-de-montagne\/","og_locale":"fr_FR","og_type":"article","og_title":"Formation des chaines de montagne - Cours et TP de SVT","og_description":"Cours et TP de SVT - TS. Formation des chaines de montagne en contexte de convergence. Rift, blocs bascul\u00e9s, ophiolite, orogen\u00e8se.","og_url":"http:\/\/thibault-svt.fr\/index.php\/terminales\/enseignement-obligatoire\/theme-2-a-la-convergence-lithospherique-et-ses-consequences\/chapitre-2-la-convergence-lithospherique-contexte-de-formation-des-chaines-de-montagne\/","og_site_name":"SVT","article_modified_time":"2018-08-28T11:25:52+00:00","og_image":[{"url":"http:\/\/thibault-svt.fr\/wp-content\/uploads\/2018\/08\/Ophiolite-du-chenaillet.png","type":"","width":"","height":""}],"twitter_card":"summary_large_image","twitter_misc":{"Dur\u00e9e de lecture estim\u00e9e":"4 minutes"},"schema":{"@context":"https:\/\/schema.org","@graph":[{"@type":"WebPage","@id":"http:\/\/thibault-svt.fr\/index.php\/terminales\/enseignement-obligatoire\/theme-2-a-la-convergence-lithospherique-et-ses-consequences\/chapitre-2-la-convergence-lithospherique-contexte-de-formation-des-chaines-de-montagne\/","url":"http:\/\/thibault-svt.fr\/index.php\/terminales\/enseignement-obligatoire\/theme-2-a-la-convergence-lithospherique-et-ses-consequences\/chapitre-2-la-convergence-lithospherique-contexte-de-formation-des-chaines-de-montagne\/","name":"Formation des chaines de montagne - Cours et TP de SVT","isPartOf":{"@id":"http:\/\/thibault-svt.fr\/#website"},"primaryImageOfPage":{"@id":"http:\/\/thibault-svt.fr\/index.php\/terminales\/enseignement-obligatoire\/theme-2-a-la-convergence-lithospherique-et-ses-consequences\/chapitre-2-la-convergence-lithospherique-contexte-de-formation-des-chaines-de-montagne\/#primaryimage"},"image":{"@id":"http:\/\/thibault-svt.fr\/index.php\/terminales\/enseignement-obligatoire\/theme-2-a-la-convergence-lithospherique-et-ses-consequences\/chapitre-2-la-convergence-lithospherique-contexte-de-formation-des-chaines-de-montagne\/#primaryimage"},"thumbnailUrl":"http:\/\/thibault-svt.fr\/wp-content\/uploads\/2018\/08\/Ophiolite-du-chenaillet.png","datePublished":"2018-08-24T15:01:29+00:00","dateModified":"2018-08-28T11:25:52+00:00","description":"Cours et TP de SVT - TS. Formation des chaines de montagne en contexte de convergence. Rift, blocs bascul\u00e9s, ophiolite, orogen\u00e8se.","breadcrumb":{"@id":"http:\/\/thibault-svt.fr\/index.php\/terminales\/enseignement-obligatoire\/theme-2-a-la-convergence-lithospherique-et-ses-consequences\/chapitre-2-la-convergence-lithospherique-contexte-de-formation-des-chaines-de-montagne\/#breadcrumb"},"inLanguage":"fr-FR","potentialAction":[{"@type":"ReadAction","target":["http:\/\/thibault-svt.fr\/index.php\/terminales\/enseignement-obligatoire\/theme-2-a-la-convergence-lithospherique-et-ses-consequences\/chapitre-2-la-convergence-lithospherique-contexte-de-formation-des-chaines-de-montagne\/"]}]},{"@type":"ImageObject","inLanguage":"fr-FR","@id":"http:\/\/thibault-svt.fr\/index.php\/terminales\/enseignement-obligatoire\/theme-2-a-la-convergence-lithospherique-et-ses-consequences\/chapitre-2-la-convergence-lithospherique-contexte-de-formation-des-chaines-de-montagne\/#primaryimage","url":"http:\/\/thibault-svt.fr\/wp-content\/uploads\/2018\/08\/Ophiolite-du-chenaillet.png","contentUrl":"http:\/\/thibault-svt.fr\/wp-content\/uploads\/2018\/08\/Ophiolite-du-chenaillet.png"},{"@type":"BreadcrumbList","@id":"http:\/\/thibault-svt.fr\/index.php\/terminales\/enseignement-obligatoire\/theme-2-a-la-convergence-lithospherique-et-ses-consequences\/chapitre-2-la-convergence-lithospherique-contexte-de-formation-des-chaines-de-montagne\/#breadcrumb","itemListElement":[{"@type":"ListItem","position":1,"name":"Accueil","item":"http:\/\/thibault-svt.fr\/"},{"@type":"ListItem","position":2,"name":"Terminales","item":"http:\/\/thibault-svt.fr\/index.php\/terminales\/"},{"@type":"ListItem","position":3,"name":"Enseignement obligatoire &#8211; Ancien programme","item":"http:\/\/thibault-svt.fr\/index.php\/terminales\/enseignement-obligatoire\/"},{"@type":"ListItem","position":4,"name":"Th\u00e8me 2.a &#8211; La convergence lithosph\u00e9rique et ses cons\u00e9quences","item":"http:\/\/thibault-svt.fr\/index.php\/terminales\/enseignement-obligatoire\/theme-2-a-la-convergence-lithospherique-et-ses-consequences\/"},{"@type":"ListItem","position":5,"name":"Chapitre 2 &#8211; La convergence lithosph\u00e9rique : contexte de formation des chaines de montagne."}]},{"@type":"WebSite","@id":"http:\/\/thibault-svt.fr\/#website","url":"http:\/\/thibault-svt.fr\/","name":"SVT","description":"Cours de SVT de Mme Thibault - Professeure au Lyc\u00e9e Maurice Genevoix","potentialAction":[{"@type":"SearchAction","target":{"@type":"EntryPoint","urlTemplate":"http:\/\/thibault-svt.fr\/?s={search_term_string}"},"query-input":{"@type":"PropertyValueSpecification","valueRequired":true,"valueName":"search_term_string"}}],"inLanguage":"fr-FR"}]}},"_links":{"self":[{"href":"http:\/\/thibault-svt.fr\/index.php\/wp-json\/wp\/v2\/pages\/957","targetHints":{"allow":["GET"]}}],"collection":[{"href":"http:\/\/thibault-svt.fr\/index.php\/wp-json\/wp\/v2\/pages"}],"about":[{"href":"http:\/\/thibault-svt.fr\/index.php\/wp-json\/wp\/v2\/types\/page"}],"author":[{"embeddable":true,"href":"http:\/\/thibault-svt.fr\/index.php\/wp-json\/wp\/v2\/users\/1"}],"replies":[{"embeddable":true,"href":"http:\/\/thibault-svt.fr\/index.php\/wp-json\/wp\/v2\/comments?post=957"}],"version-history":[{"count":24,"href":"http:\/\/thibault-svt.fr\/index.php\/wp-json\/wp\/v2\/pages\/957\/revisions"}],"predecessor-version":[{"id":994,"href":"http:\/\/thibault-svt.fr\/index.php\/wp-json\/wp\/v2\/pages\/957\/revisions\/994"}],"up":[{"embeddable":true,"href":"http:\/\/thibault-svt.fr\/index.php\/wp-json\/wp\/v2\/pages\/186"}],"wp:attachment":[{"href":"http:\/\/thibault-svt.fr\/index.php\/wp-json\/wp\/v2\/media?parent=957"}],"curies":[{"name":"wp","href":"https:\/\/api.w.org\/{rel}","templated":true}]}}