{"id":586,"date":"2018-05-25T18:53:41","date_gmt":"2018-05-25T16:53:41","guid":{"rendered":"http:\/\/thibault-svt.fr\/?page_id=586"},"modified":"2018-08-02T15:12:59","modified_gmt":"2018-08-02T13:12:59","slug":"rappels-de-phylogenie","status":"publish","type":"page","link":"http:\/\/thibault-svt.fr\/index.php\/terminales\/enseignement-obligatoire\/579-2\/rappels-de-phylogenie\/","title":{"rendered":"Rappels de phylog\u00e9nie"},"content":{"rendered":"<p><span class=\"titre-partie\"> Principe de l&rsquo;\u00e9volution : <\/span><br \/>\nLes esp\u00e8ces apparaissent par <b>sp\u00e9ciation<\/b> \u00e0 partir d&rsquo;une esp\u00e8ce hypoth\u00e9tique appel\u00e9e <strong><span style=\"text-decoration: underline;\">anc\u00eatre commun hypoth\u00e9tique (ACH).<\/span><\/strong><br \/>\nToutes les esp\u00e8ces poss\u00e8dent donc des anc\u00eatres communs hypoth\u00e9tiques qui leur ont transmis leurs caract\u00e8res.<br \/>\nDeux esp\u00e8ces partageant un ACH, partagent donc des <strong><span style=\"text-decoration: underline;\">caract\u00e8res ancestraux<\/span><\/strong> (ceux de l&rsquo;ACH) : on dit alors que les esp\u00e8ces sont<strong> <span style=\"text-decoration: underline;\">apparent\u00e9es.<\/span><\/strong><br \/>\nDe plus, la sp\u00e9ciation implique l&rsquo;apparition d&rsquo;un ou plusieurs nouveaux caract\u00e8res, que l&rsquo;on appelle <strong><span style=\"text-decoration: underline;\">caract\u00e8res d\u00e9riv\u00e9s<\/span>.<\/strong><br \/>\nDeux esp\u00e8ces apparent\u00e9es poss\u00e8dent donc des caract\u00e8res communs (les caract\u00e8res ancestraux) et des caract\u00e8res d\u00e9riv\u00e9s qui leurs sont propres.<br \/>\nOn repr\u00e9sente les parent\u00e9s sur un arbre phylog\u00e9n\u00e9tique<\/p>\n<p><span class=\"titre-partie\"> Lire un arbre phylog\u00e9n\u00e9tique<\/span><br \/>\n&#8211;<span style=\"text-decoration: underline; color: #800080;\"><strong> Arbre phylog\u00e9n\u00e9tique :<\/strong><\/span> Sch\u00e9ma repr\u00e9sentant les parent\u00e9s entre plusieurs esp\u00e8ces<\/p>\n<p><img loading=\"lazy\" decoding=\"async\" class=\"alignnone size-full wp-image-587\" src=\"http:\/\/thibault-svt.fr\/wp-content\/uploads\/2018\/05\/Arbre-pour-rappels.jpg\" alt=\"\" width=\"1168\" height=\"469\" srcset=\"http:\/\/thibault-svt.fr\/wp-content\/uploads\/2018\/05\/Arbre-pour-rappels.jpg 1168w, http:\/\/thibault-svt.fr\/wp-content\/uploads\/2018\/05\/Arbre-pour-rappels-300x120.jpg 300w, http:\/\/thibault-svt.fr\/wp-content\/uploads\/2018\/05\/Arbre-pour-rappels-768x308.jpg 768w, http:\/\/thibault-svt.fr\/wp-content\/uploads\/2018\/05\/Arbre-pour-rappels-1024x411.jpg 1024w, http:\/\/thibault-svt.fr\/wp-content\/uploads\/2018\/05\/Arbre-pour-rappels-900x361.jpg 900w\" sizes=\"auto, (max-width: 1168px) 100vw, 1168px\" \/><\/p>\n<p>&#8211; Les esp\u00e8ces reli\u00e9es au m\u00eame n\u0153ud ont une parent\u00e9 proche, puisqu\u2019elles d\u00e9rivent d\u2019un m\u00eame anc\u00eatre commun hypoth\u00e9tique.<br \/>\n&#8211; Les caract\u00e8res d\u2019un ACH sont appel\u00e9s <span style=\"text-decoration: underline;\"><span style=\"color: #800080;\"><b>caract\u00e8res ancestraux<\/b><\/span><\/span><br \/>\n&#8211; Les caract\u00e8res qui apparaissent (donc que ne poss\u00e8de pas l\u2019ACH) sont des <span style=\"text-decoration: underline; color: #800080;\"><b>caract\u00e8res d\u00e9riv\u00e9s<\/b><\/span><\/p>\n<p><span style=\"text-decoration: underline; color: #333399;\"><strong>Testez vous !<\/strong><\/span><i><span style=\"text-decoration: underline; color: #333399;\">  <\/span><br \/>\n<\/i><span style=\"color: #333399;\"><i>Sur l&rsquo;arbre pr\u00e9c\u00e9dent :<br \/>\n<\/i>La Grenouille a une plus forte parent\u00e9 avec l\u2019Homme qu\u2019avec<\/span> <input id=\"phylo1\" class=\"chk-cache\" type=\"checkbox\" \/> <span class=\"cache\" style=\"color: #1fd15b;\"> Arandaspis ou Amphioxus <\/span> <label class=\"cachestyle\" for=\"phylo1\">Voir la r\u00e9ponse<\/label><br \/>\n<span style=\"color: #333399;\">L\u2019anc\u00eatre commun a toutes les esp\u00e8ces pr\u00e9sent\u00e9es est<\/span> <input id=\"phylo2\" class=\"chk-cache\" type=\"checkbox\" \/> <span class=\"cache\" style=\"color: #1fd15b;\"> 1 <\/span> <label class=\"cachestyle\" for=\"phylo2\">Voir la r\u00e9ponse<\/label><br \/>\n<span style=\"color: #333399;\">L\u2019anc\u00eatre commun au chat et \u00e0 l\u2019Arandaspis est<\/span> <input id=\"phylo3\" class=\"chk-cache\" type=\"checkbox\" \/> <span class=\"cache\" style=\"color: #1fd15b;\"> 2 <\/span> <label class=\"cachestyle\" for=\"phylo3\">Voir la r\u00e9ponse<\/label><\/p>\n<p><span class=\"titre-partie\"> Etablir des parent\u00e9s<\/span><br \/>\nPour \u00e9tablir des parent\u00e9s et construire ces arbres phylog\u00e9n\u00e9tiques, on se base sur diff\u00e9rents crit\u00e8res :<br \/>\n<span style=\"color: #800080;\"><b><span style=\"text-decoration: underline;\">&#8211; Crit\u00e8res mol\u00e9culaires :<\/span> <\/b><span style=\"color: #000000;\">Des esp\u00e8ces ayant une proche parent\u00e9 doivent avoir des h<\/span><\/span>omologies de s\u00e9quences prot\u00e9iques ou nucl\u00e9otidiques. Plus des esp\u00e8ces sont proches, plus elles ont de ressemblances pour une s\u00e9quence donn\u00e9e.<br \/>\n<span style=\"text-decoration: underline; color: #800080;\"><b>&#8211; Crit\u00e8res anatomiques :<\/b><\/span><b> <\/b><span style=\"color: #800080;\"><span style=\"color: #800080;\"><span style=\"color: #000000;\">Des esp\u00e8ces ayant une proche parent\u00e9 doivent avoir des c<\/span><\/span><\/span>aract\u00e8res morphologiques communs. Attention, des caract\u00e8res morphologiques communs n\u2019indiquent une parent\u00e9 que s\u2019ils sont <span style=\"text-decoration: underline;\"><strong>homologues<\/strong><\/span> (cf. paragraphe suivant)<br \/>\n<span style=\"text-decoration: underline; color: #800080;\"><b>&#8211; Crit\u00e8res embryonnaires <\/b>:<\/span><span style=\"color: #000000;\"> Des esp\u00e8ces ayant une proche parent\u00e9 s<\/span>e ressemblent fortement au cours du d\u00e9veloppement embryonnaire.<\/p>\n<p><span class=\"titre-partie\">Qu\u2019est ce qu\u2019un caract\u00e8re homologue ? <\/span><br \/>\n(Homo = \u00ab m\u00eame \u00bb) Un caract\u00e8re est dit homologue chez deux esp\u00e8ces si ce caract\u00e8re pr\u00e9sente :<br \/>\n&#8211; Un m\u00eame plan d&rsquo;organisation<br \/>\n&#8211; Une m\u00eame position dans le plan d&rsquo;organisation g\u00e9n\u00e9ral de l&rsquo;organisme,<br \/>\n&#8211; Une m\u00eame origine embryologique.<\/p>\n<p>L\u2019observation de cette identit\u00e9 sugg\u00e8re que ce caract\u00e8re est <strong>h\u00e9rit\u00e9 d\u2019un anc\u00eatre commun<\/strong> chez qui ce caract\u00e8re est apparu.<br \/>\nEn revanche, une m\u00eame fonction n&rsquo;est pas toujours synonyme d&rsquo;homologie.<br \/>\nOn parle d&rsquo;analogie lorsque les caract\u00e8res assurent des fonctions similaires mais ne sont pas h\u00e9rit\u00e9s d&rsquo;un anc\u00eatre commun.<\/p>\n<p><span style=\"color: #333399;\"><span style=\"text-decoration: underline;\"><strong>Testez vous !<\/strong><\/span><i><span style=\"text-decoration: underline;\"><br \/>\n<\/span><\/i><em>L\u2019aile de la libellule permet le vol mais sa structure est totalement diff\u00e9rent de celle de la chauve souris. <\/em><\/span><br \/>\n<span style=\"color: #333399;\"> <em>L&rsquo;aile de la chauve souris est form\u00e9e des m\u00eames os qu&rsquo;une main humaine, elle se met en place de la m\u00eame fa\u00e7on au cours du d\u00e9veloppement embryonnaire et est situ\u00e9e au m\u00eame endroit.  <\/em><\/span><br \/>\n<span style=\"color: #333399;\"> En \u00e9tudiant les ailes, peut on dire que la libellule et la chauve souris sont \u00e9troitement apparent\u00e9es ?<\/span> <input id=\"phylo4\" class=\"chk-cache\" type=\"checkbox\" \/><span class=\"cache\" style=\"color: #1fd15b;\"> Non <\/span> <label class=\"cachestyle\" for=\"phylo4\">Voir la r\u00e9ponse<\/label><br \/>\n<span style=\"color: #333399;\">On dit que ces deux ailes sont des caract\u00e8res <\/span><input id=\"phylo5\" class=\"chk-cache\" type=\"checkbox\" \/> <span class=\"cache\" style=\"color: #1fd15b;\"> analogues <\/span> <label class=\"cachestyle\" for=\"phylo5\">Voir la r\u00e9ponse<\/label><br \/>\n<span style=\"color: #333399;\">L&rsquo;aile de la chauve-souris et la main humaine sont des caract\u00e8res :<\/span> <input id=\"phylo6\" class=\"chk-cache\" type=\"checkbox\" \/><span class=\"cache\" style=\"color: #1fd15b;\"> homologues <\/span> <label class=\"cachestyle\" for=\"phylo6\">Voir la r\u00e9ponse<\/label> <span style=\"color: #333399;\">qui indiquent donc une <\/span><input id=\"phylo7\" class=\"chk-cache\" type=\"checkbox\" \/> <span class=\"cache\" style=\"color: #1fd15b;\"> parent\u00e9 \u00e9troite <\/span> <label class=\"cachestyle\" for=\"phylo7\">Voir la r\u00e9ponse<\/label><\/p>\n<p><span class=\"titre-partie\">D\u00e9finitions <\/span><br \/>\n<span id=ligneehumaine style=\"text-decoration: underline; color: #800080;\"><strong>Lign\u00e9e humaine :<\/strong><\/span> Ensemble form\u00e9 par toutes les esp\u00e8ces d\u2019Homme, actuelles et fossiles ayant exist\u00e9.<\/p>\n","protected":false},"excerpt":{"rendered":"<p>Principe de l&rsquo;\u00e9volution : Les esp\u00e8ces apparaissent par sp\u00e9ciation \u00e0 partir d&rsquo;une esp\u00e8ce hypoth\u00e9tique appel\u00e9e anc\u00eatre commun hypoth\u00e9tique (ACH). Toutes les esp\u00e8ces poss\u00e8dent donc des anc\u00eatres communs hypoth\u00e9tiques qui leur ont transmis leurs caract\u00e8res. Deux esp\u00e8ces partageant un ACH, partagent donc des caract\u00e8res ancestraux (ceux de l&rsquo;ACH) : on dit alors que les esp\u00e8ces sont [&hellip;]<\/p>\n","protected":false},"author":1,"featured_media":0,"parent":579,"menu_order":0,"comment_status":"closed","ping_status":"closed","template":"full-width-page-template.php","meta":{"footnotes":""},"class_list":["post-586","page","type-page","status-publish","hentry"],"yoast_head":"<!-- This site is optimized with the Yoast SEO plugin v24.4 - https:\/\/yoast.com\/wordpress\/plugins\/seo\/ -->\n<title>SVT-TS : Rappels de phylog\u00e9nie et \u00e9tablissement de parent\u00e9s.<\/title>\n<meta name=\"description\" content=\"Cours de SVT - Terminale S : Rappels de phylog\u00e9n\u00e9tique : Lire et construire un arbre. Principe de la th\u00e9orie de l&#039;\u00e9volution. \u00c9tablir des parent\u00e9s entre esp\u00e8ces. Caract\u00e8res homologues et analogues.\" \/>\n<meta name=\"robots\" content=\"index, follow, max-snippet:-1, max-image-preview:large, max-video-preview:-1\" \/>\n<link rel=\"canonical\" href=\"http:\/\/thibault-svt.fr\/index.php\/terminales\/enseignement-obligatoire\/579-2\/rappels-de-phylogenie\/\" \/>\n<meta property=\"og:locale\" content=\"fr_FR\" \/>\n<meta property=\"og:type\" content=\"article\" \/>\n<meta property=\"og:title\" content=\"SVT-TS : Rappels de phylog\u00e9nie et \u00e9tablissement de parent\u00e9s.\" \/>\n<meta property=\"og:description\" content=\"Cours de SVT - Terminale S : Rappels de phylog\u00e9n\u00e9tique : Lire et construire un arbre. Principe de la th\u00e9orie de l&#039;\u00e9volution. \u00c9tablir des parent\u00e9s entre esp\u00e8ces. Caract\u00e8res homologues et analogues.\" \/>\n<meta property=\"og:url\" content=\"http:\/\/thibault-svt.fr\/index.php\/terminales\/enseignement-obligatoire\/579-2\/rappels-de-phylogenie\/\" \/>\n<meta property=\"og:site_name\" content=\"SVT\" \/>\n<meta property=\"article:modified_time\" content=\"2018-08-02T13:12:59+00:00\" \/>\n<meta property=\"og:image\" content=\"http:\/\/thibault-svt.fr\/wp-content\/uploads\/2018\/05\/Arbre-pour-rappels.jpg\" \/>\n<meta name=\"twitter:card\" content=\"summary_large_image\" \/>\n<meta name=\"twitter:label1\" content=\"Dur\u00e9e de lecture estim\u00e9e\" \/>\n\t<meta name=\"twitter:data1\" content=\"3 minutes\" \/>\n<script type=\"application\/ld+json\" class=\"yoast-schema-graph\">{\"@context\":\"https:\/\/schema.org\",\"@graph\":[{\"@type\":\"WebPage\",\"@id\":\"http:\/\/thibault-svt.fr\/index.php\/terminales\/enseignement-obligatoire\/579-2\/rappels-de-phylogenie\/\",\"url\":\"http:\/\/thibault-svt.fr\/index.php\/terminales\/enseignement-obligatoire\/579-2\/rappels-de-phylogenie\/\",\"name\":\"SVT-TS : Rappels de phylog\u00e9nie et \u00e9tablissement de parent\u00e9s.\",\"isPartOf\":{\"@id\":\"http:\/\/thibault-svt.fr\/#website\"},\"primaryImageOfPage\":{\"@id\":\"http:\/\/thibault-svt.fr\/index.php\/terminales\/enseignement-obligatoire\/579-2\/rappels-de-phylogenie\/#primaryimage\"},\"image\":{\"@id\":\"http:\/\/thibault-svt.fr\/index.php\/terminales\/enseignement-obligatoire\/579-2\/rappels-de-phylogenie\/#primaryimage\"},\"thumbnailUrl\":\"http:\/\/thibault-svt.fr\/wp-content\/uploads\/2018\/05\/Arbre-pour-rappels.jpg\",\"datePublished\":\"2018-05-25T16:53:41+00:00\",\"dateModified\":\"2018-08-02T13:12:59+00:00\",\"description\":\"Cours de SVT - Terminale S : Rappels de phylog\u00e9n\u00e9tique : Lire et construire un arbre. Principe de la th\u00e9orie de l'\u00e9volution. \u00c9tablir des parent\u00e9s entre esp\u00e8ces. Caract\u00e8res homologues et analogues.\",\"breadcrumb\":{\"@id\":\"http:\/\/thibault-svt.fr\/index.php\/terminales\/enseignement-obligatoire\/579-2\/rappels-de-phylogenie\/#breadcrumb\"},\"inLanguage\":\"fr-FR\",\"potentialAction\":[{\"@type\":\"ReadAction\",\"target\":[\"http:\/\/thibault-svt.fr\/index.php\/terminales\/enseignement-obligatoire\/579-2\/rappels-de-phylogenie\/\"]}]},{\"@type\":\"ImageObject\",\"inLanguage\":\"fr-FR\",\"@id\":\"http:\/\/thibault-svt.fr\/index.php\/terminales\/enseignement-obligatoire\/579-2\/rappels-de-phylogenie\/#primaryimage\",\"url\":\"http:\/\/thibault-svt.fr\/wp-content\/uploads\/2018\/05\/Arbre-pour-rappels.jpg\",\"contentUrl\":\"http:\/\/thibault-svt.fr\/wp-content\/uploads\/2018\/05\/Arbre-pour-rappels.jpg\"},{\"@type\":\"BreadcrumbList\",\"@id\":\"http:\/\/thibault-svt.fr\/index.php\/terminales\/enseignement-obligatoire\/579-2\/rappels-de-phylogenie\/#breadcrumb\",\"itemListElement\":[{\"@type\":\"ListItem\",\"position\":1,\"name\":\"Accueil\",\"item\":\"http:\/\/thibault-svt.fr\/\"},{\"@type\":\"ListItem\",\"position\":2,\"name\":\"Terminales\",\"item\":\"http:\/\/thibault-svt.fr\/index.php\/terminales\/\"},{\"@type\":\"ListItem\",\"position\":3,\"name\":\"Enseignement obligatoire &#8211; Ancien programme\",\"item\":\"http:\/\/thibault-svt.fr\/index.php\/terminales\/enseignement-obligatoire\/\"},{\"@type\":\"ListItem\",\"position\":4,\"name\":\"CHAPITRE 4 : L\u2019histoire \u00e9volutive de l\u2019Homme\",\"item\":\"http:\/\/thibault-svt.fr\/index.php\/terminales\/enseignement-obligatoire\/579-2\/\"},{\"@type\":\"ListItem\",\"position\":5,\"name\":\"Rappels de phylog\u00e9nie\"}]},{\"@type\":\"WebSite\",\"@id\":\"http:\/\/thibault-svt.fr\/#website\",\"url\":\"http:\/\/thibault-svt.fr\/\",\"name\":\"SVT\",\"description\":\"Cours de SVT de Mme Thibault - Professeure au Lyc\u00e9e Maurice Genevoix\",\"potentialAction\":[{\"@type\":\"SearchAction\",\"target\":{\"@type\":\"EntryPoint\",\"urlTemplate\":\"http:\/\/thibault-svt.fr\/?s={search_term_string}\"},\"query-input\":{\"@type\":\"PropertyValueSpecification\",\"valueRequired\":true,\"valueName\":\"search_term_string\"}}],\"inLanguage\":\"fr-FR\"}]}<\/script>\n<!-- \/ Yoast SEO plugin. -->","yoast_head_json":{"title":"SVT-TS : Rappels de phylog\u00e9nie et \u00e9tablissement de parent\u00e9s.","description":"Cours de SVT - Terminale S : Rappels de phylog\u00e9n\u00e9tique : Lire et construire un arbre. Principe de la th\u00e9orie de l'\u00e9volution. \u00c9tablir des parent\u00e9s entre esp\u00e8ces. Caract\u00e8res homologues et analogues.","robots":{"index":"index","follow":"follow","max-snippet":"max-snippet:-1","max-image-preview":"max-image-preview:large","max-video-preview":"max-video-preview:-1"},"canonical":"http:\/\/thibault-svt.fr\/index.php\/terminales\/enseignement-obligatoire\/579-2\/rappels-de-phylogenie\/","og_locale":"fr_FR","og_type":"article","og_title":"SVT-TS : Rappels de phylog\u00e9nie et \u00e9tablissement de parent\u00e9s.","og_description":"Cours de SVT - Terminale S : Rappels de phylog\u00e9n\u00e9tique : Lire et construire un arbre. Principe de la th\u00e9orie de l'\u00e9volution. \u00c9tablir des parent\u00e9s entre esp\u00e8ces. Caract\u00e8res homologues et analogues.","og_url":"http:\/\/thibault-svt.fr\/index.php\/terminales\/enseignement-obligatoire\/579-2\/rappels-de-phylogenie\/","og_site_name":"SVT","article_modified_time":"2018-08-02T13:12:59+00:00","og_image":[{"url":"http:\/\/thibault-svt.fr\/wp-content\/uploads\/2018\/05\/Arbre-pour-rappels.jpg","type":"","width":"","height":""}],"twitter_card":"summary_large_image","twitter_misc":{"Dur\u00e9e de lecture estim\u00e9e":"3 minutes"},"schema":{"@context":"https:\/\/schema.org","@graph":[{"@type":"WebPage","@id":"http:\/\/thibault-svt.fr\/index.php\/terminales\/enseignement-obligatoire\/579-2\/rappels-de-phylogenie\/","url":"http:\/\/thibault-svt.fr\/index.php\/terminales\/enseignement-obligatoire\/579-2\/rappels-de-phylogenie\/","name":"SVT-TS : Rappels de phylog\u00e9nie et \u00e9tablissement de parent\u00e9s.","isPartOf":{"@id":"http:\/\/thibault-svt.fr\/#website"},"primaryImageOfPage":{"@id":"http:\/\/thibault-svt.fr\/index.php\/terminales\/enseignement-obligatoire\/579-2\/rappels-de-phylogenie\/#primaryimage"},"image":{"@id":"http:\/\/thibault-svt.fr\/index.php\/terminales\/enseignement-obligatoire\/579-2\/rappels-de-phylogenie\/#primaryimage"},"thumbnailUrl":"http:\/\/thibault-svt.fr\/wp-content\/uploads\/2018\/05\/Arbre-pour-rappels.jpg","datePublished":"2018-05-25T16:53:41+00:00","dateModified":"2018-08-02T13:12:59+00:00","description":"Cours de SVT - Terminale S : Rappels de phylog\u00e9n\u00e9tique : Lire et construire un arbre. Principe de la th\u00e9orie de l'\u00e9volution. \u00c9tablir des parent\u00e9s entre esp\u00e8ces. Caract\u00e8res homologues et analogues.","breadcrumb":{"@id":"http:\/\/thibault-svt.fr\/index.php\/terminales\/enseignement-obligatoire\/579-2\/rappels-de-phylogenie\/#breadcrumb"},"inLanguage":"fr-FR","potentialAction":[{"@type":"ReadAction","target":["http:\/\/thibault-svt.fr\/index.php\/terminales\/enseignement-obligatoire\/579-2\/rappels-de-phylogenie\/"]}]},{"@type":"ImageObject","inLanguage":"fr-FR","@id":"http:\/\/thibault-svt.fr\/index.php\/terminales\/enseignement-obligatoire\/579-2\/rappels-de-phylogenie\/#primaryimage","url":"http:\/\/thibault-svt.fr\/wp-content\/uploads\/2018\/05\/Arbre-pour-rappels.jpg","contentUrl":"http:\/\/thibault-svt.fr\/wp-content\/uploads\/2018\/05\/Arbre-pour-rappels.jpg"},{"@type":"BreadcrumbList","@id":"http:\/\/thibault-svt.fr\/index.php\/terminales\/enseignement-obligatoire\/579-2\/rappels-de-phylogenie\/#breadcrumb","itemListElement":[{"@type":"ListItem","position":1,"name":"Accueil","item":"http:\/\/thibault-svt.fr\/"},{"@type":"ListItem","position":2,"name":"Terminales","item":"http:\/\/thibault-svt.fr\/index.php\/terminales\/"},{"@type":"ListItem","position":3,"name":"Enseignement obligatoire &#8211; Ancien programme","item":"http:\/\/thibault-svt.fr\/index.php\/terminales\/enseignement-obligatoire\/"},{"@type":"ListItem","position":4,"name":"CHAPITRE 4 : L\u2019histoire \u00e9volutive de l\u2019Homme","item":"http:\/\/thibault-svt.fr\/index.php\/terminales\/enseignement-obligatoire\/579-2\/"},{"@type":"ListItem","position":5,"name":"Rappels de phylog\u00e9nie"}]},{"@type":"WebSite","@id":"http:\/\/thibault-svt.fr\/#website","url":"http:\/\/thibault-svt.fr\/","name":"SVT","description":"Cours de SVT de Mme Thibault - Professeure au Lyc\u00e9e Maurice Genevoix","potentialAction":[{"@type":"SearchAction","target":{"@type":"EntryPoint","urlTemplate":"http:\/\/thibault-svt.fr\/?s={search_term_string}"},"query-input":{"@type":"PropertyValueSpecification","valueRequired":true,"valueName":"search_term_string"}}],"inLanguage":"fr-FR"}]}},"_links":{"self":[{"href":"http:\/\/thibault-svt.fr\/index.php\/wp-json\/wp\/v2\/pages\/586","targetHints":{"allow":["GET"]}}],"collection":[{"href":"http:\/\/thibault-svt.fr\/index.php\/wp-json\/wp\/v2\/pages"}],"about":[{"href":"http:\/\/thibault-svt.fr\/index.php\/wp-json\/wp\/v2\/types\/page"}],"author":[{"embeddable":true,"href":"http:\/\/thibault-svt.fr\/index.php\/wp-json\/wp\/v2\/users\/1"}],"replies":[{"embeddable":true,"href":"http:\/\/thibault-svt.fr\/index.php\/wp-json\/wp\/v2\/comments?post=586"}],"version-history":[{"count":21,"href":"http:\/\/thibault-svt.fr\/index.php\/wp-json\/wp\/v2\/pages\/586\/revisions"}],"predecessor-version":[{"id":855,"href":"http:\/\/thibault-svt.fr\/index.php\/wp-json\/wp\/v2\/pages\/586\/revisions\/855"}],"up":[{"embeddable":true,"href":"http:\/\/thibault-svt.fr\/index.php\/wp-json\/wp\/v2\/pages\/579"}],"wp:attachment":[{"href":"http:\/\/thibault-svt.fr\/index.php\/wp-json\/wp\/v2\/media?parent=586"}],"curies":[{"name":"wp","href":"https:\/\/api.w.org\/{rel}","templated":true}]}}