{"id":579,"date":"2018-05-25T18:23:34","date_gmt":"2018-05-25T16:23:34","guid":{"rendered":"http:\/\/thibault-svt.fr\/?page_id=579"},"modified":"2021-07-28T13:14:10","modified_gmt":"2021-07-28T11:14:10","slug":"579-2","status":"publish","type":"page","link":"http:\/\/thibault-svt.fr\/index.php\/terminales\/enseignement-obligatoire\/579-2\/","title":{"rendered":"CHAPITRE 4 : L\u2019histoire \u00e9volutive de l\u2019Homme"},"content":{"rendered":"<p style=\"text-align: left;\">Toutes les esp\u00e8ces actuelles et anciennes s\u2019inscrivent toutes dans un processus \u00e9volutif. Nous nous int\u00e9ressons \u00e0 l\u2019histoire \u00e9volutive de l\u2019esp\u00e8ce <em>Homo sapiens<\/em>, c&rsquo;est \u00e0 dire l&rsquo;Homme moderne<\/p>\n<p style=\"text-align: center;\"><span style=\"color: #0000ff;\"><a style=\"color: #0000ff;\" href=\"http:\/\/thibault-svt.fr\/index.php\/terminales\/cours-de-ts\/theme-1-a-genetique-et-evolution\/579-2\/rappels-de-phylogenie\/\" target=\"_blank\" rel=\"noopener\">Rappels de phylog\u00e9nie.<\/a><\/span><\/p>\n<div class=\"titre-chapitre\">\n<h3>CHAPITRE 4 : L\u2019histoire \u00e9volutive de l\u2019Homme<\/h3>\n<\/div>\n<p class=\"titre-probleme\"> Quelle est la place de l\u2019Homme au sein des \u00eatres vivants ?<\/p>\n<p><span class=\"titre-partie\"> I- La place d\u2019Homo sapiens dans le r\u00e8gne animal<\/span><\/p>\n<p class=\"titre-TP\"><span style=\"color: #000000;\"><a style=\"color: #000000;\" href=\"http:\/\/thibault-svt.fr\/wp-content\/uploads\/2018\/05\/Act-1-place-de-lHomme.pdf\">Activit\u00e9 1 : Place de l&rsquo;Homme dans les \u00eatres vivants<\/a><\/span><\/p>\n<p><img loading=\"lazy\" decoding=\"async\" class=\"alignnone size-full wp-image-593\" src=\"http:\/\/thibault-svt.fr\/wp-content\/uploads\/2018\/05\/Arbre-Homme-dans-EV.jpg\" alt=\"\" width=\"972\" height=\"577\" srcset=\"http:\/\/thibault-svt.fr\/wp-content\/uploads\/2018\/05\/Arbre-Homme-dans-EV.jpg 972w, http:\/\/thibault-svt.fr\/wp-content\/uploads\/2018\/05\/Arbre-Homme-dans-EV-300x178.jpg 300w, http:\/\/thibault-svt.fr\/wp-content\/uploads\/2018\/05\/Arbre-Homme-dans-EV-768x456.jpg 768w, http:\/\/thibault-svt.fr\/wp-content\/uploads\/2018\/05\/Arbre-Homme-dans-EV-900x534.jpg 900w\" sizes=\"auto, (max-width: 972px) 100vw, 972px\" \/><\/p>\n<p>Homo sapiens est un \u00eatre vivant eucaryote, m\u00e9tazoaire (=animal), vert\u00e9br\u00e9 du groupe des primates<br \/>\n<strong>L\u2019histoire \u00e9volutive de l\u2019Homo sapiens s\u2019inscrit donc dans celle des primates.<\/strong><\/p>\n<p class=\"titre-TP\"><span style=\"color: #000000;\"><a style=\"color: #000000;\" href=\"http:\/\/thibault-svt.fr\/wp-content\/uploads\/2018\/05\/TP8-Place-de-lHomme-chez-les-primates.pdf\" target=\"_blank\" rel=\"noopener\">TP8 &#8211; Place de l&rsquo;Homme chez les primates<\/a><\/span><\/p>\n<p>L\u2019Homme appartient au groupe des <strong><span style=\"color: #800080;\">primates<\/span><\/strong>. Ce groupe est caract\u00e9ris\u00e9 (entre autre) par le partage du caract\u00e8re  -Pouce opposable-<br \/>\nLes premiers primates fossiles datent d\u2019environ &#8211; 55 Ma. Ils sont vari\u00e9s et ne ressemblent pas exactement aux primates actuels. Ainsi, on peut affirmer que la diversit\u00e9 des primates actuelle ne repr\u00e9sente qu\u2019une partie des primates ayant exist\u00e9.<br \/>\n<span style=\"text-decoration: underline;\">&#8211;&gt; Pour votre culture scientifique :<\/span>  <span style=\"color: #0000ff;\"><a style=\"color: #0000ff;\" href=\"https:\/\/www.pourlascience.fr\/sd\/prehistoire\/le-plus-ancien-squelette-de-primate-connu-11653.php\" target=\"_blank\" rel=\"noopener\">Article Pour la science sur le plus ancien fossile de primate d\u00e9couvert en 2013.<\/a> <\/span><\/p>\n<p>Au sein des primates, l\u2019Homme appartient au groupe des <span style=\"color: #800080;\"><strong>Homino\u00efdes<\/strong><\/span>, caract\u00e9ris\u00e9s par le partage du caract\u00e8re d\u00e9riv\u00e9  -absence de queue- et qui contient notamment les gorilles et les chimpanz\u00e9s (les \u00ab grands singes \u00bb)<br \/>\nAu sein des Homino\u00efdes, L\u2019Homme appartient au groupe des <strong><span style=\"color: #800080;\">Hominid\u00e9s,<\/span><\/strong> caract\u00e9ris\u00e9s principalement par des donn\u00e9es mol\u00e9culaires.<\/p>\n<p><img loading=\"lazy\" decoding=\"async\" class=\"alignnone size-full wp-image-600\" src=\"http:\/\/thibault-svt.fr\/wp-content\/uploads\/2018\/05\/Place-de-lHomme-primates.jpg\" alt=\"\" width=\"1061\" height=\"743\" srcset=\"http:\/\/thibault-svt.fr\/wp-content\/uploads\/2018\/05\/Place-de-lHomme-primates.jpg 1061w, http:\/\/thibault-svt.fr\/wp-content\/uploads\/2018\/05\/Place-de-lHomme-primates-300x210.jpg 300w, http:\/\/thibault-svt.fr\/wp-content\/uploads\/2018\/05\/Place-de-lHomme-primates-768x538.jpg 768w, http:\/\/thibault-svt.fr\/wp-content\/uploads\/2018\/05\/Place-de-lHomme-primates-1024x717.jpg 1024w, http:\/\/thibault-svt.fr\/wp-content\/uploads\/2018\/05\/Place-de-lHomme-primates-900x630.jpg 900w\" sizes=\"auto, (max-width: 1061px) 100vw, 1061px\" \/><\/p>\n<p>Au sein des Hominid\u00e9s, l\u2019Homme est tr\u00e8s proche du Chimpanz\u00e9. On estime donc qu\u2019ils ont un anc\u00eatre commun r\u00e9cent.<br \/>\nLe groupe qui contient les esp\u00e8ces d&rsquo;Hommes (mais pas le chimpanz\u00e9) est appel\u00e9 <a href=\"http:\/\/thibault-svt.fr\/index.php\/terminales\/cours-de-ts\/theme-1-a-genetique-et-evolution\/579-2\/rappels-de-phylogenie\/#ligneehumaine\" target=\"_blank\" rel=\"noopener\"><span style=\"text-decoration: underline;\"><span style=\"color: #800080;\"><strong>Ho<\/strong><strong>minin\u00e9s ou Lign\u00e9e humaine<\/strong><\/span><\/span><\/a><\/p>\n<p><span class=\"titre-partie\"> II- La lign\u00e9e humaine : caract\u00e9ristiques et histoire \u00e9volutive. <\/span><br \/>\nOn cherche \u00e0 d\u00e9terminer les caract\u00e8res d\u00e9riv\u00e9s propres \u00e0 la lign\u00e9e humaine. Pour cela, on compare les caract\u00e8res d&rsquo;esp\u00e8ces appartenant \u00e0 la lign\u00e9e humaine et d\u2019une esp\u00e8ce extra-groupe proche : le Chimpanz\u00e9.<\/p>\n<p class=\"titre-souspartie\">A- Les caract\u00e8res de la lign\u00e9e humaine<\/p>\n<p class=\"titre-TP\"><span style=\"color: #000000;\"><a style=\"color: #000000;\" href=\"http:\/\/thibault-svt.fr\/wp-content\/uploads\/2018\/05\/TP-9-Caract\u00e8res-de-la-lign\u00e9e-humaine.pdf\" target=\"_blank\" rel=\"noopener\">TP 9 &#8211; D\u00e9termination des caract\u00e8res de la lign\u00e9e humaine<\/a><\/span><\/p>\n<p>Les caract\u00e8res propres \u00e0 la lign\u00e9e humaine sont nombreux, on citera les suivants :<br \/>\n&gt; Bip\u00e9die<br \/>\n&gt; Trou occipital avanc\u00e9<br \/>\n&gt; Membre sup\u00e9rieur plus court que le membre inf\u00e9rieur<br \/>\n&gt; F\u00e9murs obliques<br \/>\n&gt; Colonne vert\u00e9brale \u00e0 4 courbures<br \/>\n&gt; Volume cr\u00e2nien important<br \/>\n&gt; M\u00e2choires parabolique (en V)<br \/>\n&gt; Aplatissement de la face<br \/>\n&gt; Bourrelet sus-orbitaire peu marqu\u00e9<br \/>\n&gt; Progression dans la fabrication des outils (de + en + perfectionn\u00e9s)<br \/>\n&gt; L&rsquo;art<\/p>\n<p><img loading=\"lazy\" decoding=\"async\" class=\"alignnone size-full wp-image-650\" src=\"http:\/\/thibault-svt.fr\/wp-content\/uploads\/2018\/05\/Comparaison-Homme-chimpanz\u00e9.jpg\" alt=\"\" width=\"1754\" height=\"1240\" srcset=\"http:\/\/thibault-svt.fr\/wp-content\/uploads\/2018\/05\/Comparaison-Homme-chimpanz\u00e9.jpg 1754w, http:\/\/thibault-svt.fr\/wp-content\/uploads\/2018\/05\/Comparaison-Homme-chimpanz\u00e9-300x212.jpg 300w, http:\/\/thibault-svt.fr\/wp-content\/uploads\/2018\/05\/Comparaison-Homme-chimpanz\u00e9-768x543.jpg 768w, http:\/\/thibault-svt.fr\/wp-content\/uploads\/2018\/05\/Comparaison-Homme-chimpanz\u00e9-1024x724.jpg 1024w, http:\/\/thibault-svt.fr\/wp-content\/uploads\/2018\/05\/Comparaison-Homme-chimpanz\u00e9-900x636.jpg 900w, http:\/\/thibault-svt.fr\/wp-content\/uploads\/2018\/05\/Comparaison-Homme-chimpanz\u00e9-1280x905.jpg 1280w\" sizes=\"auto, (max-width: 1754px) 100vw, 1754px\" \/><\/p>\n<p>Une esp\u00e8ce est consid\u00e9r\u00e9e comme appartenant \u00e0 la lign\u00e9e humaine si elle pr\u00e9sente AU MOINS :<br \/>\n&gt; Un caract\u00e8re li\u00e9 \u00e0 l\u2019acquisition de la bip\u00e9die permanente.<br \/>\n&gt; Un caract\u00e8re li\u00e9 \u00e0 la r\u00e9duction de la face.<br \/>\n&gt; Un volume c\u00e9r\u00e9bral important, &gt; \u00e0 350 cm3<br \/>\n&gt; Un caract\u00e8re li\u00e9 \u00e0 la pr\u00e9sence d\u2019une activit\u00e9 culturelle<\/p>\n<p class=\"titre-TP\"><span style=\"color: #000000;\"><a style=\"color: #000000;\" href=\"http:\/\/thibault-svt.fr\/wp-content\/uploads\/2018\/05\/TP-10-Etude-de-cranes-de-la-lign\u00e9e-humaine.pdf\" target=\"_blank\" rel=\"noopener\">TP 10 : Identification de cr\u00e2nes d&rsquo;Hominin\u00e9s<\/a><\/span><\/p>\n<p>Au sein de la lign\u00e9e humaine on trouve des esp\u00e8ces :<br \/>\n&#8211; Repr\u00e9sentant les premiers Hominin\u00e9s (Orrorin, Sahelanthropus \u2026). Les fossiles proviennent d\u2019Afrique de l\u2019est et datent de -7 \u00e0 -4 Ma. La bip\u00e9die est peu marqu\u00e9e, le volume cr\u00e2nien assez faible<br \/>\n&#8211; D\u2019Australopith\u00e8ques (-4 \u00e0 -2 Ma). La bip\u00e9die est plus affirm\u00e9e et les caract\u00e8res de la lign\u00e9e humaine plus d\u00e9velopp\u00e9s.<br \/>\n&#8211; Du genre Homo (Homo habilis, Homo erectus, Homo sapiens de Cromagnon \u2026)<\/p>\n<p>\u00ab L\u2019alignement des s\u00e9quences de l\u2019Homme et du Chimpanz\u00e9 montrent 98,77 % de similitudes \u00bb<br \/>\n<span class=\"titre-probleme\"> Comment, \u00e0 partir d\u2019un g\u00e9notype proche, obtient-on un ph\u00e9notype si diff\u00e9rent ?<\/span><\/p>\n<p><span class=\"titre-souspartie\">B- L\u2019acquisition d\u2019un ph\u00e9notype humain ou simien.<\/span><\/p>\n<p class=\"titre-TP\"><span style=\"color: #000000;\"><a style=\"color: #000000;\" href=\"http:\/\/thibault-svt.fr\/wp-content\/uploads\/2018\/05\/Acquisition-du-ph\u00e9notype.pdf\" target=\"_blank\" rel=\"noopener\">Activit\u00e9 : Acquisition du ph\u00e9notype simien ou humain<\/a><\/span><\/p>\n<p>Malgr\u00e9 leur proximit\u00e9 g\u00e9n\u00e9tique importante, indiquant une parent\u00e9 proche, l\u2019Homme et le Chimpanz\u00e9 pr\u00e9sentent des ph\u00e9notypes diff\u00e9rents.<br \/>\nCela est d\u00fb principalement \u00e0 :<br \/>\n&gt; La position de certains g\u00e8nes dans le g\u00e9nome<br \/>\n&gt; La chronologie d\u2019expression de certains g\u00e8nes, qui entraine des phases de d\u00e9veloppement de dur\u00e9e diff\u00e9rentes<br \/>\n&gt; Des mutations sur les g\u00e8nes architectes<br \/>\n&gt; L\u2019interaction avec l\u2019environnement (apprentissage de comportements notamment)<\/p>\n<p>L\u2019acquisition d\u2019un ph\u00e9notype est donc une combinaison de facteurs g\u00e9n\u00e9tiques, ontologiques (= li\u00e9s au d\u00e9veloppement embryonnaire) et environnementaux.<\/p>\n","protected":false},"excerpt":{"rendered":"<p>Toutes les esp\u00e8ces actuelles et anciennes s\u2019inscrivent toutes dans un processus \u00e9volutif. Nous nous int\u00e9ressons \u00e0 l\u2019histoire \u00e9volutive de l\u2019esp\u00e8ce Homo sapiens, c&rsquo;est \u00e0 dire l&rsquo;Homme moderne Rappels de phylog\u00e9nie. CHAPITRE 4 : L\u2019histoire \u00e9volutive de l\u2019Homme Quelle est la place de l\u2019Homme au sein des \u00eatres vivants ? I- La place d\u2019Homo sapiens dans [&hellip;]<\/p>\n","protected":false},"author":1,"featured_media":0,"parent":1239,"menu_order":2,"comment_status":"closed","ping_status":"closed","template":"full-width-page-template.php","meta":{"footnotes":""},"class_list":["post-579","page","type-page","status-publish","hentry"],"yoast_head":"<!-- This site is optimized with the Yoast SEO plugin v24.4 - https:\/\/yoast.com\/wordpress\/plugins\/seo\/ -->\n<title>SVT-TS : Histoire \u00e9volutive de la lign\u00e9e humaine.<\/title>\n<meta name=\"description\" content=\"Cours et TP de SVT - Terminale S. Histoire \u00e9volutive de l&#039;Homme. Primates, Homino\u00efdes, Hominid\u00e9s, Hominin\u00e9s. Caract\u00e8res de la lign\u00e9e humaine et du Chimpanz\u00e9. Acquisition du ph\u00e9notype.\" \/>\n<meta name=\"robots\" content=\"index, follow, max-snippet:-1, max-image-preview:large, max-video-preview:-1\" \/>\n<link rel=\"canonical\" href=\"http:\/\/thibault-svt.fr\/index.php\/terminales\/enseignement-obligatoire\/579-2\/\" \/>\n<meta property=\"og:locale\" content=\"fr_FR\" \/>\n<meta property=\"og:type\" content=\"article\" \/>\n<meta property=\"og:title\" content=\"SVT-TS : Histoire \u00e9volutive de la lign\u00e9e humaine.\" \/>\n<meta property=\"og:description\" content=\"Cours et TP de SVT - Terminale S. Histoire \u00e9volutive de l&#039;Homme. Primates, Homino\u00efdes, Hominid\u00e9s, Hominin\u00e9s. Caract\u00e8res de la lign\u00e9e humaine et du Chimpanz\u00e9. Acquisition du ph\u00e9notype.\" \/>\n<meta property=\"og:url\" content=\"http:\/\/thibault-svt.fr\/index.php\/terminales\/enseignement-obligatoire\/579-2\/\" \/>\n<meta property=\"og:site_name\" content=\"SVT\" \/>\n<meta property=\"article:modified_time\" content=\"2021-07-28T11:14:10+00:00\" \/>\n<meta property=\"og:image\" content=\"http:\/\/thibault-svt.fr\/wp-content\/uploads\/2018\/05\/Arbre-Homme-dans-EV.jpg\" \/>\n<meta name=\"twitter:card\" content=\"summary_large_image\" \/>\n<meta name=\"twitter:label1\" content=\"Dur\u00e9e de lecture estim\u00e9e\" \/>\n\t<meta name=\"twitter:data1\" content=\"4 minutes\" \/>\n<script type=\"application\/ld+json\" class=\"yoast-schema-graph\">{\"@context\":\"https:\/\/schema.org\",\"@graph\":[{\"@type\":\"WebPage\",\"@id\":\"http:\/\/thibault-svt.fr\/index.php\/terminales\/enseignement-obligatoire\/579-2\/\",\"url\":\"http:\/\/thibault-svt.fr\/index.php\/terminales\/enseignement-obligatoire\/579-2\/\",\"name\":\"SVT-TS : Histoire \u00e9volutive de la lign\u00e9e humaine.\",\"isPartOf\":{\"@id\":\"http:\/\/thibault-svt.fr\/#website\"},\"primaryImageOfPage\":{\"@id\":\"http:\/\/thibault-svt.fr\/index.php\/terminales\/enseignement-obligatoire\/579-2\/#primaryimage\"},\"image\":{\"@id\":\"http:\/\/thibault-svt.fr\/index.php\/terminales\/enseignement-obligatoire\/579-2\/#primaryimage\"},\"thumbnailUrl\":\"http:\/\/thibault-svt.fr\/wp-content\/uploads\/2018\/05\/Arbre-Homme-dans-EV.jpg\",\"datePublished\":\"2018-05-25T16:23:34+00:00\",\"dateModified\":\"2021-07-28T11:14:10+00:00\",\"description\":\"Cours et TP de SVT - Terminale S. Histoire \u00e9volutive de l'Homme. Primates, Homino\u00efdes, Hominid\u00e9s, Hominin\u00e9s. Caract\u00e8res de la lign\u00e9e humaine et du Chimpanz\u00e9. Acquisition du ph\u00e9notype.\",\"breadcrumb\":{\"@id\":\"http:\/\/thibault-svt.fr\/index.php\/terminales\/enseignement-obligatoire\/579-2\/#breadcrumb\"},\"inLanguage\":\"fr-FR\",\"potentialAction\":[{\"@type\":\"ReadAction\",\"target\":[\"http:\/\/thibault-svt.fr\/index.php\/terminales\/enseignement-obligatoire\/579-2\/\"]}]},{\"@type\":\"ImageObject\",\"inLanguage\":\"fr-FR\",\"@id\":\"http:\/\/thibault-svt.fr\/index.php\/terminales\/enseignement-obligatoire\/579-2\/#primaryimage\",\"url\":\"http:\/\/thibault-svt.fr\/wp-content\/uploads\/2018\/05\/Arbre-Homme-dans-EV.jpg\",\"contentUrl\":\"http:\/\/thibault-svt.fr\/wp-content\/uploads\/2018\/05\/Arbre-Homme-dans-EV.jpg\",\"width\":972,\"height\":577},{\"@type\":\"BreadcrumbList\",\"@id\":\"http:\/\/thibault-svt.fr\/index.php\/terminales\/enseignement-obligatoire\/579-2\/#breadcrumb\",\"itemListElement\":[{\"@type\":\"ListItem\",\"position\":1,\"name\":\"Accueil\",\"item\":\"http:\/\/thibault-svt.fr\/\"},{\"@type\":\"ListItem\",\"position\":2,\"name\":\"Terminales\",\"item\":\"http:\/\/thibault-svt.fr\/index.php\/terminales\/\"},{\"@type\":\"ListItem\",\"position\":3,\"name\":\"Enseignement obligatoire &#8211; Ancien programme\",\"item\":\"http:\/\/thibault-svt.fr\/index.php\/terminales\/enseignement-obligatoire\/\"},{\"@type\":\"ListItem\",\"position\":4,\"name\":\"CHAPITRE 4 : L\u2019histoire \u00e9volutive de l\u2019Homme\"}]},{\"@type\":\"WebSite\",\"@id\":\"http:\/\/thibault-svt.fr\/#website\",\"url\":\"http:\/\/thibault-svt.fr\/\",\"name\":\"SVT\",\"description\":\"Cours de SVT de Mme Thibault - Professeure au Lyc\u00e9e Maurice Genevoix\",\"potentialAction\":[{\"@type\":\"SearchAction\",\"target\":{\"@type\":\"EntryPoint\",\"urlTemplate\":\"http:\/\/thibault-svt.fr\/?s={search_term_string}\"},\"query-input\":{\"@type\":\"PropertyValueSpecification\",\"valueRequired\":true,\"valueName\":\"search_term_string\"}}],\"inLanguage\":\"fr-FR\"}]}<\/script>\n<!-- \/ Yoast SEO plugin. -->","yoast_head_json":{"title":"SVT-TS : Histoire \u00e9volutive de la lign\u00e9e humaine.","description":"Cours et TP de SVT - Terminale S. Histoire \u00e9volutive de l'Homme. Primates, Homino\u00efdes, Hominid\u00e9s, Hominin\u00e9s. Caract\u00e8res de la lign\u00e9e humaine et du Chimpanz\u00e9. Acquisition du ph\u00e9notype.","robots":{"index":"index","follow":"follow","max-snippet":"max-snippet:-1","max-image-preview":"max-image-preview:large","max-video-preview":"max-video-preview:-1"},"canonical":"http:\/\/thibault-svt.fr\/index.php\/terminales\/enseignement-obligatoire\/579-2\/","og_locale":"fr_FR","og_type":"article","og_title":"SVT-TS : Histoire \u00e9volutive de la lign\u00e9e humaine.","og_description":"Cours et TP de SVT - Terminale S. Histoire \u00e9volutive de l'Homme. Primates, Homino\u00efdes, Hominid\u00e9s, Hominin\u00e9s. Caract\u00e8res de la lign\u00e9e humaine et du Chimpanz\u00e9. Acquisition du ph\u00e9notype.","og_url":"http:\/\/thibault-svt.fr\/index.php\/terminales\/enseignement-obligatoire\/579-2\/","og_site_name":"SVT","article_modified_time":"2021-07-28T11:14:10+00:00","og_image":[{"url":"http:\/\/thibault-svt.fr\/wp-content\/uploads\/2018\/05\/Arbre-Homme-dans-EV.jpg","type":"","width":"","height":""}],"twitter_card":"summary_large_image","twitter_misc":{"Dur\u00e9e de lecture estim\u00e9e":"4 minutes"},"schema":{"@context":"https:\/\/schema.org","@graph":[{"@type":"WebPage","@id":"http:\/\/thibault-svt.fr\/index.php\/terminales\/enseignement-obligatoire\/579-2\/","url":"http:\/\/thibault-svt.fr\/index.php\/terminales\/enseignement-obligatoire\/579-2\/","name":"SVT-TS : Histoire \u00e9volutive de la lign\u00e9e humaine.","isPartOf":{"@id":"http:\/\/thibault-svt.fr\/#website"},"primaryImageOfPage":{"@id":"http:\/\/thibault-svt.fr\/index.php\/terminales\/enseignement-obligatoire\/579-2\/#primaryimage"},"image":{"@id":"http:\/\/thibault-svt.fr\/index.php\/terminales\/enseignement-obligatoire\/579-2\/#primaryimage"},"thumbnailUrl":"http:\/\/thibault-svt.fr\/wp-content\/uploads\/2018\/05\/Arbre-Homme-dans-EV.jpg","datePublished":"2018-05-25T16:23:34+00:00","dateModified":"2021-07-28T11:14:10+00:00","description":"Cours et TP de SVT - Terminale S. Histoire \u00e9volutive de l'Homme. Primates, Homino\u00efdes, Hominid\u00e9s, Hominin\u00e9s. Caract\u00e8res de la lign\u00e9e humaine et du Chimpanz\u00e9. Acquisition du ph\u00e9notype.","breadcrumb":{"@id":"http:\/\/thibault-svt.fr\/index.php\/terminales\/enseignement-obligatoire\/579-2\/#breadcrumb"},"inLanguage":"fr-FR","potentialAction":[{"@type":"ReadAction","target":["http:\/\/thibault-svt.fr\/index.php\/terminales\/enseignement-obligatoire\/579-2\/"]}]},{"@type":"ImageObject","inLanguage":"fr-FR","@id":"http:\/\/thibault-svt.fr\/index.php\/terminales\/enseignement-obligatoire\/579-2\/#primaryimage","url":"http:\/\/thibault-svt.fr\/wp-content\/uploads\/2018\/05\/Arbre-Homme-dans-EV.jpg","contentUrl":"http:\/\/thibault-svt.fr\/wp-content\/uploads\/2018\/05\/Arbre-Homme-dans-EV.jpg","width":972,"height":577},{"@type":"BreadcrumbList","@id":"http:\/\/thibault-svt.fr\/index.php\/terminales\/enseignement-obligatoire\/579-2\/#breadcrumb","itemListElement":[{"@type":"ListItem","position":1,"name":"Accueil","item":"http:\/\/thibault-svt.fr\/"},{"@type":"ListItem","position":2,"name":"Terminales","item":"http:\/\/thibault-svt.fr\/index.php\/terminales\/"},{"@type":"ListItem","position":3,"name":"Enseignement obligatoire &#8211; Ancien programme","item":"http:\/\/thibault-svt.fr\/index.php\/terminales\/enseignement-obligatoire\/"},{"@type":"ListItem","position":4,"name":"CHAPITRE 4 : L\u2019histoire \u00e9volutive de l\u2019Homme"}]},{"@type":"WebSite","@id":"http:\/\/thibault-svt.fr\/#website","url":"http:\/\/thibault-svt.fr\/","name":"SVT","description":"Cours de SVT de Mme Thibault - Professeure au Lyc\u00e9e Maurice Genevoix","potentialAction":[{"@type":"SearchAction","target":{"@type":"EntryPoint","urlTemplate":"http:\/\/thibault-svt.fr\/?s={search_term_string}"},"query-input":{"@type":"PropertyValueSpecification","valueRequired":true,"valueName":"search_term_string"}}],"inLanguage":"fr-FR"}]}},"_links":{"self":[{"href":"http:\/\/thibault-svt.fr\/index.php\/wp-json\/wp\/v2\/pages\/579","targetHints":{"allow":["GET"]}}],"collection":[{"href":"http:\/\/thibault-svt.fr\/index.php\/wp-json\/wp\/v2\/pages"}],"about":[{"href":"http:\/\/thibault-svt.fr\/index.php\/wp-json\/wp\/v2\/types\/page"}],"author":[{"embeddable":true,"href":"http:\/\/thibault-svt.fr\/index.php\/wp-json\/wp\/v2\/users\/1"}],"replies":[{"embeddable":true,"href":"http:\/\/thibault-svt.fr\/index.php\/wp-json\/wp\/v2\/comments?post=579"}],"version-history":[{"count":38,"href":"http:\/\/thibault-svt.fr\/index.php\/wp-json\/wp\/v2\/pages\/579\/revisions"}],"predecessor-version":[{"id":857,"href":"http:\/\/thibault-svt.fr\/index.php\/wp-json\/wp\/v2\/pages\/579\/revisions\/857"}],"up":[{"embeddable":true,"href":"http:\/\/thibault-svt.fr\/index.php\/wp-json\/wp\/v2\/pages\/1239"}],"wp:attachment":[{"href":"http:\/\/thibault-svt.fr\/index.php\/wp-json\/wp\/v2\/media?parent=579"}],"curies":[{"name":"wp","href":"https:\/\/api.w.org\/{rel}","templated":true}]}}