{"id":3868,"date":"2026-02-28T18:31:19","date_gmt":"2026-02-28T17:31:19","guid":{"rendered":"http:\/\/thibault-svt.fr\/?page_id=3868"},"modified":"2026-02-28T18:57:32","modified_gmt":"2026-02-28T17:57:32","slug":"niveaux-dorganisation-du-vivant","status":"publish","type":"page","link":"http:\/\/thibault-svt.fr\/index.php\/premieres\/enseignement-obligatoire\/niveaux-dorganisation-du-vivant\/","title":{"rendered":"Niveaux d&rsquo;organisation du vivant"},"content":{"rendered":"<p class=\"titre-TP\"><span style=\"color: #000000;\"><a style=\"color: #000000;\" href=\"http:\/\/thibault-svt.fr\/wp-content\/uploads\/2026\/02\/S1-2025-Niveaux-dorganisation-du-vivant.pdf\" target=\"_blank\" rel=\"noopener\">Activit\u00e9 1 &#8211; Niveaux d&rsquo;organisation et ordres de grandeur<\/a><\/span><br \/>\n<span style=\"color: #000000;\"><a style=\"color: #000000;\" href=\"http:\/\/thibault-svt.fr\/wp-content\/uploads\/2026\/02\/S1-Exercices-dentrainement.pdf\" target=\"_blank\" rel=\"noopener\">+ Exercices d&rsquo;entrainement<\/a>\u00a0 + <a style=\"color: #000000;\" href=\"http:\/\/thibault-svt.fr\/index.php\/premieres\/enseignement-obligatoire\/niveaux-dorganisation-du-vivant\/1es-correction-exercices-niveaux-dorganisation-du-vivant\/\" target=\"_blank\" rel=\"noopener\">Correction<\/a><\/span><\/p>\n<p>Les \u00eatres vivants, que l&rsquo;on appelle aussi organismes, peuvent \u00eatre observ\u00e9s \u00e0 diff\u00e9rentes \u00e9chelles. On d\u00e9finit ainsi diff\u00e9rents niveaux d&rsquo;observation que l&rsquo;on appelle les <strong>niveaux d&rsquo;organisation<\/strong> de la mati\u00e8re.<\/p>\n<p>La mati\u00e8re est form\u00e9e d\u2019<strong>\u00e9l\u00e9ments chimiques<\/strong> (atomes ou ions) qui s\u2019assemblent, formant ainsi des <strong>mol\u00e9cules<\/strong><br \/>\nOn distingue les <strong>mol\u00e9cules organiques<\/strong> (= qui forment la mati\u00e8re vivante ou issue du vivant) car elles contiennent (au minimum) les atomes de carbone (C), d&rsquo;hydrog\u00e8ne (H) et d&rsquo;oxyg\u00e8ne (O). Elles peuvent \u00e9galement en contenir d&rsquo;autres, mais ces 3 l\u00e0 sont obligatoires.<br \/>\nIl y a 4 grandes cat\u00e9gories de mol\u00e9cules organiques formant les \u00eatres vivants :<br \/>\n&#8211; Les <strong>glucides<\/strong> : ce sont les sucres (exemple : glucose, fructose, saccharose, amidon &#8230;)<br \/>\n&#8211; Les <strong>prot\u00e9ines<\/strong> : exemple : la k\u00e9ratine, la m\u00e9lanine &#8230;<br \/>\n&#8211; Les<strong> lipides<\/strong> : ce sont les graisses<br \/>\n&#8211; Les <strong>acides nucl\u00e9iques<\/strong> : ce sont les ADN et ARN<\/p>\n<p>Les mol\u00e9cules qui ne forment pas les \u00eatres vivants sont appel\u00e9es <strong>mol\u00e9cules min\u00e9rales<\/strong>. Elles\u00a0 ne contiennent pas les 3 atomes C+H+O ensembles.<\/p>\n<p>Dans un organisme vivant, les mol\u00e9cules sont assembl\u00e9es pour former des <strong>cellules<\/strong> , qui peuvent \u00eatre assembl\u00e9es pour former des <strong>tissus.<\/strong> Les cellules contiennent toujours un cytoplasme, sont toujours entour\u00e9es d&rsquo;une membrane plasmique et contiennent toujours de l&rsquo;ADN <em>(mais il n&rsquo;est pas toujours dans un noyau &#8230;. cela est le cas uniquement chez les cellules dites Eucaryotes. Ces cellules eucaryotes sont les seules \u00e0 avoir un noyau et des organites)<br \/>\n<\/em>Plusieurs tissus forment des <strong>organes<\/strong><br \/>\nDiff\u00e9rents organes qui coop\u00e8rent dans une m\u00eame fonction forment un <strong>syst\u00e8me.<\/strong><\/p>\n<p><img loading=\"lazy\" decoding=\"async\" class=\"aligncenter size-full wp-image-3869\" src=\"http:\/\/thibault-svt.fr\/wp-content\/uploads\/2026\/02\/niveaux-dorga.png\" alt=\"\" width=\"4140\" height=\"2251\" srcset=\"http:\/\/thibault-svt.fr\/wp-content\/uploads\/2026\/02\/niveaux-dorga.png 4140w, http:\/\/thibault-svt.fr\/wp-content\/uploads\/2026\/02\/niveaux-dorga-300x163.png 300w, http:\/\/thibault-svt.fr\/wp-content\/uploads\/2026\/02\/niveaux-dorga-1024x557.png 1024w, http:\/\/thibault-svt.fr\/wp-content\/uploads\/2026\/02\/niveaux-dorga-768x418.png 768w, http:\/\/thibault-svt.fr\/wp-content\/uploads\/2026\/02\/niveaux-dorga-1536x835.png 1536w, http:\/\/thibault-svt.fr\/wp-content\/uploads\/2026\/02\/niveaux-dorga-2048x1114.png 2048w, http:\/\/thibault-svt.fr\/wp-content\/uploads\/2026\/02\/niveaux-dorga-900x489.png 900w, http:\/\/thibault-svt.fr\/wp-content\/uploads\/2026\/02\/niveaux-dorga-1280x696.png 1280w\" sizes=\"auto, (max-width: 4140px) 100vw, 4140px\" \/><\/p>\n<p><span style=\"text-decoration: underline;\"><span style=\"color: #333399; text-decoration: underline;\"><strong>Ensemble des d\u00e9finitions des niveaux d&rsquo;organisation du vivant.\u00a0<\/strong><\/span><\/span><br \/>\n\u2022 <span style=\"text-decoration: underline;\"><strong>ORGANISME<\/strong> <\/span>: Ensemble des organes d\u2019un \u00eatre vivant, et par rapprochement, l\u2019\u00eatre vivant lui-m\u00eame. Un<br \/>\norganisme peut \u00eatre unicellulaire ou pluricellulaire : on le qualifiera alors de complexe.<br \/>\n\u2022 <strong><span style=\"text-decoration: underline;\">ORGANE :<\/span><\/strong> Un organe est une partie d\u2019un organisme vivant qui est destin\u00e9 \u00e0 remplir une ou plusieurs fonctions<br \/>\nbien pr\u00e9cises. Chez l\u2019homme par exemple, le c\u0153ur est l\u2019organe qui assure la circulation du sang, l\u2019\u0153il est l\u2019organe qui<br \/>\ncapte la lumi\u00e8re \u2026<br \/>\n\u2022 <strong><span style=\"text-decoration: underline;\">SYSTEME :<\/span><\/strong> Ensemble d\u2019organes qui coop\u00e8rent pour assurer une fonction.<br \/>\nPar exemple, le syst\u00e8me digestif est l\u2019ensemble des organes assurant la digestion.<br \/>\n\u2022 <strong><span style=\"text-decoration: underline;\">TISSU<\/span> <\/strong>: Un tissu est un ensemble de cellules ayant une m\u00eame origine et une m\u00eame fonction.<br \/>\nDiff\u00e9rents tissus s\u2019assemblent pour former un organe.<br \/>\n\u2022 <strong><span style=\"text-decoration: underline;\">CELLULE :<\/span><\/strong> La cellule est l\u2019unit\u00e9 structurale constituant tous les \u00eatres vivants. Toutes les cellules sont compos\u00e9es<br \/>\nd\u2019une membrane plasmique, un cytoplasme et contiennent de l\u2019ADN. Les cellules d\u2019un organisme complexe sont<br \/>\nsp\u00e9cialis\u00e9es : elles ont chacune une structure particuli\u00e8re qui leur permet de remplir une fonction particuli\u00e8re.<br \/>\n\u2022 <strong><span style=\"text-decoration: underline;\">ORGANITE :<\/span><\/strong> Les organites sont des structures pr\u00e9sentes \u00e0 l\u2019int\u00e9rieur des cellules et qui leur permettent de<br \/>\nr\u00e9aliser une fonction pr\u00e9cise. Par exemple, la mitochondrie est un organite permettant aux cellules de r\u00e9aliser la<br \/>\nrespiration cellulaire et de produire de l\u2019\u00e9nergie.<br \/>\n\u2022<strong><span style=\"text-decoration: underline;\"> MOLECULE :<\/span> <\/strong>Une mol\u00e9cule est un assemblage chimique d\u2019au moins 2 atomes. Les mol\u00e9cules organiques<br \/>\nformant les \u00eatres vivants sont form\u00e9es au minimum des atomes C, H et O.<\/p>\n<p>&nbsp;<\/p>\n<p><span style=\"color: #800080;\"><strong><a style=\"color: #800080;\" href=\"http:\/\/thibault-svt.fr\/index.php\/wp_quiz\/qr-1es-niveaux-dorganisation-du-vivant\/\" target=\"_blank\" rel=\"noopener\">&#8211;&gt; Des exercices pour r\u00e9viser<\/a><\/strong><\/span><\/p>\n","protected":false},"excerpt":{"rendered":"<p>Activit\u00e9 1 &#8211; Niveaux d&rsquo;organisation et ordres de grandeur + Exercices d&rsquo;entrainement\u00a0 + Correction Les \u00eatres vivants, que l&rsquo;on appelle aussi organismes, peuvent \u00eatre observ\u00e9s \u00e0 diff\u00e9rentes \u00e9chelles. On d\u00e9finit ainsi diff\u00e9rents niveaux d&rsquo;observation que l&rsquo;on appelle les niveaux d&rsquo;organisation de la mati\u00e8re. La mati\u00e8re est form\u00e9e d\u2019\u00e9l\u00e9ments chimiques (atomes ou ions) qui s\u2019assemblent, formant [&hellip;]<\/p>\n","protected":false},"author":1,"featured_media":0,"parent":1237,"menu_order":3,"comment_status":"closed","ping_status":"closed","template":"full-width-page-template.php","meta":{"footnotes":""},"class_list":["post-3868","page","type-page","status-publish","hentry"],"yoast_head":"<!-- This site is optimized with the Yoast SEO plugin v24.4 - https:\/\/yoast.com\/wordpress\/plugins\/seo\/ -->\n<title>Niveaux d&#039;organisation du vivant - SVT<\/title>\n<meta name=\"robots\" content=\"index, follow, max-snippet:-1, max-image-preview:large, max-video-preview:-1\" \/>\n<link rel=\"canonical\" href=\"http:\/\/thibault-svt.fr\/index.php\/premieres\/enseignement-obligatoire\/niveaux-dorganisation-du-vivant\/\" \/>\n<meta property=\"og:locale\" content=\"fr_FR\" \/>\n<meta property=\"og:type\" content=\"article\" \/>\n<meta property=\"og:title\" content=\"Niveaux d&#039;organisation du vivant - SVT\" \/>\n<meta property=\"og:description\" content=\"Activit\u00e9 1 &#8211; Niveaux d&rsquo;organisation et ordres de grandeur + Exercices d&rsquo;entrainement\u00a0 + Correction Les \u00eatres vivants, que l&rsquo;on appelle aussi organismes, peuvent \u00eatre observ\u00e9s \u00e0 diff\u00e9rentes \u00e9chelles. On d\u00e9finit ainsi diff\u00e9rents niveaux d&rsquo;observation que l&rsquo;on appelle les niveaux d&rsquo;organisation de la mati\u00e8re. La mati\u00e8re est form\u00e9e d\u2019\u00e9l\u00e9ments chimiques (atomes ou ions) qui s\u2019assemblent, formant [&hellip;]\" \/>\n<meta property=\"og:url\" content=\"http:\/\/thibault-svt.fr\/index.php\/premieres\/enseignement-obligatoire\/niveaux-dorganisation-du-vivant\/\" \/>\n<meta property=\"og:site_name\" content=\"SVT\" \/>\n<meta property=\"article:modified_time\" content=\"2026-02-28T17:57:32+00:00\" \/>\n<meta property=\"og:image\" content=\"http:\/\/thibault-svt.fr\/wp-content\/uploads\/2026\/02\/niveaux-dorga-1024x557.png\" \/>\n\t<meta property=\"og:image:width\" content=\"1024\" \/>\n\t<meta property=\"og:image:height\" content=\"557\" \/>\n\t<meta property=\"og:image:type\" content=\"image\/png\" \/>\n<meta name=\"twitter:card\" content=\"summary_large_image\" \/>\n<meta name=\"twitter:label1\" content=\"Dur\u00e9e de lecture estim\u00e9e\" \/>\n\t<meta name=\"twitter:data1\" content=\"3 minutes\" \/>\n<script type=\"application\/ld+json\" class=\"yoast-schema-graph\">{\"@context\":\"https:\/\/schema.org\",\"@graph\":[{\"@type\":\"WebPage\",\"@id\":\"http:\/\/thibault-svt.fr\/index.php\/premieres\/enseignement-obligatoire\/niveaux-dorganisation-du-vivant\/\",\"url\":\"http:\/\/thibault-svt.fr\/index.php\/premieres\/enseignement-obligatoire\/niveaux-dorganisation-du-vivant\/\",\"name\":\"Niveaux d'organisation du vivant - SVT\",\"isPartOf\":{\"@id\":\"http:\/\/thibault-svt.fr\/#website\"},\"primaryImageOfPage\":{\"@id\":\"http:\/\/thibault-svt.fr\/index.php\/premieres\/enseignement-obligatoire\/niveaux-dorganisation-du-vivant\/#primaryimage\"},\"image\":{\"@id\":\"http:\/\/thibault-svt.fr\/index.php\/premieres\/enseignement-obligatoire\/niveaux-dorganisation-du-vivant\/#primaryimage\"},\"thumbnailUrl\":\"http:\/\/thibault-svt.fr\/wp-content\/uploads\/2026\/02\/niveaux-dorga.png\",\"datePublished\":\"2026-02-28T17:31:19+00:00\",\"dateModified\":\"2026-02-28T17:57:32+00:00\",\"breadcrumb\":{\"@id\":\"http:\/\/thibault-svt.fr\/index.php\/premieres\/enseignement-obligatoire\/niveaux-dorganisation-du-vivant\/#breadcrumb\"},\"inLanguage\":\"fr-FR\",\"potentialAction\":[{\"@type\":\"ReadAction\",\"target\":[\"http:\/\/thibault-svt.fr\/index.php\/premieres\/enseignement-obligatoire\/niveaux-dorganisation-du-vivant\/\"]}]},{\"@type\":\"ImageObject\",\"inLanguage\":\"fr-FR\",\"@id\":\"http:\/\/thibault-svt.fr\/index.php\/premieres\/enseignement-obligatoire\/niveaux-dorganisation-du-vivant\/#primaryimage\",\"url\":\"http:\/\/thibault-svt.fr\/wp-content\/uploads\/2026\/02\/niveaux-dorga.png\",\"contentUrl\":\"http:\/\/thibault-svt.fr\/wp-content\/uploads\/2026\/02\/niveaux-dorga.png\",\"width\":4140,\"height\":2251},{\"@type\":\"BreadcrumbList\",\"@id\":\"http:\/\/thibault-svt.fr\/index.php\/premieres\/enseignement-obligatoire\/niveaux-dorganisation-du-vivant\/#breadcrumb\",\"itemListElement\":[{\"@type\":\"ListItem\",\"position\":1,\"name\":\"Accueil\",\"item\":\"http:\/\/thibault-svt.fr\/\"},{\"@type\":\"ListItem\",\"position\":2,\"name\":\"Premi\u00e8res\",\"item\":\"http:\/\/thibault-svt.fr\/index.php\/premieres\/\"},{\"@type\":\"ListItem\",\"position\":3,\"name\":\"Enseignement scientifique\",\"item\":\"http:\/\/thibault-svt.fr\/index.php\/premieres\/enseignement-obligatoire\/\"},{\"@type\":\"ListItem\",\"position\":4,\"name\":\"Niveaux d&rsquo;organisation du vivant\"}]},{\"@type\":\"WebSite\",\"@id\":\"http:\/\/thibault-svt.fr\/#website\",\"url\":\"http:\/\/thibault-svt.fr\/\",\"name\":\"SVT\",\"description\":\"Cours de SVT de Mme Thibault - Professeure au Lyc\u00e9e Maurice Genevoix\",\"potentialAction\":[{\"@type\":\"SearchAction\",\"target\":{\"@type\":\"EntryPoint\",\"urlTemplate\":\"http:\/\/thibault-svt.fr\/?s={search_term_string}\"},\"query-input\":{\"@type\":\"PropertyValueSpecification\",\"valueRequired\":true,\"valueName\":\"search_term_string\"}}],\"inLanguage\":\"fr-FR\"}]}<\/script>\n<!-- \/ Yoast SEO plugin. -->","yoast_head_json":{"title":"Niveaux d'organisation du vivant - SVT","robots":{"index":"index","follow":"follow","max-snippet":"max-snippet:-1","max-image-preview":"max-image-preview:large","max-video-preview":"max-video-preview:-1"},"canonical":"http:\/\/thibault-svt.fr\/index.php\/premieres\/enseignement-obligatoire\/niveaux-dorganisation-du-vivant\/","og_locale":"fr_FR","og_type":"article","og_title":"Niveaux d'organisation du vivant - SVT","og_description":"Activit\u00e9 1 &#8211; Niveaux d&rsquo;organisation et ordres de grandeur + Exercices d&rsquo;entrainement\u00a0 + Correction Les \u00eatres vivants, que l&rsquo;on appelle aussi organismes, peuvent \u00eatre observ\u00e9s \u00e0 diff\u00e9rentes \u00e9chelles. On d\u00e9finit ainsi diff\u00e9rents niveaux d&rsquo;observation que l&rsquo;on appelle les niveaux d&rsquo;organisation de la mati\u00e8re. La mati\u00e8re est form\u00e9e d\u2019\u00e9l\u00e9ments chimiques (atomes ou ions) qui s\u2019assemblent, formant [&hellip;]","og_url":"http:\/\/thibault-svt.fr\/index.php\/premieres\/enseignement-obligatoire\/niveaux-dorganisation-du-vivant\/","og_site_name":"SVT","article_modified_time":"2026-02-28T17:57:32+00:00","og_image":[{"width":1024,"height":557,"url":"http:\/\/thibault-svt.fr\/wp-content\/uploads\/2026\/02\/niveaux-dorga-1024x557.png","type":"image\/png"}],"twitter_card":"summary_large_image","twitter_misc":{"Dur\u00e9e de lecture estim\u00e9e":"3 minutes"},"schema":{"@context":"https:\/\/schema.org","@graph":[{"@type":"WebPage","@id":"http:\/\/thibault-svt.fr\/index.php\/premieres\/enseignement-obligatoire\/niveaux-dorganisation-du-vivant\/","url":"http:\/\/thibault-svt.fr\/index.php\/premieres\/enseignement-obligatoire\/niveaux-dorganisation-du-vivant\/","name":"Niveaux d'organisation du vivant - SVT","isPartOf":{"@id":"http:\/\/thibault-svt.fr\/#website"},"primaryImageOfPage":{"@id":"http:\/\/thibault-svt.fr\/index.php\/premieres\/enseignement-obligatoire\/niveaux-dorganisation-du-vivant\/#primaryimage"},"image":{"@id":"http:\/\/thibault-svt.fr\/index.php\/premieres\/enseignement-obligatoire\/niveaux-dorganisation-du-vivant\/#primaryimage"},"thumbnailUrl":"http:\/\/thibault-svt.fr\/wp-content\/uploads\/2026\/02\/niveaux-dorga.png","datePublished":"2026-02-28T17:31:19+00:00","dateModified":"2026-02-28T17:57:32+00:00","breadcrumb":{"@id":"http:\/\/thibault-svt.fr\/index.php\/premieres\/enseignement-obligatoire\/niveaux-dorganisation-du-vivant\/#breadcrumb"},"inLanguage":"fr-FR","potentialAction":[{"@type":"ReadAction","target":["http:\/\/thibault-svt.fr\/index.php\/premieres\/enseignement-obligatoire\/niveaux-dorganisation-du-vivant\/"]}]},{"@type":"ImageObject","inLanguage":"fr-FR","@id":"http:\/\/thibault-svt.fr\/index.php\/premieres\/enseignement-obligatoire\/niveaux-dorganisation-du-vivant\/#primaryimage","url":"http:\/\/thibault-svt.fr\/wp-content\/uploads\/2026\/02\/niveaux-dorga.png","contentUrl":"http:\/\/thibault-svt.fr\/wp-content\/uploads\/2026\/02\/niveaux-dorga.png","width":4140,"height":2251},{"@type":"BreadcrumbList","@id":"http:\/\/thibault-svt.fr\/index.php\/premieres\/enseignement-obligatoire\/niveaux-dorganisation-du-vivant\/#breadcrumb","itemListElement":[{"@type":"ListItem","position":1,"name":"Accueil","item":"http:\/\/thibault-svt.fr\/"},{"@type":"ListItem","position":2,"name":"Premi\u00e8res","item":"http:\/\/thibault-svt.fr\/index.php\/premieres\/"},{"@type":"ListItem","position":3,"name":"Enseignement scientifique","item":"http:\/\/thibault-svt.fr\/index.php\/premieres\/enseignement-obligatoire\/"},{"@type":"ListItem","position":4,"name":"Niveaux d&rsquo;organisation du vivant"}]},{"@type":"WebSite","@id":"http:\/\/thibault-svt.fr\/#website","url":"http:\/\/thibault-svt.fr\/","name":"SVT","description":"Cours de SVT de Mme Thibault - Professeure au Lyc\u00e9e Maurice Genevoix","potentialAction":[{"@type":"SearchAction","target":{"@type":"EntryPoint","urlTemplate":"http:\/\/thibault-svt.fr\/?s={search_term_string}"},"query-input":{"@type":"PropertyValueSpecification","valueRequired":true,"valueName":"search_term_string"}}],"inLanguage":"fr-FR"}]}},"_links":{"self":[{"href":"http:\/\/thibault-svt.fr\/index.php\/wp-json\/wp\/v2\/pages\/3868","targetHints":{"allow":["GET"]}}],"collection":[{"href":"http:\/\/thibault-svt.fr\/index.php\/wp-json\/wp\/v2\/pages"}],"about":[{"href":"http:\/\/thibault-svt.fr\/index.php\/wp-json\/wp\/v2\/types\/page"}],"author":[{"embeddable":true,"href":"http:\/\/thibault-svt.fr\/index.php\/wp-json\/wp\/v2\/users\/1"}],"replies":[{"embeddable":true,"href":"http:\/\/thibault-svt.fr\/index.php\/wp-json\/wp\/v2\/comments?post=3868"}],"version-history":[{"count":4,"href":"http:\/\/thibault-svt.fr\/index.php\/wp-json\/wp\/v2\/pages\/3868\/revisions"}],"predecessor-version":[{"id":3884,"href":"http:\/\/thibault-svt.fr\/index.php\/wp-json\/wp\/v2\/pages\/3868\/revisions\/3884"}],"up":[{"embeddable":true,"href":"http:\/\/thibault-svt.fr\/index.php\/wp-json\/wp\/v2\/pages\/1237"}],"wp:attachment":[{"href":"http:\/\/thibault-svt.fr\/index.php\/wp-json\/wp\/v2\/media?parent=3868"}],"curies":[{"name":"wp","href":"https:\/\/api.w.org\/{rel}","templated":true}]}}