{"id":3610,"date":"2025-07-04T13:39:54","date_gmt":"2025-07-04T11:39:54","guid":{"rendered":"http:\/\/thibault-svt.fr\/?page_id=3610"},"modified":"2025-07-04T15:45:57","modified_gmt":"2025-07-04T13:45:57","slug":"conseils-et-sujets-de-rattrapages","status":"publish","type":"page","link":"http:\/\/thibault-svt.fr\/index.php\/terminales\/conseils-et-sujets-de-rattrapages\/","title":{"rendered":"Conseils et Sujets de rattrapages"},"content":{"rendered":"<p style=\"text-align: center;\"><span style=\"text-decoration: underline;\"><span style=\"color: #ff00ff; text-decoration: underline;\"><strong>Rappels sur le d\u00e9roul\u00e9 de l&rsquo;\u00e9preuve :\u00a0<\/strong><\/span><\/span><\/p>\n<ul>\n<li><span style=\"text-decoration: underline; color: #339966;\"><strong>Tirage au sort d&rsquo;un sujet contenant 2 exercices<\/strong> :<\/span>\n<ul>\n<li><span style=\"color: #008080;\">1 exercice de restitution organis\u00e9e de connaissances : Comme\u00a0 type 1<\/span><\/li>\n<li><span style=\"color: #008080;\">1 exercice de synth\u00e8se de document : Comme un\u00a0 type 2<\/span><\/li>\n<\/ul>\n<\/li>\n<\/ul>\n<p><span style=\"color: #008080;\"><strong> Les 2 exercices sont obligatoires<\/strong> et portent g\u00e9n\u00e9ralement sur 2 th\u00e8mes diff\u00e9rents du programme<\/span><\/p>\n<ul>\n<li><span style=\"text-decoration: underline; color: #339966;\"><strong>20 minutes de pr\u00e9paration\u00a0<\/strong><\/span><\/li>\n<li><span style=\"color: #008080;\"><span style=\"text-decoration: underline; color: #339966;\"><strong>20 minutes d&rsquo;oral :<\/strong><\/span>\u00a0<\/span>\n<ul>\n<li><span style=\"color: #008080;\">10 minutes par exercice.<\/span><\/li>\n<li><span style=\"color: #008080;\">Vous commencez par pr\u00e9senter votre r\u00e9ponse pendant le temps que vous souhaitez<\/span><\/li>\n<li><span style=\"color: #008080;\">Le reste des 10 minutes est un entretien avec le jury (questions sur votre r\u00e9ponse, sur le chapitre associ\u00e9 \u00e0 l&rsquo;exercice &#8230;)<\/span><\/li>\n<\/ul>\n<\/li>\n<\/ul>\n<p>&nbsp;<\/p>\n<p style=\"text-align: center;\"><span style=\"text-decoration: underline;\"><span style=\"color: #ff00ff; text-decoration: underline;\"><strong>Exemples de sujets sur document :\u00a0<\/strong><\/span><\/span><\/p>\n<ul>\n<li><span style=\"color: #0000ff;\"><a style=\"color: #0000ff;\" href=\"http:\/\/thibault-svt.fr\/wp-content\/uploads\/2025\/07\/1-Stress.pdf\" target=\"_blank\" rel=\"noopener\">Stress<\/a><\/span><\/li>\n<li><span style=\"color: #0000ff;\"><a style=\"color: #0000ff;\" href=\"http:\/\/thibault-svt.fr\/wp-content\/uploads\/2025\/07\/1-Sommation-spatiale.pdf\" target=\"_blank\" rel=\"noopener\">Fonctionnement du syst\u00e8me nerveux<\/a><\/span><\/li>\n<li><span style=\"color: #0000ff;\"><a style=\"color: #0000ff;\" href=\"http:\/\/thibault-svt.fr\/wp-content\/uploads\/2025\/07\/1-Pigments.pdf\" target=\"_blank\" rel=\"noopener\">Pigments photosynth\u00e9tiques<\/a><\/span><\/li>\n<li><span style=\"color: #0000ff;\"><a style=\"color: #0000ff;\" href=\"http:\/\/thibault-svt.fr\/wp-content\/uploads\/2025\/07\/1-Mendel.pdf\" target=\"_blank\" rel=\"noopener\">G\u00e9n\u00e9tique<\/a><\/span><\/li>\n<li><span style=\"color: #0000ff;\"><a style=\"color: #0000ff;\" href=\"http:\/\/thibault-svt.fr\/wp-content\/uploads\/2025\/07\/1-Domestication.pdf\" target=\"_blank\" rel=\"noopener\">Domestication des plantes<\/a><\/span><\/li>\n<li><span style=\"color: #0000ff;\"><a style=\"color: #0000ff;\" href=\"http:\/\/thibault-svt.fr\/wp-content\/uploads\/2025\/07\/1-Diabete.pdf\" target=\"_blank\" rel=\"noopener\">Diab\u00e8tes<\/a><\/span><\/li>\n<li><span style=\"color: #0000ff;\"><a style=\"color: #0000ff;\" href=\"http:\/\/thibault-svt.fr\/wp-content\/uploads\/2025\/07\/1-Evolution.pdf\" target=\"_blank\" rel=\"noopener\">Evolution<\/a><\/span><\/li>\n<li><span style=\"color: #0000ff;\"><a style=\"color: #0000ff;\" href=\"http:\/\/thibault-svt.fr\/wp-content\/uploads\/2025\/07\/1-Climat-actuel.pdf\" target=\"_blank\" rel=\"noopener\">Climatologie<\/a><\/span><\/li>\n<li><span style=\"color: #0000ff;\"><a style=\"color: #0000ff;\" href=\"http:\/\/thibault-svt.fr\/wp-content\/uploads\/2025\/07\/1-Chronologie-relative.pdf\" target=\"_blank\" rel=\"noopener\">Chronologie relative<\/a><\/span><\/li>\n<\/ul>\n<p><span style=\"color: #0000ff;\"><strong>Conseils pour cet exercice :<\/strong> Organisez votre r\u00e9ponse (parties bien identifi\u00e9es, logique du raisonnement expliqu\u00e9e d\u00e8s l&rsquo;introduction&#8230;) , Utilisez du vocabulaire sp\u00e9cifique, Pr\u00e9parez un ou plusieurs sch\u00e9mas \u00e0 pr\u00e9senter au jury.<\/span><\/p>\n<p>&nbsp;<\/p>\n<p style=\"text-align: center;\"><span style=\"text-decoration: underline;\"><strong><span style=\"color: #ff00ff; text-decoration: underline;\">Exemples de sujets de restitution de connaissances :\u00a0<\/span><\/strong><\/span><\/p>\n<ul>\n<li><span style=\"color: #800080;\"><a style=\"color: #800080;\" href=\"http:\/\/thibault-svt.fr\/wp-content\/uploads\/2025\/07\/Connaissances-stress.pdf\" target=\"_blank\" rel=\"noopener\">Stress<\/a><\/span><\/li>\n<li><span style=\"color: #800080;\"><a style=\"color: #800080;\" href=\"http:\/\/thibault-svt.fr\/wp-content\/uploads\/2025\/07\/Connaissances-glycemie.pdf\" target=\"_blank\" rel=\"noopener\">Glyc\u00e9mie<\/a><\/span><\/li>\n<li><span style=\"color: #800080;\"><a style=\"color: #800080;\" href=\"http:\/\/thibault-svt.fr\/wp-content\/uploads\/2025\/07\/Connaissances-datation.pdf\" target=\"_blank\" rel=\"noopener\">Datation<\/a><\/span><\/li>\n<li><span style=\"color: #800080;\"><a style=\"color: #800080;\" href=\"http:\/\/thibault-svt.fr\/wp-content\/uploads\/2025\/07\/Connaissances-Climats.pdf\" target=\"_blank\" rel=\"noopener\">Climatologie<\/a><\/span><\/li>\n<li><span style=\"color: #800080;\"><a style=\"color: #800080;\" href=\"http:\/\/thibault-svt.fr\/wp-content\/uploads\/2025\/07\/Connaissances-Anomalie-de-meiose.pdf\" target=\"_blank\" rel=\"noopener\">G\u00e9n\u00e9tique<\/a><\/span><\/li>\n<\/ul>\n<p><span style=\"color: #800080;\"><strong>Conseils pour cet exercice :<\/strong> Faites une belle \u00e9tude de documents (pr\u00e9sentez le, observez puis interpr\u00e9tez), faites le lien entre les documents s&rsquo;il y en a plusieurs, ajoutez vos connaissances, construisez un raisonnement logique et r\u00e9pondant pr\u00e9cis\u00e9ment \u00e0 la question pos\u00e9e.<\/span><\/p>\n<p>&nbsp;<\/p>\n<p><span style=\"color: #993300;\"><strong>Conseils pour l&rsquo;entretien :\u00a0\u00a0<\/strong>Restez souriants quelques soient les questions pos\u00e9es, d\u00e9veloppez vos r\u00e9ponses (ne r\u00e9pondez pas par 3 mots, montrez que vous savez des choses et que vous faites des liens entre vos diff\u00e9rentes connaissances), ne dites SURTOUT PAS \u00ab\u00a0c&rsquo;est le chapitre que je n&rsquo;ai pas r\u00e9vis\u00e9 &#8230;).<\/span><\/p>\n","protected":false},"excerpt":{"rendered":"<p>Rappels sur le d\u00e9roul\u00e9 de l&rsquo;\u00e9preuve :\u00a0 Tirage au sort d&rsquo;un sujet contenant 2 exercices : 1 exercice de restitution organis\u00e9e de connaissances : Comme\u00a0 type 1 1 exercice de synth\u00e8se de document : Comme un\u00a0 type 2 Les 2 exercices sont obligatoires et portent g\u00e9n\u00e9ralement sur 2 th\u00e8mes diff\u00e9rents du programme 20 minutes de [&hellip;]<\/p>\n","protected":false},"author":1,"featured_media":0,"parent":86,"menu_order":1,"comment_status":"closed","ping_status":"closed","template":"","meta":{"footnotes":""},"class_list":["post-3610","page","type-page","status-publish","hentry"],"yoast_head":"<!-- This site is optimized with the Yoast SEO plugin v24.4 - https:\/\/yoast.com\/wordpress\/plugins\/seo\/ -->\n<title>Conseils et Sujets de rattrapages - SVT<\/title>\n<meta name=\"description\" content=\"Rattrapages du bac SVT : d\u00e9roulement de l&#039;\u00e9preuve, sujets, conseils, corrig\u00e9s\" \/>\n<meta name=\"robots\" content=\"index, follow, max-snippet:-1, max-image-preview:large, max-video-preview:-1\" \/>\n<link rel=\"canonical\" href=\"http:\/\/thibault-svt.fr\/index.php\/terminales\/conseils-et-sujets-de-rattrapages\/\" \/>\n<meta property=\"og:locale\" content=\"fr_FR\" \/>\n<meta property=\"og:type\" content=\"article\" \/>\n<meta property=\"og:title\" content=\"Conseils et Sujets de rattrapages - SVT\" \/>\n<meta property=\"og:description\" content=\"Rattrapages du bac SVT : d\u00e9roulement de l&#039;\u00e9preuve, sujets, conseils, corrig\u00e9s\" \/>\n<meta property=\"og:url\" content=\"http:\/\/thibault-svt.fr\/index.php\/terminales\/conseils-et-sujets-de-rattrapages\/\" \/>\n<meta property=\"og:site_name\" content=\"SVT\" \/>\n<meta property=\"article:modified_time\" content=\"2025-07-04T13:45:57+00:00\" \/>\n<meta name=\"twitter:card\" content=\"summary_large_image\" \/>\n<meta name=\"twitter:label1\" content=\"Dur\u00e9e de lecture estim\u00e9e\" \/>\n\t<meta name=\"twitter:data1\" content=\"2 minutes\" \/>\n<script type=\"application\/ld+json\" class=\"yoast-schema-graph\">{\"@context\":\"https:\/\/schema.org\",\"@graph\":[{\"@type\":\"WebPage\",\"@id\":\"http:\/\/thibault-svt.fr\/index.php\/terminales\/conseils-et-sujets-de-rattrapages\/\",\"url\":\"http:\/\/thibault-svt.fr\/index.php\/terminales\/conseils-et-sujets-de-rattrapages\/\",\"name\":\"Conseils et Sujets de rattrapages - SVT\",\"isPartOf\":{\"@id\":\"http:\/\/thibault-svt.fr\/#website\"},\"datePublished\":\"2025-07-04T11:39:54+00:00\",\"dateModified\":\"2025-07-04T13:45:57+00:00\",\"description\":\"Rattrapages du bac SVT : d\u00e9roulement de l'\u00e9preuve, sujets, conseils, corrig\u00e9s\",\"breadcrumb\":{\"@id\":\"http:\/\/thibault-svt.fr\/index.php\/terminales\/conseils-et-sujets-de-rattrapages\/#breadcrumb\"},\"inLanguage\":\"fr-FR\",\"potentialAction\":[{\"@type\":\"ReadAction\",\"target\":[\"http:\/\/thibault-svt.fr\/index.php\/terminales\/conseils-et-sujets-de-rattrapages\/\"]}]},{\"@type\":\"BreadcrumbList\",\"@id\":\"http:\/\/thibault-svt.fr\/index.php\/terminales\/conseils-et-sujets-de-rattrapages\/#breadcrumb\",\"itemListElement\":[{\"@type\":\"ListItem\",\"position\":1,\"name\":\"Accueil\",\"item\":\"http:\/\/thibault-svt.fr\/\"},{\"@type\":\"ListItem\",\"position\":2,\"name\":\"Terminales\",\"item\":\"http:\/\/thibault-svt.fr\/index.php\/terminales\/\"},{\"@type\":\"ListItem\",\"position\":3,\"name\":\"Conseils et Sujets de rattrapages\"}]},{\"@type\":\"WebSite\",\"@id\":\"http:\/\/thibault-svt.fr\/#website\",\"url\":\"http:\/\/thibault-svt.fr\/\",\"name\":\"SVT\",\"description\":\"Cours de SVT de Mme Thibault - Professeure au Lyc\u00e9e Maurice Genevoix\",\"potentialAction\":[{\"@type\":\"SearchAction\",\"target\":{\"@type\":\"EntryPoint\",\"urlTemplate\":\"http:\/\/thibault-svt.fr\/?s={search_term_string}\"},\"query-input\":{\"@type\":\"PropertyValueSpecification\",\"valueRequired\":true,\"valueName\":\"search_term_string\"}}],\"inLanguage\":\"fr-FR\"}]}<\/script>\n<!-- \/ Yoast SEO plugin. -->","yoast_head_json":{"title":"Conseils et Sujets de rattrapages - SVT","description":"Rattrapages du bac SVT : d\u00e9roulement de l'\u00e9preuve, sujets, conseils, corrig\u00e9s","robots":{"index":"index","follow":"follow","max-snippet":"max-snippet:-1","max-image-preview":"max-image-preview:large","max-video-preview":"max-video-preview:-1"},"canonical":"http:\/\/thibault-svt.fr\/index.php\/terminales\/conseils-et-sujets-de-rattrapages\/","og_locale":"fr_FR","og_type":"article","og_title":"Conseils et Sujets de rattrapages - SVT","og_description":"Rattrapages du bac SVT : d\u00e9roulement de l'\u00e9preuve, sujets, conseils, corrig\u00e9s","og_url":"http:\/\/thibault-svt.fr\/index.php\/terminales\/conseils-et-sujets-de-rattrapages\/","og_site_name":"SVT","article_modified_time":"2025-07-04T13:45:57+00:00","twitter_card":"summary_large_image","twitter_misc":{"Dur\u00e9e de lecture estim\u00e9e":"2 minutes"},"schema":{"@context":"https:\/\/schema.org","@graph":[{"@type":"WebPage","@id":"http:\/\/thibault-svt.fr\/index.php\/terminales\/conseils-et-sujets-de-rattrapages\/","url":"http:\/\/thibault-svt.fr\/index.php\/terminales\/conseils-et-sujets-de-rattrapages\/","name":"Conseils et Sujets de rattrapages - SVT","isPartOf":{"@id":"http:\/\/thibault-svt.fr\/#website"},"datePublished":"2025-07-04T11:39:54+00:00","dateModified":"2025-07-04T13:45:57+00:00","description":"Rattrapages du bac SVT : d\u00e9roulement de l'\u00e9preuve, sujets, conseils, corrig\u00e9s","breadcrumb":{"@id":"http:\/\/thibault-svt.fr\/index.php\/terminales\/conseils-et-sujets-de-rattrapages\/#breadcrumb"},"inLanguage":"fr-FR","potentialAction":[{"@type":"ReadAction","target":["http:\/\/thibault-svt.fr\/index.php\/terminales\/conseils-et-sujets-de-rattrapages\/"]}]},{"@type":"BreadcrumbList","@id":"http:\/\/thibault-svt.fr\/index.php\/terminales\/conseils-et-sujets-de-rattrapages\/#breadcrumb","itemListElement":[{"@type":"ListItem","position":1,"name":"Accueil","item":"http:\/\/thibault-svt.fr\/"},{"@type":"ListItem","position":2,"name":"Terminales","item":"http:\/\/thibault-svt.fr\/index.php\/terminales\/"},{"@type":"ListItem","position":3,"name":"Conseils et Sujets de rattrapages"}]},{"@type":"WebSite","@id":"http:\/\/thibault-svt.fr\/#website","url":"http:\/\/thibault-svt.fr\/","name":"SVT","description":"Cours de SVT de Mme Thibault - Professeure au Lyc\u00e9e Maurice Genevoix","potentialAction":[{"@type":"SearchAction","target":{"@type":"EntryPoint","urlTemplate":"http:\/\/thibault-svt.fr\/?s={search_term_string}"},"query-input":{"@type":"PropertyValueSpecification","valueRequired":true,"valueName":"search_term_string"}}],"inLanguage":"fr-FR"}]}},"_links":{"self":[{"href":"http:\/\/thibault-svt.fr\/index.php\/wp-json\/wp\/v2\/pages\/3610","targetHints":{"allow":["GET"]}}],"collection":[{"href":"http:\/\/thibault-svt.fr\/index.php\/wp-json\/wp\/v2\/pages"}],"about":[{"href":"http:\/\/thibault-svt.fr\/index.php\/wp-json\/wp\/v2\/types\/page"}],"author":[{"embeddable":true,"href":"http:\/\/thibault-svt.fr\/index.php\/wp-json\/wp\/v2\/users\/1"}],"replies":[{"embeddable":true,"href":"http:\/\/thibault-svt.fr\/index.php\/wp-json\/wp\/v2\/comments?post=3610"}],"version-history":[{"count":4,"href":"http:\/\/thibault-svt.fr\/index.php\/wp-json\/wp\/v2\/pages\/3610\/revisions"}],"predecessor-version":[{"id":3637,"href":"http:\/\/thibault-svt.fr\/index.php\/wp-json\/wp\/v2\/pages\/3610\/revisions\/3637"}],"up":[{"embeddable":true,"href":"http:\/\/thibault-svt.fr\/index.php\/wp-json\/wp\/v2\/pages\/86"}],"wp:attachment":[{"href":"http:\/\/thibault-svt.fr\/index.php\/wp-json\/wp\/v2\/media?parent=3610"}],"curies":[{"name":"wp","href":"https:\/\/api.w.org\/{rel}","templated":true}]}}