{"id":3496,"date":"2025-02-10T13:07:57","date_gmt":"2025-02-10T12:07:57","guid":{"rendered":"http:\/\/thibault-svt.fr\/?page_id=3496"},"modified":"2025-05-08T12:50:53","modified_gmt":"2025-05-08T10:50:53","slug":"les-exercices-du-baccalaureat","status":"publish","type":"page","link":"http:\/\/thibault-svt.fr\/index.php\/methodes-pour-tous-les-niveaux\/les-exercices-du-baccalaureat\/","title":{"rendered":"Les exercices du baccalaur\u00e9at"},"content":{"rendered":"<ul>\n<li><span style=\"color: #0000ff;\"><strong><a style=\"color: #0000ff;\" href=\"http:\/\/thibault-svt.fr\/wp-content\/uploads\/2023\/08\/FICHE-METHODE-type-1.pdf\" target=\"_blank\" rel=\"noopener\">L\u2019exercice I du Baccalaur\u00e9at : Restitution organis\u00e9e et argument\u00e9e de connaissances<\/a><\/strong><\/span><\/li>\n<li><span style=\"color: #000000;\"><span style=\"color: #3366ff;\"><strong><a style=\"color: #3366ff;\" href=\"http:\/\/thibault-svt.fr\/wp-content\/uploads\/2023\/08\/FICHE-METHODE-EX2.pdf\" target=\"_blank\" rel=\"noopener\">L\u2019exercice II du Baccalaur\u00e9at: Synth\u00e8se avec documents<\/a><\/strong><\/span><br \/>\n<\/span><\/li>\n<li><a href=\"http:\/\/thibault-svt.fr\/wp-content\/uploads\/2025\/05\/Recapitulatif-ECE.pdf\" target=\"_blank\" rel=\"noopener\"><span style=\"color: #1db5db;\"><strong>L&rsquo;ECE<\/strong><\/span><\/a><\/li>\n<\/ul>\n","protected":false},"excerpt":{"rendered":"<p>L\u2019exercice I du Baccalaur\u00e9at : Restitution organis\u00e9e et argument\u00e9e de connaissances L\u2019exercice II du Baccalaur\u00e9at: Synth\u00e8se avec documents L&rsquo;ECE<\/p>\n","protected":false},"author":1,"featured_media":0,"parent":2184,"menu_order":1,"comment_status":"closed","ping_status":"closed","template":"","meta":{"footnotes":""},"class_list":["post-3496","page","type-page","status-publish","hentry"],"yoast_head":"<!-- This site is optimized with the Yoast SEO plugin v24.4 - https:\/\/yoast.com\/wordpress\/plugins\/seo\/ -->\n<title>Les exercices du baccalaur\u00e9at - SVT<\/title>\n<meta name=\"robots\" content=\"index, follow, max-snippet:-1, max-image-preview:large, max-video-preview:-1\" \/>\n<link rel=\"canonical\" href=\"http:\/\/thibault-svt.fr\/index.php\/methodes-pour-tous-les-niveaux\/les-exercices-du-baccalaureat\/\" \/>\n<meta property=\"og:locale\" content=\"fr_FR\" \/>\n<meta property=\"og:type\" content=\"article\" \/>\n<meta property=\"og:title\" content=\"Les exercices du baccalaur\u00e9at - SVT\" \/>\n<meta property=\"og:description\" content=\"L\u2019exercice I du Baccalaur\u00e9at : Restitution organis\u00e9e et argument\u00e9e de connaissances L\u2019exercice II du Baccalaur\u00e9at: Synth\u00e8se avec documents L&rsquo;ECE\" \/>\n<meta property=\"og:url\" content=\"http:\/\/thibault-svt.fr\/index.php\/methodes-pour-tous-les-niveaux\/les-exercices-du-baccalaureat\/\" \/>\n<meta property=\"og:site_name\" content=\"SVT\" \/>\n<meta property=\"article:modified_time\" content=\"2025-05-08T10:50:53+00:00\" \/>\n<meta name=\"twitter:card\" content=\"summary_large_image\" \/>\n<meta name=\"twitter:label1\" content=\"Dur\u00e9e de lecture estim\u00e9e\" \/>\n\t<meta name=\"twitter:data1\" content=\"1 minute\" \/>\n<script type=\"application\/ld+json\" class=\"yoast-schema-graph\">{\"@context\":\"https:\/\/schema.org\",\"@graph\":[{\"@type\":\"WebPage\",\"@id\":\"http:\/\/thibault-svt.fr\/index.php\/methodes-pour-tous-les-niveaux\/les-exercices-du-baccalaureat\/\",\"url\":\"http:\/\/thibault-svt.fr\/index.php\/methodes-pour-tous-les-niveaux\/les-exercices-du-baccalaureat\/\",\"name\":\"Les exercices du baccalaur\u00e9at - SVT\",\"isPartOf\":{\"@id\":\"http:\/\/thibault-svt.fr\/#website\"},\"datePublished\":\"2025-02-10T12:07:57+00:00\",\"dateModified\":\"2025-05-08T10:50:53+00:00\",\"breadcrumb\":{\"@id\":\"http:\/\/thibault-svt.fr\/index.php\/methodes-pour-tous-les-niveaux\/les-exercices-du-baccalaureat\/#breadcrumb\"},\"inLanguage\":\"fr-FR\",\"potentialAction\":[{\"@type\":\"ReadAction\",\"target\":[\"http:\/\/thibault-svt.fr\/index.php\/methodes-pour-tous-les-niveaux\/les-exercices-du-baccalaureat\/\"]}]},{\"@type\":\"BreadcrumbList\",\"@id\":\"http:\/\/thibault-svt.fr\/index.php\/methodes-pour-tous-les-niveaux\/les-exercices-du-baccalaureat\/#breadcrumb\",\"itemListElement\":[{\"@type\":\"ListItem\",\"position\":1,\"name\":\"Accueil\",\"item\":\"http:\/\/thibault-svt.fr\/\"},{\"@type\":\"ListItem\",\"position\":2,\"name\":\"M\u00e9thodes pour tous les niveaux\",\"item\":\"http:\/\/thibault-svt.fr\/index.php\/methodes-pour-tous-les-niveaux\/\"},{\"@type\":\"ListItem\",\"position\":3,\"name\":\"Les exercices du baccalaur\u00e9at\"}]},{\"@type\":\"WebSite\",\"@id\":\"http:\/\/thibault-svt.fr\/#website\",\"url\":\"http:\/\/thibault-svt.fr\/\",\"name\":\"SVT\",\"description\":\"Cours de SVT de Mme Thibault - Professeure au Lyc\u00e9e Maurice Genevoix\",\"potentialAction\":[{\"@type\":\"SearchAction\",\"target\":{\"@type\":\"EntryPoint\",\"urlTemplate\":\"http:\/\/thibault-svt.fr\/?s={search_term_string}\"},\"query-input\":{\"@type\":\"PropertyValueSpecification\",\"valueRequired\":true,\"valueName\":\"search_term_string\"}}],\"inLanguage\":\"fr-FR\"}]}<\/script>\n<!-- \/ Yoast SEO plugin. -->","yoast_head_json":{"title":"Les exercices du baccalaur\u00e9at - SVT","robots":{"index":"index","follow":"follow","max-snippet":"max-snippet:-1","max-image-preview":"max-image-preview:large","max-video-preview":"max-video-preview:-1"},"canonical":"http:\/\/thibault-svt.fr\/index.php\/methodes-pour-tous-les-niveaux\/les-exercices-du-baccalaureat\/","og_locale":"fr_FR","og_type":"article","og_title":"Les exercices du baccalaur\u00e9at - SVT","og_description":"L\u2019exercice I du Baccalaur\u00e9at : Restitution organis\u00e9e et argument\u00e9e de connaissances L\u2019exercice II du Baccalaur\u00e9at: Synth\u00e8se avec documents L&rsquo;ECE","og_url":"http:\/\/thibault-svt.fr\/index.php\/methodes-pour-tous-les-niveaux\/les-exercices-du-baccalaureat\/","og_site_name":"SVT","article_modified_time":"2025-05-08T10:50:53+00:00","twitter_card":"summary_large_image","twitter_misc":{"Dur\u00e9e de lecture estim\u00e9e":"1 minute"},"schema":{"@context":"https:\/\/schema.org","@graph":[{"@type":"WebPage","@id":"http:\/\/thibault-svt.fr\/index.php\/methodes-pour-tous-les-niveaux\/les-exercices-du-baccalaureat\/","url":"http:\/\/thibault-svt.fr\/index.php\/methodes-pour-tous-les-niveaux\/les-exercices-du-baccalaureat\/","name":"Les exercices du baccalaur\u00e9at - SVT","isPartOf":{"@id":"http:\/\/thibault-svt.fr\/#website"},"datePublished":"2025-02-10T12:07:57+00:00","dateModified":"2025-05-08T10:50:53+00:00","breadcrumb":{"@id":"http:\/\/thibault-svt.fr\/index.php\/methodes-pour-tous-les-niveaux\/les-exercices-du-baccalaureat\/#breadcrumb"},"inLanguage":"fr-FR","potentialAction":[{"@type":"ReadAction","target":["http:\/\/thibault-svt.fr\/index.php\/methodes-pour-tous-les-niveaux\/les-exercices-du-baccalaureat\/"]}]},{"@type":"BreadcrumbList","@id":"http:\/\/thibault-svt.fr\/index.php\/methodes-pour-tous-les-niveaux\/les-exercices-du-baccalaureat\/#breadcrumb","itemListElement":[{"@type":"ListItem","position":1,"name":"Accueil","item":"http:\/\/thibault-svt.fr\/"},{"@type":"ListItem","position":2,"name":"M\u00e9thodes pour tous les niveaux","item":"http:\/\/thibault-svt.fr\/index.php\/methodes-pour-tous-les-niveaux\/"},{"@type":"ListItem","position":3,"name":"Les exercices du baccalaur\u00e9at"}]},{"@type":"WebSite","@id":"http:\/\/thibault-svt.fr\/#website","url":"http:\/\/thibault-svt.fr\/","name":"SVT","description":"Cours de SVT de Mme Thibault - Professeure au Lyc\u00e9e Maurice Genevoix","potentialAction":[{"@type":"SearchAction","target":{"@type":"EntryPoint","urlTemplate":"http:\/\/thibault-svt.fr\/?s={search_term_string}"},"query-input":{"@type":"PropertyValueSpecification","valueRequired":true,"valueName":"search_term_string"}}],"inLanguage":"fr-FR"}]}},"_links":{"self":[{"href":"http:\/\/thibault-svt.fr\/index.php\/wp-json\/wp\/v2\/pages\/3496","targetHints":{"allow":["GET"]}}],"collection":[{"href":"http:\/\/thibault-svt.fr\/index.php\/wp-json\/wp\/v2\/pages"}],"about":[{"href":"http:\/\/thibault-svt.fr\/index.php\/wp-json\/wp\/v2\/types\/page"}],"author":[{"embeddable":true,"href":"http:\/\/thibault-svt.fr\/index.php\/wp-json\/wp\/v2\/users\/1"}],"replies":[{"embeddable":true,"href":"http:\/\/thibault-svt.fr\/index.php\/wp-json\/wp\/v2\/comments?post=3496"}],"version-history":[{"count":4,"href":"http:\/\/thibault-svt.fr\/index.php\/wp-json\/wp\/v2\/pages\/3496\/revisions"}],"predecessor-version":[{"id":3557,"href":"http:\/\/thibault-svt.fr\/index.php\/wp-json\/wp\/v2\/pages\/3496\/revisions\/3557"}],"up":[{"embeddable":true,"href":"http:\/\/thibault-svt.fr\/index.php\/wp-json\/wp\/v2\/pages\/2184"}],"wp:attachment":[{"href":"http:\/\/thibault-svt.fr\/index.php\/wp-json\/wp\/v2\/media?parent=3496"}],"curies":[{"name":"wp","href":"https:\/\/api.w.org\/{rel}","templated":true}]}}