{"id":3292,"date":"2025-01-18T17:29:17","date_gmt":"2025-01-18T16:29:17","guid":{"rendered":"http:\/\/thibault-svt.fr\/?page_id=3292"},"modified":"2025-01-19T00:25:09","modified_gmt":"2025-01-18T23:25:09","slug":"tp-tspe-th2ch7-reproduction-des-plantes","status":"publish","type":"page","link":"http:\/\/thibault-svt.fr\/index.php\/terminales\/specialite-2\/chapitre-3-reproduction-des-plantes\/tp-tspe-th2ch7-reproduction-des-plantes\/","title":{"rendered":"TP Tsp\u00e9 &#8211; TH2CH7 &#8211; Reproduction des plantes"},"content":{"rendered":"<ul>\n<li><span style=\"color: #33cccc;\"><strong><a style=\"color: #33cccc;\" href=\"http:\/\/thibault-svt.fr\/wp-content\/uploads\/2025\/01\/TP-fleur-au-fruit.pdf\" target=\"_blank\" rel=\"noopener\">TP Reproduction sexu\u00e9e<\/a><\/strong><\/span><\/li>\n<li><span style=\"color: #00ccff;\"><strong><a style=\"color: #00ccff;\" href=\"http:\/\/thibault-svt.fr\/wp-content\/uploads\/2025\/01\/Activite-reproduction-asexuee-des-plantes.pdf\" target=\"_blank\" rel=\"noopener\">Activit\u00e9 &#8211;\u00a0 Reproduction asexu\u00e9e<\/a><\/strong><\/span><\/li>\n<\/ul>\n","protected":false},"excerpt":{"rendered":"<p>TP Reproduction sexu\u00e9e Activit\u00e9 &#8211;\u00a0 Reproduction asexu\u00e9e<\/p>\n","protected":false},"author":1,"featured_media":0,"parent":1749,"menu_order":0,"comment_status":"closed","ping_status":"closed","template":"","meta":{"footnotes":""},"class_list":["post-3292","page","type-page","status-publish","hentry"],"yoast_head":"<!-- This site is optimized with the Yoast SEO plugin v24.4 - https:\/\/yoast.com\/wordpress\/plugins\/seo\/ -->\n<title>TP Tsp\u00e9 - TH2CH7 - Reproduction des plantes - SVT<\/title>\n<meta name=\"robots\" content=\"index, follow, max-snippet:-1, max-image-preview:large, max-video-preview:-1\" \/>\n<link rel=\"canonical\" href=\"http:\/\/thibault-svt.fr\/index.php\/terminales\/specialite-2\/chapitre-3-reproduction-des-plantes\/tp-tspe-th2ch7-reproduction-des-plantes\/\" \/>\n<meta property=\"og:locale\" content=\"fr_FR\" \/>\n<meta property=\"og:type\" content=\"article\" \/>\n<meta property=\"og:title\" content=\"TP Tsp\u00e9 - TH2CH7 - Reproduction des plantes - SVT\" \/>\n<meta property=\"og:description\" content=\"TP Reproduction sexu\u00e9e Activit\u00e9 &#8211;\u00a0 Reproduction asexu\u00e9e\" \/>\n<meta property=\"og:url\" content=\"http:\/\/thibault-svt.fr\/index.php\/terminales\/specialite-2\/chapitre-3-reproduction-des-plantes\/tp-tspe-th2ch7-reproduction-des-plantes\/\" \/>\n<meta property=\"og:site_name\" content=\"SVT\" \/>\n<meta property=\"article:modified_time\" content=\"2025-01-18T23:25:09+00:00\" \/>\n<meta name=\"twitter:card\" content=\"summary_large_image\" \/>\n<meta name=\"twitter:label1\" content=\"Dur\u00e9e de lecture estim\u00e9e\" \/>\n\t<meta name=\"twitter:data1\" content=\"1 minute\" \/>\n<script type=\"application\/ld+json\" class=\"yoast-schema-graph\">{\"@context\":\"https:\/\/schema.org\",\"@graph\":[{\"@type\":\"WebPage\",\"@id\":\"http:\/\/thibault-svt.fr\/index.php\/terminales\/specialite-2\/chapitre-3-reproduction-des-plantes\/tp-tspe-th2ch7-reproduction-des-plantes\/\",\"url\":\"http:\/\/thibault-svt.fr\/index.php\/terminales\/specialite-2\/chapitre-3-reproduction-des-plantes\/tp-tspe-th2ch7-reproduction-des-plantes\/\",\"name\":\"TP Tsp\u00e9 - TH2CH7 - Reproduction des plantes - SVT\",\"isPartOf\":{\"@id\":\"http:\/\/thibault-svt.fr\/#website\"},\"datePublished\":\"2025-01-18T16:29:17+00:00\",\"dateModified\":\"2025-01-18T23:25:09+00:00\",\"breadcrumb\":{\"@id\":\"http:\/\/thibault-svt.fr\/index.php\/terminales\/specialite-2\/chapitre-3-reproduction-des-plantes\/tp-tspe-th2ch7-reproduction-des-plantes\/#breadcrumb\"},\"inLanguage\":\"fr-FR\",\"potentialAction\":[{\"@type\":\"ReadAction\",\"target\":[\"http:\/\/thibault-svt.fr\/index.php\/terminales\/specialite-2\/chapitre-3-reproduction-des-plantes\/tp-tspe-th2ch7-reproduction-des-plantes\/\"]}]},{\"@type\":\"BreadcrumbList\",\"@id\":\"http:\/\/thibault-svt.fr\/index.php\/terminales\/specialite-2\/chapitre-3-reproduction-des-plantes\/tp-tspe-th2ch7-reproduction-des-plantes\/#breadcrumb\",\"itemListElement\":[{\"@type\":\"ListItem\",\"position\":1,\"name\":\"Accueil\",\"item\":\"http:\/\/thibault-svt.fr\/\"},{\"@type\":\"ListItem\",\"position\":2,\"name\":\"Terminales\",\"item\":\"http:\/\/thibault-svt.fr\/index.php\/terminales\/\"},{\"@type\":\"ListItem\",\"position\":3,\"name\":\"Sp\u00e9cialit\u00e9 TG\",\"item\":\"http:\/\/thibault-svt.fr\/index.php\/terminales\/specialite-2\/\"},{\"@type\":\"ListItem\",\"position\":4,\"name\":\"CHAPITRE 3 \u2013 Reproduction des plantes\",\"item\":\"http:\/\/thibault-svt.fr\/index.php\/terminales\/specialite-2\/chapitre-3-reproduction-des-plantes\/\"},{\"@type\":\"ListItem\",\"position\":5,\"name\":\"TP Tsp\u00e9 &#8211; TH2CH7 &#8211; Reproduction des plantes\"}]},{\"@type\":\"WebSite\",\"@id\":\"http:\/\/thibault-svt.fr\/#website\",\"url\":\"http:\/\/thibault-svt.fr\/\",\"name\":\"SVT\",\"description\":\"Cours de SVT de Mme Thibault - Professeure au Lyc\u00e9e Maurice Genevoix\",\"potentialAction\":[{\"@type\":\"SearchAction\",\"target\":{\"@type\":\"EntryPoint\",\"urlTemplate\":\"http:\/\/thibault-svt.fr\/?s={search_term_string}\"},\"query-input\":{\"@type\":\"PropertyValueSpecification\",\"valueRequired\":true,\"valueName\":\"search_term_string\"}}],\"inLanguage\":\"fr-FR\"}]}<\/script>\n<!-- \/ Yoast SEO plugin. -->","yoast_head_json":{"title":"TP Tsp\u00e9 - TH2CH7 - Reproduction des plantes - SVT","robots":{"index":"index","follow":"follow","max-snippet":"max-snippet:-1","max-image-preview":"max-image-preview:large","max-video-preview":"max-video-preview:-1"},"canonical":"http:\/\/thibault-svt.fr\/index.php\/terminales\/specialite-2\/chapitre-3-reproduction-des-plantes\/tp-tspe-th2ch7-reproduction-des-plantes\/","og_locale":"fr_FR","og_type":"article","og_title":"TP Tsp\u00e9 - TH2CH7 - Reproduction des plantes - SVT","og_description":"TP Reproduction sexu\u00e9e Activit\u00e9 &#8211;\u00a0 Reproduction asexu\u00e9e","og_url":"http:\/\/thibault-svt.fr\/index.php\/terminales\/specialite-2\/chapitre-3-reproduction-des-plantes\/tp-tspe-th2ch7-reproduction-des-plantes\/","og_site_name":"SVT","article_modified_time":"2025-01-18T23:25:09+00:00","twitter_card":"summary_large_image","twitter_misc":{"Dur\u00e9e de lecture estim\u00e9e":"1 minute"},"schema":{"@context":"https:\/\/schema.org","@graph":[{"@type":"WebPage","@id":"http:\/\/thibault-svt.fr\/index.php\/terminales\/specialite-2\/chapitre-3-reproduction-des-plantes\/tp-tspe-th2ch7-reproduction-des-plantes\/","url":"http:\/\/thibault-svt.fr\/index.php\/terminales\/specialite-2\/chapitre-3-reproduction-des-plantes\/tp-tspe-th2ch7-reproduction-des-plantes\/","name":"TP Tsp\u00e9 - TH2CH7 - Reproduction des plantes - SVT","isPartOf":{"@id":"http:\/\/thibault-svt.fr\/#website"},"datePublished":"2025-01-18T16:29:17+00:00","dateModified":"2025-01-18T23:25:09+00:00","breadcrumb":{"@id":"http:\/\/thibault-svt.fr\/index.php\/terminales\/specialite-2\/chapitre-3-reproduction-des-plantes\/tp-tspe-th2ch7-reproduction-des-plantes\/#breadcrumb"},"inLanguage":"fr-FR","potentialAction":[{"@type":"ReadAction","target":["http:\/\/thibault-svt.fr\/index.php\/terminales\/specialite-2\/chapitre-3-reproduction-des-plantes\/tp-tspe-th2ch7-reproduction-des-plantes\/"]}]},{"@type":"BreadcrumbList","@id":"http:\/\/thibault-svt.fr\/index.php\/terminales\/specialite-2\/chapitre-3-reproduction-des-plantes\/tp-tspe-th2ch7-reproduction-des-plantes\/#breadcrumb","itemListElement":[{"@type":"ListItem","position":1,"name":"Accueil","item":"http:\/\/thibault-svt.fr\/"},{"@type":"ListItem","position":2,"name":"Terminales","item":"http:\/\/thibault-svt.fr\/index.php\/terminales\/"},{"@type":"ListItem","position":3,"name":"Sp\u00e9cialit\u00e9 TG","item":"http:\/\/thibault-svt.fr\/index.php\/terminales\/specialite-2\/"},{"@type":"ListItem","position":4,"name":"CHAPITRE 3 \u2013 Reproduction des plantes","item":"http:\/\/thibault-svt.fr\/index.php\/terminales\/specialite-2\/chapitre-3-reproduction-des-plantes\/"},{"@type":"ListItem","position":5,"name":"TP Tsp\u00e9 &#8211; TH2CH7 &#8211; Reproduction des plantes"}]},{"@type":"WebSite","@id":"http:\/\/thibault-svt.fr\/#website","url":"http:\/\/thibault-svt.fr\/","name":"SVT","description":"Cours de SVT de Mme Thibault - Professeure au Lyc\u00e9e Maurice Genevoix","potentialAction":[{"@type":"SearchAction","target":{"@type":"EntryPoint","urlTemplate":"http:\/\/thibault-svt.fr\/?s={search_term_string}"},"query-input":{"@type":"PropertyValueSpecification","valueRequired":true,"valueName":"search_term_string"}}],"inLanguage":"fr-FR"}]}},"_links":{"self":[{"href":"http:\/\/thibault-svt.fr\/index.php\/wp-json\/wp\/v2\/pages\/3292","targetHints":{"allow":["GET"]}}],"collection":[{"href":"http:\/\/thibault-svt.fr\/index.php\/wp-json\/wp\/v2\/pages"}],"about":[{"href":"http:\/\/thibault-svt.fr\/index.php\/wp-json\/wp\/v2\/types\/page"}],"author":[{"embeddable":true,"href":"http:\/\/thibault-svt.fr\/index.php\/wp-json\/wp\/v2\/users\/1"}],"replies":[{"embeddable":true,"href":"http:\/\/thibault-svt.fr\/index.php\/wp-json\/wp\/v2\/comments?post=3292"}],"version-history":[{"count":3,"href":"http:\/\/thibault-svt.fr\/index.php\/wp-json\/wp\/v2\/pages\/3292\/revisions"}],"predecessor-version":[{"id":3311,"href":"http:\/\/thibault-svt.fr\/index.php\/wp-json\/wp\/v2\/pages\/3292\/revisions\/3311"}],"up":[{"embeddable":true,"href":"http:\/\/thibault-svt.fr\/index.php\/wp-json\/wp\/v2\/pages\/1749"}],"wp:attachment":[{"href":"http:\/\/thibault-svt.fr\/index.php\/wp-json\/wp\/v2\/media?parent=3292"}],"curies":[{"name":"wp","href":"https:\/\/api.w.org\/{rel}","templated":true}]}}