{"id":3247,"date":"2025-01-18T14:32:01","date_gmt":"2025-01-18T13:32:01","guid":{"rendered":"http:\/\/thibault-svt.fr\/?page_id=3247"},"modified":"2025-01-18T14:44:00","modified_gmt":"2025-01-18T13:44:00","slug":"tp-tspe-th2ch5-anatomie-fonctionnelle-angiospermes","status":"publish","type":"page","link":"http:\/\/thibault-svt.fr\/index.php\/terminales\/specialite-2\/chapitre-5-adaptations-des-plantes-a-la-vie-fixee\/tp-tspe-th2ch5-anatomie-fonctionnelle-angiospermes\/","title":{"rendered":"TP Tsp\u00e9 &#8211; TH2CH5 &#8211; Anatomie fonctionnelle Angiospermes"},"content":{"rendered":"<ul>\n<li><span style=\"color: #339966;\"><strong><a style=\"color: #339966;\" href=\"http:\/\/thibault-svt.fr\/wp-content\/uploads\/2025\/01\/TP1-La-feuille-une-surface-dechange-ELEVES-2024.pdf\" target=\"_blank\" rel=\"noopener\">TP1 : La feuille, un organe d&rsquo;\u00e9change <\/a>+ <a style=\"color: #339966;\" href=\"http:\/\/thibault-svt.fr\/index.php\/terminales\/specialite-2\/chapitre-5-adaptations-des-plantes-a-la-vie-fixee\/correction-ts-th2-ch5-tp-feuilles\/\" target=\"_blank\" rel=\"noopener\">correction<\/a><\/strong><\/span><\/li>\n<li><span style=\"color: #2bbd2e;\"><strong><a style=\"color: #2bbd2e;\" href=\"http:\/\/thibault-svt.fr\/wp-content\/uploads\/2025\/01\/TP-2-Racines-eleves-2024.pdf\" target=\"_blank\" rel=\"noopener\">TP2 : La racine, un organe d&rsquo;\u00e9change<\/a> <a style=\"color: #2bbd2e;\" href=\"http:\/\/thibault-svt.fr\/index.php\/terminales\/specialite-2\/chapitre-5-adaptations-des-plantes-a-la-vie-fixee\/tp-tspe-th2ch5-anatomie-fonctionnelle-angiospermes\/correction-ts-th2-ch5-tp-racine\/\" target=\"_blank\" rel=\"noopener\">+ correction<\/a><\/strong><\/span><\/li>\n<li><span style=\"color: #2aeb61;\"><strong><a style=\"color: #2aeb61;\" href=\"http:\/\/thibault-svt.fr\/wp-content\/uploads\/2025\/01\/TP-3-Vaisseaux-conducteurs-eleves-2024.pdf\" target=\"_blank\" rel=\"noopener\">TP3 : Les vaisseaux conducteurs<\/a> <a style=\"color: #2aeb61;\" href=\"http:\/\/thibault-svt.fr\/index.php\/terminales\/specialite-2\/chapitre-5-adaptations-des-plantes-a-la-vie-fixee\/tp-tspe-th2ch5-anatomie-fonctionnelle-angiospermes\/correction-ts-th2-ch5-tp-vaisseaux-conducteurs\/\" target=\"_blank\" rel=\"noopener\">+ correction<\/a><\/strong><\/span><\/li>\n<li><span style=\"color: #8efa7a;\"><strong><a style=\"color: #8efa7a;\" href=\"http:\/\/thibault-svt.fr\/wp-content\/uploads\/2025\/01\/TP4-Mecanismes-du-developpement-racine.pdf\" target=\"_blank\" rel=\"noopener\">TP4 : M\u00e9canismes cellulaires du d\u00e9veloppement<\/a><\/strong><\/span><\/li>\n<li><span style=\"color: #51edac;\"><strong><a style=\"color: #51edac;\" href=\"http:\/\/thibault-svt.fr\/wp-content\/uploads\/2025\/01\/TP5-Tropismes-et-croissance.pdf\" target=\"_blank\" rel=\"noopener\">TP5 : Contr\u00f4le du d\u00e9veloppement<\/a><\/strong><\/span><\/li>\n<li><span style=\"color: #38b088;\"><strong><a style=\"color: #38b088;\" href=\"http:\/\/thibault-svt.fr\/wp-content\/uploads\/2025\/01\/Activite-maison-adaptations-aux-contraintes-envtales.pdf\" target=\"_blank\" rel=\"noopener\">Activit\u00e9 : Adaptations aux contraintes environnementales<\/a><\/strong><\/span><\/li>\n<\/ul>\n","protected":false},"excerpt":{"rendered":"<p>TP1 : La feuille, un organe d&rsquo;\u00e9change + correction TP2 : La racine, un organe d&rsquo;\u00e9change + correction TP3 : Les vaisseaux conducteurs + correction TP4 : M\u00e9canismes cellulaires du d\u00e9veloppement TP5 : Contr\u00f4le du d\u00e9veloppement Activit\u00e9 : Adaptations aux contraintes environnementales<\/p>\n","protected":false},"author":1,"featured_media":0,"parent":658,"menu_order":0,"comment_status":"closed","ping_status":"closed","template":"","meta":{"footnotes":""},"class_list":["post-3247","page","type-page","status-publish","hentry"],"yoast_head":"<!-- This site is optimized with the Yoast SEO plugin v24.4 - https:\/\/yoast.com\/wordpress\/plugins\/seo\/ -->\n<title>TP Tsp\u00e9 - TH2CH5 - Anatomie fonctionnelle Angiospermes - SVT<\/title>\n<meta name=\"robots\" content=\"index, follow, max-snippet:-1, max-image-preview:large, max-video-preview:-1\" \/>\n<link rel=\"canonical\" href=\"http:\/\/thibault-svt.fr\/index.php\/terminales\/specialite-2\/chapitre-5-adaptations-des-plantes-a-la-vie-fixee\/tp-tspe-th2ch5-anatomie-fonctionnelle-angiospermes\/\" \/>\n<meta property=\"og:locale\" content=\"fr_FR\" \/>\n<meta property=\"og:type\" content=\"article\" \/>\n<meta property=\"og:title\" content=\"TP Tsp\u00e9 - TH2CH5 - Anatomie fonctionnelle Angiospermes - SVT\" \/>\n<meta property=\"og:description\" content=\"TP1 : La feuille, un organe d&rsquo;\u00e9change + correction TP2 : La racine, un organe d&rsquo;\u00e9change + correction TP3 : Les vaisseaux conducteurs + correction TP4 : M\u00e9canismes cellulaires du d\u00e9veloppement TP5 : Contr\u00f4le du d\u00e9veloppement Activit\u00e9 : Adaptations aux contraintes environnementales\" \/>\n<meta property=\"og:url\" content=\"http:\/\/thibault-svt.fr\/index.php\/terminales\/specialite-2\/chapitre-5-adaptations-des-plantes-a-la-vie-fixee\/tp-tspe-th2ch5-anatomie-fonctionnelle-angiospermes\/\" \/>\n<meta property=\"og:site_name\" content=\"SVT\" \/>\n<meta property=\"article:modified_time\" content=\"2025-01-18T13:44:00+00:00\" \/>\n<meta name=\"twitter:card\" content=\"summary_large_image\" \/>\n<meta name=\"twitter:label1\" content=\"Dur\u00e9e de lecture estim\u00e9e\" \/>\n\t<meta name=\"twitter:data1\" content=\"1 minute\" \/>\n<script type=\"application\/ld+json\" class=\"yoast-schema-graph\">{\"@context\":\"https:\/\/schema.org\",\"@graph\":[{\"@type\":\"WebPage\",\"@id\":\"http:\/\/thibault-svt.fr\/index.php\/terminales\/specialite-2\/chapitre-5-adaptations-des-plantes-a-la-vie-fixee\/tp-tspe-th2ch5-anatomie-fonctionnelle-angiospermes\/\",\"url\":\"http:\/\/thibault-svt.fr\/index.php\/terminales\/specialite-2\/chapitre-5-adaptations-des-plantes-a-la-vie-fixee\/tp-tspe-th2ch5-anatomie-fonctionnelle-angiospermes\/\",\"name\":\"TP Tsp\u00e9 - TH2CH5 - Anatomie fonctionnelle Angiospermes - SVT\",\"isPartOf\":{\"@id\":\"http:\/\/thibault-svt.fr\/#website\"},\"datePublished\":\"2025-01-18T13:32:01+00:00\",\"dateModified\":\"2025-01-18T13:44:00+00:00\",\"breadcrumb\":{\"@id\":\"http:\/\/thibault-svt.fr\/index.php\/terminales\/specialite-2\/chapitre-5-adaptations-des-plantes-a-la-vie-fixee\/tp-tspe-th2ch5-anatomie-fonctionnelle-angiospermes\/#breadcrumb\"},\"inLanguage\":\"fr-FR\",\"potentialAction\":[{\"@type\":\"ReadAction\",\"target\":[\"http:\/\/thibault-svt.fr\/index.php\/terminales\/specialite-2\/chapitre-5-adaptations-des-plantes-a-la-vie-fixee\/tp-tspe-th2ch5-anatomie-fonctionnelle-angiospermes\/\"]}]},{\"@type\":\"BreadcrumbList\",\"@id\":\"http:\/\/thibault-svt.fr\/index.php\/terminales\/specialite-2\/chapitre-5-adaptations-des-plantes-a-la-vie-fixee\/tp-tspe-th2ch5-anatomie-fonctionnelle-angiospermes\/#breadcrumb\",\"itemListElement\":[{\"@type\":\"ListItem\",\"position\":1,\"name\":\"Accueil\",\"item\":\"http:\/\/thibault-svt.fr\/\"},{\"@type\":\"ListItem\",\"position\":2,\"name\":\"Terminales\",\"item\":\"http:\/\/thibault-svt.fr\/index.php\/terminales\/\"},{\"@type\":\"ListItem\",\"position\":3,\"name\":\"Sp\u00e9cialit\u00e9 TG\",\"item\":\"http:\/\/thibault-svt.fr\/index.php\/terminales\/specialite-2\/\"},{\"@type\":\"ListItem\",\"position\":4,\"name\":\"CHAPITRE 1 \u2013 Organisation fonctionnelle des plantes \u00e0 fleur\",\"item\":\"http:\/\/thibault-svt.fr\/index.php\/terminales\/specialite-2\/chapitre-5-adaptations-des-plantes-a-la-vie-fixee\/\"},{\"@type\":\"ListItem\",\"position\":5,\"name\":\"TP Tsp\u00e9 &#8211; TH2CH5 &#8211; Anatomie fonctionnelle Angiospermes\"}]},{\"@type\":\"WebSite\",\"@id\":\"http:\/\/thibault-svt.fr\/#website\",\"url\":\"http:\/\/thibault-svt.fr\/\",\"name\":\"SVT\",\"description\":\"Cours de SVT de Mme Thibault - Professeure au Lyc\u00e9e Maurice Genevoix\",\"potentialAction\":[{\"@type\":\"SearchAction\",\"target\":{\"@type\":\"EntryPoint\",\"urlTemplate\":\"http:\/\/thibault-svt.fr\/?s={search_term_string}\"},\"query-input\":{\"@type\":\"PropertyValueSpecification\",\"valueRequired\":true,\"valueName\":\"search_term_string\"}}],\"inLanguage\":\"fr-FR\"}]}<\/script>\n<!-- \/ Yoast SEO plugin. -->","yoast_head_json":{"title":"TP Tsp\u00e9 - TH2CH5 - Anatomie fonctionnelle Angiospermes - SVT","robots":{"index":"index","follow":"follow","max-snippet":"max-snippet:-1","max-image-preview":"max-image-preview:large","max-video-preview":"max-video-preview:-1"},"canonical":"http:\/\/thibault-svt.fr\/index.php\/terminales\/specialite-2\/chapitre-5-adaptations-des-plantes-a-la-vie-fixee\/tp-tspe-th2ch5-anatomie-fonctionnelle-angiospermes\/","og_locale":"fr_FR","og_type":"article","og_title":"TP Tsp\u00e9 - TH2CH5 - Anatomie fonctionnelle Angiospermes - SVT","og_description":"TP1 : La feuille, un organe d&rsquo;\u00e9change + correction TP2 : La racine, un organe d&rsquo;\u00e9change + correction TP3 : Les vaisseaux conducteurs + correction TP4 : M\u00e9canismes cellulaires du d\u00e9veloppement TP5 : Contr\u00f4le du d\u00e9veloppement Activit\u00e9 : Adaptations aux contraintes environnementales","og_url":"http:\/\/thibault-svt.fr\/index.php\/terminales\/specialite-2\/chapitre-5-adaptations-des-plantes-a-la-vie-fixee\/tp-tspe-th2ch5-anatomie-fonctionnelle-angiospermes\/","og_site_name":"SVT","article_modified_time":"2025-01-18T13:44:00+00:00","twitter_card":"summary_large_image","twitter_misc":{"Dur\u00e9e de lecture estim\u00e9e":"1 minute"},"schema":{"@context":"https:\/\/schema.org","@graph":[{"@type":"WebPage","@id":"http:\/\/thibault-svt.fr\/index.php\/terminales\/specialite-2\/chapitre-5-adaptations-des-plantes-a-la-vie-fixee\/tp-tspe-th2ch5-anatomie-fonctionnelle-angiospermes\/","url":"http:\/\/thibault-svt.fr\/index.php\/terminales\/specialite-2\/chapitre-5-adaptations-des-plantes-a-la-vie-fixee\/tp-tspe-th2ch5-anatomie-fonctionnelle-angiospermes\/","name":"TP Tsp\u00e9 - TH2CH5 - Anatomie fonctionnelle Angiospermes - SVT","isPartOf":{"@id":"http:\/\/thibault-svt.fr\/#website"},"datePublished":"2025-01-18T13:32:01+00:00","dateModified":"2025-01-18T13:44:00+00:00","breadcrumb":{"@id":"http:\/\/thibault-svt.fr\/index.php\/terminales\/specialite-2\/chapitre-5-adaptations-des-plantes-a-la-vie-fixee\/tp-tspe-th2ch5-anatomie-fonctionnelle-angiospermes\/#breadcrumb"},"inLanguage":"fr-FR","potentialAction":[{"@type":"ReadAction","target":["http:\/\/thibault-svt.fr\/index.php\/terminales\/specialite-2\/chapitre-5-adaptations-des-plantes-a-la-vie-fixee\/tp-tspe-th2ch5-anatomie-fonctionnelle-angiospermes\/"]}]},{"@type":"BreadcrumbList","@id":"http:\/\/thibault-svt.fr\/index.php\/terminales\/specialite-2\/chapitre-5-adaptations-des-plantes-a-la-vie-fixee\/tp-tspe-th2ch5-anatomie-fonctionnelle-angiospermes\/#breadcrumb","itemListElement":[{"@type":"ListItem","position":1,"name":"Accueil","item":"http:\/\/thibault-svt.fr\/"},{"@type":"ListItem","position":2,"name":"Terminales","item":"http:\/\/thibault-svt.fr\/index.php\/terminales\/"},{"@type":"ListItem","position":3,"name":"Sp\u00e9cialit\u00e9 TG","item":"http:\/\/thibault-svt.fr\/index.php\/terminales\/specialite-2\/"},{"@type":"ListItem","position":4,"name":"CHAPITRE 1 \u2013 Organisation fonctionnelle des plantes \u00e0 fleur","item":"http:\/\/thibault-svt.fr\/index.php\/terminales\/specialite-2\/chapitre-5-adaptations-des-plantes-a-la-vie-fixee\/"},{"@type":"ListItem","position":5,"name":"TP Tsp\u00e9 &#8211; TH2CH5 &#8211; Anatomie fonctionnelle Angiospermes"}]},{"@type":"WebSite","@id":"http:\/\/thibault-svt.fr\/#website","url":"http:\/\/thibault-svt.fr\/","name":"SVT","description":"Cours de SVT de Mme Thibault - Professeure au Lyc\u00e9e Maurice Genevoix","potentialAction":[{"@type":"SearchAction","target":{"@type":"EntryPoint","urlTemplate":"http:\/\/thibault-svt.fr\/?s={search_term_string}"},"query-input":{"@type":"PropertyValueSpecification","valueRequired":true,"valueName":"search_term_string"}}],"inLanguage":"fr-FR"}]}},"_links":{"self":[{"href":"http:\/\/thibault-svt.fr\/index.php\/wp-json\/wp\/v2\/pages\/3247","targetHints":{"allow":["GET"]}}],"collection":[{"href":"http:\/\/thibault-svt.fr\/index.php\/wp-json\/wp\/v2\/pages"}],"about":[{"href":"http:\/\/thibault-svt.fr\/index.php\/wp-json\/wp\/v2\/types\/page"}],"author":[{"embeddable":true,"href":"http:\/\/thibault-svt.fr\/index.php\/wp-json\/wp\/v2\/users\/1"}],"replies":[{"embeddable":true,"href":"http:\/\/thibault-svt.fr\/index.php\/wp-json\/wp\/v2\/comments?post=3247"}],"version-history":[{"count":3,"href":"http:\/\/thibault-svt.fr\/index.php\/wp-json\/wp\/v2\/pages\/3247\/revisions"}],"predecessor-version":[{"id":3268,"href":"http:\/\/thibault-svt.fr\/index.php\/wp-json\/wp\/v2\/pages\/3247\/revisions\/3268"}],"up":[{"embeddable":true,"href":"http:\/\/thibault-svt.fr\/index.php\/wp-json\/wp\/v2\/pages\/658"}],"wp:attachment":[{"href":"http:\/\/thibault-svt.fr\/index.php\/wp-json\/wp\/v2\/media?parent=3247"}],"curies":[{"name":"wp","href":"https:\/\/api.w.org\/{rel}","templated":true}]}}