{"id":3214,"date":"2025-01-18T13:01:47","date_gmt":"2025-01-18T12:01:47","guid":{"rendered":"http:\/\/thibault-svt.fr\/?page_id=3214"},"modified":"2025-01-18T13:05:46","modified_gmt":"2025-01-18T12:05:46","slug":"tp-tspe-chap6-traces-du-passe-geologique","status":"publish","type":"page","link":"http:\/\/thibault-svt.fr\/index.php\/terminales\/specialite-2\/chapitre-2-les-traces-du-passe-geologique-de-la-terre\/tp-tspe-chap6-traces-du-passe-geologique\/","title":{"rendered":"TP-TSp\u00e9-Chap6 Traces du pass\u00e9 g\u00e9ologique"},"content":{"rendered":"<ul>\n<li><span style=\"color: #ff99cc;\"><a style=\"color: #ff99cc;\" href=\"http:\/\/thibault-svt.fr\/wp-content\/uploads\/2025\/01\/TP3-Ophiolite-ELEVE.pdf\" target=\"_blank\" rel=\"noopener\"><strong>TP3\u00a0 : Ophiolites <\/strong><\/a><strong>\u00a0+<span style=\"color: #ff99cc;\"> <a style=\"color: #ff99cc;\" href=\"http:\/\/thibault-svt.fr\/index.php\/terminales\/specialite-2\/chapitre-2-les-traces-du-passe-geologique-de-la-terre\/correction-tspe-ch6tp3-ophiolites\/\" target=\"_blank\" rel=\"noopener\">Correction<\/a><\/span><\/strong><\/span><\/li>\n<li><span style=\"color: #cc99ff;\"><strong><a style=\"color: #cc99ff;\" href=\"http:\/\/thibault-svt.fr\/wp-content\/uploads\/2025\/01\/TP4-Marges-passives-ELEVE.pdf\" target=\"_blank\" rel=\"noopener\">TP4 : Rifts<\/a> + Correction<\/strong><\/span><\/li>\n<\/ul>\n","protected":false},"excerpt":{"rendered":"<p>TP3\u00a0 : Ophiolites \u00a0+ Correction TP4 : Rifts + Correction<\/p>\n","protected":false},"author":1,"featured_media":0,"parent":1747,"menu_order":0,"comment_status":"closed","ping_status":"closed","template":"full-width-page-template.php","meta":{"footnotes":""},"class_list":["post-3214","page","type-page","status-publish","hentry"],"yoast_head":"<!-- This site is optimized with the Yoast SEO plugin v24.4 - https:\/\/yoast.com\/wordpress\/plugins\/seo\/ -->\n<title>TP-TSp\u00e9-Chap6 Traces du pass\u00e9 g\u00e9ologique - SVT<\/title>\n<meta name=\"robots\" content=\"index, follow, max-snippet:-1, max-image-preview:large, max-video-preview:-1\" \/>\n<link rel=\"canonical\" href=\"http:\/\/thibault-svt.fr\/index.php\/terminales\/specialite-2\/chapitre-2-les-traces-du-passe-geologique-de-la-terre\/tp-tspe-chap6-traces-du-passe-geologique\/\" \/>\n<meta property=\"og:locale\" content=\"fr_FR\" \/>\n<meta property=\"og:type\" content=\"article\" \/>\n<meta property=\"og:title\" content=\"TP-TSp\u00e9-Chap6 Traces du pass\u00e9 g\u00e9ologique - SVT\" \/>\n<meta property=\"og:description\" content=\"TP3\u00a0 : Ophiolites \u00a0+ Correction TP4 : Rifts + Correction\" \/>\n<meta property=\"og:url\" content=\"http:\/\/thibault-svt.fr\/index.php\/terminales\/specialite-2\/chapitre-2-les-traces-du-passe-geologique-de-la-terre\/tp-tspe-chap6-traces-du-passe-geologique\/\" \/>\n<meta property=\"og:site_name\" content=\"SVT\" \/>\n<meta property=\"article:modified_time\" content=\"2025-01-18T12:05:46+00:00\" \/>\n<meta name=\"twitter:card\" content=\"summary_large_image\" \/>\n<meta name=\"twitter:label1\" content=\"Dur\u00e9e de lecture estim\u00e9e\" \/>\n\t<meta name=\"twitter:data1\" content=\"1 minute\" \/>\n<script type=\"application\/ld+json\" class=\"yoast-schema-graph\">{\"@context\":\"https:\/\/schema.org\",\"@graph\":[{\"@type\":\"WebPage\",\"@id\":\"http:\/\/thibault-svt.fr\/index.php\/terminales\/specialite-2\/chapitre-2-les-traces-du-passe-geologique-de-la-terre\/tp-tspe-chap6-traces-du-passe-geologique\/\",\"url\":\"http:\/\/thibault-svt.fr\/index.php\/terminales\/specialite-2\/chapitre-2-les-traces-du-passe-geologique-de-la-terre\/tp-tspe-chap6-traces-du-passe-geologique\/\",\"name\":\"TP-TSp\u00e9-Chap6 Traces du pass\u00e9 g\u00e9ologique - SVT\",\"isPartOf\":{\"@id\":\"http:\/\/thibault-svt.fr\/#website\"},\"datePublished\":\"2025-01-18T12:01:47+00:00\",\"dateModified\":\"2025-01-18T12:05:46+00:00\",\"breadcrumb\":{\"@id\":\"http:\/\/thibault-svt.fr\/index.php\/terminales\/specialite-2\/chapitre-2-les-traces-du-passe-geologique-de-la-terre\/tp-tspe-chap6-traces-du-passe-geologique\/#breadcrumb\"},\"inLanguage\":\"fr-FR\",\"potentialAction\":[{\"@type\":\"ReadAction\",\"target\":[\"http:\/\/thibault-svt.fr\/index.php\/terminales\/specialite-2\/chapitre-2-les-traces-du-passe-geologique-de-la-terre\/tp-tspe-chap6-traces-du-passe-geologique\/\"]}]},{\"@type\":\"BreadcrumbList\",\"@id\":\"http:\/\/thibault-svt.fr\/index.php\/terminales\/specialite-2\/chapitre-2-les-traces-du-passe-geologique-de-la-terre\/tp-tspe-chap6-traces-du-passe-geologique\/#breadcrumb\",\"itemListElement\":[{\"@type\":\"ListItem\",\"position\":1,\"name\":\"Accueil\",\"item\":\"http:\/\/thibault-svt.fr\/\"},{\"@type\":\"ListItem\",\"position\":2,\"name\":\"Terminales\",\"item\":\"http:\/\/thibault-svt.fr\/index.php\/terminales\/\"},{\"@type\":\"ListItem\",\"position\":3,\"name\":\"Sp\u00e9cialit\u00e9 TG\",\"item\":\"http:\/\/thibault-svt.fr\/index.php\/terminales\/specialite-2\/\"},{\"@type\":\"ListItem\",\"position\":4,\"name\":\"CHAPITRE 2 \u2013 Les traces du pass\u00e9 g\u00e9ologique de la Terre\",\"item\":\"http:\/\/thibault-svt.fr\/index.php\/terminales\/specialite-2\/chapitre-2-les-traces-du-passe-geologique-de-la-terre\/\"},{\"@type\":\"ListItem\",\"position\":5,\"name\":\"TP-TSp\u00e9-Chap6 Traces du pass\u00e9 g\u00e9ologique\"}]},{\"@type\":\"WebSite\",\"@id\":\"http:\/\/thibault-svt.fr\/#website\",\"url\":\"http:\/\/thibault-svt.fr\/\",\"name\":\"SVT\",\"description\":\"Cours de SVT de Mme Thibault - Professeure au Lyc\u00e9e Maurice Genevoix\",\"potentialAction\":[{\"@type\":\"SearchAction\",\"target\":{\"@type\":\"EntryPoint\",\"urlTemplate\":\"http:\/\/thibault-svt.fr\/?s={search_term_string}\"},\"query-input\":{\"@type\":\"PropertyValueSpecification\",\"valueRequired\":true,\"valueName\":\"search_term_string\"}}],\"inLanguage\":\"fr-FR\"}]}<\/script>\n<!-- \/ Yoast SEO plugin. -->","yoast_head_json":{"title":"TP-TSp\u00e9-Chap6 Traces du pass\u00e9 g\u00e9ologique - SVT","robots":{"index":"index","follow":"follow","max-snippet":"max-snippet:-1","max-image-preview":"max-image-preview:large","max-video-preview":"max-video-preview:-1"},"canonical":"http:\/\/thibault-svt.fr\/index.php\/terminales\/specialite-2\/chapitre-2-les-traces-du-passe-geologique-de-la-terre\/tp-tspe-chap6-traces-du-passe-geologique\/","og_locale":"fr_FR","og_type":"article","og_title":"TP-TSp\u00e9-Chap6 Traces du pass\u00e9 g\u00e9ologique - SVT","og_description":"TP3\u00a0 : Ophiolites \u00a0+ Correction TP4 : Rifts + Correction","og_url":"http:\/\/thibault-svt.fr\/index.php\/terminales\/specialite-2\/chapitre-2-les-traces-du-passe-geologique-de-la-terre\/tp-tspe-chap6-traces-du-passe-geologique\/","og_site_name":"SVT","article_modified_time":"2025-01-18T12:05:46+00:00","twitter_card":"summary_large_image","twitter_misc":{"Dur\u00e9e de lecture estim\u00e9e":"1 minute"},"schema":{"@context":"https:\/\/schema.org","@graph":[{"@type":"WebPage","@id":"http:\/\/thibault-svt.fr\/index.php\/terminales\/specialite-2\/chapitre-2-les-traces-du-passe-geologique-de-la-terre\/tp-tspe-chap6-traces-du-passe-geologique\/","url":"http:\/\/thibault-svt.fr\/index.php\/terminales\/specialite-2\/chapitre-2-les-traces-du-passe-geologique-de-la-terre\/tp-tspe-chap6-traces-du-passe-geologique\/","name":"TP-TSp\u00e9-Chap6 Traces du pass\u00e9 g\u00e9ologique - SVT","isPartOf":{"@id":"http:\/\/thibault-svt.fr\/#website"},"datePublished":"2025-01-18T12:01:47+00:00","dateModified":"2025-01-18T12:05:46+00:00","breadcrumb":{"@id":"http:\/\/thibault-svt.fr\/index.php\/terminales\/specialite-2\/chapitre-2-les-traces-du-passe-geologique-de-la-terre\/tp-tspe-chap6-traces-du-passe-geologique\/#breadcrumb"},"inLanguage":"fr-FR","potentialAction":[{"@type":"ReadAction","target":["http:\/\/thibault-svt.fr\/index.php\/terminales\/specialite-2\/chapitre-2-les-traces-du-passe-geologique-de-la-terre\/tp-tspe-chap6-traces-du-passe-geologique\/"]}]},{"@type":"BreadcrumbList","@id":"http:\/\/thibault-svt.fr\/index.php\/terminales\/specialite-2\/chapitre-2-les-traces-du-passe-geologique-de-la-terre\/tp-tspe-chap6-traces-du-passe-geologique\/#breadcrumb","itemListElement":[{"@type":"ListItem","position":1,"name":"Accueil","item":"http:\/\/thibault-svt.fr\/"},{"@type":"ListItem","position":2,"name":"Terminales","item":"http:\/\/thibault-svt.fr\/index.php\/terminales\/"},{"@type":"ListItem","position":3,"name":"Sp\u00e9cialit\u00e9 TG","item":"http:\/\/thibault-svt.fr\/index.php\/terminales\/specialite-2\/"},{"@type":"ListItem","position":4,"name":"CHAPITRE 2 \u2013 Les traces du pass\u00e9 g\u00e9ologique de la Terre","item":"http:\/\/thibault-svt.fr\/index.php\/terminales\/specialite-2\/chapitre-2-les-traces-du-passe-geologique-de-la-terre\/"},{"@type":"ListItem","position":5,"name":"TP-TSp\u00e9-Chap6 Traces du pass\u00e9 g\u00e9ologique"}]},{"@type":"WebSite","@id":"http:\/\/thibault-svt.fr\/#website","url":"http:\/\/thibault-svt.fr\/","name":"SVT","description":"Cours de SVT de Mme Thibault - Professeure au Lyc\u00e9e Maurice Genevoix","potentialAction":[{"@type":"SearchAction","target":{"@type":"EntryPoint","urlTemplate":"http:\/\/thibault-svt.fr\/?s={search_term_string}"},"query-input":{"@type":"PropertyValueSpecification","valueRequired":true,"valueName":"search_term_string"}}],"inLanguage":"fr-FR"}]}},"_links":{"self":[{"href":"http:\/\/thibault-svt.fr\/index.php\/wp-json\/wp\/v2\/pages\/3214","targetHints":{"allow":["GET"]}}],"collection":[{"href":"http:\/\/thibault-svt.fr\/index.php\/wp-json\/wp\/v2\/pages"}],"about":[{"href":"http:\/\/thibault-svt.fr\/index.php\/wp-json\/wp\/v2\/types\/page"}],"author":[{"embeddable":true,"href":"http:\/\/thibault-svt.fr\/index.php\/wp-json\/wp\/v2\/users\/1"}],"replies":[{"embeddable":true,"href":"http:\/\/thibault-svt.fr\/index.php\/wp-json\/wp\/v2\/comments?post=3214"}],"version-history":[{"count":3,"href":"http:\/\/thibault-svt.fr\/index.php\/wp-json\/wp\/v2\/pages\/3214\/revisions"}],"predecessor-version":[{"id":3226,"href":"http:\/\/thibault-svt.fr\/index.php\/wp-json\/wp\/v2\/pages\/3214\/revisions\/3226"}],"up":[{"embeddable":true,"href":"http:\/\/thibault-svt.fr\/index.php\/wp-json\/wp\/v2\/pages\/1747"}],"wp:attachment":[{"href":"http:\/\/thibault-svt.fr\/index.php\/wp-json\/wp\/v2\/media?parent=3214"}],"curies":[{"name":"wp","href":"https:\/\/api.w.org\/{rel}","templated":true}]}}