{"id":3135,"date":"2025-01-08T18:02:54","date_gmt":"2025-01-08T17:02:54","guid":{"rendered":"http:\/\/thibault-svt.fr\/?page_id=3135"},"modified":"2025-01-18T17:25:17","modified_gmt":"2025-01-18T16:25:17","slug":"tp-theme1-ch4-mecanismes-evolutifs-non-genetiques","status":"publish","type":"page","link":"http:\/\/thibault-svt.fr\/index.php\/terminales\/specialite-2\/chapitre-4-mecanismes-evolutifs-non-genetiques\/tp-theme1-ch4-mecanismes-evolutifs-non-genetiques\/","title":{"rendered":"TP Th\u00e8me1-Ch4 : m\u00e9canismes \u00e9volutifs non g\u00e9n\u00e9tiques"},"content":{"rendered":"<ul>\n<li><span style=\"color: #000000;\"><span style=\"color: #333399;\"><strong>TP9 Acti<span style=\"color: #000080;\">vit\u00e9 1\u00a0 : <a style=\"color: #000080;\" href=\"http:\/\/thibault-svt.fr\/wp-content\/uploads\/2025\/01\/TP9-Activite-Lichen-2025.pdf\" target=\"_blank\" rel=\"noopener\">Etude d&rsquo;un lichen<\/a><\/span><\/strong><\/span><span style=\"color: #000080;\"><strong>\u00a0+<span style=\"color: #000080;\"> <a style=\"color: #000080;\" href=\"http:\/\/thibault-svt.fr\/index.php\/terminales\/specialite-2\/chapitre-4-evolution-des-genomes-des-populations\/tp-tspe-th2ch4-diversification-non-genetique\/correction-ts-th1-ch4-activite-lichen\/\">Correction<\/a><\/span><\/strong><\/span><\/span><\/li>\n<li><span style=\"color: #008080;\"><strong>TP9 Activit\u00e9 2 :<span style=\"color: #008080;\"> <a style=\"color: #008080;\" href=\"http:\/\/thibault-svt.fr\/wp-content\/uploads\/2025\/01\/TP9-Act-2-oiseaux.pdf\" target=\"_blank\" rel=\"noopener\">ECE chants d&rsquo;oiseaux<\/a> + <a style=\"color: #008080;\" href=\"http:\/\/thibault-svt.fr\/index.php\/terminales\/specialite-2\/chapitre-4-mecanismes-evolutifs-non-genetiques\/tp-theme1-ch4-mecanismes-evolutifs-non-genetiques\/correction-ts-th1-ch4-tp9-oiseaux\/\">Correction<\/a><\/span><\/strong><\/span><\/li>\n<\/ul>\n","protected":false},"excerpt":{"rendered":"<p>TP9 Activit\u00e9 1\u00a0 : Etude d&rsquo;un lichen\u00a0+ Correction TP9 Activit\u00e9 2 : ECE chants d&rsquo;oiseaux + Correction<\/p>\n","protected":false},"author":1,"featured_media":0,"parent":3126,"menu_order":0,"comment_status":"closed","ping_status":"closed","template":"full-width-page-template.php","meta":{"footnotes":""},"class_list":["post-3135","page","type-page","status-publish","hentry"],"yoast_head":"<!-- This site is optimized with the Yoast SEO plugin v24.4 - https:\/\/yoast.com\/wordpress\/plugins\/seo\/ -->\n<title>TP Th\u00e8me1-Ch4 : m\u00e9canismes \u00e9volutifs non g\u00e9n\u00e9tiques - SVT<\/title>\n<meta name=\"robots\" content=\"index, follow, max-snippet:-1, max-image-preview:large, max-video-preview:-1\" \/>\n<link rel=\"canonical\" href=\"http:\/\/thibault-svt.fr\/index.php\/terminales\/specialite-2\/chapitre-4-mecanismes-evolutifs-non-genetiques\/tp-theme1-ch4-mecanismes-evolutifs-non-genetiques\/\" \/>\n<meta property=\"og:locale\" content=\"fr_FR\" \/>\n<meta property=\"og:type\" content=\"article\" \/>\n<meta property=\"og:title\" content=\"TP Th\u00e8me1-Ch4 : m\u00e9canismes \u00e9volutifs non g\u00e9n\u00e9tiques - SVT\" \/>\n<meta property=\"og:description\" content=\"TP9 Activit\u00e9 1\u00a0 : Etude d&rsquo;un lichen\u00a0+ Correction TP9 Activit\u00e9 2 : ECE chants d&rsquo;oiseaux + Correction\" \/>\n<meta property=\"og:url\" content=\"http:\/\/thibault-svt.fr\/index.php\/terminales\/specialite-2\/chapitre-4-mecanismes-evolutifs-non-genetiques\/tp-theme1-ch4-mecanismes-evolutifs-non-genetiques\/\" \/>\n<meta property=\"og:site_name\" content=\"SVT\" \/>\n<meta property=\"article:modified_time\" content=\"2025-01-18T16:25:17+00:00\" \/>\n<meta name=\"twitter:card\" content=\"summary_large_image\" \/>\n<meta name=\"twitter:label1\" content=\"Dur\u00e9e de lecture estim\u00e9e\" \/>\n\t<meta name=\"twitter:data1\" content=\"1 minute\" \/>\n<script type=\"application\/ld+json\" class=\"yoast-schema-graph\">{\"@context\":\"https:\/\/schema.org\",\"@graph\":[{\"@type\":\"WebPage\",\"@id\":\"http:\/\/thibault-svt.fr\/index.php\/terminales\/specialite-2\/chapitre-4-mecanismes-evolutifs-non-genetiques\/tp-theme1-ch4-mecanismes-evolutifs-non-genetiques\/\",\"url\":\"http:\/\/thibault-svt.fr\/index.php\/terminales\/specialite-2\/chapitre-4-mecanismes-evolutifs-non-genetiques\/tp-theme1-ch4-mecanismes-evolutifs-non-genetiques\/\",\"name\":\"TP Th\u00e8me1-Ch4 : m\u00e9canismes \u00e9volutifs non g\u00e9n\u00e9tiques - SVT\",\"isPartOf\":{\"@id\":\"http:\/\/thibault-svt.fr\/#website\"},\"datePublished\":\"2025-01-08T17:02:54+00:00\",\"dateModified\":\"2025-01-18T16:25:17+00:00\",\"breadcrumb\":{\"@id\":\"http:\/\/thibault-svt.fr\/index.php\/terminales\/specialite-2\/chapitre-4-mecanismes-evolutifs-non-genetiques\/tp-theme1-ch4-mecanismes-evolutifs-non-genetiques\/#breadcrumb\"},\"inLanguage\":\"fr-FR\",\"potentialAction\":[{\"@type\":\"ReadAction\",\"target\":[\"http:\/\/thibault-svt.fr\/index.php\/terminales\/specialite-2\/chapitre-4-mecanismes-evolutifs-non-genetiques\/tp-theme1-ch4-mecanismes-evolutifs-non-genetiques\/\"]}]},{\"@type\":\"BreadcrumbList\",\"@id\":\"http:\/\/thibault-svt.fr\/index.php\/terminales\/specialite-2\/chapitre-4-mecanismes-evolutifs-non-genetiques\/tp-theme1-ch4-mecanismes-evolutifs-non-genetiques\/#breadcrumb\",\"itemListElement\":[{\"@type\":\"ListItem\",\"position\":1,\"name\":\"Accueil\",\"item\":\"http:\/\/thibault-svt.fr\/\"},{\"@type\":\"ListItem\",\"position\":2,\"name\":\"Terminales\",\"item\":\"http:\/\/thibault-svt.fr\/index.php\/terminales\/\"},{\"@type\":\"ListItem\",\"position\":3,\"name\":\"Sp\u00e9cialit\u00e9 TG\",\"item\":\"http:\/\/thibault-svt.fr\/index.php\/terminales\/specialite-2\/\"},{\"@type\":\"ListItem\",\"position\":4,\"name\":\"CHAPITRE 4 \u2013 M\u00e9canismes \u00e9volutifs non g\u00e9n\u00e9tiques \u00a0\",\"item\":\"http:\/\/thibault-svt.fr\/index.php\/terminales\/specialite-2\/chapitre-4-mecanismes-evolutifs-non-genetiques\/\"},{\"@type\":\"ListItem\",\"position\":5,\"name\":\"TP Th\u00e8me1-Ch4 : m\u00e9canismes \u00e9volutifs non g\u00e9n\u00e9tiques\"}]},{\"@type\":\"WebSite\",\"@id\":\"http:\/\/thibault-svt.fr\/#website\",\"url\":\"http:\/\/thibault-svt.fr\/\",\"name\":\"SVT\",\"description\":\"Cours de SVT de Mme Thibault - Professeure au Lyc\u00e9e Maurice Genevoix\",\"potentialAction\":[{\"@type\":\"SearchAction\",\"target\":{\"@type\":\"EntryPoint\",\"urlTemplate\":\"http:\/\/thibault-svt.fr\/?s={search_term_string}\"},\"query-input\":{\"@type\":\"PropertyValueSpecification\",\"valueRequired\":true,\"valueName\":\"search_term_string\"}}],\"inLanguage\":\"fr-FR\"}]}<\/script>\n<!-- \/ Yoast SEO plugin. -->","yoast_head_json":{"title":"TP Th\u00e8me1-Ch4 : m\u00e9canismes \u00e9volutifs non g\u00e9n\u00e9tiques - SVT","robots":{"index":"index","follow":"follow","max-snippet":"max-snippet:-1","max-image-preview":"max-image-preview:large","max-video-preview":"max-video-preview:-1"},"canonical":"http:\/\/thibault-svt.fr\/index.php\/terminales\/specialite-2\/chapitre-4-mecanismes-evolutifs-non-genetiques\/tp-theme1-ch4-mecanismes-evolutifs-non-genetiques\/","og_locale":"fr_FR","og_type":"article","og_title":"TP Th\u00e8me1-Ch4 : m\u00e9canismes \u00e9volutifs non g\u00e9n\u00e9tiques - SVT","og_description":"TP9 Activit\u00e9 1\u00a0 : Etude d&rsquo;un lichen\u00a0+ Correction TP9 Activit\u00e9 2 : ECE chants d&rsquo;oiseaux + Correction","og_url":"http:\/\/thibault-svt.fr\/index.php\/terminales\/specialite-2\/chapitre-4-mecanismes-evolutifs-non-genetiques\/tp-theme1-ch4-mecanismes-evolutifs-non-genetiques\/","og_site_name":"SVT","article_modified_time":"2025-01-18T16:25:17+00:00","twitter_card":"summary_large_image","twitter_misc":{"Dur\u00e9e de lecture estim\u00e9e":"1 minute"},"schema":{"@context":"https:\/\/schema.org","@graph":[{"@type":"WebPage","@id":"http:\/\/thibault-svt.fr\/index.php\/terminales\/specialite-2\/chapitre-4-mecanismes-evolutifs-non-genetiques\/tp-theme1-ch4-mecanismes-evolutifs-non-genetiques\/","url":"http:\/\/thibault-svt.fr\/index.php\/terminales\/specialite-2\/chapitre-4-mecanismes-evolutifs-non-genetiques\/tp-theme1-ch4-mecanismes-evolutifs-non-genetiques\/","name":"TP Th\u00e8me1-Ch4 : m\u00e9canismes \u00e9volutifs non g\u00e9n\u00e9tiques - SVT","isPartOf":{"@id":"http:\/\/thibault-svt.fr\/#website"},"datePublished":"2025-01-08T17:02:54+00:00","dateModified":"2025-01-18T16:25:17+00:00","breadcrumb":{"@id":"http:\/\/thibault-svt.fr\/index.php\/terminales\/specialite-2\/chapitre-4-mecanismes-evolutifs-non-genetiques\/tp-theme1-ch4-mecanismes-evolutifs-non-genetiques\/#breadcrumb"},"inLanguage":"fr-FR","potentialAction":[{"@type":"ReadAction","target":["http:\/\/thibault-svt.fr\/index.php\/terminales\/specialite-2\/chapitre-4-mecanismes-evolutifs-non-genetiques\/tp-theme1-ch4-mecanismes-evolutifs-non-genetiques\/"]}]},{"@type":"BreadcrumbList","@id":"http:\/\/thibault-svt.fr\/index.php\/terminales\/specialite-2\/chapitre-4-mecanismes-evolutifs-non-genetiques\/tp-theme1-ch4-mecanismes-evolutifs-non-genetiques\/#breadcrumb","itemListElement":[{"@type":"ListItem","position":1,"name":"Accueil","item":"http:\/\/thibault-svt.fr\/"},{"@type":"ListItem","position":2,"name":"Terminales","item":"http:\/\/thibault-svt.fr\/index.php\/terminales\/"},{"@type":"ListItem","position":3,"name":"Sp\u00e9cialit\u00e9 TG","item":"http:\/\/thibault-svt.fr\/index.php\/terminales\/specialite-2\/"},{"@type":"ListItem","position":4,"name":"CHAPITRE 4 \u2013 M\u00e9canismes \u00e9volutifs non g\u00e9n\u00e9tiques \u00a0","item":"http:\/\/thibault-svt.fr\/index.php\/terminales\/specialite-2\/chapitre-4-mecanismes-evolutifs-non-genetiques\/"},{"@type":"ListItem","position":5,"name":"TP Th\u00e8me1-Ch4 : m\u00e9canismes \u00e9volutifs non g\u00e9n\u00e9tiques"}]},{"@type":"WebSite","@id":"http:\/\/thibault-svt.fr\/#website","url":"http:\/\/thibault-svt.fr\/","name":"SVT","description":"Cours de SVT de Mme Thibault - Professeure au Lyc\u00e9e Maurice Genevoix","potentialAction":[{"@type":"SearchAction","target":{"@type":"EntryPoint","urlTemplate":"http:\/\/thibault-svt.fr\/?s={search_term_string}"},"query-input":{"@type":"PropertyValueSpecification","valueRequired":true,"valueName":"search_term_string"}}],"inLanguage":"fr-FR"}]}},"_links":{"self":[{"href":"http:\/\/thibault-svt.fr\/index.php\/wp-json\/wp\/v2\/pages\/3135","targetHints":{"allow":["GET"]}}],"collection":[{"href":"http:\/\/thibault-svt.fr\/index.php\/wp-json\/wp\/v2\/pages"}],"about":[{"href":"http:\/\/thibault-svt.fr\/index.php\/wp-json\/wp\/v2\/types\/page"}],"author":[{"embeddable":true,"href":"http:\/\/thibault-svt.fr\/index.php\/wp-json\/wp\/v2\/users\/1"}],"replies":[{"embeddable":true,"href":"http:\/\/thibault-svt.fr\/index.php\/wp-json\/wp\/v2\/comments?post=3135"}],"version-history":[{"count":5,"href":"http:\/\/thibault-svt.fr\/index.php\/wp-json\/wp\/v2\/pages\/3135\/revisions"}],"predecessor-version":[{"id":3154,"href":"http:\/\/thibault-svt.fr\/index.php\/wp-json\/wp\/v2\/pages\/3135\/revisions\/3154"}],"up":[{"embeddable":true,"href":"http:\/\/thibault-svt.fr\/index.php\/wp-json\/wp\/v2\/pages\/3126"}],"wp:attachment":[{"href":"http:\/\/thibault-svt.fr\/index.php\/wp-json\/wp\/v2\/media?parent=3135"}],"curies":[{"name":"wp","href":"https:\/\/api.w.org\/{rel}","templated":true}]}}