{"id":3126,"date":"2024-12-31T13:40:24","date_gmt":"2024-12-31T12:40:24","guid":{"rendered":"http:\/\/thibault-svt.fr\/?page_id=3126"},"modified":"2025-01-18T17:24:33","modified_gmt":"2025-01-18T16:24:33","slug":"chapitre-4-mecanismes-evolutifs-non-genetiques","status":"publish","type":"page","link":"http:\/\/thibault-svt.fr\/index.php\/terminales\/specialite-2\/chapitre-4-mecanismes-evolutifs-non-genetiques\/","title":{"rendered":"CHAPITRE 4 \u2013 M\u00e9canismes \u00e9volutifs non g\u00e9n\u00e9tiques \u00a0"},"content":{"rendered":"<div class=\"titre-chapitre\"><strong>CHAPITRE 4 \u2013 Les m\u00e9canismes non g\u00e9n\u00e9tiques de diversification du vivant<\/strong><\/div>\n<p>La diversification des ph\u00e9notypes des \u00eatres vivants ne d\u00e9pend pas uniquement de leur g\u00e9notype.<br \/>\nOn parle de <strong>ph\u00e9notype \u00e9tendu<\/strong> pour prendre en compte les caract\u00e9ristiques des \u00eatres vivants qui ne d\u00e9pendent pas directement de l\u2019expression des g\u00e8nes.<br \/>\nCes ph\u00e9notypes \u00e9tendus peuvent \u00eatre modifi\u00e9s, ce qui cr\u00e9\u00e9 de la diversit\u00e9 au sein des \u00eatres vivants. Cette diversification non g\u00e9n\u00e9tique peut reposer sur diff\u00e9rents m\u00e9canismes :<\/p>\n<p style=\"text-align: center;\"><span style=\"color: #bf1177;\"><strong><u> I- Les associations entre \u00eatres-vivants<\/u><\/strong><\/span><\/p>\n<p class=\"titre-TP\"><span style=\"color: #000000;\"><strong>TP9 Activit\u00e9 1\u00a0 : <a style=\"color: #000000;\" href=\"http:\/\/thibault-svt.fr\/wp-content\/uploads\/2025\/01\/TP9-Activite-Lichen-2025.pdf\" target=\"_blank\" rel=\"noopener\">Etude d&rsquo;un lichen<\/a><\/strong><strong>\u00a0+ <a style=\"color: #000000;\" href=\"http:\/\/thibault-svt.fr\/index.php\/terminales\/specialite-2\/chapitre-4-evolution-des-genomes-des-populations\/tp-tspe-th2ch4-diversification-non-genetique\/correction-ts-th1-ch4-activite-lichen\/\">Correction<\/a><\/strong><\/span><\/p>\n<p style=\"text-align: left;\"><img loading=\"lazy\" decoding=\"async\" class=\"wp-image-2979 alignright\" src=\"http:\/\/thibault-svt.fr\/wp-content\/uploads\/2024\/01\/association-ev.jpg\" alt=\"\" width=\"534\" height=\"232\" srcset=\"http:\/\/thibault-svt.fr\/wp-content\/uploads\/2024\/01\/association-ev.jpg 862w, http:\/\/thibault-svt.fr\/wp-content\/uploads\/2024\/01\/association-ev-300x131.jpg 300w, http:\/\/thibault-svt.fr\/wp-content\/uploads\/2024\/01\/association-ev-768x334.jpg 768w\" sizes=\"auto, (max-width: 534px) 100vw, 534px\" \/>Des organismes d\u2019esp\u00e8ces diff\u00e9rentes peuvent s\u2019associer, de mani\u00e8re plus ou moins durable, sans pour autant \u00e9changer de g\u00e8nes. Ces associations concernent tous les groupes d\u2019\u00eatres vivants (bact\u00e9ries, v\u00e9g\u00e9taux, champignons et animaux)<br \/>\nCes associations sont class\u00e9es selon les b\u00e9n\u00e9fices ou inconv\u00e9nients qu\u2019elles apportent \u00e0 l\u2019un ou l\u2019autre des partenaires\u00a0:<\/p>\n<p>&nbsp;<\/p>\n<p><span style=\"text-decoration: underline; color: #3366ff;\"><strong> A- La symbiose<\/strong><\/span><br \/>\nLa symbiose est une association favorable pour les deux partenaires. En mutualisant leurs fonctions, les partenaires acqui\u00e8rent chacun de nouvelles caract\u00e9ristiques qui peuvent \u00eatre\u00a0:<\/p>\n<ul>\n<li><strong><u>Un nouveau m\u00e9tabolisme <\/u><\/strong>: par exemple, dans un lichen l\u2019algue permet la photosynth\u00e8se et apporte des compos\u00e9s organiques au champignon.<br \/>\n<em>On peut le d\u00e9montrer en fournissant du C<sup>14<\/sup>O<sub>2 <\/sub>\u00e0 des lichens et en suivant la radioactivit\u00e9\u00a0: le carbone marqu\u00e9 est incorpor\u00e9 au glucose par les algue puis transf\u00e9r\u00e9 et m\u00e9tabolis\u00e9 par le champignon. <\/em><\/li>\n<\/ul>\n<p><img loading=\"lazy\" decoding=\"async\" class=\"aligncenter size-full wp-image-2981\" src=\"http:\/\/thibault-svt.fr\/wp-content\/uploads\/2024\/01\/lichen-1.jpg\" alt=\"\" width=\"1291\" height=\"707\" srcset=\"http:\/\/thibault-svt.fr\/wp-content\/uploads\/2024\/01\/lichen-1.jpg 1291w, http:\/\/thibault-svt.fr\/wp-content\/uploads\/2024\/01\/lichen-1-300x164.jpg 300w, http:\/\/thibault-svt.fr\/wp-content\/uploads\/2024\/01\/lichen-1-1024x561.jpg 1024w, http:\/\/thibault-svt.fr\/wp-content\/uploads\/2024\/01\/lichen-1-768x421.jpg 768w, http:\/\/thibault-svt.fr\/wp-content\/uploads\/2024\/01\/lichen-1-900x493.jpg 900w, http:\/\/thibault-svt.fr\/wp-content\/uploads\/2024\/01\/lichen-1-1280x701.jpg 1280w\" sizes=\"auto, (max-width: 1291px) 100vw, 1291px\" \/><\/p>\n<ul>\n<li><strong><u>L\u2019occupation d\u2019une nouvelle niche \u00e9cologique\u00a0:<\/u><\/strong> par exemple dans un lichen, le champignon produit des substances permettant l\u2019accrochage aux arbres<\/li>\n<\/ul>\n<p>&nbsp;<\/p>\n<ul>\n<li><strong><u><img loading=\"lazy\" decoding=\"async\" class=\"wp-image-2982 alignright\" style=\"font-weight: 400;\" src=\"http:\/\/thibault-svt.fr\/wp-content\/uploads\/2024\/01\/microbiote.png\" alt=\"\" width=\"611\" height=\"459\" srcset=\"http:\/\/thibault-svt.fr\/wp-content\/uploads\/2024\/01\/microbiote.png 799w, http:\/\/thibault-svt.fr\/wp-content\/uploads\/2024\/01\/microbiote-300x225.png 300w, http:\/\/thibault-svt.fr\/wp-content\/uploads\/2024\/01\/microbiote-768x577.png 768w\" sizes=\"auto, (max-width: 611px) 100vw, 611px\" \/>Une protection\u00a0:<\/u><\/strong> par exemple, dans le cas de l\u2019association entre un humain et son microbiote, les bact\u00e9ries la flore emp\u00eachent les micro-organismes pathog\u00e8nes de coloniser l&rsquo;intestin en adh\u00e9rant \u00e0 la muqueuse intestinale<\/li>\n<\/ul>\n<ul>\n<li><strong><u>D\u2019autres fonctions<\/u><\/strong>: dans le cas de l\u2019association entre un humain et son microbiote, les bact\u00e9ries permettent de r\u00e9guler une partie du d\u00e9veloppement, jouent un r\u00f4le dans le fonctionnement du syst\u00e8me nerveux, digestif \u2026. <em>Le r\u00f4le du microbiote sur l\u2019ob\u00e9sit\u00e9 par exemple peut \u00eatre d\u00e9montr\u00e9 par des exp\u00e9riences de transfert de microbiote.<\/em><\/li>\n<\/ul>\n<p>&nbsp;<\/p>\n<p><span style=\"text-decoration: underline; color: #3366ff;\"><strong> B- Le parasitisme<\/strong><\/span><br \/>\nLe parasitisme est une association favorable pour un partenaire et d\u00e9favorable pour l\u2019autre. Elle peut \u00e9galement entrainer une modification du ph\u00e9notype \u00e9tendu des partenaires.<\/p>\n<p><strong>Le parasite peut, par exemple, modifier le comportement de l\u2019h\u00f4te<\/strong>\u00a0<em>: \u00a0la sacculine, un parasite du crabe vert, modifie le comportement des crabes m\u00e2les, qui vont acqu\u00e9rir des comportements de femelles et prot\u00e9ger la sacculine comme si elle \u00e9tait leur poche d\u2019\u0153uf)<\/em><\/p>\n<p><img loading=\"lazy\" decoding=\"async\" class=\"aligncenter wp-image-2997\" src=\"http:\/\/thibault-svt.fr\/wp-content\/uploads\/2024\/01\/sacculine.jpg\" alt=\"\" width=\"1134\" height=\"413\" srcset=\"http:\/\/thibault-svt.fr\/wp-content\/uploads\/2024\/01\/sacculine.jpg 1297w, http:\/\/thibault-svt.fr\/wp-content\/uploads\/2024\/01\/sacculine-300x109.jpg 300w, http:\/\/thibault-svt.fr\/wp-content\/uploads\/2024\/01\/sacculine-1024x373.jpg 1024w, http:\/\/thibault-svt.fr\/wp-content\/uploads\/2024\/01\/sacculine-768x279.jpg 768w, http:\/\/thibault-svt.fr\/wp-content\/uploads\/2024\/01\/sacculine-900x328.jpg 900w, http:\/\/thibault-svt.fr\/wp-content\/uploads\/2024\/01\/sacculine-1280x466.jpg 1280w\" sizes=\"auto, (max-width: 1134px) 100vw, 1134px\" \/><\/p>\n<p style=\"text-align: right;\"><img loading=\"lazy\" decoding=\"async\" class=\" wp-image-2998 alignright\" src=\"http:\/\/thibault-svt.fr\/wp-content\/uploads\/2024\/01\/souris-microbiote.png\" alt=\"\" width=\"650\" height=\"693\" srcset=\"http:\/\/thibault-svt.fr\/wp-content\/uploads\/2024\/01\/souris-microbiote.png 796w, http:\/\/thibault-svt.fr\/wp-content\/uploads\/2024\/01\/souris-microbiote-281x300.png 281w, http:\/\/thibault-svt.fr\/wp-content\/uploads\/2024\/01\/souris-microbiote-768x819.png 768w\" sizes=\"auto, (max-width: 650px) 100vw, 650px\" \/><\/p>\n<p><strong>Le parasite peut \u00e9galement modifier d\u2019autres fonctions\u00a0de mani\u00e8re d\u00e9favorable\u00a0<\/strong>: <em>exemple des bact\u00e9ries du microbiote qui favorisent l\u2019ob\u00e9sit\u00e9.<\/em><\/p>\n<p>&nbsp;<\/p>\n<p>&nbsp;<\/p>\n<p>&nbsp;<\/p>\n<p>&nbsp;<\/p>\n<p>&nbsp;<\/p>\n<p>&nbsp;<\/p>\n<p>&nbsp;<\/p>\n<p><span style=\"text-decoration: underline; color: #3366ff;\"><strong>\u00a0<\/strong><\/span><\/p>\n<p><em><img loading=\"lazy\" decoding=\"async\" class=\"size-full wp-image-3002 alignleft\" src=\"http:\/\/thibault-svt.fr\/wp-content\/uploads\/2024\/01\/pollen-abeille.jpg\" alt=\"\" width=\"450\" height=\"298\" srcset=\"http:\/\/thibault-svt.fr\/wp-content\/uploads\/2024\/01\/pollen-abeille.jpg 450w, http:\/\/thibault-svt.fr\/wp-content\/uploads\/2024\/01\/pollen-abeille-300x199.jpg 300w\" sizes=\"auto, (max-width: 450px) 100vw, 450px\" \/><\/em><\/p>\n<p><span style=\"text-decoration: underline; color: #3366ff;\"><strong>C- Le commensalisme<\/strong><\/span><br \/>\nLe commensalisme est une association favorable pour un partenaire et neutre pour l\u2019autre. Elle peut \u00e9galement entrainer une modification du ph\u00e9notype \u00e9tendu des partenaires. <em>Par exemple, les insectes d\u00e9placent passivement le pollen des v\u00e9g\u00e9taux de fleur en fleur lorsqu&rsquo;ils butinent pour trouver du nectar.<\/em><\/p>\n<p>&nbsp;<\/p>\n<p>&nbsp;<\/p>\n<p style=\"text-align: center;\"><span style=\"color: #bf1177;\"><strong><u> II-\u00a0 L\u2019acquisition de comportements nouveaux<\/u><\/strong><\/span><\/p>\n<p class=\"titre-TP\"><span style=\"color: #000000;\"><strong>TP9 Activit\u00e9 2 : <a style=\"color: #000000;\" href=\"http:\/\/thibault-svt.fr\/wp-content\/uploads\/2025\/01\/TP9-Act-2-oiseaux.pdf\" target=\"_blank\" rel=\"noopener\">ECE chants d&rsquo;oiseaux<\/a> + <a style=\"color: #000000;\" href=\"http:\/\/thibault-svt.fr\/index.php\/terminales\/specialite-2\/chapitre-4-mecanismes-evolutifs-non-genetiques\/tp-theme1-ch4-mecanismes-evolutifs-non-genetiques\/correction-ts-th1-ch4-tp9-oiseaux\/\">Correction<\/a><\/strong><\/span><\/p>\n<p>Chez certains animaux, les pratiques culturelles et les comportements sont aussi une source de diversit\u00e9 .<\/p>\n<p><span style=\"text-decoration: underline; color: #3366ff;\"><strong> A- L\u2019acquisition d\u2019un langage <\/strong><\/span><\/p>\n<p>Le langage, en permettant une reconnaissance des individus et une communication est une caract\u00e9ristique importante des animaux. Certaines esp\u00e8ces peuvent apprendre plusieurs langages au cours de leur vie et ainsi communiquer avec d&rsquo;autres esp\u00e8ces.<br \/>\n<em>C&rsquo;est par exemple le cas de l&rsquo;oiseau Lyre :\u00a0<\/em><\/p>\n<div style=\"position: relative; padding-bottom: 56.25%; height: 0; overflow: hidden;\"><iframe loading=\"lazy\" style=\"width: 100%; height: 100%; position: absolute; left: 0px; top: 0px; overflow: hidden;\" title=\"Dailymotion Video Player\" src=\"https:\/\/www.dailymotion.com\/embed\/video\/x5unvv0?autoplay=1\" width=\"100%\" height=\"100%\" frameborder=\"0\" allowfullscreen=\"allowfullscreen\"> <\/iframe><\/div>\n<p>Cet apprentissage du langage entraine une diversification des individus.<br \/>\nIl peu \u00e9galement aboutir \u00e0 un isolement de deux populations (voir \u00e0 une sp\u00e9ciation) si l&rsquo;\u00e9volution du langage emp\u00eache les deux populations de communiquer et donc de se reconnaitre et de se reproduire.<\/p>\n<p>&nbsp;<\/p>\n<p><span style=\"text-decoration: underline; color: #3366ff;\"><strong> B- Les comportements de parade nuptiale <\/strong><\/span><\/p>\n<p>La parade nuptiale est un ensemble de comportements acquis au cours de l&rsquo;apprentissage et qui permet la reproduction entre individus d&rsquo;une population. Parfois tr\u00e8s complexe, la parade nuptiale est, chez certaines esp\u00e8ces indispensable \u00e0 la reconnaissance des m\u00e2les et des femelles. Ainsi, une modification de ces comportements peut aboutir \u00e0 un isolement reproducteur et donc \u00e0 une sp\u00e9ciation.<\/p>\n<p><iframe loading=\"lazy\" title=\"La merveilleuse parade nuptiale du paradisier superbe\" src=\"https:\/\/www.youtube.com\/embed\/xEGje03jMhQ\" width=\"1128\" height=\"634\" frameborder=\"0\" allowfullscreen=\"allowfullscreen\"><\/iframe><\/p>\n<p>&nbsp;<\/p>\n<p><span style=\"text-decoration: underline; color: #3366ff;\"><strong> C- L \u2019utilisation d\u2019outils et la pratique de rites <\/strong><\/span><\/p>\n<p>Les \u00eatres vivants acqui\u00e8rent de nouvelles fonctions en apprenant \u00e0 utiliser des outils (cailloux, b\u00e2tons ou outils construits).<\/p>\n<p><iframe loading=\"lazy\" title=\"COURS DE TERMINALE SP\u00c9CIALIT\u00c9 SVT CHAP.5: LES M\u00c9CANISMES NON G\u00c9N\u00c9TIQUES DE DIVERSIFICATION DU VIVANT\" src=\"https:\/\/www.youtube.com\/embed\/09KtYuqWGW8\" width=\"885\" height=\"498\" frameborder=\"0\" allowfullscreen=\"allowfullscreen\"><\/iframe><\/p>\n","protected":false},"excerpt":{"rendered":"<p>CHAPITRE 4 \u2013 Les m\u00e9canismes non g\u00e9n\u00e9tiques de diversification du vivant La diversification des ph\u00e9notypes des \u00eatres vivants ne d\u00e9pend pas uniquement de leur g\u00e9notype. On parle de ph\u00e9notype \u00e9tendu pour prendre en compte les caract\u00e9ristiques des \u00eatres vivants qui ne d\u00e9pendent pas directement de l\u2019expression des g\u00e8nes. Ces ph\u00e9notypes \u00e9tendus peuvent \u00eatre modifi\u00e9s, ce [&hellip;]<\/p>\n","protected":false},"author":1,"featured_media":0,"parent":98,"menu_order":9,"comment_status":"closed","ping_status":"closed","template":"full-width-page-template.php","meta":{"footnotes":""},"class_list":["post-3126","page","type-page","status-publish","hentry"],"yoast_head":"<!-- This site is optimized with the Yoast SEO plugin v24.4 - https:\/\/yoast.com\/wordpress\/plugins\/seo\/ -->\n<title>CHAPITRE 4 \u2013 M\u00e9canismes \u00e9volutifs non g\u00e9n\u00e9tiques \u00a0 - SVT<\/title>\n<meta name=\"robots\" content=\"index, follow, max-snippet:-1, max-image-preview:large, max-video-preview:-1\" \/>\n<link rel=\"canonical\" href=\"http:\/\/thibault-svt.fr\/index.php\/terminales\/specialite-2\/chapitre-4-mecanismes-evolutifs-non-genetiques\/\" \/>\n<meta property=\"og:locale\" content=\"fr_FR\" \/>\n<meta property=\"og:type\" content=\"article\" \/>\n<meta property=\"og:title\" content=\"CHAPITRE 4 \u2013 M\u00e9canismes \u00e9volutifs non g\u00e9n\u00e9tiques \u00a0 - SVT\" \/>\n<meta property=\"og:description\" content=\"CHAPITRE 4 \u2013 Les m\u00e9canismes non g\u00e9n\u00e9tiques de diversification du vivant La diversification des ph\u00e9notypes des \u00eatres vivants ne d\u00e9pend pas uniquement de leur g\u00e9notype. On parle de ph\u00e9notype \u00e9tendu pour prendre en compte les caract\u00e9ristiques des \u00eatres vivants qui ne d\u00e9pendent pas directement de l\u2019expression des g\u00e8nes. Ces ph\u00e9notypes \u00e9tendus peuvent \u00eatre modifi\u00e9s, ce [&hellip;]\" \/>\n<meta property=\"og:url\" content=\"http:\/\/thibault-svt.fr\/index.php\/terminales\/specialite-2\/chapitre-4-mecanismes-evolutifs-non-genetiques\/\" \/>\n<meta property=\"og:site_name\" content=\"SVT\" \/>\n<meta property=\"article:modified_time\" content=\"2025-01-18T16:24:33+00:00\" \/>\n<meta property=\"og:image\" content=\"http:\/\/thibault-svt.fr\/wp-content\/uploads\/2024\/01\/association-ev.jpg\" \/>\n\t<meta property=\"og:image:width\" content=\"862\" \/>\n\t<meta property=\"og:image:height\" content=\"375\" \/>\n\t<meta property=\"og:image:type\" content=\"image\/jpeg\" \/>\n<meta name=\"twitter:card\" content=\"summary_large_image\" \/>\n<meta name=\"twitter:label1\" content=\"Dur\u00e9e de lecture estim\u00e9e\" \/>\n\t<meta name=\"twitter:data1\" content=\"5 minutes\" \/>\n<script type=\"application\/ld+json\" class=\"yoast-schema-graph\">{\"@context\":\"https:\/\/schema.org\",\"@graph\":[{\"@type\":\"WebPage\",\"@id\":\"http:\/\/thibault-svt.fr\/index.php\/terminales\/specialite-2\/chapitre-4-mecanismes-evolutifs-non-genetiques\/\",\"url\":\"http:\/\/thibault-svt.fr\/index.php\/terminales\/specialite-2\/chapitre-4-mecanismes-evolutifs-non-genetiques\/\",\"name\":\"CHAPITRE 4 \u2013 M\u00e9canismes \u00e9volutifs non g\u00e9n\u00e9tiques \u00a0 - SVT\",\"isPartOf\":{\"@id\":\"http:\/\/thibault-svt.fr\/#website\"},\"primaryImageOfPage\":{\"@id\":\"http:\/\/thibault-svt.fr\/index.php\/terminales\/specialite-2\/chapitre-4-mecanismes-evolutifs-non-genetiques\/#primaryimage\"},\"image\":{\"@id\":\"http:\/\/thibault-svt.fr\/index.php\/terminales\/specialite-2\/chapitre-4-mecanismes-evolutifs-non-genetiques\/#primaryimage\"},\"thumbnailUrl\":\"http:\/\/thibault-svt.fr\/wp-content\/uploads\/2024\/01\/association-ev.jpg\",\"datePublished\":\"2024-12-31T12:40:24+00:00\",\"dateModified\":\"2025-01-18T16:24:33+00:00\",\"breadcrumb\":{\"@id\":\"http:\/\/thibault-svt.fr\/index.php\/terminales\/specialite-2\/chapitre-4-mecanismes-evolutifs-non-genetiques\/#breadcrumb\"},\"inLanguage\":\"fr-FR\",\"potentialAction\":[{\"@type\":\"ReadAction\",\"target\":[\"http:\/\/thibault-svt.fr\/index.php\/terminales\/specialite-2\/chapitre-4-mecanismes-evolutifs-non-genetiques\/\"]}]},{\"@type\":\"ImageObject\",\"inLanguage\":\"fr-FR\",\"@id\":\"http:\/\/thibault-svt.fr\/index.php\/terminales\/specialite-2\/chapitre-4-mecanismes-evolutifs-non-genetiques\/#primaryimage\",\"url\":\"http:\/\/thibault-svt.fr\/wp-content\/uploads\/2024\/01\/association-ev.jpg\",\"contentUrl\":\"http:\/\/thibault-svt.fr\/wp-content\/uploads\/2024\/01\/association-ev.jpg\",\"width\":862,\"height\":375},{\"@type\":\"BreadcrumbList\",\"@id\":\"http:\/\/thibault-svt.fr\/index.php\/terminales\/specialite-2\/chapitre-4-mecanismes-evolutifs-non-genetiques\/#breadcrumb\",\"itemListElement\":[{\"@type\":\"ListItem\",\"position\":1,\"name\":\"Accueil\",\"item\":\"http:\/\/thibault-svt.fr\/\"},{\"@type\":\"ListItem\",\"position\":2,\"name\":\"Terminales\",\"item\":\"http:\/\/thibault-svt.fr\/index.php\/terminales\/\"},{\"@type\":\"ListItem\",\"position\":3,\"name\":\"Sp\u00e9cialit\u00e9 TG\",\"item\":\"http:\/\/thibault-svt.fr\/index.php\/terminales\/specialite-2\/\"},{\"@type\":\"ListItem\",\"position\":4,\"name\":\"CHAPITRE 4 \u2013 M\u00e9canismes \u00e9volutifs non g\u00e9n\u00e9tiques \u00a0\"}]},{\"@type\":\"WebSite\",\"@id\":\"http:\/\/thibault-svt.fr\/#website\",\"url\":\"http:\/\/thibault-svt.fr\/\",\"name\":\"SVT\",\"description\":\"Cours de SVT de Mme Thibault - Professeure au Lyc\u00e9e Maurice Genevoix\",\"potentialAction\":[{\"@type\":\"SearchAction\",\"target\":{\"@type\":\"EntryPoint\",\"urlTemplate\":\"http:\/\/thibault-svt.fr\/?s={search_term_string}\"},\"query-input\":{\"@type\":\"PropertyValueSpecification\",\"valueRequired\":true,\"valueName\":\"search_term_string\"}}],\"inLanguage\":\"fr-FR\"}]}<\/script>\n<!-- \/ Yoast SEO plugin. -->","yoast_head_json":{"title":"CHAPITRE 4 \u2013 M\u00e9canismes \u00e9volutifs non g\u00e9n\u00e9tiques \u00a0 - SVT","robots":{"index":"index","follow":"follow","max-snippet":"max-snippet:-1","max-image-preview":"max-image-preview:large","max-video-preview":"max-video-preview:-1"},"canonical":"http:\/\/thibault-svt.fr\/index.php\/terminales\/specialite-2\/chapitre-4-mecanismes-evolutifs-non-genetiques\/","og_locale":"fr_FR","og_type":"article","og_title":"CHAPITRE 4 \u2013 M\u00e9canismes \u00e9volutifs non g\u00e9n\u00e9tiques \u00a0 - SVT","og_description":"CHAPITRE 4 \u2013 Les m\u00e9canismes non g\u00e9n\u00e9tiques de diversification du vivant La diversification des ph\u00e9notypes des \u00eatres vivants ne d\u00e9pend pas uniquement de leur g\u00e9notype. On parle de ph\u00e9notype \u00e9tendu pour prendre en compte les caract\u00e9ristiques des \u00eatres vivants qui ne d\u00e9pendent pas directement de l\u2019expression des g\u00e8nes. Ces ph\u00e9notypes \u00e9tendus peuvent \u00eatre modifi\u00e9s, ce [&hellip;]","og_url":"http:\/\/thibault-svt.fr\/index.php\/terminales\/specialite-2\/chapitre-4-mecanismes-evolutifs-non-genetiques\/","og_site_name":"SVT","article_modified_time":"2025-01-18T16:24:33+00:00","og_image":[{"width":862,"height":375,"url":"http:\/\/thibault-svt.fr\/wp-content\/uploads\/2024\/01\/association-ev.jpg","type":"image\/jpeg"}],"twitter_card":"summary_large_image","twitter_misc":{"Dur\u00e9e de lecture estim\u00e9e":"5 minutes"},"schema":{"@context":"https:\/\/schema.org","@graph":[{"@type":"WebPage","@id":"http:\/\/thibault-svt.fr\/index.php\/terminales\/specialite-2\/chapitre-4-mecanismes-evolutifs-non-genetiques\/","url":"http:\/\/thibault-svt.fr\/index.php\/terminales\/specialite-2\/chapitre-4-mecanismes-evolutifs-non-genetiques\/","name":"CHAPITRE 4 \u2013 M\u00e9canismes \u00e9volutifs non g\u00e9n\u00e9tiques \u00a0 - SVT","isPartOf":{"@id":"http:\/\/thibault-svt.fr\/#website"},"primaryImageOfPage":{"@id":"http:\/\/thibault-svt.fr\/index.php\/terminales\/specialite-2\/chapitre-4-mecanismes-evolutifs-non-genetiques\/#primaryimage"},"image":{"@id":"http:\/\/thibault-svt.fr\/index.php\/terminales\/specialite-2\/chapitre-4-mecanismes-evolutifs-non-genetiques\/#primaryimage"},"thumbnailUrl":"http:\/\/thibault-svt.fr\/wp-content\/uploads\/2024\/01\/association-ev.jpg","datePublished":"2024-12-31T12:40:24+00:00","dateModified":"2025-01-18T16:24:33+00:00","breadcrumb":{"@id":"http:\/\/thibault-svt.fr\/index.php\/terminales\/specialite-2\/chapitre-4-mecanismes-evolutifs-non-genetiques\/#breadcrumb"},"inLanguage":"fr-FR","potentialAction":[{"@type":"ReadAction","target":["http:\/\/thibault-svt.fr\/index.php\/terminales\/specialite-2\/chapitre-4-mecanismes-evolutifs-non-genetiques\/"]}]},{"@type":"ImageObject","inLanguage":"fr-FR","@id":"http:\/\/thibault-svt.fr\/index.php\/terminales\/specialite-2\/chapitre-4-mecanismes-evolutifs-non-genetiques\/#primaryimage","url":"http:\/\/thibault-svt.fr\/wp-content\/uploads\/2024\/01\/association-ev.jpg","contentUrl":"http:\/\/thibault-svt.fr\/wp-content\/uploads\/2024\/01\/association-ev.jpg","width":862,"height":375},{"@type":"BreadcrumbList","@id":"http:\/\/thibault-svt.fr\/index.php\/terminales\/specialite-2\/chapitre-4-mecanismes-evolutifs-non-genetiques\/#breadcrumb","itemListElement":[{"@type":"ListItem","position":1,"name":"Accueil","item":"http:\/\/thibault-svt.fr\/"},{"@type":"ListItem","position":2,"name":"Terminales","item":"http:\/\/thibault-svt.fr\/index.php\/terminales\/"},{"@type":"ListItem","position":3,"name":"Sp\u00e9cialit\u00e9 TG","item":"http:\/\/thibault-svt.fr\/index.php\/terminales\/specialite-2\/"},{"@type":"ListItem","position":4,"name":"CHAPITRE 4 \u2013 M\u00e9canismes \u00e9volutifs non g\u00e9n\u00e9tiques \u00a0"}]},{"@type":"WebSite","@id":"http:\/\/thibault-svt.fr\/#website","url":"http:\/\/thibault-svt.fr\/","name":"SVT","description":"Cours de SVT de Mme Thibault - Professeure au Lyc\u00e9e Maurice Genevoix","potentialAction":[{"@type":"SearchAction","target":{"@type":"EntryPoint","urlTemplate":"http:\/\/thibault-svt.fr\/?s={search_term_string}"},"query-input":{"@type":"PropertyValueSpecification","valueRequired":true,"valueName":"search_term_string"}}],"inLanguage":"fr-FR"}]}},"_links":{"self":[{"href":"http:\/\/thibault-svt.fr\/index.php\/wp-json\/wp\/v2\/pages\/3126","targetHints":{"allow":["GET"]}}],"collection":[{"href":"http:\/\/thibault-svt.fr\/index.php\/wp-json\/wp\/v2\/pages"}],"about":[{"href":"http:\/\/thibault-svt.fr\/index.php\/wp-json\/wp\/v2\/types\/page"}],"author":[{"embeddable":true,"href":"http:\/\/thibault-svt.fr\/index.php\/wp-json\/wp\/v2\/users\/1"}],"replies":[{"embeddable":true,"href":"http:\/\/thibault-svt.fr\/index.php\/wp-json\/wp\/v2\/comments?post=3126"}],"version-history":[{"count":14,"href":"http:\/\/thibault-svt.fr\/index.php\/wp-json\/wp\/v2\/pages\/3126\/revisions"}],"predecessor-version":[{"id":3289,"href":"http:\/\/thibault-svt.fr\/index.php\/wp-json\/wp\/v2\/pages\/3126\/revisions\/3289"}],"up":[{"embeddable":true,"href":"http:\/\/thibault-svt.fr\/index.php\/wp-json\/wp\/v2\/pages\/98"}],"wp:attachment":[{"href":"http:\/\/thibault-svt.fr\/index.php\/wp-json\/wp\/v2\/media?parent=3126"}],"curies":[{"name":"wp","href":"https:\/\/api.w.org\/{rel}","templated":true}]}}