{"id":2830,"date":"2023-10-18T16:06:20","date_gmt":"2023-10-18T14:06:20","guid":{"rendered":"http:\/\/thibault-svt.fr\/index.php\/terminales\/specialite-2\/chapitre-2-la-diversification-des-etres-vivants\/tp-tspe-th2ch2-diversification-du-genome\/"},"modified":"2024-01-17T14:32:09","modified_gmt":"2024-01-17T13:32:09","slug":"tp-tspe-th2ch2-diversification-du-genome","status":"publish","type":"page","link":"http:\/\/thibault-svt.fr\/index.php\/terminales\/specialite-2\/chapitre-2-la-diversification-des-etres-vivants\/tp-tspe-th2ch2-diversification-du-genome\/","title":{"rendered":"TP Tsp\u00e9 &#8211; TH2Ch2 : Diversification du g\u00e9nome"},"content":{"rendered":"<ul>\n<li><span style=\"color: #333399;\"><strong><span style=\"color: #000080;\"><a style=\"color: #000080;\" href=\"http:\/\/thibault-svt.fr\/wp-content\/uploads\/2024\/01\/TP5-Familles-multi-Eleves.pdf\" target=\"_blank\" rel=\"noopener\">TP5 &#8211; Formation des familles multig\u00e9<span style=\"color: #000080;\">niques<\/span><\/a> + <a style=\"color: #000080;\" href=\"http:\/\/thibault-svt.fr\/index.php\/terminales\/specialite-2\/chapitre-2-la-diversification-des-etres-vivants\/tp-tspe-th2ch2-diversification-du-genome\/correction-ts-th2ch2-tp7\/\" target=\"_blank\" rel=\"noopener\">Correction<\/a><\/span><\/strong><\/span><\/li>\n<li><span style=\"color: #3366ff;\"><b><span style=\"color: #0000ff;\"><a style=\"color: #0000ff;\" href=\"http:\/\/thibault-svt.fr\/wp-content\/uploads\/2024\/01\/DM-Aneuploidie.pdf\" target=\"_blank\" rel=\"noopener\">DM aneuplo\u00efdies<\/a><\/span> <span style=\"color: #0000ff;\">+ <a style=\"color: #0000ff;\" href=\"http:\/\/thibault-svt.fr\/index.php\/terminales\/specialite-2\/chapitre-2-la-diversification-des-etres-vivants\/tp-tspe-th2ch2-diversification-du-genome\/correction-dm-aneuploidie\/\" target=\"_blank\" rel=\"noopener\">correction<\/a><\/span><\/b><\/span><\/li>\n<li><span style=\"color: #00ccff;\"><strong><span style=\"color: #33cccc;\">TP6 &#8211; Transfert de g\u00e8ne et endosymbioses<\/span>\u00a0 <\/strong><\/span>\n<ul>\n<li style=\"list-style-type: none;\">\n<ul>\n<li><span style=\"color: #33cccc;\"><strong><a style=\"color: #33cccc;\" href=\"http:\/\/thibault-svt.fr\/wp-content\/uploads\/2024\/01\/Atelier-1-Transferts-horizontaux.pdf\" target=\"_blank\" rel=\"noopener\">Atelier 1<\/a> + <a style=\"color: #33cccc;\" href=\"http:\/\/thibault-svt.fr\/wp-content\/uploads\/2024\/01\/Ressource-1-Atelier-1.pdf\" target=\"_blank\" rel=\"noopener\">Ressource 1 <\/a>+ <a style=\"color: #33cccc;\" href=\"http:\/\/thibault-svt.fr\/wp-content\/uploads\/2024\/01\/Ressource-2-Atelier-1.pdf\" target=\"_blank\" rel=\"noopener\">Ressource 2<\/a>\u00a0 \u00a0<\/strong><\/span><\/li>\n<li><span style=\"color: #33cccc;\"><a style=\"color: #33cccc;\" href=\"http:\/\/thibault-svt.fr\/wp-content\/uploads\/2024\/01\/Atelier-2-Transfert-et-Sante.pdf\" target=\"_blank\" rel=\"noopener\"><strong>Atelier 2<\/strong><\/a> <strong>+<a style=\"color: #33cccc;\" href=\"http:\/\/thibault-svt.fr\/wp-content\/uploads\/2024\/01\/Ressource-Atelier-2.pdf\"> Ressource 1<\/a>\u00a0 \u00a0\u00a0<\/strong><\/span><\/li>\n<li><span style=\"color: #33cccc;\"><strong><a style=\"color: #33cccc;\" href=\"http:\/\/thibault-svt.fr\/wp-content\/uploads\/2024\/01\/Atelier-3.pdf\" target=\"_blank\" rel=\"noopener\">Atelier 3<\/a> + <a style=\"color: #33cccc;\" href=\"http:\/\/thibault-svt.fr\/wp-content\/uploads\/2024\/01\/Ressource-1-Atelier-3.pdf\" target=\"_blank\" rel=\"noopener\">Ressource 1<\/a> + <a style=\"color: #33cccc;\" href=\"http:\/\/thibault-svt.fr\/wp-content\/uploads\/2024\/01\/Ressource-2-Atelier-3.pdf\" target=\"_blank\" rel=\"noopener\">Ressource 2\u00a0<\/a> \u00a0<\/strong><\/span><\/li>\n<li><span style=\"color: #33cccc;\"><strong><a style=\"color: #33cccc;\" href=\"http:\/\/thibault-svt.fr\/index.php\/terminales\/specialite-2\/chapitre-2-la-diversification-des-etres-vivants\/tp-tspe-th2ch2-diversification-du-genome\/correction-ts-th2ch2-tp8\/\" target=\"_blank\" rel=\"noopener\">Correction<\/a><\/strong><\/span><\/li>\n<\/ul>\n<\/li>\n<\/ul>\n<\/li>\n<\/ul>\n<ul>\n<li><span style=\"color: #33cccc;\"><span style=\"color: #00ccff;\"><b><span style=\"color: #00ccff;\"><a style=\"color: #00ccff;\" href=\"http:\/\/thibault-svt.fr\/wp-content\/uploads\/2024\/01\/DM-Syncytine-Placenta.pdf\" target=\"_blank\" rel=\"noopener\">DM Syncytine et placenta<\/a> <\/span>+<span style=\"color: #00ccff;\"> <a style=\"color: #00ccff;\" href=\"http:\/\/thibault-svt.fr\/index.php\/terminales\/specialite-2\/chapitre-2-la-diversification-des-etres-vivants\/tp-tspe-th2ch2-diversification-du-genome\/correction-dm-syncytine\/\" target=\"_blank\" rel=\"noopener\">correction<\/a><\/span><\/b><\/span><strong><br \/>\n<\/strong><\/span><\/li>\n<\/ul>\n","protected":false},"excerpt":{"rendered":"<p>TP5 &#8211; Formation des familles multig\u00e9niques + Correction DM aneuplo\u00efdies + correction TP6 &#8211; Transfert de g\u00e8ne et endosymbioses\u00a0 Atelier 1 + Ressource 1 + Ressource 2\u00a0 \u00a0 Atelier 2 + Ressource 1\u00a0 \u00a0\u00a0 Atelier 3 + Ressource 1 + Ressource 2\u00a0 \u00a0 Correction DM Syncytine et placenta + correction<\/p>\n","protected":false},"author":1,"featured_media":0,"parent":396,"menu_order":0,"comment_status":"closed","ping_status":"closed","template":"","meta":{"footnotes":""},"class_list":["post-2830","page","type-page","status-publish","hentry"],"yoast_head":"<!-- This site is optimized with the Yoast SEO plugin v24.4 - https:\/\/yoast.com\/wordpress\/plugins\/seo\/ -->\n<title>TP Tsp\u00e9 - TH2Ch2 : Diversification du g\u00e9nome - SVT<\/title>\n<meta name=\"robots\" content=\"index, follow, max-snippet:-1, max-image-preview:large, max-video-preview:-1\" \/>\n<link rel=\"canonical\" href=\"http:\/\/thibault-svt.fr\/index.php\/terminales\/specialite-2\/chapitre-2-la-diversification-des-etres-vivants\/tp-tspe-th2ch2-diversification-du-genome\/\" \/>\n<meta property=\"og:locale\" content=\"fr_FR\" \/>\n<meta property=\"og:type\" content=\"article\" \/>\n<meta property=\"og:title\" content=\"TP Tsp\u00e9 - TH2Ch2 : Diversification du g\u00e9nome - SVT\" \/>\n<meta property=\"og:description\" content=\"TP5 &#8211; Formation des familles multig\u00e9niques + Correction DM aneuplo\u00efdies + correction TP6 &#8211; Transfert de g\u00e8ne et endosymbioses\u00a0 Atelier 1 + Ressource 1 + Ressource 2\u00a0 \u00a0 Atelier 2 + Ressource 1\u00a0 \u00a0\u00a0 Atelier 3 + Ressource 1 + Ressource 2\u00a0 \u00a0 Correction DM Syncytine et placenta + correction\" \/>\n<meta property=\"og:url\" content=\"http:\/\/thibault-svt.fr\/index.php\/terminales\/specialite-2\/chapitre-2-la-diversification-des-etres-vivants\/tp-tspe-th2ch2-diversification-du-genome\/\" \/>\n<meta property=\"og:site_name\" content=\"SVT\" \/>\n<meta property=\"article:modified_time\" content=\"2024-01-17T13:32:09+00:00\" \/>\n<meta name=\"twitter:card\" content=\"summary_large_image\" \/>\n<meta name=\"twitter:label1\" content=\"Dur\u00e9e de lecture estim\u00e9e\" \/>\n\t<meta name=\"twitter:data1\" content=\"1 minute\" \/>\n<script type=\"application\/ld+json\" class=\"yoast-schema-graph\">{\"@context\":\"https:\/\/schema.org\",\"@graph\":[{\"@type\":\"WebPage\",\"@id\":\"http:\/\/thibault-svt.fr\/index.php\/terminales\/specialite-2\/chapitre-2-la-diversification-des-etres-vivants\/tp-tspe-th2ch2-diversification-du-genome\/\",\"url\":\"http:\/\/thibault-svt.fr\/index.php\/terminales\/specialite-2\/chapitre-2-la-diversification-des-etres-vivants\/tp-tspe-th2ch2-diversification-du-genome\/\",\"name\":\"TP Tsp\u00e9 - TH2Ch2 : Diversification du g\u00e9nome - SVT\",\"isPartOf\":{\"@id\":\"http:\/\/thibault-svt.fr\/#website\"},\"datePublished\":\"2023-10-18T14:06:20+00:00\",\"dateModified\":\"2024-01-17T13:32:09+00:00\",\"breadcrumb\":{\"@id\":\"http:\/\/thibault-svt.fr\/index.php\/terminales\/specialite-2\/chapitre-2-la-diversification-des-etres-vivants\/tp-tspe-th2ch2-diversification-du-genome\/#breadcrumb\"},\"inLanguage\":\"fr-FR\",\"potentialAction\":[{\"@type\":\"ReadAction\",\"target\":[\"http:\/\/thibault-svt.fr\/index.php\/terminales\/specialite-2\/chapitre-2-la-diversification-des-etres-vivants\/tp-tspe-th2ch2-diversification-du-genome\/\"]}]},{\"@type\":\"BreadcrumbList\",\"@id\":\"http:\/\/thibault-svt.fr\/index.php\/terminales\/specialite-2\/chapitre-2-la-diversification-des-etres-vivants\/tp-tspe-th2ch2-diversification-du-genome\/#breadcrumb\",\"itemListElement\":[{\"@type\":\"ListItem\",\"position\":1,\"name\":\"Accueil\",\"item\":\"http:\/\/thibault-svt.fr\/\"},{\"@type\":\"ListItem\",\"position\":2,\"name\":\"Terminales\",\"item\":\"http:\/\/thibault-svt.fr\/index.php\/terminales\/\"},{\"@type\":\"ListItem\",\"position\":3,\"name\":\"Sp\u00e9cialit\u00e9 TG\",\"item\":\"http:\/\/thibault-svt.fr\/index.php\/terminales\/specialite-2\/\"},{\"@type\":\"ListItem\",\"position\":4,\"name\":\"CHAPITRE 2 \u2013 Diversification du g\u00e9nome et \u00e9volution\",\"item\":\"http:\/\/thibault-svt.fr\/index.php\/terminales\/specialite-2\/chapitre-2-la-diversification-des-etres-vivants\/\"},{\"@type\":\"ListItem\",\"position\":5,\"name\":\"TP Tsp\u00e9 &#8211; TH2Ch2 : Diversification du g\u00e9nome\"}]},{\"@type\":\"WebSite\",\"@id\":\"http:\/\/thibault-svt.fr\/#website\",\"url\":\"http:\/\/thibault-svt.fr\/\",\"name\":\"SVT\",\"description\":\"Cours de SVT de Mme Thibault - Professeure au Lyc\u00e9e Maurice Genevoix\",\"potentialAction\":[{\"@type\":\"SearchAction\",\"target\":{\"@type\":\"EntryPoint\",\"urlTemplate\":\"http:\/\/thibault-svt.fr\/?s={search_term_string}\"},\"query-input\":{\"@type\":\"PropertyValueSpecification\",\"valueRequired\":true,\"valueName\":\"search_term_string\"}}],\"inLanguage\":\"fr-FR\"}]}<\/script>\n<!-- \/ Yoast SEO plugin. -->","yoast_head_json":{"title":"TP Tsp\u00e9 - TH2Ch2 : Diversification du g\u00e9nome - SVT","robots":{"index":"index","follow":"follow","max-snippet":"max-snippet:-1","max-image-preview":"max-image-preview:large","max-video-preview":"max-video-preview:-1"},"canonical":"http:\/\/thibault-svt.fr\/index.php\/terminales\/specialite-2\/chapitre-2-la-diversification-des-etres-vivants\/tp-tspe-th2ch2-diversification-du-genome\/","og_locale":"fr_FR","og_type":"article","og_title":"TP Tsp\u00e9 - TH2Ch2 : Diversification du g\u00e9nome - SVT","og_description":"TP5 &#8211; Formation des familles multig\u00e9niques + Correction DM aneuplo\u00efdies + correction TP6 &#8211; Transfert de g\u00e8ne et endosymbioses\u00a0 Atelier 1 + Ressource 1 + Ressource 2\u00a0 \u00a0 Atelier 2 + Ressource 1\u00a0 \u00a0\u00a0 Atelier 3 + Ressource 1 + Ressource 2\u00a0 \u00a0 Correction DM Syncytine et placenta + correction","og_url":"http:\/\/thibault-svt.fr\/index.php\/terminales\/specialite-2\/chapitre-2-la-diversification-des-etres-vivants\/tp-tspe-th2ch2-diversification-du-genome\/","og_site_name":"SVT","article_modified_time":"2024-01-17T13:32:09+00:00","twitter_card":"summary_large_image","twitter_misc":{"Dur\u00e9e de lecture estim\u00e9e":"1 minute"},"schema":{"@context":"https:\/\/schema.org","@graph":[{"@type":"WebPage","@id":"http:\/\/thibault-svt.fr\/index.php\/terminales\/specialite-2\/chapitre-2-la-diversification-des-etres-vivants\/tp-tspe-th2ch2-diversification-du-genome\/","url":"http:\/\/thibault-svt.fr\/index.php\/terminales\/specialite-2\/chapitre-2-la-diversification-des-etres-vivants\/tp-tspe-th2ch2-diversification-du-genome\/","name":"TP Tsp\u00e9 - TH2Ch2 : Diversification du g\u00e9nome - SVT","isPartOf":{"@id":"http:\/\/thibault-svt.fr\/#website"},"datePublished":"2023-10-18T14:06:20+00:00","dateModified":"2024-01-17T13:32:09+00:00","breadcrumb":{"@id":"http:\/\/thibault-svt.fr\/index.php\/terminales\/specialite-2\/chapitre-2-la-diversification-des-etres-vivants\/tp-tspe-th2ch2-diversification-du-genome\/#breadcrumb"},"inLanguage":"fr-FR","potentialAction":[{"@type":"ReadAction","target":["http:\/\/thibault-svt.fr\/index.php\/terminales\/specialite-2\/chapitre-2-la-diversification-des-etres-vivants\/tp-tspe-th2ch2-diversification-du-genome\/"]}]},{"@type":"BreadcrumbList","@id":"http:\/\/thibault-svt.fr\/index.php\/terminales\/specialite-2\/chapitre-2-la-diversification-des-etres-vivants\/tp-tspe-th2ch2-diversification-du-genome\/#breadcrumb","itemListElement":[{"@type":"ListItem","position":1,"name":"Accueil","item":"http:\/\/thibault-svt.fr\/"},{"@type":"ListItem","position":2,"name":"Terminales","item":"http:\/\/thibault-svt.fr\/index.php\/terminales\/"},{"@type":"ListItem","position":3,"name":"Sp\u00e9cialit\u00e9 TG","item":"http:\/\/thibault-svt.fr\/index.php\/terminales\/specialite-2\/"},{"@type":"ListItem","position":4,"name":"CHAPITRE 2 \u2013 Diversification du g\u00e9nome et \u00e9volution","item":"http:\/\/thibault-svt.fr\/index.php\/terminales\/specialite-2\/chapitre-2-la-diversification-des-etres-vivants\/"},{"@type":"ListItem","position":5,"name":"TP Tsp\u00e9 &#8211; TH2Ch2 : Diversification du g\u00e9nome"}]},{"@type":"WebSite","@id":"http:\/\/thibault-svt.fr\/#website","url":"http:\/\/thibault-svt.fr\/","name":"SVT","description":"Cours de SVT de Mme Thibault - Professeure au Lyc\u00e9e Maurice Genevoix","potentialAction":[{"@type":"SearchAction","target":{"@type":"EntryPoint","urlTemplate":"http:\/\/thibault-svt.fr\/?s={search_term_string}"},"query-input":{"@type":"PropertyValueSpecification","valueRequired":true,"valueName":"search_term_string"}}],"inLanguage":"fr-FR"}]}},"_links":{"self":[{"href":"http:\/\/thibault-svt.fr\/index.php\/wp-json\/wp\/v2\/pages\/2830","targetHints":{"allow":["GET"]}}],"collection":[{"href":"http:\/\/thibault-svt.fr\/index.php\/wp-json\/wp\/v2\/pages"}],"about":[{"href":"http:\/\/thibault-svt.fr\/index.php\/wp-json\/wp\/v2\/types\/page"}],"author":[{"embeddable":true,"href":"http:\/\/thibault-svt.fr\/index.php\/wp-json\/wp\/v2\/users\/1"}],"replies":[{"embeddable":true,"href":"http:\/\/thibault-svt.fr\/index.php\/wp-json\/wp\/v2\/comments?post=2830"}],"version-history":[{"count":11,"href":"http:\/\/thibault-svt.fr\/index.php\/wp-json\/wp\/v2\/pages\/2830\/revisions"}],"predecessor-version":[{"id":2948,"href":"http:\/\/thibault-svt.fr\/index.php\/wp-json\/wp\/v2\/pages\/2830\/revisions\/2948"}],"up":[{"embeddable":true,"href":"http:\/\/thibault-svt.fr\/index.php\/wp-json\/wp\/v2\/pages\/396"}],"wp:attachment":[{"href":"http:\/\/thibault-svt.fr\/index.php\/wp-json\/wp\/v2\/media?parent=2830"}],"curies":[{"name":"wp","href":"https:\/\/api.w.org\/{rel}","templated":true}]}}