{"id":2807,"date":"2023-10-18T15:34:41","date_gmt":"2023-10-18T13:34:41","guid":{"rendered":"http:\/\/thibault-svt.fr\/?page_id=2807"},"modified":"2023-10-18T15:38:08","modified_gmt":"2023-10-18T13:38:08","slug":"tp-theme-1-ch-4-controle-des-flux-de-glucose","status":"publish","type":"page","link":"http:\/\/thibault-svt.fr\/index.php\/terminales\/specialite-2\/theme-3-glycemie-et-diabetes\/tp-theme-1-ch-4-controle-des-flux-de-glucose\/","title":{"rendered":"TP Th\u00e8me 1-Ch 4 : Contr\u00f4le des flux de glucose"},"content":{"rendered":"<ul>\n<li><span style=\"color: #008000;\"><a style=\"color: #008000;\" href=\"http:\/\/thibault-svt.fr\/wp-content\/uploads\/2023\/10\/TP11-la-gestion-du-glucose-par-lorganisme-ELEVE.pdf\" target=\"_blank\" rel=\"noopener\">TP11 &#8211; Gestion du glucose &#8211; R\u00f4le du foie.<\/a>\u00a0 + <a style=\"color: #008000;\" href=\"http:\/\/thibault-svt.fr\/index.php\/terminales\/specialite-2\/theme-3-glycemie-et-diabetes\/tspe-th1ch4-tp11\/\">Correction<\/a><\/span><\/li>\n<li><span style=\"color: #0c9696;\"><a style=\"color: #0c9696;\" href=\"http:\/\/thibault-svt.fr\/wp-content\/uploads\/2023\/10\/TP12-la-regulation-de-la-glycemie-ELEVE.pdf\" target=\"_blank\" rel=\"noopener\">TP12 &#8211; R\u00e9gulation de la glyc\u00e9mie par le pancr\u00e9as\u00a0<\/a> +\u00a0 <a style=\"color: #0c9696;\" href=\"http:\/\/thibault-svt.fr\/index.php\/terminales\/specialite-2\/theme-3-glycemie-et-diabetes\/tspe-th1ch4-tp12\/\">Correction<\/a><\/span><\/li>\n<\/ul>\n","protected":false},"excerpt":{"rendered":"<p>TP11 &#8211; Gestion du glucose &#8211; R\u00f4le du foie.\u00a0 + Correction TP12 &#8211; R\u00e9gulation de la glyc\u00e9mie par le pancr\u00e9as\u00a0 +\u00a0 Correction<\/p>\n","protected":false},"author":1,"featured_media":0,"parent":147,"menu_order":0,"comment_status":"closed","ping_status":"closed","template":"full-width-page-template.php","meta":{"footnotes":""},"class_list":["post-2807","page","type-page","status-publish","hentry"],"yoast_head":"<!-- This site is optimized with the Yoast SEO plugin v24.4 - https:\/\/yoast.com\/wordpress\/plugins\/seo\/ -->\n<title>TP Th\u00e8me 1-Ch 4 : Contr\u00f4le des flux de glucose - SVT<\/title>\n<meta name=\"robots\" content=\"index, follow, max-snippet:-1, max-image-preview:large, max-video-preview:-1\" \/>\n<link rel=\"canonical\" href=\"http:\/\/thibault-svt.fr\/index.php\/terminales\/specialite-2\/theme-3-glycemie-et-diabetes\/tp-theme-1-ch-4-controle-des-flux-de-glucose\/\" \/>\n<meta property=\"og:locale\" content=\"fr_FR\" \/>\n<meta property=\"og:type\" content=\"article\" \/>\n<meta property=\"og:title\" content=\"TP Th\u00e8me 1-Ch 4 : Contr\u00f4le des flux de glucose - SVT\" \/>\n<meta property=\"og:description\" content=\"TP11 &#8211; Gestion du glucose &#8211; R\u00f4le du foie.\u00a0 + Correction TP12 &#8211; R\u00e9gulation de la glyc\u00e9mie par le pancr\u00e9as\u00a0 +\u00a0 Correction\" \/>\n<meta property=\"og:url\" content=\"http:\/\/thibault-svt.fr\/index.php\/terminales\/specialite-2\/theme-3-glycemie-et-diabetes\/tp-theme-1-ch-4-controle-des-flux-de-glucose\/\" \/>\n<meta property=\"og:site_name\" content=\"SVT\" \/>\n<meta property=\"article:modified_time\" content=\"2023-10-18T13:38:08+00:00\" \/>\n<meta name=\"twitter:card\" content=\"summary_large_image\" \/>\n<meta name=\"twitter:label1\" content=\"Dur\u00e9e de lecture estim\u00e9e\" \/>\n\t<meta name=\"twitter:data1\" content=\"1 minute\" \/>\n<script type=\"application\/ld+json\" class=\"yoast-schema-graph\">{\"@context\":\"https:\/\/schema.org\",\"@graph\":[{\"@type\":\"WebPage\",\"@id\":\"http:\/\/thibault-svt.fr\/index.php\/terminales\/specialite-2\/theme-3-glycemie-et-diabetes\/tp-theme-1-ch-4-controle-des-flux-de-glucose\/\",\"url\":\"http:\/\/thibault-svt.fr\/index.php\/terminales\/specialite-2\/theme-3-glycemie-et-diabetes\/tp-theme-1-ch-4-controle-des-flux-de-glucose\/\",\"name\":\"TP Th\u00e8me 1-Ch 4 : Contr\u00f4le des flux de glucose - SVT\",\"isPartOf\":{\"@id\":\"http:\/\/thibault-svt.fr\/#website\"},\"datePublished\":\"2023-10-18T13:34:41+00:00\",\"dateModified\":\"2023-10-18T13:38:08+00:00\",\"breadcrumb\":{\"@id\":\"http:\/\/thibault-svt.fr\/index.php\/terminales\/specialite-2\/theme-3-glycemie-et-diabetes\/tp-theme-1-ch-4-controle-des-flux-de-glucose\/#breadcrumb\"},\"inLanguage\":\"fr-FR\",\"potentialAction\":[{\"@type\":\"ReadAction\",\"target\":[\"http:\/\/thibault-svt.fr\/index.php\/terminales\/specialite-2\/theme-3-glycemie-et-diabetes\/tp-theme-1-ch-4-controle-des-flux-de-glucose\/\"]}]},{\"@type\":\"BreadcrumbList\",\"@id\":\"http:\/\/thibault-svt.fr\/index.php\/terminales\/specialite-2\/theme-3-glycemie-et-diabetes\/tp-theme-1-ch-4-controle-des-flux-de-glucose\/#breadcrumb\",\"itemListElement\":[{\"@type\":\"ListItem\",\"position\":1,\"name\":\"Accueil\",\"item\":\"http:\/\/thibault-svt.fr\/\"},{\"@type\":\"ListItem\",\"position\":2,\"name\":\"Terminales\",\"item\":\"http:\/\/thibault-svt.fr\/index.php\/terminales\/\"},{\"@type\":\"ListItem\",\"position\":3,\"name\":\"Sp\u00e9cialit\u00e9 TG\",\"item\":\"http:\/\/thibault-svt.fr\/index.php\/terminales\/specialite-2\/\"},{\"@type\":\"ListItem\",\"position\":4,\"name\":\"CHAPITRE 4 &#8211; Le contr\u00f4le des flux de glucose, source d\u2019\u00e9nergie des cellules musculaires\",\"item\":\"http:\/\/thibault-svt.fr\/index.php\/terminales\/specialite-2\/theme-3-glycemie-et-diabetes\/\"},{\"@type\":\"ListItem\",\"position\":5,\"name\":\"TP Th\u00e8me 1-Ch 4 : Contr\u00f4le des flux de glucose\"}]},{\"@type\":\"WebSite\",\"@id\":\"http:\/\/thibault-svt.fr\/#website\",\"url\":\"http:\/\/thibault-svt.fr\/\",\"name\":\"SVT\",\"description\":\"Cours de SVT de Mme Thibault - Professeure au Lyc\u00e9e Maurice Genevoix\",\"potentialAction\":[{\"@type\":\"SearchAction\",\"target\":{\"@type\":\"EntryPoint\",\"urlTemplate\":\"http:\/\/thibault-svt.fr\/?s={search_term_string}\"},\"query-input\":{\"@type\":\"PropertyValueSpecification\",\"valueRequired\":true,\"valueName\":\"search_term_string\"}}],\"inLanguage\":\"fr-FR\"}]}<\/script>\n<!-- \/ Yoast SEO plugin. -->","yoast_head_json":{"title":"TP Th\u00e8me 1-Ch 4 : Contr\u00f4le des flux de glucose - SVT","robots":{"index":"index","follow":"follow","max-snippet":"max-snippet:-1","max-image-preview":"max-image-preview:large","max-video-preview":"max-video-preview:-1"},"canonical":"http:\/\/thibault-svt.fr\/index.php\/terminales\/specialite-2\/theme-3-glycemie-et-diabetes\/tp-theme-1-ch-4-controle-des-flux-de-glucose\/","og_locale":"fr_FR","og_type":"article","og_title":"TP Th\u00e8me 1-Ch 4 : Contr\u00f4le des flux de glucose - SVT","og_description":"TP11 &#8211; Gestion du glucose &#8211; R\u00f4le du foie.\u00a0 + Correction TP12 &#8211; R\u00e9gulation de la glyc\u00e9mie par le pancr\u00e9as\u00a0 +\u00a0 Correction","og_url":"http:\/\/thibault-svt.fr\/index.php\/terminales\/specialite-2\/theme-3-glycemie-et-diabetes\/tp-theme-1-ch-4-controle-des-flux-de-glucose\/","og_site_name":"SVT","article_modified_time":"2023-10-18T13:38:08+00:00","twitter_card":"summary_large_image","twitter_misc":{"Dur\u00e9e de lecture estim\u00e9e":"1 minute"},"schema":{"@context":"https:\/\/schema.org","@graph":[{"@type":"WebPage","@id":"http:\/\/thibault-svt.fr\/index.php\/terminales\/specialite-2\/theme-3-glycemie-et-diabetes\/tp-theme-1-ch-4-controle-des-flux-de-glucose\/","url":"http:\/\/thibault-svt.fr\/index.php\/terminales\/specialite-2\/theme-3-glycemie-et-diabetes\/tp-theme-1-ch-4-controle-des-flux-de-glucose\/","name":"TP Th\u00e8me 1-Ch 4 : Contr\u00f4le des flux de glucose - SVT","isPartOf":{"@id":"http:\/\/thibault-svt.fr\/#website"},"datePublished":"2023-10-18T13:34:41+00:00","dateModified":"2023-10-18T13:38:08+00:00","breadcrumb":{"@id":"http:\/\/thibault-svt.fr\/index.php\/terminales\/specialite-2\/theme-3-glycemie-et-diabetes\/tp-theme-1-ch-4-controle-des-flux-de-glucose\/#breadcrumb"},"inLanguage":"fr-FR","potentialAction":[{"@type":"ReadAction","target":["http:\/\/thibault-svt.fr\/index.php\/terminales\/specialite-2\/theme-3-glycemie-et-diabetes\/tp-theme-1-ch-4-controle-des-flux-de-glucose\/"]}]},{"@type":"BreadcrumbList","@id":"http:\/\/thibault-svt.fr\/index.php\/terminales\/specialite-2\/theme-3-glycemie-et-diabetes\/tp-theme-1-ch-4-controle-des-flux-de-glucose\/#breadcrumb","itemListElement":[{"@type":"ListItem","position":1,"name":"Accueil","item":"http:\/\/thibault-svt.fr\/"},{"@type":"ListItem","position":2,"name":"Terminales","item":"http:\/\/thibault-svt.fr\/index.php\/terminales\/"},{"@type":"ListItem","position":3,"name":"Sp\u00e9cialit\u00e9 TG","item":"http:\/\/thibault-svt.fr\/index.php\/terminales\/specialite-2\/"},{"@type":"ListItem","position":4,"name":"CHAPITRE 4 &#8211; Le contr\u00f4le des flux de glucose, source d\u2019\u00e9nergie des cellules musculaires","item":"http:\/\/thibault-svt.fr\/index.php\/terminales\/specialite-2\/theme-3-glycemie-et-diabetes\/"},{"@type":"ListItem","position":5,"name":"TP Th\u00e8me 1-Ch 4 : Contr\u00f4le des flux de glucose"}]},{"@type":"WebSite","@id":"http:\/\/thibault-svt.fr\/#website","url":"http:\/\/thibault-svt.fr\/","name":"SVT","description":"Cours de SVT de Mme Thibault - Professeure au Lyc\u00e9e Maurice Genevoix","potentialAction":[{"@type":"SearchAction","target":{"@type":"EntryPoint","urlTemplate":"http:\/\/thibault-svt.fr\/?s={search_term_string}"},"query-input":{"@type":"PropertyValueSpecification","valueRequired":true,"valueName":"search_term_string"}}],"inLanguage":"fr-FR"}]}},"_links":{"self":[{"href":"http:\/\/thibault-svt.fr\/index.php\/wp-json\/wp\/v2\/pages\/2807","targetHints":{"allow":["GET"]}}],"collection":[{"href":"http:\/\/thibault-svt.fr\/index.php\/wp-json\/wp\/v2\/pages"}],"about":[{"href":"http:\/\/thibault-svt.fr\/index.php\/wp-json\/wp\/v2\/types\/page"}],"author":[{"embeddable":true,"href":"http:\/\/thibault-svt.fr\/index.php\/wp-json\/wp\/v2\/users\/1"}],"replies":[{"embeddable":true,"href":"http:\/\/thibault-svt.fr\/index.php\/wp-json\/wp\/v2\/comments?post=2807"}],"version-history":[{"count":3,"href":"http:\/\/thibault-svt.fr\/index.php\/wp-json\/wp\/v2\/pages\/2807\/revisions"}],"predecessor-version":[{"id":2816,"href":"http:\/\/thibault-svt.fr\/index.php\/wp-json\/wp\/v2\/pages\/2807\/revisions\/2816"}],"up":[{"embeddable":true,"href":"http:\/\/thibault-svt.fr\/index.php\/wp-json\/wp\/v2\/pages\/147"}],"wp:attachment":[{"href":"http:\/\/thibault-svt.fr\/index.php\/wp-json\/wp\/v2\/media?parent=2807"}],"curies":[{"name":"wp","href":"https:\/\/api.w.org\/{rel}","templated":true}]}}