{"id":280,"date":"2018-05-02T20:13:32","date_gmt":"2018-05-02T18:13:32","guid":{"rendered":"http:\/\/thibault-svt.fr\/?page_id=280"},"modified":"2025-11-16T14:10:45","modified_gmt":"2025-11-16T13:10:45","slug":"rappels-et-definitions-en-genetique","status":"publish","type":"page","link":"http:\/\/thibault-svt.fr\/index.php\/terminales\/specialite-2\/la-transmission-des-caracteres-lors-de-la-reproduction-sexuee-meiose-et-fecondation\/rappels-et-definitions-en-genetique\/","title":{"rendered":"Rappels et d\u00e9finitions en g\u00e9n\u00e9tique"},"content":{"rendered":"<div class=\"titre-chapitre\">\n<h3>D\u00c9FINITIONS<\/h3>\n<\/div>\n<p style=\"text-align: left;\"><span id=\"rappelsgeneraux\" style=\"text-decoration: underline; color: #35bd64;\"><strong>Rappels g\u00e9n\u00e9raux de g\u00e9n\u00e9tique<\/strong><\/span><br \/>\n<span style=\"color: #000000;\"><span style=\"color: #3366ff;\">\u2022 <strong>ADN<\/strong><\/span> <span style=\"color: #3366ff;\">:<\/span> Mol\u00e9cule form\u00e9e de nucl\u00e9otides et d\u00e9finissant les caract\u00e8res d\u2019un individu.<\/span><br \/>\n<span id=\"defallele\" style=\"color: #000000;\"><span style=\"color: #3366ff;\"> \u2022 <strong>Chromosome <\/strong>:<\/span> Portion d&rsquo;ADN condens\u00e9<\/span><br \/>\n<span style=\"color: #000000;\"><span style=\"color: #3366ff;\"> \u2022 <strong>G\u00e8ne<\/strong> :<\/span> Portion de chromosome (donc d\u2019ADN) d\u00e9terminant un caract\u00e8re (Ex : g\u00e8ne couleur des yeux de la drosophile)<\/span><br \/>\n<span style=\"color: #000000;\"><span style=\"color: #3366ff;\"> \u2022 <strong>All\u00e8le<\/strong> :<\/span> Version d\u2019un g\u00e8ne (Exemple : Pour le g\u00e8ne pr\u00e9c\u00e9dent, il existe les all\u00e8les : Blanc, rouge, marron \u2026.)<\/span><br \/>\n<span style=\"color: #000000;\"><span style=\"color: #3366ff;\"> \u2022 <strong>Ph\u00e9notype <\/strong>:<\/span> Ensemble des caract\u00e8res d&rsquo;un individu<\/span><br \/>\n<span style=\"color: #000000;\"><span style=\"color: #3366ff;\"> \u2022 <strong>G\u00e9notype <\/strong>:<\/span> Ensemble des all\u00e8les d&rsquo;un individu<\/span><br \/>\n<span style=\"color: #000000;\"><span style=\"color: #3366ff;\"> \u2022 <strong>Caryotype <\/strong>:<\/span> Ensemble ordonn\u00e9 des chromosomes d&rsquo;un individu<\/span><\/p>\n<p><span style=\"color: #000000;\"><span style=\"color: #3366ff;\">\u2022 <strong>Cellules somatiques<\/strong> :<\/span> Toutes les cellules d\u2019un individu qui ne sont pas impliqu\u00e9es dans la reproduction<\/span><br \/>\n<span style=\"color: #000000;\"><span style=\"color: #3366ff;\"> \u2022 <strong>Cellules germinales<\/strong> :<\/span> Cellules impliqu\u00e9es dans la reproduction : Gam\u00e8tes et cellules m\u00e8res des gam\u00e8tes.<\/span><br \/>\n<span style=\"color: #000000;\"><span style=\"color: #3366ff;\"> \u2022 <strong>Gam\u00e8tes<\/strong> :<\/span> Cellules haplo\u00efdes impliqu\u00e9es dans la reproduction (spermatozo\u00efdes et ovules pour les animaux)<\/span><br \/>\n<span style=\"color: #000000;\"><span style=\"color: #3366ff;\"> \u2022 <strong>Diplo\u00efde<\/strong> :<\/span> Cellule qui poss\u00e8de 2 exemplaires de chaque chromosome (caryotype de type 2n = \u2026)<\/span><br \/>\n<span style=\"color: #000000;\"><span style=\"color: #3366ff;\"> \u2022 <strong>Haplo\u00efde <\/strong>:<\/span> Cellule qui poss\u00e8de 1 seul exemplaire de chaque chromosome (caryotype de type n = \u2026) Chez les humains les seules cellules haplo\u00efdes sont les gam\u00e8tes (spermatozo\u00efdes et ovules)<\/span><\/p>\n<p><span id=\"rappelchromosomes\" style=\"text-decoration: underline; color: #35bd64;\"><strong>Les chromosomes<\/strong><\/span><br \/>\n<span style=\"color: #000000;\"><span style=\"color: #3366ff;\">\u2022 <strong>Chromosomes homologues <\/strong>:<\/span> Chromosomes d&rsquo;une m\u00eame paire<\/span><br \/>\n<span style=\"color: #000000;\"><span style=\"color: #3366ff;\"> \u2022 <strong>Chromatide <\/strong>:<\/span> \u00ab\u00a0Bras\u00a0\u00bb d&rsquo;un chromosome.<\/span><br \/>\n<span style=\"color: #000000;\"><span style=\"color: #3366ff;\"> \u2022 <strong>Chromosome double = Chromosome bichromatidien <\/strong>:<\/span> Chromosome poss\u00e9dant 2 chromatides<\/span><br \/>\n<span style=\"color: #000000;\"><span style=\"color: #3366ff;\"> \u2022 <strong>Chromosome simple <\/strong>:<\/span> Chromosome poss\u00e9dant 1 chromatide<\/span><\/p>\n<p><img loading=\"lazy\" decoding=\"async\" class=\"aligncenter size-full wp-image-3757\" src=\"http:\/\/thibault-svt.fr\/wp-content\/uploads\/2025\/11\/Chromosomes-structure.png\" alt=\"\" width=\"822\" height=\"580\" srcset=\"http:\/\/thibault-svt.fr\/wp-content\/uploads\/2025\/11\/Chromosomes-structure.png 822w, http:\/\/thibault-svt.fr\/wp-content\/uploads\/2025\/11\/Chromosomes-structure-300x212.png 300w, http:\/\/thibault-svt.fr\/wp-content\/uploads\/2025\/11\/Chromosomes-structure-768x542.png 768w\" sizes=\"auto, (max-width: 822px) 100vw, 822px\" \/><\/p>\n<p><span id=\"rappelaneuploidies\" style=\"text-decoration: underline; color: #35bd64;\"><strong>Les anomalies du caryotype<\/strong><\/span><br \/>\n<span style=\"color: #000000;\"><span style=\"color: #3366ff;\">\u2022 <strong>Trisomie <\/strong>:<\/span> Anomalie du caryotype consistant \u00e0 avoir 3 exemplaires d&rsquo;un chromosome au lieu de 2<\/span><br \/>\n<span style=\"color: #000000;\"><span style=\"color: #3366ff;\"> \u2022 <strong>Monosomie <\/strong>:<\/span> Anomalie du caryotype consistant \u00e0 avoir 1 seul exemplaire d&rsquo;un chromosome au lieu de 2<\/span><br \/>\n<span style=\"color: #000000;\"><span style=\"color: #3366ff;\"> \u2022 <strong>Aneuplo\u00efdie <\/strong>:<\/span> Anomalie du nombre de chromosome d&rsquo;un caryotype : Les trisomies et monosomies sont des exemples d&rsquo;aneuplo\u00efdie<\/span><\/p>\n<p><span id=\"rappelmutations\" style=\"text-decoration: underline; color: #35bd64;\"><strong>L&rsquo;ADN et les mutations g\u00e9n\u00e9tiques<\/strong><\/span><br \/>\nL\u2019ADN est form\u00e9 de <strong>nucl\u00e9otides<\/strong><\/p>\n<p><strong><span style=\"color: #000000;\"><span style=\"color: #3366ff;\">\u2022 Nucl\u00e9otide : <\/span><\/span><\/strong><span style=\"color: #000000;\">Mol\u00e9cule formant l&rsquo;ADN et constitu\u00e9e : d&rsquo;un sucre (le d\u00e9soxyribose), une base azot\u00e9e et d&rsquo;un groupement phosphate. <\/span><br \/>\nIl y a quatre types de bases azot\u00e9es (Ad\u00e9nine, Thymine, Guanine, Cytosine) et donc 4 types de nucl\u00e9otides.<br \/>\nL\u2019ordre des nucl\u00e9otides d\u00e9termine le \u00ab message \u00bb g\u00e9n\u00e9tique.<\/p>\n<p><span id=\"mutations\" style=\"color: #3366ff;\"><strong> Des mutations,<\/strong><\/span> c\u2019est-\u00e0-dire des modifications de l\u2019ordre des nucl\u00e9otides, apparaissent spontan\u00e9ment. Ces mutations peuvent \u00eatre des :<br \/>\n&#8211; D\u00e9l\u00e9tions : Un nucl\u00e9otide est enlev\u00e9<br \/>\n&#8211; Insertions : Un nucl\u00e9otide est ajout\u00e9<br \/>\n&#8211; Substitutions. : Un nucl\u00e9otide est remplac\u00e9 par un autre<br \/>\nCes mutations cr\u00e9ent de nouveaux all\u00e8les, qui sont r\u00e9partis al\u00e9atoirement lors de la m\u00e9iose.<\/p>\n<p><span style=\"color: #000000;\"><span style=\"color: #3366ff;\"> \u2022 <strong>Duplication : <\/strong><\/span> Copie d&rsquo;un g\u00e8ne. <\/span><br \/>\n<span style=\"color: #000000;\"><span style=\"color: #3366ff;\"> \u2022 <strong>D\u00e9l\u00e9tion : <\/strong><\/span> Retrait d&rsquo;un g\u00e8ne <\/span><br \/>\n<span style=\"color: #000000;\"><span style=\"color: #3366ff;\"> \u2022 <strong>Translocation : <\/strong><\/span> D\u00e9placement d&rsquo;un g\u00e8ne sur un autre chromosome <\/span><br \/>\n<img loading=\"lazy\" decoding=\"async\" class=\"wp-image-442 alignnone\" src=\"http:\/\/thibault-svt.fr\/wp-content\/uploads\/2018\/05\/Duplication.png\" alt=\"\" width=\"117\" height=\"221\" \/>\u00a0 \u00a0 \u00a0 \u00a0 \u00a0 <img loading=\"lazy\" decoding=\"async\" class=\"alignnone wp-image-443\" src=\"http:\/\/thibault-svt.fr\/wp-content\/uploads\/2018\/05\/Translocation.png\" alt=\"\" width=\"282\" height=\"220\" \/><br \/>\n<em>Mini manuel de Biologie cellulaire &#8211; JM. Petit<\/em><\/p>\n<p><span id=\"famillemultigenique\" style=\"color: #3366ff;\"> \u2022 <strong>Famille multig\u00e9nique :<\/strong><\/span> Ensemble de g\u00e8nes issus d\u2019un m\u00eame g\u00e8ne ancestral, qui a pu \u00eatre dupliqu\u00e9, transloqu\u00e9 et\/ou mut\u00e9.<br \/>\n<span id=\"polyploidisation\" style=\"color: #3366ff;\"> \u2022 <strong>Polyploidisation :<\/strong><\/span> Multiplication du nombre de chromosome d&rsquo;un individu, suite \u00e0 une anomalie de m\u00e9iose.<\/p>\n<p><span id=\"Biodiversit\u00e9\" style=\"color: #35bd64;\"> Biodiversit\u00e9 et \u00e9volution des esp\u00e8ces <\/span><br \/>\n<span style=\"color: #000000;\"><span style=\"color: #3366ff;\"> \u2022 <strong>Biodiversit\u00e9 : <\/strong><\/span>Ensemble des \u00eatres vivants cohabitant dans un m\u00eame milieu <\/span><br \/>\n<span style=\"color: #000000;\"><span style=\"color: #3366ff;\"> \u2022 <strong> Population :<\/strong><\/span> Ensemble d\u2019\u00eatres vivants d\u2019une m\u00eame esp\u00e8ce qui cohabitent dans un milieu et qui vont donc se reproduire davantage entre eux qu\u2019avec d\u2019autres populations.<\/span><br \/>\n<span style=\"color: #000000;\"><span style=\"color: #3366ff;\"> \u2022 <strong>Evolution :<\/strong><\/span> Modification des caract\u00e9ristiques d\u2019une esp\u00e8ce ou d\u2019une population par cr\u00e9ation de diversit\u00e9 puis transmission de cette diversit\u00e9 par d\u00e9rive g\u00e9n\u00e9tique et s\u00e9lection naturelle<\/span><\/p>\n<p><span style=\"color: #000000;\"><span style=\"color: #3366ff;\"> \u2022 <strong> Avantage s\u00e9lectif :<\/strong><\/span> caract\u00e8re permettant \u00e0 son porteur de survivre davantage que les autres individus, et donc de se reproduire davantage<\/span><br \/>\n<span style=\"color: #000000;\"><span style=\"color: #3366ff;\"> \u2022 <strong> Pression de s\u00e9lection :<\/strong><\/span> Param\u00e8tre de l&rsquo;environnement qui emp\u00e8che une partie de la population de se reproduire autant que les autres individus <\/span><\/p>\n<p><span style=\"color: #000000;\"><span style=\"color: #3366ff;\"> \u2022 <strong> Sp\u00e9ciation :<\/strong><\/span> Apparition d&rsquo;une nouvelle esp\u00e8ce \u00e0 partir d&rsquo;une population existante <\/span><br \/>\n<span style=\"color: #000000;\"><span style=\"color: #3366ff;\"> \u2022 <strong> Isolement reproducteur :<\/strong><\/span> Impossibilit\u00e9 pour deux populations (ou deux individus) de se reproduire l&rsquo;une avec l&rsquo;autre <\/span><\/p>\n","protected":false},"excerpt":{"rendered":"<p>D\u00c9FINITIONS Rappels g\u00e9n\u00e9raux de g\u00e9n\u00e9tique \u2022 ADN : Mol\u00e9cule form\u00e9e de nucl\u00e9otides et d\u00e9finissant les caract\u00e8res d\u2019un individu. \u2022 Chromosome : Portion d&rsquo;ADN condens\u00e9 \u2022 G\u00e8ne : Portion de chromosome (donc d\u2019ADN) d\u00e9terminant un caract\u00e8re (Ex : g\u00e8ne couleur des yeux de la drosophile) \u2022 All\u00e8le : Version d\u2019un g\u00e8ne (Exemple : Pour le g\u00e8ne [&hellip;]<\/p>\n","protected":false},"author":1,"featured_media":0,"parent":258,"menu_order":1,"comment_status":"closed","ping_status":"closed","template":"full-width-page-template.php","meta":{"footnotes":""},"class_list":["post-280","page","type-page","status-publish","hentry"],"yoast_head":"<!-- This site is optimized with the Yoast SEO plugin v24.4 - https:\/\/yoast.com\/wordpress\/plugins\/seo\/ -->\n<title>SVT-TS : Rappels et d\u00e9finitions en g\u00e9n\u00e9tique et \u00e9volution.<\/title>\n<meta name=\"description\" content=\"Cours de SVT - Terminale S : Rappels et d\u00e9finitions. structure de l&#039;ADN, organisation du g\u00e9nome (chromosomes, g\u00e8nes, all\u00e8les), m\u00e9canismes de diversification du vivant et d&#039;\u00e9volution (d\u00e9rive g\u00e9n\u00e9tique, s\u00e9lection naturelle, polyplo\u00efdisation ...), anomalies du caryotype (trisomie, aneuplo\u00efdies ...)\" \/>\n<meta name=\"robots\" content=\"index, follow, max-snippet:-1, max-image-preview:large, max-video-preview:-1\" \/>\n<link rel=\"canonical\" href=\"http:\/\/thibault-svt.fr\/index.php\/terminales\/specialite-2\/la-transmission-des-caracteres-lors-de-la-reproduction-sexuee-meiose-et-fecondation\/rappels-et-definitions-en-genetique\/\" \/>\n<meta property=\"og:locale\" content=\"fr_FR\" \/>\n<meta property=\"og:type\" content=\"article\" \/>\n<meta property=\"og:title\" content=\"SVT-TS : Rappels et d\u00e9finitions en g\u00e9n\u00e9tique et \u00e9volution.\" \/>\n<meta property=\"og:description\" content=\"Cours de SVT - Terminale S : Rappels et d\u00e9finitions. structure de l&#039;ADN, organisation du g\u00e9nome (chromosomes, g\u00e8nes, all\u00e8les), m\u00e9canismes de diversification du vivant et d&#039;\u00e9volution (d\u00e9rive g\u00e9n\u00e9tique, s\u00e9lection naturelle, polyplo\u00efdisation ...), anomalies du caryotype (trisomie, aneuplo\u00efdies ...)\" \/>\n<meta property=\"og:url\" content=\"http:\/\/thibault-svt.fr\/index.php\/terminales\/specialite-2\/la-transmission-des-caracteres-lors-de-la-reproduction-sexuee-meiose-et-fecondation\/rappels-et-definitions-en-genetique\/\" \/>\n<meta property=\"og:site_name\" content=\"SVT\" \/>\n<meta property=\"article:modified_time\" content=\"2025-11-16T13:10:45+00:00\" \/>\n<meta property=\"og:image\" content=\"http:\/\/thibault-svt.fr\/wp-content\/uploads\/2025\/11\/Chromosomes-structure.png\" \/>\n\t<meta property=\"og:image:width\" content=\"822\" \/>\n\t<meta property=\"og:image:height\" content=\"580\" \/>\n\t<meta property=\"og:image:type\" content=\"image\/png\" \/>\n<meta name=\"twitter:card\" content=\"summary_large_image\" \/>\n<meta name=\"twitter:label1\" content=\"Dur\u00e9e de lecture estim\u00e9e\" \/>\n\t<meta name=\"twitter:data1\" content=\"4 minutes\" \/>\n<script type=\"application\/ld+json\" class=\"yoast-schema-graph\">{\"@context\":\"https:\/\/schema.org\",\"@graph\":[{\"@type\":\"WebPage\",\"@id\":\"http:\/\/thibault-svt.fr\/index.php\/terminales\/specialite-2\/la-transmission-des-caracteres-lors-de-la-reproduction-sexuee-meiose-et-fecondation\/rappels-et-definitions-en-genetique\/\",\"url\":\"http:\/\/thibault-svt.fr\/index.php\/terminales\/specialite-2\/la-transmission-des-caracteres-lors-de-la-reproduction-sexuee-meiose-et-fecondation\/rappels-et-definitions-en-genetique\/\",\"name\":\"SVT-TS : Rappels et d\u00e9finitions en g\u00e9n\u00e9tique et \u00e9volution.\",\"isPartOf\":{\"@id\":\"http:\/\/thibault-svt.fr\/#website\"},\"primaryImageOfPage\":{\"@id\":\"http:\/\/thibault-svt.fr\/index.php\/terminales\/specialite-2\/la-transmission-des-caracteres-lors-de-la-reproduction-sexuee-meiose-et-fecondation\/rappels-et-definitions-en-genetique\/#primaryimage\"},\"image\":{\"@id\":\"http:\/\/thibault-svt.fr\/index.php\/terminales\/specialite-2\/la-transmission-des-caracteres-lors-de-la-reproduction-sexuee-meiose-et-fecondation\/rappels-et-definitions-en-genetique\/#primaryimage\"},\"thumbnailUrl\":\"http:\/\/thibault-svt.fr\/wp-content\/uploads\/2025\/11\/Chromosomes-structure.png\",\"datePublished\":\"2018-05-02T18:13:32+00:00\",\"dateModified\":\"2025-11-16T13:10:45+00:00\",\"description\":\"Cours de SVT - Terminale S : Rappels et d\u00e9finitions. structure de l'ADN, organisation du g\u00e9nome (chromosomes, g\u00e8nes, all\u00e8les), m\u00e9canismes de diversification du vivant et d'\u00e9volution (d\u00e9rive g\u00e9n\u00e9tique, s\u00e9lection naturelle, polyplo\u00efdisation ...), anomalies du caryotype (trisomie, aneuplo\u00efdies ...)\",\"breadcrumb\":{\"@id\":\"http:\/\/thibault-svt.fr\/index.php\/terminales\/specialite-2\/la-transmission-des-caracteres-lors-de-la-reproduction-sexuee-meiose-et-fecondation\/rappels-et-definitions-en-genetique\/#breadcrumb\"},\"inLanguage\":\"fr-FR\",\"potentialAction\":[{\"@type\":\"ReadAction\",\"target\":[\"http:\/\/thibault-svt.fr\/index.php\/terminales\/specialite-2\/la-transmission-des-caracteres-lors-de-la-reproduction-sexuee-meiose-et-fecondation\/rappels-et-definitions-en-genetique\/\"]}]},{\"@type\":\"ImageObject\",\"inLanguage\":\"fr-FR\",\"@id\":\"http:\/\/thibault-svt.fr\/index.php\/terminales\/specialite-2\/la-transmission-des-caracteres-lors-de-la-reproduction-sexuee-meiose-et-fecondation\/rappels-et-definitions-en-genetique\/#primaryimage\",\"url\":\"http:\/\/thibault-svt.fr\/wp-content\/uploads\/2025\/11\/Chromosomes-structure.png\",\"contentUrl\":\"http:\/\/thibault-svt.fr\/wp-content\/uploads\/2025\/11\/Chromosomes-structure.png\",\"width\":822,\"height\":580},{\"@type\":\"BreadcrumbList\",\"@id\":\"http:\/\/thibault-svt.fr\/index.php\/terminales\/specialite-2\/la-transmission-des-caracteres-lors-de-la-reproduction-sexuee-meiose-et-fecondation\/rappels-et-definitions-en-genetique\/#breadcrumb\",\"itemListElement\":[{\"@type\":\"ListItem\",\"position\":1,\"name\":\"Accueil\",\"item\":\"http:\/\/thibault-svt.fr\/\"},{\"@type\":\"ListItem\",\"position\":2,\"name\":\"Terminales\",\"item\":\"http:\/\/thibault-svt.fr\/index.php\/terminales\/\"},{\"@type\":\"ListItem\",\"position\":3,\"name\":\"Sp\u00e9cialit\u00e9 TG\",\"item\":\"http:\/\/thibault-svt.fr\/index.php\/terminales\/specialite-2\/\"},{\"@type\":\"ListItem\",\"position\":4,\"name\":\"CHAPITRE 1 \u2013 Origine du g\u00e9notype\",\"item\":\"http:\/\/thibault-svt.fr\/index.php\/terminales\/specialite-2\/la-transmission-des-caracteres-lors-de-la-reproduction-sexuee-meiose-et-fecondation\/\"},{\"@type\":\"ListItem\",\"position\":5,\"name\":\"Rappels et d\u00e9finitions en g\u00e9n\u00e9tique\"}]},{\"@type\":\"WebSite\",\"@id\":\"http:\/\/thibault-svt.fr\/#website\",\"url\":\"http:\/\/thibault-svt.fr\/\",\"name\":\"SVT\",\"description\":\"Cours de SVT de Mme Thibault - Professeure au Lyc\u00e9e Maurice Genevoix\",\"potentialAction\":[{\"@type\":\"SearchAction\",\"target\":{\"@type\":\"EntryPoint\",\"urlTemplate\":\"http:\/\/thibault-svt.fr\/?s={search_term_string}\"},\"query-input\":{\"@type\":\"PropertyValueSpecification\",\"valueRequired\":true,\"valueName\":\"search_term_string\"}}],\"inLanguage\":\"fr-FR\"}]}<\/script>\n<!-- \/ Yoast SEO plugin. -->","yoast_head_json":{"title":"SVT-TS : Rappels et d\u00e9finitions en g\u00e9n\u00e9tique et \u00e9volution.","description":"Cours de SVT - Terminale S : Rappels et d\u00e9finitions. structure de l'ADN, organisation du g\u00e9nome (chromosomes, g\u00e8nes, all\u00e8les), m\u00e9canismes de diversification du vivant et d'\u00e9volution (d\u00e9rive g\u00e9n\u00e9tique, s\u00e9lection naturelle, polyplo\u00efdisation ...), anomalies du caryotype (trisomie, aneuplo\u00efdies ...)","robots":{"index":"index","follow":"follow","max-snippet":"max-snippet:-1","max-image-preview":"max-image-preview:large","max-video-preview":"max-video-preview:-1"},"canonical":"http:\/\/thibault-svt.fr\/index.php\/terminales\/specialite-2\/la-transmission-des-caracteres-lors-de-la-reproduction-sexuee-meiose-et-fecondation\/rappels-et-definitions-en-genetique\/","og_locale":"fr_FR","og_type":"article","og_title":"SVT-TS : Rappels et d\u00e9finitions en g\u00e9n\u00e9tique et \u00e9volution.","og_description":"Cours de SVT - Terminale S : Rappels et d\u00e9finitions. structure de l'ADN, organisation du g\u00e9nome (chromosomes, g\u00e8nes, all\u00e8les), m\u00e9canismes de diversification du vivant et d'\u00e9volution (d\u00e9rive g\u00e9n\u00e9tique, s\u00e9lection naturelle, polyplo\u00efdisation ...), anomalies du caryotype (trisomie, aneuplo\u00efdies ...)","og_url":"http:\/\/thibault-svt.fr\/index.php\/terminales\/specialite-2\/la-transmission-des-caracteres-lors-de-la-reproduction-sexuee-meiose-et-fecondation\/rappels-et-definitions-en-genetique\/","og_site_name":"SVT","article_modified_time":"2025-11-16T13:10:45+00:00","og_image":[{"width":822,"height":580,"url":"http:\/\/thibault-svt.fr\/wp-content\/uploads\/2025\/11\/Chromosomes-structure.png","type":"image\/png"}],"twitter_card":"summary_large_image","twitter_misc":{"Dur\u00e9e de lecture estim\u00e9e":"4 minutes"},"schema":{"@context":"https:\/\/schema.org","@graph":[{"@type":"WebPage","@id":"http:\/\/thibault-svt.fr\/index.php\/terminales\/specialite-2\/la-transmission-des-caracteres-lors-de-la-reproduction-sexuee-meiose-et-fecondation\/rappels-et-definitions-en-genetique\/","url":"http:\/\/thibault-svt.fr\/index.php\/terminales\/specialite-2\/la-transmission-des-caracteres-lors-de-la-reproduction-sexuee-meiose-et-fecondation\/rappels-et-definitions-en-genetique\/","name":"SVT-TS : Rappels et d\u00e9finitions en g\u00e9n\u00e9tique et \u00e9volution.","isPartOf":{"@id":"http:\/\/thibault-svt.fr\/#website"},"primaryImageOfPage":{"@id":"http:\/\/thibault-svt.fr\/index.php\/terminales\/specialite-2\/la-transmission-des-caracteres-lors-de-la-reproduction-sexuee-meiose-et-fecondation\/rappels-et-definitions-en-genetique\/#primaryimage"},"image":{"@id":"http:\/\/thibault-svt.fr\/index.php\/terminales\/specialite-2\/la-transmission-des-caracteres-lors-de-la-reproduction-sexuee-meiose-et-fecondation\/rappels-et-definitions-en-genetique\/#primaryimage"},"thumbnailUrl":"http:\/\/thibault-svt.fr\/wp-content\/uploads\/2025\/11\/Chromosomes-structure.png","datePublished":"2018-05-02T18:13:32+00:00","dateModified":"2025-11-16T13:10:45+00:00","description":"Cours de SVT - Terminale S : Rappels et d\u00e9finitions. structure de l'ADN, organisation du g\u00e9nome (chromosomes, g\u00e8nes, all\u00e8les), m\u00e9canismes de diversification du vivant et d'\u00e9volution (d\u00e9rive g\u00e9n\u00e9tique, s\u00e9lection naturelle, polyplo\u00efdisation ...), anomalies du caryotype (trisomie, aneuplo\u00efdies ...)","breadcrumb":{"@id":"http:\/\/thibault-svt.fr\/index.php\/terminales\/specialite-2\/la-transmission-des-caracteres-lors-de-la-reproduction-sexuee-meiose-et-fecondation\/rappels-et-definitions-en-genetique\/#breadcrumb"},"inLanguage":"fr-FR","potentialAction":[{"@type":"ReadAction","target":["http:\/\/thibault-svt.fr\/index.php\/terminales\/specialite-2\/la-transmission-des-caracteres-lors-de-la-reproduction-sexuee-meiose-et-fecondation\/rappels-et-definitions-en-genetique\/"]}]},{"@type":"ImageObject","inLanguage":"fr-FR","@id":"http:\/\/thibault-svt.fr\/index.php\/terminales\/specialite-2\/la-transmission-des-caracteres-lors-de-la-reproduction-sexuee-meiose-et-fecondation\/rappels-et-definitions-en-genetique\/#primaryimage","url":"http:\/\/thibault-svt.fr\/wp-content\/uploads\/2025\/11\/Chromosomes-structure.png","contentUrl":"http:\/\/thibault-svt.fr\/wp-content\/uploads\/2025\/11\/Chromosomes-structure.png","width":822,"height":580},{"@type":"BreadcrumbList","@id":"http:\/\/thibault-svt.fr\/index.php\/terminales\/specialite-2\/la-transmission-des-caracteres-lors-de-la-reproduction-sexuee-meiose-et-fecondation\/rappels-et-definitions-en-genetique\/#breadcrumb","itemListElement":[{"@type":"ListItem","position":1,"name":"Accueil","item":"http:\/\/thibault-svt.fr\/"},{"@type":"ListItem","position":2,"name":"Terminales","item":"http:\/\/thibault-svt.fr\/index.php\/terminales\/"},{"@type":"ListItem","position":3,"name":"Sp\u00e9cialit\u00e9 TG","item":"http:\/\/thibault-svt.fr\/index.php\/terminales\/specialite-2\/"},{"@type":"ListItem","position":4,"name":"CHAPITRE 1 \u2013 Origine du g\u00e9notype","item":"http:\/\/thibault-svt.fr\/index.php\/terminales\/specialite-2\/la-transmission-des-caracteres-lors-de-la-reproduction-sexuee-meiose-et-fecondation\/"},{"@type":"ListItem","position":5,"name":"Rappels et d\u00e9finitions en g\u00e9n\u00e9tique"}]},{"@type":"WebSite","@id":"http:\/\/thibault-svt.fr\/#website","url":"http:\/\/thibault-svt.fr\/","name":"SVT","description":"Cours de SVT de Mme Thibault - Professeure au Lyc\u00e9e Maurice Genevoix","potentialAction":[{"@type":"SearchAction","target":{"@type":"EntryPoint","urlTemplate":"http:\/\/thibault-svt.fr\/?s={search_term_string}"},"query-input":{"@type":"PropertyValueSpecification","valueRequired":true,"valueName":"search_term_string"}}],"inLanguage":"fr-FR"}]}},"_links":{"self":[{"href":"http:\/\/thibault-svt.fr\/index.php\/wp-json\/wp\/v2\/pages\/280","targetHints":{"allow":["GET"]}}],"collection":[{"href":"http:\/\/thibault-svt.fr\/index.php\/wp-json\/wp\/v2\/pages"}],"about":[{"href":"http:\/\/thibault-svt.fr\/index.php\/wp-json\/wp\/v2\/types\/page"}],"author":[{"embeddable":true,"href":"http:\/\/thibault-svt.fr\/index.php\/wp-json\/wp\/v2\/users\/1"}],"replies":[{"embeddable":true,"href":"http:\/\/thibault-svt.fr\/index.php\/wp-json\/wp\/v2\/comments?post=280"}],"version-history":[{"count":46,"href":"http:\/\/thibault-svt.fr\/index.php\/wp-json\/wp\/v2\/pages\/280\/revisions"}],"predecessor-version":[{"id":3759,"href":"http:\/\/thibault-svt.fr\/index.php\/wp-json\/wp\/v2\/pages\/280\/revisions\/3759"}],"up":[{"embeddable":true,"href":"http:\/\/thibault-svt.fr\/index.php\/wp-json\/wp\/v2\/pages\/258"}],"wp:attachment":[{"href":"http:\/\/thibault-svt.fr\/index.php\/wp-json\/wp\/v2\/media?parent=280"}],"curies":[{"name":"wp","href":"https:\/\/api.w.org\/{rel}","templated":true}]}}