{"id":2682,"date":"2023-08-29T16:35:36","date_gmt":"2023-08-29T14:35:36","guid":{"rendered":"http:\/\/thibault-svt.fr\/?page_id=2682"},"modified":"2025-05-08T12:52:52","modified_gmt":"2025-05-08T10:52:52","slug":"fiches-methodes","status":"publish","type":"page","link":"http:\/\/thibault-svt.fr\/index.php\/methodes-pour-tous-les-niveaux\/fiches-methodes\/","title":{"rendered":"Les fiches m\u00e9thodes"},"content":{"rendered":"<ul>\n<li><span style=\"color: #000080;\"><a style=\"color: #000080;\" href=\"http:\/\/thibault-svt.fr\/wp-content\/uploads\/2023\/08\/FM-10-Schemas.pdf\" target=\"_blank\" rel=\"noopener\">Construire un sch\u00e9ma structural ou fonctionnel<\/a><\/span><\/li>\n<li><span style=\"color: #333399;\"><a style=\"color: #333399;\" href=\"http:\/\/thibault-svt.fr\/wp-content\/uploads\/2023\/08\/FM-9-Tableau.pdf\" target=\"_blank\" rel=\"noopener\">Construire un tableau<\/a><\/span><\/li>\n<li><span style=\"color: #008080;\"><a style=\"color: #008080;\" href=\"http:\/\/thibault-svt.fr\/wp-content\/uploads\/2023\/08\/FM-2-Etude-de-graphique.pdf\" target=\"_blank\" rel=\"noopener\">Etudier un graphique<\/a><\/span><\/li>\n<li><span style=\"color: #808000;\"><a style=\"color: #808000;\" href=\"http:\/\/thibault-svt.fr\/wp-content\/uploads\/2023\/08\/FM-5-Microscope.pdf\" target=\"_blank\" rel=\"noopener\">Utiliser un microscope<\/a><\/span><\/li>\n<li><span style=\"color: #993300;\"><a style=\"color: #993300;\" href=\"http:\/\/thibault-svt.fr\/wp-content\/uploads\/2023\/08\/FM-7-Calculer-une-taille-a-partir-dune-echelle.pdf\" target=\"_blank\" rel=\"noopener\">Calculer la taille d&rsquo;un objet photographi\u00e9 \u00e0 partir de l&rsquo;\u00e9chelle<\/a><\/span><\/li>\n<li><span style=\"color: #800000;\"><span style=\"color: #800000;\"><a style=\"color: #800000;\" href=\"http:\/\/thibault-svt.fr\/wp-content\/uploads\/2023\/08\/Fiche-methode-Ecriture-scientifique.pdf\" target=\"_blank\" rel=\"noopener\">Utiliser l&rsquo;\u00e9criture scientifique\u00a0<\/a><\/span><\/span><\/li>\n<li><span style=\"color: #ff0000;\"><span style=\"color: #ff0000;\"><a style=\"color: #ff0000;\" href=\"http:\/\/thibault-svt.fr\/wp-content\/uploads\/2023\/08\/FM-Demarche-ECE.pdf\" target=\"_blank\" rel=\"noopener\">Proposer une strat\u00e9gie de TP<\/a><\/span><\/span><\/li>\n<li><a href=\"http:\/\/thibault-svt.fr\/wp-content\/uploads\/2023\/08\/Apprendre2.pdf\" target=\"_blank\" rel=\"noopener\"><span style=\"color: #ff00ff;\">Apprendre son cours<\/span><\/a><\/li>\n<li><span style=\"color: #ff9900;\"><a style=\"color: #ff9900;\" href=\"http:\/\/thibault-svt.fr\/wp-content\/uploads\/2023\/08\/FM-3-texte-argumente-avec-documents.pdf\" target=\"_blank\" rel=\"noopener\">R\u00e9aliser une synth\u00e8se\/texte argument\u00e9 \u00e0 partir de document<\/a><\/span><\/li>\n<li><span style=\"color: #ffcc00;\"><span style=\"color: #ffcc00;\"><a style=\"color: #ffcc00;\" href=\"http:\/\/thibault-svt.fr\/wp-content\/uploads\/2023\/08\/FM-Restitution-de-connaissances.pdf\" target=\"_blank\" rel=\"noopener\">R\u00e9aliser une restitution organis\u00e9e de connaissances<\/a><\/span><\/span><\/li>\n<li><span style=\"color: #1abd61;\"><a style=\"color: #1abd61;\" href=\"http:\/\/thibault-svt.fr\/wp-content\/uploads\/2023\/08\/FICHE-METHODE-type-1.pdf\" target=\"_blank\" rel=\"noopener\">L&rsquo;exercice I du Baccalaur\u00e9at<\/a><\/span><\/li>\n<li><span style=\"color: #1ea6a6;\"><a style=\"color: #1ea6a6;\" href=\"http:\/\/thibault-svt.fr\/wp-content\/uploads\/2023\/08\/FICHE-METHODE-EX2.pdf\" target=\"_blank\" rel=\"noopener\">L&rsquo;exercice II du Baccalaur\u00e9at<\/a><\/span><\/li>\n<\/ul>\n","protected":false},"excerpt":{"rendered":"<p>Construire un sch\u00e9ma structural ou fonctionnel Construire un tableau Etudier un graphique Utiliser un microscope Calculer la taille d&rsquo;un objet photographi\u00e9 \u00e0 partir de l&rsquo;\u00e9chelle Utiliser l&rsquo;\u00e9criture scientifique\u00a0 Proposer une strat\u00e9gie de TP Apprendre son cours R\u00e9aliser une synth\u00e8se\/texte argument\u00e9 \u00e0 partir de document R\u00e9aliser une restitution organis\u00e9e de connaissances L&rsquo;exercice I du Baccalaur\u00e9at L&rsquo;exercice [&hellip;]<\/p>\n","protected":false},"author":1,"featured_media":0,"parent":2184,"menu_order":3,"comment_status":"closed","ping_status":"closed","template":"full-width-page-template.php","meta":{"footnotes":""},"class_list":["post-2682","page","type-page","status-publish","hentry"],"yoast_head":"<!-- This site is optimized with the Yoast SEO plugin v24.4 - https:\/\/yoast.com\/wordpress\/plugins\/seo\/ -->\n<title>Les fiches m\u00e9thodes - SVT<\/title>\n<meta name=\"robots\" content=\"index, follow, max-snippet:-1, max-image-preview:large, max-video-preview:-1\" \/>\n<link rel=\"canonical\" href=\"http:\/\/thibault-svt.fr\/index.php\/methodes-pour-tous-les-niveaux\/fiches-methodes\/\" \/>\n<meta property=\"og:locale\" content=\"fr_FR\" \/>\n<meta property=\"og:type\" content=\"article\" \/>\n<meta property=\"og:title\" content=\"Les fiches m\u00e9thodes - SVT\" \/>\n<meta property=\"og:description\" content=\"Construire un sch\u00e9ma structural ou fonctionnel Construire un tableau Etudier un graphique Utiliser un microscope Calculer la taille d&rsquo;un objet photographi\u00e9 \u00e0 partir de l&rsquo;\u00e9chelle Utiliser l&rsquo;\u00e9criture scientifique\u00a0 Proposer une strat\u00e9gie de TP Apprendre son cours R\u00e9aliser une synth\u00e8se\/texte argument\u00e9 \u00e0 partir de document R\u00e9aliser une restitution organis\u00e9e de connaissances L&rsquo;exercice I du Baccalaur\u00e9at L&rsquo;exercice [&hellip;]\" \/>\n<meta property=\"og:url\" content=\"http:\/\/thibault-svt.fr\/index.php\/methodes-pour-tous-les-niveaux\/fiches-methodes\/\" \/>\n<meta property=\"og:site_name\" content=\"SVT\" \/>\n<meta property=\"article:modified_time\" content=\"2025-05-08T10:52:52+00:00\" \/>\n<meta name=\"twitter:card\" content=\"summary_large_image\" \/>\n<meta name=\"twitter:label1\" content=\"Dur\u00e9e de lecture estim\u00e9e\" \/>\n\t<meta name=\"twitter:data1\" content=\"1 minute\" \/>\n<script type=\"application\/ld+json\" class=\"yoast-schema-graph\">{\"@context\":\"https:\/\/schema.org\",\"@graph\":[{\"@type\":\"WebPage\",\"@id\":\"http:\/\/thibault-svt.fr\/index.php\/methodes-pour-tous-les-niveaux\/fiches-methodes\/\",\"url\":\"http:\/\/thibault-svt.fr\/index.php\/methodes-pour-tous-les-niveaux\/fiches-methodes\/\",\"name\":\"Les fiches m\u00e9thodes - SVT\",\"isPartOf\":{\"@id\":\"http:\/\/thibault-svt.fr\/#website\"},\"datePublished\":\"2023-08-29T14:35:36+00:00\",\"dateModified\":\"2025-05-08T10:52:52+00:00\",\"breadcrumb\":{\"@id\":\"http:\/\/thibault-svt.fr\/index.php\/methodes-pour-tous-les-niveaux\/fiches-methodes\/#breadcrumb\"},\"inLanguage\":\"fr-FR\",\"potentialAction\":[{\"@type\":\"ReadAction\",\"target\":[\"http:\/\/thibault-svt.fr\/index.php\/methodes-pour-tous-les-niveaux\/fiches-methodes\/\"]}]},{\"@type\":\"BreadcrumbList\",\"@id\":\"http:\/\/thibault-svt.fr\/index.php\/methodes-pour-tous-les-niveaux\/fiches-methodes\/#breadcrumb\",\"itemListElement\":[{\"@type\":\"ListItem\",\"position\":1,\"name\":\"Accueil\",\"item\":\"http:\/\/thibault-svt.fr\/\"},{\"@type\":\"ListItem\",\"position\":2,\"name\":\"M\u00e9thodes pour tous les niveaux\",\"item\":\"http:\/\/thibault-svt.fr\/index.php\/methodes-pour-tous-les-niveaux\/\"},{\"@type\":\"ListItem\",\"position\":3,\"name\":\"Les fiches m\u00e9thodes\"}]},{\"@type\":\"WebSite\",\"@id\":\"http:\/\/thibault-svt.fr\/#website\",\"url\":\"http:\/\/thibault-svt.fr\/\",\"name\":\"SVT\",\"description\":\"Cours de SVT de Mme Thibault - Professeure au Lyc\u00e9e Maurice Genevoix\",\"potentialAction\":[{\"@type\":\"SearchAction\",\"target\":{\"@type\":\"EntryPoint\",\"urlTemplate\":\"http:\/\/thibault-svt.fr\/?s={search_term_string}\"},\"query-input\":{\"@type\":\"PropertyValueSpecification\",\"valueRequired\":true,\"valueName\":\"search_term_string\"}}],\"inLanguage\":\"fr-FR\"}]}<\/script>\n<!-- \/ Yoast SEO plugin. -->","yoast_head_json":{"title":"Les fiches m\u00e9thodes - SVT","robots":{"index":"index","follow":"follow","max-snippet":"max-snippet:-1","max-image-preview":"max-image-preview:large","max-video-preview":"max-video-preview:-1"},"canonical":"http:\/\/thibault-svt.fr\/index.php\/methodes-pour-tous-les-niveaux\/fiches-methodes\/","og_locale":"fr_FR","og_type":"article","og_title":"Les fiches m\u00e9thodes - SVT","og_description":"Construire un sch\u00e9ma structural ou fonctionnel Construire un tableau Etudier un graphique Utiliser un microscope Calculer la taille d&rsquo;un objet photographi\u00e9 \u00e0 partir de l&rsquo;\u00e9chelle Utiliser l&rsquo;\u00e9criture scientifique\u00a0 Proposer une strat\u00e9gie de TP Apprendre son cours R\u00e9aliser une synth\u00e8se\/texte argument\u00e9 \u00e0 partir de document R\u00e9aliser une restitution organis\u00e9e de connaissances L&rsquo;exercice I du Baccalaur\u00e9at L&rsquo;exercice [&hellip;]","og_url":"http:\/\/thibault-svt.fr\/index.php\/methodes-pour-tous-les-niveaux\/fiches-methodes\/","og_site_name":"SVT","article_modified_time":"2025-05-08T10:52:52+00:00","twitter_card":"summary_large_image","twitter_misc":{"Dur\u00e9e de lecture estim\u00e9e":"1 minute"},"schema":{"@context":"https:\/\/schema.org","@graph":[{"@type":"WebPage","@id":"http:\/\/thibault-svt.fr\/index.php\/methodes-pour-tous-les-niveaux\/fiches-methodes\/","url":"http:\/\/thibault-svt.fr\/index.php\/methodes-pour-tous-les-niveaux\/fiches-methodes\/","name":"Les fiches m\u00e9thodes - SVT","isPartOf":{"@id":"http:\/\/thibault-svt.fr\/#website"},"datePublished":"2023-08-29T14:35:36+00:00","dateModified":"2025-05-08T10:52:52+00:00","breadcrumb":{"@id":"http:\/\/thibault-svt.fr\/index.php\/methodes-pour-tous-les-niveaux\/fiches-methodes\/#breadcrumb"},"inLanguage":"fr-FR","potentialAction":[{"@type":"ReadAction","target":["http:\/\/thibault-svt.fr\/index.php\/methodes-pour-tous-les-niveaux\/fiches-methodes\/"]}]},{"@type":"BreadcrumbList","@id":"http:\/\/thibault-svt.fr\/index.php\/methodes-pour-tous-les-niveaux\/fiches-methodes\/#breadcrumb","itemListElement":[{"@type":"ListItem","position":1,"name":"Accueil","item":"http:\/\/thibault-svt.fr\/"},{"@type":"ListItem","position":2,"name":"M\u00e9thodes pour tous les niveaux","item":"http:\/\/thibault-svt.fr\/index.php\/methodes-pour-tous-les-niveaux\/"},{"@type":"ListItem","position":3,"name":"Les fiches m\u00e9thodes"}]},{"@type":"WebSite","@id":"http:\/\/thibault-svt.fr\/#website","url":"http:\/\/thibault-svt.fr\/","name":"SVT","description":"Cours de SVT de Mme Thibault - Professeure au Lyc\u00e9e Maurice Genevoix","potentialAction":[{"@type":"SearchAction","target":{"@type":"EntryPoint","urlTemplate":"http:\/\/thibault-svt.fr\/?s={search_term_string}"},"query-input":{"@type":"PropertyValueSpecification","valueRequired":true,"valueName":"search_term_string"}}],"inLanguage":"fr-FR"}]}},"_links":{"self":[{"href":"http:\/\/thibault-svt.fr\/index.php\/wp-json\/wp\/v2\/pages\/2682","targetHints":{"allow":["GET"]}}],"collection":[{"href":"http:\/\/thibault-svt.fr\/index.php\/wp-json\/wp\/v2\/pages"}],"about":[{"href":"http:\/\/thibault-svt.fr\/index.php\/wp-json\/wp\/v2\/types\/page"}],"author":[{"embeddable":true,"href":"http:\/\/thibault-svt.fr\/index.php\/wp-json\/wp\/v2\/users\/1"}],"replies":[{"embeddable":true,"href":"http:\/\/thibault-svt.fr\/index.php\/wp-json\/wp\/v2\/comments?post=2682"}],"version-history":[{"count":6,"href":"http:\/\/thibault-svt.fr\/index.php\/wp-json\/wp\/v2\/pages\/2682\/revisions"}],"predecessor-version":[{"id":3558,"href":"http:\/\/thibault-svt.fr\/index.php\/wp-json\/wp\/v2\/pages\/2682\/revisions\/3558"}],"up":[{"embeddable":true,"href":"http:\/\/thibault-svt.fr\/index.php\/wp-json\/wp\/v2\/pages\/2184"}],"wp:attachment":[{"href":"http:\/\/thibault-svt.fr\/index.php\/wp-json\/wp\/v2\/media?parent=2682"}],"curies":[{"name":"wp","href":"https:\/\/api.w.org\/{rel}","templated":true}]}}