{"id":2650,"date":"2023-08-29T15:18:58","date_gmt":"2023-08-29T13:18:58","guid":{"rendered":"http:\/\/thibault-svt.fr\/?page_id=2650"},"modified":"2023-08-29T16:00:10","modified_gmt":"2023-08-29T14:00:10","slug":"tp-theme-1-ch-2-controle-cerebral-du-mouvement-volontaire","status":"publish","type":"page","link":"http:\/\/thibault-svt.fr\/index.php\/terminales\/specialite-2\/chapitre-2-controle-cerebral-du-mouvement-volontaire\/tp-theme-1-ch-2-controle-cerebral-du-mouvement-volontaire\/","title":{"rendered":"TP Th\u00e8me 1-Ch 2 :  Contr\u00f4le c\u00e9r\u00e9bral du mouvement volontaire"},"content":{"rendered":"<ul>\n<li><span style=\"color: #003366;\"><a style=\"color: #003366;\" href=\"http:\/\/thibault-svt.fr\/wp-content\/uploads\/2023\/08\/TP3-la-commande-du-mouvement-ELEVE.pdf\" target=\"_blank\" rel=\"noopener\">TP3 &#8211; Commande c\u00e9r\u00e9brale du mouvement volontaire\u00a0<\/a> \u00a0+\u00a0 \u00a0<a style=\"color: #003366;\" href=\"http:\/\/thibault-svt.fr\/index.php\/terminales\/specialite-2\/chapitre-2-controle-cerebral-du-mouvement-volontaire\/tp-theme-1-ch-2-controle-cerebral-du-mouvement-volontaire\/correction-ts-th1ch2-tp3\/\" target=\"_blank\" rel=\"noopener\">Correction<\/a><\/span><\/li>\n<li><span style=\"color: #333399;\"><a style=\"color: #333399;\" href=\"http:\/\/thibault-svt.fr\/wp-content\/uploads\/2023\/08\/TP4-Integration-motoneurones-ELEVE.pdf\" target=\"_blank\" rel=\"noopener\">TP4 &#8211; Int\u00e9gration des motoneurones<\/a>\u00a0 \u00a0+\u00a0 \u00a0<a style=\"color: #333399;\" href=\"http:\/\/thibault-svt.fr\/index.php\/terminales\/specialite-2\/chapitre-2-controle-cerebral-du-mouvement-volontaire\/tp-theme-1-ch-2-controle-cerebral-du-mouvement-volontaire\/correction-ts-th1ch2-tp4\/\" target=\"_blank\" rel=\"noopener\">Correction<\/a><\/span><\/li>\n<li><span style=\"color: #0000ff;\"><a style=\"color: #0000ff;\" href=\"http:\/\/thibault-svt.fr\/wp-content\/uploads\/2023\/08\/TP5-la-plasticite-cerebrale-ELEVE.pdf\" target=\"_blank\" rel=\"noopener\">TP5 &#8211; Plasticit\u00e9 c\u00e9r\u00e9brale<\/a>\u00a0 +\u00a0 \u00a0<a style=\"color: #0000ff;\" href=\"http:\/\/thibault-svt.fr\/index.php\/terminales\/specialite-2\/chapitre-2-controle-cerebral-du-mouvement-volontaire\/tp-theme-1-ch-2-controle-cerebral-du-mouvement-volontaire\/correction-ts-th1ch2-tp5\/\" target=\"_blank\" rel=\"noopener\">Correction<\/a><\/span><\/li>\n<li><span style=\"color: #3366ff;\"><a style=\"color: #3366ff;\" href=\"http:\/\/thibault-svt.fr\/wp-content\/uploads\/2023\/08\/TP6-mode-daction-des-substances-exogenes-sur-la-synapse-neuromusculaire-ELEVE-.pdf\" target=\"_blank\" rel=\"noopener\">TP6 &#8211; Substances exog\u00e8nes et synapses<\/a>\u00a0 +\u00a0 <a style=\"color: #3366ff;\" href=\"http:\/\/thibault-svt.fr\/index.php\/terminales\/specialite-2\/chapitre-2-controle-cerebral-du-mouvement-volontaire\/tp-theme-1-ch-2-controle-cerebral-du-mouvement-volontaire\/correction-ts-th1ch2-tp6\/\" target=\"_blank\" rel=\"noopener\">\u00a0Correction<\/a><\/span><\/li>\n<li><span style=\"color: #aa99ff;\"><a style=\"color: #aa99ff;\" href=\"http:\/\/thibault-svt.fr\/wp-content\/uploads\/2023\/08\/TP7-les-effets-de-substances-exogenes-sur-le-systeme-nerveux-ELEVE.pdf\" target=\"_blank\" rel=\"noopener\">TP7 &#8211; Substances exog\u00e8nes et syst\u00e8me nerveux<\/a> +\u00a0 \u00a0<a style=\"color: #aa99ff;\" href=\"http:\/\/thibault-svt.fr\/index.php\/terminales\/specialite-2\/chapitre-2-controle-cerebral-du-mouvement-volontaire\/tp-theme-1-ch-2-controle-cerebral-du-mouvement-volontaire\/correction-ts-th1ch2-tp7\/\" target=\"_blank\" rel=\"noopener\">Correction<\/a><\/span><\/li>\n<\/ul>\n","protected":false},"excerpt":{"rendered":"<p>TP3 &#8211; Commande c\u00e9r\u00e9brale du mouvement volontaire\u00a0 \u00a0+\u00a0 \u00a0Correction TP4 &#8211; Int\u00e9gration des motoneurones\u00a0 \u00a0+\u00a0 \u00a0Correction TP5 &#8211; Plasticit\u00e9 c\u00e9r\u00e9brale\u00a0 +\u00a0 \u00a0Correction TP6 &#8211; Substances exog\u00e8nes et synapses\u00a0 +\u00a0 \u00a0Correction TP7 &#8211; Substances exog\u00e8nes et syst\u00e8me nerveux +\u00a0 \u00a0Correction<\/p>\n","protected":false},"author":1,"featured_media":0,"parent":1150,"menu_order":0,"comment_status":"closed","ping_status":"closed","template":"full-width-page-template.php","meta":{"footnotes":""},"class_list":["post-2650","page","type-page","status-publish","hentry"],"yoast_head":"<!-- This site is optimized with the Yoast SEO plugin v24.4 - https:\/\/yoast.com\/wordpress\/plugins\/seo\/ -->\n<title>TP Th\u00e8me 1-Ch 2 : Contr\u00f4le c\u00e9r\u00e9bral du mouvement volontaire - SVT<\/title>\n<meta name=\"robots\" content=\"index, follow, max-snippet:-1, max-image-preview:large, max-video-preview:-1\" \/>\n<link rel=\"canonical\" href=\"http:\/\/thibault-svt.fr\/index.php\/terminales\/specialite-2\/chapitre-2-controle-cerebral-du-mouvement-volontaire\/tp-theme-1-ch-2-controle-cerebral-du-mouvement-volontaire\/\" \/>\n<meta property=\"og:locale\" content=\"fr_FR\" \/>\n<meta property=\"og:type\" content=\"article\" \/>\n<meta property=\"og:title\" content=\"TP Th\u00e8me 1-Ch 2 : Contr\u00f4le c\u00e9r\u00e9bral du mouvement volontaire - SVT\" \/>\n<meta property=\"og:description\" content=\"TP3 &#8211; Commande c\u00e9r\u00e9brale du mouvement volontaire\u00a0 \u00a0+\u00a0 \u00a0Correction TP4 &#8211; Int\u00e9gration des motoneurones\u00a0 \u00a0+\u00a0 \u00a0Correction TP5 &#8211; Plasticit\u00e9 c\u00e9r\u00e9brale\u00a0 +\u00a0 \u00a0Correction TP6 &#8211; Substances exog\u00e8nes et synapses\u00a0 +\u00a0 \u00a0Correction TP7 &#8211; Substances exog\u00e8nes et syst\u00e8me nerveux +\u00a0 \u00a0Correction\" \/>\n<meta property=\"og:url\" content=\"http:\/\/thibault-svt.fr\/index.php\/terminales\/specialite-2\/chapitre-2-controle-cerebral-du-mouvement-volontaire\/tp-theme-1-ch-2-controle-cerebral-du-mouvement-volontaire\/\" \/>\n<meta property=\"og:site_name\" content=\"SVT\" \/>\n<meta property=\"article:modified_time\" content=\"2023-08-29T14:00:10+00:00\" \/>\n<meta name=\"twitter:card\" content=\"summary_large_image\" \/>\n<meta name=\"twitter:label1\" content=\"Dur\u00e9e de lecture estim\u00e9e\" \/>\n\t<meta name=\"twitter:data1\" content=\"1 minute\" \/>\n<script type=\"application\/ld+json\" class=\"yoast-schema-graph\">{\"@context\":\"https:\/\/schema.org\",\"@graph\":[{\"@type\":\"WebPage\",\"@id\":\"http:\/\/thibault-svt.fr\/index.php\/terminales\/specialite-2\/chapitre-2-controle-cerebral-du-mouvement-volontaire\/tp-theme-1-ch-2-controle-cerebral-du-mouvement-volontaire\/\",\"url\":\"http:\/\/thibault-svt.fr\/index.php\/terminales\/specialite-2\/chapitre-2-controle-cerebral-du-mouvement-volontaire\/tp-theme-1-ch-2-controle-cerebral-du-mouvement-volontaire\/\",\"name\":\"TP Th\u00e8me 1-Ch 2 : Contr\u00f4le c\u00e9r\u00e9bral du mouvement volontaire - SVT\",\"isPartOf\":{\"@id\":\"http:\/\/thibault-svt.fr\/#website\"},\"datePublished\":\"2023-08-29T13:18:58+00:00\",\"dateModified\":\"2023-08-29T14:00:10+00:00\",\"breadcrumb\":{\"@id\":\"http:\/\/thibault-svt.fr\/index.php\/terminales\/specialite-2\/chapitre-2-controle-cerebral-du-mouvement-volontaire\/tp-theme-1-ch-2-controle-cerebral-du-mouvement-volontaire\/#breadcrumb\"},\"inLanguage\":\"fr-FR\",\"potentialAction\":[{\"@type\":\"ReadAction\",\"target\":[\"http:\/\/thibault-svt.fr\/index.php\/terminales\/specialite-2\/chapitre-2-controle-cerebral-du-mouvement-volontaire\/tp-theme-1-ch-2-controle-cerebral-du-mouvement-volontaire\/\"]}]},{\"@type\":\"BreadcrumbList\",\"@id\":\"http:\/\/thibault-svt.fr\/index.php\/terminales\/specialite-2\/chapitre-2-controle-cerebral-du-mouvement-volontaire\/tp-theme-1-ch-2-controle-cerebral-du-mouvement-volontaire\/#breadcrumb\",\"itemListElement\":[{\"@type\":\"ListItem\",\"position\":1,\"name\":\"Accueil\",\"item\":\"http:\/\/thibault-svt.fr\/\"},{\"@type\":\"ListItem\",\"position\":2,\"name\":\"Terminales\",\"item\":\"http:\/\/thibault-svt.fr\/index.php\/terminales\/\"},{\"@type\":\"ListItem\",\"position\":3,\"name\":\"Sp\u00e9cialit\u00e9 TG\",\"item\":\"http:\/\/thibault-svt.fr\/index.php\/terminales\/specialite-2\/\"},{\"@type\":\"ListItem\",\"position\":4,\"name\":\"CHAPITRE 2 &#8211; Contr\u00f4le c\u00e9r\u00e9bral du mouvement volontaire\",\"item\":\"http:\/\/thibault-svt.fr\/index.php\/terminales\/specialite-2\/chapitre-2-controle-cerebral-du-mouvement-volontaire\/\"},{\"@type\":\"ListItem\",\"position\":5,\"name\":\"TP Th\u00e8me 1-Ch 2 : Contr\u00f4le c\u00e9r\u00e9bral du mouvement volontaire\"}]},{\"@type\":\"WebSite\",\"@id\":\"http:\/\/thibault-svt.fr\/#website\",\"url\":\"http:\/\/thibault-svt.fr\/\",\"name\":\"SVT\",\"description\":\"Cours de SVT de Mme Thibault - Professeure au Lyc\u00e9e Maurice Genevoix\",\"potentialAction\":[{\"@type\":\"SearchAction\",\"target\":{\"@type\":\"EntryPoint\",\"urlTemplate\":\"http:\/\/thibault-svt.fr\/?s={search_term_string}\"},\"query-input\":{\"@type\":\"PropertyValueSpecification\",\"valueRequired\":true,\"valueName\":\"search_term_string\"}}],\"inLanguage\":\"fr-FR\"}]}<\/script>\n<!-- \/ Yoast SEO plugin. -->","yoast_head_json":{"title":"TP Th\u00e8me 1-Ch 2 : Contr\u00f4le c\u00e9r\u00e9bral du mouvement volontaire - SVT","robots":{"index":"index","follow":"follow","max-snippet":"max-snippet:-1","max-image-preview":"max-image-preview:large","max-video-preview":"max-video-preview:-1"},"canonical":"http:\/\/thibault-svt.fr\/index.php\/terminales\/specialite-2\/chapitre-2-controle-cerebral-du-mouvement-volontaire\/tp-theme-1-ch-2-controle-cerebral-du-mouvement-volontaire\/","og_locale":"fr_FR","og_type":"article","og_title":"TP Th\u00e8me 1-Ch 2 : Contr\u00f4le c\u00e9r\u00e9bral du mouvement volontaire - SVT","og_description":"TP3 &#8211; Commande c\u00e9r\u00e9brale du mouvement volontaire\u00a0 \u00a0+\u00a0 \u00a0Correction TP4 &#8211; Int\u00e9gration des motoneurones\u00a0 \u00a0+\u00a0 \u00a0Correction TP5 &#8211; Plasticit\u00e9 c\u00e9r\u00e9brale\u00a0 +\u00a0 \u00a0Correction TP6 &#8211; Substances exog\u00e8nes et synapses\u00a0 +\u00a0 \u00a0Correction TP7 &#8211; Substances exog\u00e8nes et syst\u00e8me nerveux +\u00a0 \u00a0Correction","og_url":"http:\/\/thibault-svt.fr\/index.php\/terminales\/specialite-2\/chapitre-2-controle-cerebral-du-mouvement-volontaire\/tp-theme-1-ch-2-controle-cerebral-du-mouvement-volontaire\/","og_site_name":"SVT","article_modified_time":"2023-08-29T14:00:10+00:00","twitter_card":"summary_large_image","twitter_misc":{"Dur\u00e9e de lecture estim\u00e9e":"1 minute"},"schema":{"@context":"https:\/\/schema.org","@graph":[{"@type":"WebPage","@id":"http:\/\/thibault-svt.fr\/index.php\/terminales\/specialite-2\/chapitre-2-controle-cerebral-du-mouvement-volontaire\/tp-theme-1-ch-2-controle-cerebral-du-mouvement-volontaire\/","url":"http:\/\/thibault-svt.fr\/index.php\/terminales\/specialite-2\/chapitre-2-controle-cerebral-du-mouvement-volontaire\/tp-theme-1-ch-2-controle-cerebral-du-mouvement-volontaire\/","name":"TP Th\u00e8me 1-Ch 2 : Contr\u00f4le c\u00e9r\u00e9bral du mouvement volontaire - SVT","isPartOf":{"@id":"http:\/\/thibault-svt.fr\/#website"},"datePublished":"2023-08-29T13:18:58+00:00","dateModified":"2023-08-29T14:00:10+00:00","breadcrumb":{"@id":"http:\/\/thibault-svt.fr\/index.php\/terminales\/specialite-2\/chapitre-2-controle-cerebral-du-mouvement-volontaire\/tp-theme-1-ch-2-controle-cerebral-du-mouvement-volontaire\/#breadcrumb"},"inLanguage":"fr-FR","potentialAction":[{"@type":"ReadAction","target":["http:\/\/thibault-svt.fr\/index.php\/terminales\/specialite-2\/chapitre-2-controle-cerebral-du-mouvement-volontaire\/tp-theme-1-ch-2-controle-cerebral-du-mouvement-volontaire\/"]}]},{"@type":"BreadcrumbList","@id":"http:\/\/thibault-svt.fr\/index.php\/terminales\/specialite-2\/chapitre-2-controle-cerebral-du-mouvement-volontaire\/tp-theme-1-ch-2-controle-cerebral-du-mouvement-volontaire\/#breadcrumb","itemListElement":[{"@type":"ListItem","position":1,"name":"Accueil","item":"http:\/\/thibault-svt.fr\/"},{"@type":"ListItem","position":2,"name":"Terminales","item":"http:\/\/thibault-svt.fr\/index.php\/terminales\/"},{"@type":"ListItem","position":3,"name":"Sp\u00e9cialit\u00e9 TG","item":"http:\/\/thibault-svt.fr\/index.php\/terminales\/specialite-2\/"},{"@type":"ListItem","position":4,"name":"CHAPITRE 2 &#8211; Contr\u00f4le c\u00e9r\u00e9bral du mouvement volontaire","item":"http:\/\/thibault-svt.fr\/index.php\/terminales\/specialite-2\/chapitre-2-controle-cerebral-du-mouvement-volontaire\/"},{"@type":"ListItem","position":5,"name":"TP Th\u00e8me 1-Ch 2 : Contr\u00f4le c\u00e9r\u00e9bral du mouvement volontaire"}]},{"@type":"WebSite","@id":"http:\/\/thibault-svt.fr\/#website","url":"http:\/\/thibault-svt.fr\/","name":"SVT","description":"Cours de SVT de Mme Thibault - Professeure au Lyc\u00e9e Maurice Genevoix","potentialAction":[{"@type":"SearchAction","target":{"@type":"EntryPoint","urlTemplate":"http:\/\/thibault-svt.fr\/?s={search_term_string}"},"query-input":{"@type":"PropertyValueSpecification","valueRequired":true,"valueName":"search_term_string"}}],"inLanguage":"fr-FR"}]}},"_links":{"self":[{"href":"http:\/\/thibault-svt.fr\/index.php\/wp-json\/wp\/v2\/pages\/2650","targetHints":{"allow":["GET"]}}],"collection":[{"href":"http:\/\/thibault-svt.fr\/index.php\/wp-json\/wp\/v2\/pages"}],"about":[{"href":"http:\/\/thibault-svt.fr\/index.php\/wp-json\/wp\/v2\/types\/page"}],"author":[{"embeddable":true,"href":"http:\/\/thibault-svt.fr\/index.php\/wp-json\/wp\/v2\/users\/1"}],"replies":[{"embeddable":true,"href":"http:\/\/thibault-svt.fr\/index.php\/wp-json\/wp\/v2\/comments?post=2650"}],"version-history":[{"count":5,"href":"http:\/\/thibault-svt.fr\/index.php\/wp-json\/wp\/v2\/pages\/2650\/revisions"}],"predecessor-version":[{"id":2675,"href":"http:\/\/thibault-svt.fr\/index.php\/wp-json\/wp\/v2\/pages\/2650\/revisions\/2675"}],"up":[{"embeddable":true,"href":"http:\/\/thibault-svt.fr\/index.php\/wp-json\/wp\/v2\/pages\/1150"}],"wp:attachment":[{"href":"http:\/\/thibault-svt.fr\/index.php\/wp-json\/wp\/v2\/media?parent=2650"}],"curies":[{"name":"wp","href":"https:\/\/api.w.org\/{rel}","templated":true}]}}