{"id":2494,"date":"2023-08-16T12:27:43","date_gmt":"2023-08-16T10:27:43","guid":{"rendered":"http:\/\/thibault-svt.fr\/?page_id=2494"},"modified":"2025-07-13T16:42:31","modified_gmt":"2025-07-13T14:42:31","slug":"chapitre-2-la-complexite-du-systeme-climatique","status":"publish","type":"page","link":"http:\/\/thibault-svt.fr\/index.php\/terminales\/enseignement-scientifique\/chapitre-2-la-complexite-du-systeme-climatique\/","title":{"rendered":"Chapitre 2 &#8211; La complexit\u00e9 du syst\u00e8me climatique"},"content":{"rendered":"<p style=\"text-align: center;\"><span style=\"color: #bf1177;\"><strong><u>I- M\u00e9t\u00e9orologie et Climatologie<\/u><\/strong><\/span><\/p>\n<p>Un <strong>climat<\/strong> est d\u00e9fini par un ensemble de moyennes de grandeurs atmosph\u00e9riques observ\u00e9es dans une r\u00e9gion donn\u00e9e pendant une p\u00e9riode donn\u00e9e.<br \/>\nCes grandeurs sont principalement\u00a0:<\/p>\n<ul>\n<li>la temp\u00e9rature,<\/li>\n<li>la pression,<\/li>\n<li>le degr\u00e9 d\u2019hygrom\u00e9trie,<\/li>\n<li>la pluviom\u00e9trie,<\/li>\n<li>la n\u00e9bulosit\u00e9,<\/li>\n<li>la vitesse et la direction des vents.<\/li>\n<\/ul>\n<p>Ces param\u00e8tres sont mesur\u00e9s en permanence sur Terre et depuis l\u2019espace par des satellites.<img loading=\"lazy\" decoding=\"async\" class=\"wp-image-3690 aligncenter\" src=\"http:\/\/thibault-svt.fr\/wp-content\/uploads\/2025\/07\/climato.png\" alt=\"\" width=\"643\" height=\"527\" srcset=\"http:\/\/thibault-svt.fr\/wp-content\/uploads\/2025\/07\/climato.png 1007w, http:\/\/thibault-svt.fr\/wp-content\/uploads\/2025\/07\/climato-300x246.png 300w, http:\/\/thibault-svt.fr\/wp-content\/uploads\/2025\/07\/climato-768x629.png 768w, http:\/\/thibault-svt.fr\/wp-content\/uploads\/2025\/07\/climato-900x737.png 900w\" sizes=\"auto, (max-width: 643px) 100vw, 643px\" \/><\/p>\n<p>La<strong> climatologie<\/strong> \u00e9tudie les variations de ces param\u00e8tres \u00e0 <strong>moyen ou long terme<\/strong> (ann\u00e9es, si\u00e8cles, mill\u00e9naires, \u2026).<br \/>\nLa <strong>m\u00e9t\u00e9orologie<\/strong> \u00e9tudie les variations de ces param\u00e8tres \u00e0 <strong>court terme<\/strong> (jours, semaines).<\/p>\n<p>&nbsp;<\/p>\n<p style=\"text-align: center;\"><span style=\"color: #bf1177;\"><strong><u> II- Param\u00e8tres climatiques et cons\u00e9quences<\/u><\/strong><\/span><\/p>\n<p><span style=\"color: #3366ff;\"><strong>Rappels<\/strong><\/span><span style=\"color: #3366ff;\"><strong> de Premi\u00e8re : Bilan thermique terrestre<\/strong><\/span><\/p>\n<p class=\"titre-TP\" style=\"text-align: center;\"><span style=\"color: #000000;\"><a style=\"color: #000000;\" href=\"http:\/\/thibault-svt.fr\/wp-content\/uploads\/2025\/07\/TP2-Bilan-energetique-de-la-Terre.pdf\" target=\"_blank\" rel=\"noopener\">A<\/a><a style=\"color: #000000;\" href=\"http:\/\/thibault-svt.fr\/wp-content\/uploads\/2025\/07\/TP2-Bilan-energetique-de-la-Terre.pdf\" target=\"_blank\" rel=\"noopener\">ctivit\u00e9 : Bilan \u00e9nerg\u00e9tique de la Terre et param\u00e8tres climatiques<\/a> +<a style=\"color: #000000;\" href=\"http:\/\/thibault-svt.fr\/index.php\/terminales\/enseignement-scientifique\/chapitre-2-la-complexite-du-systeme-climatique\/tes-correction-bilan-radiatif\/\" target=\"_blank\" rel=\"noopener\"> correction<\/a><\/span><\/p>\n<p>La Terre re\u00e7oit de l&rsquo;\u00e9nergie solaire sous forme de rayons ultra-violets.<br \/>\nOn appelle<strong> incidence solaire<\/strong> la quantit\u00e9 d&rsquo;\u00e9nergie re\u00e7ue par le syst\u00e8me Terre atmosph\u00e8re.<\/p>\n<p>Seule une partie de cette \u00e9nergie parvient jusqu&rsquo;\u00e0 la Terre et la r\u00e9chauffe :<\/p>\n<ul>\n<li>Une partie est r\u00e9fl\u00e9chie par l&rsquo;atmosph\u00e8re et renvoy\u00e9e vers l&rsquo;espace<\/li>\n<li>Une partie est r\u00e9fl\u00e9chie par la surface terrestre. On appelle <strong>alb\u00e9do<\/strong> le\u00a0pourcentage d\u2019\u00e9nergie renvoy\u00e9e par rapport \u00e0 l\u2019\u00e9nergie re\u00e7ue. Plus l\u2019alb\u00e9do est grand, plus l\u2019\u00e9nergie est renvoy\u00e9e et donc plus la temp\u00e9rature diminue.<\/li>\n<\/ul>\n<p>La Terre \u00e9met \u00e9galement des rayons infrarouge, dont une partie est renvoy\u00e9e vers la Terre par l&rsquo;atmosph\u00e8re (c&rsquo;est <strong>l&rsquo;effet de Serre<\/strong>) et participe au r\u00e9chauffement de la Terre.<\/p>\n<p><iframe loading=\"lazy\" title=\"Le bilan radiatif terrestre (Enseignement scientifique 1re)\" src=\"https:\/\/www.youtube.com\/embed\/jvZZCZTwsiw\" width=\"1690\" height=\"603\" frameborder=\"0\" allowfullscreen=\"allowfullscreen\"><\/iframe><\/p>\n<p>En modifiant l&rsquo;effet de Serre ou l&rsquo;alb\u00e9do, les quantit\u00e9s d&rsquo;\u00e9nergie re\u00e7ues ou perdues par la Terre sont modifi\u00e9es, ce qui modifie els temp\u00e9ratures.<\/p>\n<p style=\"text-align: center;\"><span style=\"text-decoration: underline; color: #3366ff;\"><strong>A- Effet de Serre et activit\u00e9s humaines.<\/strong><\/span><\/p>\n<p style=\"text-align: left;\">Les activit\u00e9s humaines (transport, industrie, agriculture\u2026) \u00e9mettent des <strong>gaz \u00e0 effet de serre <\/strong>(CO<sub>2, <\/sub>m\u00e9thane, protoxyde d\u2019azote) dans l&rsquo;atmosph\u00e8re.<\/p>\n<p>Le plus important en quantit\u00e9 est le CO<sub>2<\/sub>, qui provient principalement de l\u2019utilisation des <strong>\u00e9nergies fossiles<\/strong> (charbons, p\u00e9trole \u2026)<br \/>\nEn effet, comme on l\u2019a vu dans le <a href=\"http:\/\/thibault-svt.fr\/index.php\/terminales\/enseignement-scientifique\/chapitre-1-latmosphere-terrestre-et-la-vie\/\" target=\"_blank\" rel=\"noopener\">chapitre 1<\/a>, le carbone stock\u00e9 par photosynth\u00e8se dans la biosph\u00e8re peut ensuite \u00eatre stock\u00e9 dans les combustibles fossiles. Lorsque ceux-ci sont brul\u00e9s pour l&rsquo;industrie ou les transports, le carbone sort de la g\u00e9osph\u00e8re pour passer dans l\u2019atmosph\u00e8re, ce qui d\u00e9s\u00e9quilibre le cycle du carbone.<\/p>\n<p><img loading=\"lazy\" decoding=\"async\" class=\"wp-image-3698 aligncenter\" src=\"http:\/\/thibault-svt.fr\/wp-content\/uploads\/2025\/07\/Cycle-carbone.png\" alt=\"\" width=\"820\" height=\"492\" srcset=\"http:\/\/thibault-svt.fr\/wp-content\/uploads\/2025\/07\/Cycle-carbone.png 1110w, http:\/\/thibault-svt.fr\/wp-content\/uploads\/2025\/07\/Cycle-carbone-300x180.png 300w, http:\/\/thibault-svt.fr\/wp-content\/uploads\/2025\/07\/Cycle-carbone-1024x615.png 1024w, http:\/\/thibault-svt.fr\/wp-content\/uploads\/2025\/07\/Cycle-carbone-768x461.png 768w, http:\/\/thibault-svt.fr\/wp-content\/uploads\/2025\/07\/Cycle-carbone-900x541.png 900w\" sizes=\"auto, (max-width: 820px) 100vw, 820px\" \/><\/p>\n<p>&nbsp;<\/p>\n<p>Les diff\u00e9rents Gaz \u00e0 Effet de Serre (GES), dont le CO2,\u00a0 renvoient vers la Terre une grande partie de l\u2019\u00e9nergie qui devrait, normalement, repartir vers l\u2019espace : c\u2019est <strong><u>l\u2019effet de Serre<\/u>.<\/strong><\/p>\n<p><img loading=\"lazy\" decoding=\"async\" class=\"aligncenter size-full wp-image-3699\" src=\"http:\/\/thibault-svt.fr\/wp-content\/uploads\/2025\/07\/effet-de-serre-pute1.jpg\" alt=\"\" width=\"550\" height=\"309\" srcset=\"http:\/\/thibault-svt.fr\/wp-content\/uploads\/2025\/07\/effet-de-serre-pute1.jpg 550w, http:\/\/thibault-svt.fr\/wp-content\/uploads\/2025\/07\/effet-de-serre-pute1-300x169.jpg 300w\" sizes=\"auto, (max-width: 550px) 100vw, 550px\" \/><br \/>\nIl y a donc un <strong>d\u00e9s\u00e9quilibre \u00e9nerg\u00e9tique<\/strong>\u00a0: Il y a plus d\u2019\u00e9nergie qui arrive sur Terre que d\u2019\u00e9nergie qui en repart. On parle alors de <strong><u>for\u00e7age radiatif positif, <\/u><\/strong>ce qui entraine une hausse des temp\u00e9ratures.<\/p>\n<p><span style=\"color: #008000;\"><strong><em><u>For\u00e7age radiatif\u00a0:<\/u><\/em><\/strong> <em>diff\u00e9rence entre l\u2019\u00e9nergie re\u00e7ue et l\u2019\u00e9nergie \u00e9mise par un syst\u00e8me.<br \/>\nSi plus d\u2019\u00e9nergie arrive, le for\u00e7age radiatif est positif, et si plus d\u2019\u00e9nergie repart, le for\u00e7age radiatif est n\u00e9gatif. <\/em><\/span><\/p>\n<p><span style=\"color: #008000;\"><strong><em><u>Effet de Serre<\/u><\/em><\/strong><em>\u00a0: Ph\u00e9nom\u00e8ne de r\u00e9\u00e9mission des rayonnements infrarouges vers la Terre par des gaz atmosph\u00e9riques. <\/em><\/span><\/p>\n<p style=\"text-align: center;\"><span style=\"text-decoration: underline; color: #3366ff;\"><strong>B- Cons\u00e9quences du for\u00e7age radiatif.<\/strong><\/span><\/p>\n<p class=\"titre-TP\"><span style=\"color: #000000;\"> Activit\u00e9s expos\u00e9s :<\/p>\n<ul>\n<li><span style=\"color: #000000;\"><a style=\"color: #000000;\" href=\"http:\/\/thibault-svt.fr\/wp-content\/uploads\/2025\/07\/Experts-4-Albedo.pdf\" target=\"_blank\" rel=\"noopener\">Groupe 1 : Influence de l&rsquo;alb\u00e9do sur le climat<\/a><\/span><\/li>\n<li><span style=\"color: #000000;\"><a style=\"color: #000000;\" href=\"http:\/\/thibault-svt.fr\/wp-content\/uploads\/2025\/07\/Experts-2-Dilatation-thermique-de-leau.pdf\" target=\"_blank\" rel=\"noopener\">Groupe 2 : Influence de la dilatation thermique de l&rsquo;eau sur le climat<\/a><\/span><\/li>\n<li><span style=\"color: #000000;\"><a style=\"color: #000000;\" href=\"http:\/\/thibault-svt.fr\/wp-content\/uploads\/2025\/07\/Experts-3-Fonte-des-glaciers.pdf\" target=\"_blank\" rel=\"noopener\">Groupe 3 : Influence de la fonte des glaces continentales et oc\u00e9aniques sur le climat<\/a><\/span><\/li>\n<li><span style=\"color: #000000;\"><a style=\"color: #000000;\" href=\"http:\/\/thibault-svt.fr\/wp-content\/uploads\/2025\/07\/Experts-5-Permafrost.pdf\" target=\"_blank\" rel=\"noopener\">Groupe 4 : Influence de la fonte du Permafrost sur le climat<\/a><\/span><\/li>\n<li><span style=\"color: #000000;\"><a style=\"color: #000000;\" href=\"http:\/\/thibault-svt.fr\/wp-content\/uploads\/2025\/07\/Experts-6-Vegetalisation.pdf\" target=\"_blank\" rel=\"noopener\">Groupe 5 : Influence de la v\u00e9g\u00e9talisation sur le climat<\/a><\/span><\/li>\n<\/ul>\n<p><\/span><\/p>\n<p>&nbsp;<\/p>\n<p>L\u2019\u00e9nergie exc\u00e9dentaire due \u00e0 l\u2019augmentation de l\u2019effet de Serre est stock\u00e9e dans l\u2019air et le sol, et donc participe au r\u00e9chauffement des temp\u00e9ratures terrestres.<\/p>\n<p>Cela entraine\u00a0:<\/p>\n<ul>\n<li>La fonte des calottes glaciaires donc l\u2019augmentation du niveau de l\u2019eau, avec des risques de crues et de submersions des cotes<\/li>\n<li>Des modifications des habitats d\u2019esp\u00e8ces, pouvant \u00eatre vecteurs de maladies<\/li>\n<li>Des disparitions d\u2019esp\u00e8ces<\/li>\n<li>Des canicules, incendies \u2026<\/li>\n<\/ul>\n<p>L\u2019\u00e9nergie re\u00e7ue suppl\u00e9mentaire est aussi stock\u00e9e \u00e0 plus long terme dans les oc\u00e9ans, augmentant leur temp\u00e9rature et provoquant la <strong>dilatation thermique de l\u2019eau : <\/strong>une fois chauff\u00e9es, les mol\u00e9cules d\u2019eau se d\u00e9placent plus vite et s\u2019\u00e9cartent les unes des autres : le volume occup\u00e9 par l\u2019eau augmente alors. Cela entraine alors une <strong>augmentation globale du niveau des oc\u00e9ans<\/strong>.<br \/>\nLa <strong>fonte des glaces continentales<\/strong> amplifie cette augmentation du niveau de l\u2019eau.<\/p>\n<p><img loading=\"lazy\" decoding=\"async\" class=\"aligncenter wp-image-3705\" src=\"http:\/\/thibault-svt.fr\/wp-content\/uploads\/2025\/07\/bilan-fresque-climat.png\" alt=\"\" width=\"898\" height=\"485\" srcset=\"http:\/\/thibault-svt.fr\/wp-content\/uploads\/2025\/07\/bilan-fresque-climat.png 1343w, http:\/\/thibault-svt.fr\/wp-content\/uploads\/2025\/07\/bilan-fresque-climat-300x162.png 300w, http:\/\/thibault-svt.fr\/wp-content\/uploads\/2025\/07\/bilan-fresque-climat-1024x553.png 1024w, http:\/\/thibault-svt.fr\/wp-content\/uploads\/2025\/07\/bilan-fresque-climat-768x415.png 768w, http:\/\/thibault-svt.fr\/wp-content\/uploads\/2025\/07\/bilan-fresque-climat-900x486.png 900w, http:\/\/thibault-svt.fr\/wp-content\/uploads\/2025\/07\/bilan-fresque-climat-1280x691.png 1280w\" sizes=\"auto, (max-width: 898px) 100vw, 898px\" \/><\/p>\n<p style=\"text-align: center;\"><span style=\"text-decoration: underline; color: #3366ff;\"><strong>C- Des boucles de r\u00e9troactions amplifient ou diminuent le r\u00e9chauffement climatique<\/strong><\/span><\/p>\n<p class=\"titre-TP\" style=\"text-align: center;\"><span style=\"color: #000000;\"><a style=\"color: #000000;\" href=\"http:\/\/thibault-svt.fr\/wp-content\/uploads\/2025\/07\/Activite-5-Retroactions.pdf\" target=\"_blank\" rel=\"noopener\">Activit\u00e9 : Boucles de r\u00e9troactions<\/a><\/span><\/p>\n<p>Suite au r\u00e9chauffement du au for\u00e7age radiatif positif, d\u2019autres param\u00e8tres climatiques varient et acc\u00e9l\u00e8rent l\u2019augmentation de la temp\u00e9rature\u00a0: on parle de<strong> <u>r\u00e9troaction<\/u><\/strong><strong><u>s<\/u><\/strong><strong><u> positive<\/u><\/strong><strong><u>s.\u00a0<\/u><\/strong><\/p>\n<p><em>Attention, ici, positif ne signifie pas que l&rsquo;effet est \u00ab\u00a0bon\u00a0\u00bb pour le climat. On parle de boucle de r\u00e9troaction positive lorsque l&rsquo;augmentation d&rsquo;un param\u00e8tre entraine son augmentation, ou lorsque la diminution d&rsquo;un param\u00e8tre entraine sa diminution.\u00a0<\/em><\/p>\n<p><span style=\"text-decoration: underline;\"><strong>Exemples de r\u00e9troactions positives :\u00a0<\/strong><\/span><\/p>\n<p><img loading=\"lazy\" decoding=\"async\" class=\"aligncenter wp-image-3707\" src=\"http:\/\/thibault-svt.fr\/wp-content\/uploads\/2025\/07\/boucle-retroaction.png\" alt=\"\" width=\"625\" height=\"422\" srcset=\"http:\/\/thibault-svt.fr\/wp-content\/uploads\/2025\/07\/boucle-retroaction.png 906w, http:\/\/thibault-svt.fr\/wp-content\/uploads\/2025\/07\/boucle-retroaction-300x203.png 300w, http:\/\/thibault-svt.fr\/wp-content\/uploads\/2025\/07\/boucle-retroaction-768x519.png 768w, http:\/\/thibault-svt.fr\/wp-content\/uploads\/2025\/07\/boucle-retroaction-900x608.png 900w\" sizes=\"auto, (max-width: 625px) 100vw, 625px\" \/><\/p>\n<p><strong>\u00a0<\/strong><\/p>\n<p><strong>Des <u>r\u00e9troactions n\u00e9gatives*<\/u><\/strong> sur l\u2019augmentation des temp\u00e9ratures existent \u00e9galement : Pare exemple, l\u2019augmentation de la teneur en CO<sub>2<\/sub> atmosph\u00e9rique favorise la photosynth\u00e8se des v\u00e9g\u00e9taux, qui est un puits de carbone, il y a donc plus de stockage de carbone dans les v\u00e9g\u00e9taux, donc moins dans l\u2019atmosph\u00e8re et la quantit\u00e9 de CO2 atmosph\u00e9rique diminue.<\/p>\n<p>Cette boucle de <strong>r\u00e9troaction n\u00e9gative sur le syst\u00e8me<\/strong> qui pourrait tendre \u00e0 diminuer les temp\u00e9ratures et montre l\u2019int\u00e9r\u00eat de la v\u00e9g\u00e9talisation.<\/p>\n<p><em>Attention, ici, n\u00e9gatif ne signifie pas que l&rsquo;effet est n\u00e9faste pour le climat. On parle de boucle de r\u00e9troaction n\u00e9gative lorsque l&rsquo;augmentation d&rsquo;un param\u00e8tre entraine sa diminution, ou lorsque la diminution d&rsquo;un param\u00e8tre entraine son augmentation.\u00a0<\/em><\/p>\n","protected":false},"excerpt":{"rendered":"<p>I- M\u00e9t\u00e9orologie et Climatologie Un climat est d\u00e9fini par un ensemble de moyennes de grandeurs atmosph\u00e9riques observ\u00e9es dans une r\u00e9gion donn\u00e9e pendant une p\u00e9riode donn\u00e9e. Ces grandeurs sont principalement\u00a0: la temp\u00e9rature, la pression, le degr\u00e9 d\u2019hygrom\u00e9trie, la pluviom\u00e9trie, la n\u00e9bulosit\u00e9, la vitesse et la direction des vents. Ces param\u00e8tres sont mesur\u00e9s en permanence sur Terre [&hellip;]<\/p>\n","protected":false},"author":1,"featured_media":0,"parent":2489,"menu_order":1,"comment_status":"closed","ping_status":"closed","template":"full-width-page-template.php","meta":{"footnotes":""},"class_list":["post-2494","page","type-page","status-publish","hentry"],"yoast_head":"<!-- This site is optimized with the Yoast SEO plugin v24.4 - https:\/\/yoast.com\/wordpress\/plugins\/seo\/ -->\n<title>Chapitre 2 - La complexit\u00e9 du syst\u00e8me climatique - SVT<\/title>\n<meta name=\"robots\" content=\"index, follow, max-snippet:-1, max-image-preview:large, max-video-preview:-1\" \/>\n<link rel=\"canonical\" href=\"http:\/\/thibault-svt.fr\/index.php\/terminales\/enseignement-scientifique\/chapitre-2-la-complexite-du-systeme-climatique\/\" \/>\n<meta property=\"og:locale\" content=\"fr_FR\" \/>\n<meta property=\"og:type\" content=\"article\" \/>\n<meta property=\"og:title\" content=\"Chapitre 2 - La complexit\u00e9 du syst\u00e8me climatique - SVT\" \/>\n<meta property=\"og:description\" content=\"I- M\u00e9t\u00e9orologie et Climatologie Un climat est d\u00e9fini par un ensemble de moyennes de grandeurs atmosph\u00e9riques observ\u00e9es dans une r\u00e9gion donn\u00e9e pendant une p\u00e9riode donn\u00e9e. Ces grandeurs sont principalement\u00a0: la temp\u00e9rature, la pression, le degr\u00e9 d\u2019hygrom\u00e9trie, la pluviom\u00e9trie, la n\u00e9bulosit\u00e9, la vitesse et la direction des vents. Ces param\u00e8tres sont mesur\u00e9s en permanence sur Terre [&hellip;]\" \/>\n<meta property=\"og:url\" content=\"http:\/\/thibault-svt.fr\/index.php\/terminales\/enseignement-scientifique\/chapitre-2-la-complexite-du-systeme-climatique\/\" \/>\n<meta property=\"og:site_name\" content=\"SVT\" \/>\n<meta property=\"article:modified_time\" content=\"2025-07-13T14:42:31+00:00\" \/>\n<meta property=\"og:image\" content=\"http:\/\/thibault-svt.fr\/wp-content\/uploads\/2025\/07\/climato.png\" \/>\n\t<meta property=\"og:image:width\" content=\"1007\" \/>\n\t<meta property=\"og:image:height\" content=\"825\" \/>\n\t<meta property=\"og:image:type\" content=\"image\/png\" \/>\n<meta name=\"twitter:card\" content=\"summary_large_image\" \/>\n<meta name=\"twitter:label1\" content=\"Dur\u00e9e de lecture estim\u00e9e\" \/>\n\t<meta name=\"twitter:data1\" content=\"6 minutes\" \/>\n<script type=\"application\/ld+json\" class=\"yoast-schema-graph\">{\"@context\":\"https:\/\/schema.org\",\"@graph\":[{\"@type\":\"WebPage\",\"@id\":\"http:\/\/thibault-svt.fr\/index.php\/terminales\/enseignement-scientifique\/chapitre-2-la-complexite-du-systeme-climatique\/\",\"url\":\"http:\/\/thibault-svt.fr\/index.php\/terminales\/enseignement-scientifique\/chapitre-2-la-complexite-du-systeme-climatique\/\",\"name\":\"Chapitre 2 - La complexit\u00e9 du syst\u00e8me climatique - SVT\",\"isPartOf\":{\"@id\":\"http:\/\/thibault-svt.fr\/#website\"},\"primaryImageOfPage\":{\"@id\":\"http:\/\/thibault-svt.fr\/index.php\/terminales\/enseignement-scientifique\/chapitre-2-la-complexite-du-systeme-climatique\/#primaryimage\"},\"image\":{\"@id\":\"http:\/\/thibault-svt.fr\/index.php\/terminales\/enseignement-scientifique\/chapitre-2-la-complexite-du-systeme-climatique\/#primaryimage\"},\"thumbnailUrl\":\"http:\/\/thibault-svt.fr\/wp-content\/uploads\/2025\/07\/climato.png\",\"datePublished\":\"2023-08-16T10:27:43+00:00\",\"dateModified\":\"2025-07-13T14:42:31+00:00\",\"breadcrumb\":{\"@id\":\"http:\/\/thibault-svt.fr\/index.php\/terminales\/enseignement-scientifique\/chapitre-2-la-complexite-du-systeme-climatique\/#breadcrumb\"},\"inLanguage\":\"fr-FR\",\"potentialAction\":[{\"@type\":\"ReadAction\",\"target\":[\"http:\/\/thibault-svt.fr\/index.php\/terminales\/enseignement-scientifique\/chapitre-2-la-complexite-du-systeme-climatique\/\"]}]},{\"@type\":\"ImageObject\",\"inLanguage\":\"fr-FR\",\"@id\":\"http:\/\/thibault-svt.fr\/index.php\/terminales\/enseignement-scientifique\/chapitre-2-la-complexite-du-systeme-climatique\/#primaryimage\",\"url\":\"http:\/\/thibault-svt.fr\/wp-content\/uploads\/2025\/07\/climato.png\",\"contentUrl\":\"http:\/\/thibault-svt.fr\/wp-content\/uploads\/2025\/07\/climato.png\",\"width\":1007,\"height\":825},{\"@type\":\"BreadcrumbList\",\"@id\":\"http:\/\/thibault-svt.fr\/index.php\/terminales\/enseignement-scientifique\/chapitre-2-la-complexite-du-systeme-climatique\/#breadcrumb\",\"itemListElement\":[{\"@type\":\"ListItem\",\"position\":1,\"name\":\"Accueil\",\"item\":\"http:\/\/thibault-svt.fr\/\"},{\"@type\":\"ListItem\",\"position\":2,\"name\":\"Terminales\",\"item\":\"http:\/\/thibault-svt.fr\/index.php\/terminales\/\"},{\"@type\":\"ListItem\",\"position\":3,\"name\":\"Enseignement scientifique\",\"item\":\"http:\/\/thibault-svt.fr\/index.php\/terminales\/enseignement-scientifique\/\"},{\"@type\":\"ListItem\",\"position\":4,\"name\":\"Chapitre 2 &#8211; La complexit\u00e9 du syst\u00e8me climatique\"}]},{\"@type\":\"WebSite\",\"@id\":\"http:\/\/thibault-svt.fr\/#website\",\"url\":\"http:\/\/thibault-svt.fr\/\",\"name\":\"SVT\",\"description\":\"Cours de SVT de Mme Thibault - Professeure au Lyc\u00e9e Maurice Genevoix\",\"potentialAction\":[{\"@type\":\"SearchAction\",\"target\":{\"@type\":\"EntryPoint\",\"urlTemplate\":\"http:\/\/thibault-svt.fr\/?s={search_term_string}\"},\"query-input\":{\"@type\":\"PropertyValueSpecification\",\"valueRequired\":true,\"valueName\":\"search_term_string\"}}],\"inLanguage\":\"fr-FR\"}]}<\/script>\n<!-- \/ Yoast SEO plugin. -->","yoast_head_json":{"title":"Chapitre 2 - La complexit\u00e9 du syst\u00e8me climatique - SVT","robots":{"index":"index","follow":"follow","max-snippet":"max-snippet:-1","max-image-preview":"max-image-preview:large","max-video-preview":"max-video-preview:-1"},"canonical":"http:\/\/thibault-svt.fr\/index.php\/terminales\/enseignement-scientifique\/chapitre-2-la-complexite-du-systeme-climatique\/","og_locale":"fr_FR","og_type":"article","og_title":"Chapitre 2 - La complexit\u00e9 du syst\u00e8me climatique - SVT","og_description":"I- M\u00e9t\u00e9orologie et Climatologie Un climat est d\u00e9fini par un ensemble de moyennes de grandeurs atmosph\u00e9riques observ\u00e9es dans une r\u00e9gion donn\u00e9e pendant une p\u00e9riode donn\u00e9e. Ces grandeurs sont principalement\u00a0: la temp\u00e9rature, la pression, le degr\u00e9 d\u2019hygrom\u00e9trie, la pluviom\u00e9trie, la n\u00e9bulosit\u00e9, la vitesse et la direction des vents. Ces param\u00e8tres sont mesur\u00e9s en permanence sur Terre [&hellip;]","og_url":"http:\/\/thibault-svt.fr\/index.php\/terminales\/enseignement-scientifique\/chapitre-2-la-complexite-du-systeme-climatique\/","og_site_name":"SVT","article_modified_time":"2025-07-13T14:42:31+00:00","og_image":[{"width":1007,"height":825,"url":"http:\/\/thibault-svt.fr\/wp-content\/uploads\/2025\/07\/climato.png","type":"image\/png"}],"twitter_card":"summary_large_image","twitter_misc":{"Dur\u00e9e de lecture estim\u00e9e":"6 minutes"},"schema":{"@context":"https:\/\/schema.org","@graph":[{"@type":"WebPage","@id":"http:\/\/thibault-svt.fr\/index.php\/terminales\/enseignement-scientifique\/chapitre-2-la-complexite-du-systeme-climatique\/","url":"http:\/\/thibault-svt.fr\/index.php\/terminales\/enseignement-scientifique\/chapitre-2-la-complexite-du-systeme-climatique\/","name":"Chapitre 2 - La complexit\u00e9 du syst\u00e8me climatique - SVT","isPartOf":{"@id":"http:\/\/thibault-svt.fr\/#website"},"primaryImageOfPage":{"@id":"http:\/\/thibault-svt.fr\/index.php\/terminales\/enseignement-scientifique\/chapitre-2-la-complexite-du-systeme-climatique\/#primaryimage"},"image":{"@id":"http:\/\/thibault-svt.fr\/index.php\/terminales\/enseignement-scientifique\/chapitre-2-la-complexite-du-systeme-climatique\/#primaryimage"},"thumbnailUrl":"http:\/\/thibault-svt.fr\/wp-content\/uploads\/2025\/07\/climato.png","datePublished":"2023-08-16T10:27:43+00:00","dateModified":"2025-07-13T14:42:31+00:00","breadcrumb":{"@id":"http:\/\/thibault-svt.fr\/index.php\/terminales\/enseignement-scientifique\/chapitre-2-la-complexite-du-systeme-climatique\/#breadcrumb"},"inLanguage":"fr-FR","potentialAction":[{"@type":"ReadAction","target":["http:\/\/thibault-svt.fr\/index.php\/terminales\/enseignement-scientifique\/chapitre-2-la-complexite-du-systeme-climatique\/"]}]},{"@type":"ImageObject","inLanguage":"fr-FR","@id":"http:\/\/thibault-svt.fr\/index.php\/terminales\/enseignement-scientifique\/chapitre-2-la-complexite-du-systeme-climatique\/#primaryimage","url":"http:\/\/thibault-svt.fr\/wp-content\/uploads\/2025\/07\/climato.png","contentUrl":"http:\/\/thibault-svt.fr\/wp-content\/uploads\/2025\/07\/climato.png","width":1007,"height":825},{"@type":"BreadcrumbList","@id":"http:\/\/thibault-svt.fr\/index.php\/terminales\/enseignement-scientifique\/chapitre-2-la-complexite-du-systeme-climatique\/#breadcrumb","itemListElement":[{"@type":"ListItem","position":1,"name":"Accueil","item":"http:\/\/thibault-svt.fr\/"},{"@type":"ListItem","position":2,"name":"Terminales","item":"http:\/\/thibault-svt.fr\/index.php\/terminales\/"},{"@type":"ListItem","position":3,"name":"Enseignement scientifique","item":"http:\/\/thibault-svt.fr\/index.php\/terminales\/enseignement-scientifique\/"},{"@type":"ListItem","position":4,"name":"Chapitre 2 &#8211; La complexit\u00e9 du syst\u00e8me climatique"}]},{"@type":"WebSite","@id":"http:\/\/thibault-svt.fr\/#website","url":"http:\/\/thibault-svt.fr\/","name":"SVT","description":"Cours de SVT de Mme Thibault - Professeure au Lyc\u00e9e Maurice Genevoix","potentialAction":[{"@type":"SearchAction","target":{"@type":"EntryPoint","urlTemplate":"http:\/\/thibault-svt.fr\/?s={search_term_string}"},"query-input":{"@type":"PropertyValueSpecification","valueRequired":true,"valueName":"search_term_string"}}],"inLanguage":"fr-FR"}]}},"_links":{"self":[{"href":"http:\/\/thibault-svt.fr\/index.php\/wp-json\/wp\/v2\/pages\/2494","targetHints":{"allow":["GET"]}}],"collection":[{"href":"http:\/\/thibault-svt.fr\/index.php\/wp-json\/wp\/v2\/pages"}],"about":[{"href":"http:\/\/thibault-svt.fr\/index.php\/wp-json\/wp\/v2\/types\/page"}],"author":[{"embeddable":true,"href":"http:\/\/thibault-svt.fr\/index.php\/wp-json\/wp\/v2\/users\/1"}],"replies":[{"embeddable":true,"href":"http:\/\/thibault-svt.fr\/index.php\/wp-json\/wp\/v2\/comments?post=2494"}],"version-history":[{"count":7,"href":"http:\/\/thibault-svt.fr\/index.php\/wp-json\/wp\/v2\/pages\/2494\/revisions"}],"predecessor-version":[{"id":3689,"href":"http:\/\/thibault-svt.fr\/index.php\/wp-json\/wp\/v2\/pages\/2494\/revisions\/3689"}],"up":[{"embeddable":true,"href":"http:\/\/thibault-svt.fr\/index.php\/wp-json\/wp\/v2\/pages\/2489"}],"wp:attachment":[{"href":"http:\/\/thibault-svt.fr\/index.php\/wp-json\/wp\/v2\/media?parent=2494"}],"curies":[{"name":"wp","href":"https:\/\/api.w.org\/{rel}","templated":true}]}}