{"id":2489,"date":"2023-08-16T12:18:23","date_gmt":"2023-08-16T10:18:23","guid":{"rendered":"http:\/\/thibault-svt.fr\/?page_id=2489"},"modified":"2026-02-27T19:25:13","modified_gmt":"2026-02-27T18:25:13","slug":"enseignement-scientifique","status":"publish","type":"page","link":"http:\/\/thibault-svt.fr\/index.php\/terminales\/enseignement-scientifique\/","title":{"rendered":"Enseignement scientifique"},"content":{"rendered":"<p><span style=\"color: #333399;\"><strong>THEME 1 &#8211;\u00a0Science, climat et soci\u00e9t\u00e9<br \/>\n<\/strong><\/span><\/p>\n<ul>\n<li><span style=\"color: #16b2d9;\"><a style=\"color: #16b2d9;\" href=\"http:\/\/thibault-svt.fr\/index.php\/terminales\/enseignement-scientifique\/chapitre-1-latmosphere-terrestre-et-la-vie\/\"><strong>Chapitre 1 &#8211; L&rsquo;atmosph\u00e8re terrestre et la vie.\u00a0<\/strong><\/a><\/span><\/li>\n<li><span style=\"color: #0000ff;\"><strong><span style=\"color: #0000ff;\"><a style=\"color: #0000ff;\" href=\"http:\/\/thibault-svt.fr\/index.php\/terminales\/enseignement-scientifique\/chapitre-2-la-complexite-du-systeme-climatique\/\" target=\"_blank\" rel=\"noopener\">Chapitre 2 &#8211; La complexit\u00e9 du syst\u00e8me climatique<\/a><\/span><br \/>\n<\/strong><\/span><\/li>\n<li><span style=\"color: #666699;\"><strong>Chapitre 3\u2014 Le climat du futur<\/strong><\/span><\/li>\n<\/ul>\n<p>&nbsp;<\/p>\n<p><span style=\"color: #ff00ff;\"><strong>THEME 2 &#8211; Trait\u00e9 dans la partie Physique-Chimie<\/strong><\/span><\/p>\n<p>&nbsp;<\/p>\n<p><span style=\"color: #10a344;\"><strong><span style=\"color: #22bd34;\">THEME 3 &#8211; Une histoire du vivant<\/span><br \/>\n<\/strong><\/span><\/p>\n<ul>\n<li><span style=\"color: #33cccc;\"><a style=\"color: #33cccc;\" href=\"http:\/\/thibault-svt.fr\/index.php\/terminales\/enseignement-scientifique\/chapitre-1-la-biodiversite-et-son-evolution\/\" target=\"_blank\" rel=\"noopener\"><strong>Chapitre 1 &#8211; La biodiversit\u00e9 et son \u00e9volution<\/strong><\/a><\/span><span style=\"text-decoration: underline; color: #55c29c;\"><strong><br \/>\n<\/strong><\/span><\/li>\n<li><span style=\"color: #2ec742;\"><strong><span style=\"color: #6fed80;\">Chapitre 2- L\u2019\u00e9volution comme grille de lecture du monde<\/span><br \/>\n<\/strong><\/span><\/li>\n<li><span style=\"color: #95d126;\"><strong>Chapitre 3 &#8211; L&rsquo;\u00e9volution humaine<\/strong><\/span><\/li>\n<\/ul>\n","protected":false},"excerpt":{"rendered":"<p>THEME 1 &#8211;\u00a0Science, climat et soci\u00e9t\u00e9 Chapitre 1 &#8211; L&rsquo;atmosph\u00e8re terrestre et la vie.\u00a0 Chapitre 2 &#8211; La complexit\u00e9 du syst\u00e8me climatique Chapitre 3\u2014 Le climat du futur &nbsp; THEME 2 &#8211; Trait\u00e9 dans la partie Physique-Chimie &nbsp; THEME 3 &#8211; Une histoire du vivant Chapitre 1 &#8211; La biodiversit\u00e9 et son \u00e9volution Chapitre 2- [&hellip;]<\/p>\n","protected":false},"author":1,"featured_media":0,"parent":86,"menu_order":3,"comment_status":"closed","ping_status":"closed","template":"full-width-page-template.php","meta":{"footnotes":""},"class_list":["post-2489","page","type-page","status-publish","hentry"],"yoast_head":"<!-- This site is optimized with the Yoast SEO plugin v24.4 - https:\/\/yoast.com\/wordpress\/plugins\/seo\/ -->\n<title>Enseignement scientifique - SVT<\/title>\n<meta name=\"robots\" content=\"index, follow, max-snippet:-1, max-image-preview:large, max-video-preview:-1\" \/>\n<link rel=\"canonical\" href=\"http:\/\/thibault-svt.fr\/index.php\/terminales\/enseignement-scientifique\/\" \/>\n<meta property=\"og:locale\" content=\"fr_FR\" \/>\n<meta property=\"og:type\" content=\"article\" \/>\n<meta property=\"og:title\" content=\"Enseignement scientifique - SVT\" \/>\n<meta property=\"og:description\" content=\"THEME 1 &#8211;\u00a0Science, climat et soci\u00e9t\u00e9 Chapitre 1 &#8211; L&rsquo;atmosph\u00e8re terrestre et la vie.\u00a0 Chapitre 2 &#8211; La complexit\u00e9 du syst\u00e8me climatique Chapitre 3\u2014 Le climat du futur &nbsp; THEME 2 &#8211; Trait\u00e9 dans la partie Physique-Chimie &nbsp; THEME 3 &#8211; Une histoire du vivant Chapitre 1 &#8211; La biodiversit\u00e9 et son \u00e9volution Chapitre 2- [&hellip;]\" \/>\n<meta property=\"og:url\" content=\"http:\/\/thibault-svt.fr\/index.php\/terminales\/enseignement-scientifique\/\" \/>\n<meta property=\"og:site_name\" content=\"SVT\" \/>\n<meta property=\"article:modified_time\" content=\"2026-02-27T18:25:13+00:00\" \/>\n<meta name=\"twitter:card\" content=\"summary_large_image\" \/>\n<meta name=\"twitter:label1\" content=\"Dur\u00e9e de lecture estim\u00e9e\" \/>\n\t<meta name=\"twitter:data1\" content=\"1 minute\" \/>\n<script type=\"application\/ld+json\" class=\"yoast-schema-graph\">{\"@context\":\"https:\/\/schema.org\",\"@graph\":[{\"@type\":\"WebPage\",\"@id\":\"http:\/\/thibault-svt.fr\/index.php\/terminales\/enseignement-scientifique\/\",\"url\":\"http:\/\/thibault-svt.fr\/index.php\/terminales\/enseignement-scientifique\/\",\"name\":\"Enseignement scientifique - SVT\",\"isPartOf\":{\"@id\":\"http:\/\/thibault-svt.fr\/#website\"},\"datePublished\":\"2023-08-16T10:18:23+00:00\",\"dateModified\":\"2026-02-27T18:25:13+00:00\",\"breadcrumb\":{\"@id\":\"http:\/\/thibault-svt.fr\/index.php\/terminales\/enseignement-scientifique\/#breadcrumb\"},\"inLanguage\":\"fr-FR\",\"potentialAction\":[{\"@type\":\"ReadAction\",\"target\":[\"http:\/\/thibault-svt.fr\/index.php\/terminales\/enseignement-scientifique\/\"]}]},{\"@type\":\"BreadcrumbList\",\"@id\":\"http:\/\/thibault-svt.fr\/index.php\/terminales\/enseignement-scientifique\/#breadcrumb\",\"itemListElement\":[{\"@type\":\"ListItem\",\"position\":1,\"name\":\"Accueil\",\"item\":\"http:\/\/thibault-svt.fr\/\"},{\"@type\":\"ListItem\",\"position\":2,\"name\":\"Terminales\",\"item\":\"http:\/\/thibault-svt.fr\/index.php\/terminales\/\"},{\"@type\":\"ListItem\",\"position\":3,\"name\":\"Enseignement scientifique\"}]},{\"@type\":\"WebSite\",\"@id\":\"http:\/\/thibault-svt.fr\/#website\",\"url\":\"http:\/\/thibault-svt.fr\/\",\"name\":\"SVT\",\"description\":\"Cours de SVT de Mme Thibault - Professeure au Lyc\u00e9e Maurice Genevoix\",\"potentialAction\":[{\"@type\":\"SearchAction\",\"target\":{\"@type\":\"EntryPoint\",\"urlTemplate\":\"http:\/\/thibault-svt.fr\/?s={search_term_string}\"},\"query-input\":{\"@type\":\"PropertyValueSpecification\",\"valueRequired\":true,\"valueName\":\"search_term_string\"}}],\"inLanguage\":\"fr-FR\"}]}<\/script>\n<!-- \/ Yoast SEO plugin. -->","yoast_head_json":{"title":"Enseignement scientifique - SVT","robots":{"index":"index","follow":"follow","max-snippet":"max-snippet:-1","max-image-preview":"max-image-preview:large","max-video-preview":"max-video-preview:-1"},"canonical":"http:\/\/thibault-svt.fr\/index.php\/terminales\/enseignement-scientifique\/","og_locale":"fr_FR","og_type":"article","og_title":"Enseignement scientifique - SVT","og_description":"THEME 1 &#8211;\u00a0Science, climat et soci\u00e9t\u00e9 Chapitre 1 &#8211; L&rsquo;atmosph\u00e8re terrestre et la vie.\u00a0 Chapitre 2 &#8211; La complexit\u00e9 du syst\u00e8me climatique Chapitre 3\u2014 Le climat du futur &nbsp; THEME 2 &#8211; Trait\u00e9 dans la partie Physique-Chimie &nbsp; THEME 3 &#8211; Une histoire du vivant Chapitre 1 &#8211; La biodiversit\u00e9 et son \u00e9volution Chapitre 2- [&hellip;]","og_url":"http:\/\/thibault-svt.fr\/index.php\/terminales\/enseignement-scientifique\/","og_site_name":"SVT","article_modified_time":"2026-02-27T18:25:13+00:00","twitter_card":"summary_large_image","twitter_misc":{"Dur\u00e9e de lecture estim\u00e9e":"1 minute"},"schema":{"@context":"https:\/\/schema.org","@graph":[{"@type":"WebPage","@id":"http:\/\/thibault-svt.fr\/index.php\/terminales\/enseignement-scientifique\/","url":"http:\/\/thibault-svt.fr\/index.php\/terminales\/enseignement-scientifique\/","name":"Enseignement scientifique - SVT","isPartOf":{"@id":"http:\/\/thibault-svt.fr\/#website"},"datePublished":"2023-08-16T10:18:23+00:00","dateModified":"2026-02-27T18:25:13+00:00","breadcrumb":{"@id":"http:\/\/thibault-svt.fr\/index.php\/terminales\/enseignement-scientifique\/#breadcrumb"},"inLanguage":"fr-FR","potentialAction":[{"@type":"ReadAction","target":["http:\/\/thibault-svt.fr\/index.php\/terminales\/enseignement-scientifique\/"]}]},{"@type":"BreadcrumbList","@id":"http:\/\/thibault-svt.fr\/index.php\/terminales\/enseignement-scientifique\/#breadcrumb","itemListElement":[{"@type":"ListItem","position":1,"name":"Accueil","item":"http:\/\/thibault-svt.fr\/"},{"@type":"ListItem","position":2,"name":"Terminales","item":"http:\/\/thibault-svt.fr\/index.php\/terminales\/"},{"@type":"ListItem","position":3,"name":"Enseignement scientifique"}]},{"@type":"WebSite","@id":"http:\/\/thibault-svt.fr\/#website","url":"http:\/\/thibault-svt.fr\/","name":"SVT","description":"Cours de SVT de Mme Thibault - Professeure au Lyc\u00e9e Maurice Genevoix","potentialAction":[{"@type":"SearchAction","target":{"@type":"EntryPoint","urlTemplate":"http:\/\/thibault-svt.fr\/?s={search_term_string}"},"query-input":{"@type":"PropertyValueSpecification","valueRequired":true,"valueName":"search_term_string"}}],"inLanguage":"fr-FR"}]}},"_links":{"self":[{"href":"http:\/\/thibault-svt.fr\/index.php\/wp-json\/wp\/v2\/pages\/2489","targetHints":{"allow":["GET"]}}],"collection":[{"href":"http:\/\/thibault-svt.fr\/index.php\/wp-json\/wp\/v2\/pages"}],"about":[{"href":"http:\/\/thibault-svt.fr\/index.php\/wp-json\/wp\/v2\/types\/page"}],"author":[{"embeddable":true,"href":"http:\/\/thibault-svt.fr\/index.php\/wp-json\/wp\/v2\/users\/1"}],"replies":[{"embeddable":true,"href":"http:\/\/thibault-svt.fr\/index.php\/wp-json\/wp\/v2\/comments?post=2489"}],"version-history":[{"count":10,"href":"http:\/\/thibault-svt.fr\/index.php\/wp-json\/wp\/v2\/pages\/2489\/revisions"}],"predecessor-version":[{"id":3861,"href":"http:\/\/thibault-svt.fr\/index.php\/wp-json\/wp\/v2\/pages\/2489\/revisions\/3861"}],"up":[{"embeddable":true,"href":"http:\/\/thibault-svt.fr\/index.php\/wp-json\/wp\/v2\/pages\/86"}],"wp:attachment":[{"href":"http:\/\/thibault-svt.fr\/index.php\/wp-json\/wp\/v2\/media?parent=2489"}],"curies":[{"name":"wp","href":"https:\/\/api.w.org\/{rel}","templated":true}]}}