{"id":2327,"date":"2023-02-07T14:11:02","date_gmt":"2023-02-07T13:11:02","guid":{"rendered":"http:\/\/thibault-svt.fr\/?page_id=2327"},"modified":"2023-02-07T14:21:55","modified_gmt":"2023-02-07T13:21:55","slug":"chapitre-4-2-evolution-de-la-biodiversite","status":"publish","type":"page","link":"http:\/\/thibault-svt.fr\/index.php\/secondes\/cours-de-svt-2nde\/chapitre-4-2-evolution-de-la-biodiversite\/","title":{"rendered":"Chapitre 4.2 &#8211; Evolution de la biodiversit\u00e9"},"content":{"rendered":"<p style=\"text-align: center;\"><span style=\"color: #bf1177;\"><strong><u>II- La biodiversit\u00e9 est modifi\u00e9e au cours du temps<\/u><\/strong><\/span><\/p>\n<p style=\"padding-left: 80px;\"><span style=\"color: #339966;\">Quels facteurs peuvent provoquer des modifications de grande ampleur de la biodiversit\u00e9 ?<\/span><\/p>\n<p>La biodiversit\u00e9 \u00e9volue au cours du temps : certaines esp\u00e8ces et certains groupes d\u2019esp\u00e8ce ont disparus (ex : les dinosaures non aviens) et d\u2019autres sont apparus (ex : les mammif\u00e8res) par \u00e9volution d\u2019une autre esp\u00e8ce.  Ces modifications s\u2019observent \u00e0 diff\u00e9rentes \u00e9chelles de temps.<\/p>\n<div class=\"titre-TP\" style=\"text-align: center;\"><span style=\"color: #000000;\"><a style=\"color: #000000;\" href=\"http:\/\/thibault-svt.fr\/wp-content\/uploads\/2023\/02\/TP7-Modifications-de-la-biodiv-et-crises-1.pdf\" target=\"_blank\" rel=\"noopener\">TP Evolution de la biodiversit\u00e9 et crises biologiques<\/a><\/span><\/div>\n<p>&nbsp;<\/p>\n<p><span style=\"text-decoration: underline; color: #0000ff;\"><strong>A- Les 5 crises biologiques majeures au cours de l\u2019histoire de la Terre<\/strong><\/span><\/p>\n<p>Les <strong><u>crises biologiques <\/u><\/strong>sont des p\u00e9riodes de modification intense de la biodiversit\u00e9, marqu\u00e9es par des extinctions massives d\u2019esp\u00e8ces souvent suivies d\u2019une p\u00e9riode de diversification de la biodiversit\u00e9 o\u00f9 de nouvelles esp\u00e8ces \u00e9mergent.<br \/>\nOn en comptabilise 6 majeures au cours de l&rsquo;histoire du vivant .<\/p>\n<p><u><img loading=\"lazy\" decoding=\"async\" class=\"aligncenter wp-image-2316\" src=\"http:\/\/thibault-svt.fr\/wp-content\/uploads\/2023\/02\/graph-crises.png\" alt=\"\" width=\"481\" height=\"412\" srcset=\"http:\/\/thibault-svt.fr\/wp-content\/uploads\/2023\/02\/graph-crises.png 755w, http:\/\/thibault-svt.fr\/wp-content\/uploads\/2023\/02\/graph-crises-300x257.png 300w\" sizes=\"auto, (max-width: 481px) 100vw, 481px\" \/><br \/>\n<\/u>Les crises peuvent \u00eatre dues \u00e0 des <strong>modifications climatiques<\/strong>, des <strong>\u00e9v\u00e8nements cataclysmiques<\/strong> (\u00e9ruptions, m\u00e9t\u00e9orites \u2026) ou, pour la derni\u00e8re en date, \u00e0<strong> l\u2019Homme.<\/strong><\/p>\n<p>Elles sont \u00e9tudi\u00e9es gr\u00e2ce aux fossiles et ont permis aux g\u00e9ologues de cr\u00e9er de grandes p\u00e9riodes de temps  : les \u00e8res g\u00e9ologiques, s\u00e9par\u00e9es par des crises biologiques majeures.<\/p>\n<p><strong> <u>La biodiversit\u00e9 actuelle n\u2019est donc qu\u2019une \u00e9tape de l\u2019histoire du monde vivant, <\/u>et les esp\u00e8ces actuelles ne repr\u00e9sentent qu\u2019une toute petite partie des esp\u00e8ces qui ont exist\u00e9.<\/strong><\/p>\n<p><span style=\"text-decoration: underline;\"><span style=\"color: #0000ff; text-decoration: underline;\"><strong>B- Actuellement une 6\u00e8me crise biologique, uniquement d\u2019origine anthropique<\/strong><strong> (= due \u00e0 l\u2019Humain)<\/strong><\/span><\/span><\/p>\n<p>De nombreux facteurs, dont <strong>l\u2019activit\u00e9 humaine, <\/strong>provoquent des modifications de la biodiversit\u00e9. Cette action s\u2019explique par : la destruction des milieux de vie et des habitats et la surexploitation (p\u00eache, chasse, pollution, changement de climat\u2026)<\/p>\n<p>La vitesse et l\u2019ampleur de la diminution actuelle de la biodiversit\u00e9 mondiale sugg\u00e8rent que nous sommes dans une <strong>sixi\u00e8me crise biologique majeure.<\/strong><\/p>\n<p style=\"text-align: center;\"><span style=\"color: #bf1177;\"><strong><u> III- M\u00e9canismes de modification de la biodiversit\u00e9<\/u><\/strong><\/span><\/p>\n<p style=\"padding-left: 80px;\"><span style=\"color: #339966;\"> Pb :  Quels sont les m\u00e9canismes permettant l\u2019\u00e9volution de la biodiversit\u00e9 ? <\/span><\/p>\n<p><span style=\"text-decoration: underline; color: #3366ff;\"><strong>A- Toutes les esp\u00e8ces sont issues de l\u2019\u00e9volution d\u2019autres esp\u00e8ces.<\/strong><\/span><\/p>\n<p>Pour qu\u2019une nouvelle esp\u00e8ce apparaisse (on appelle cela une<strong> sp\u00e9ciation<\/strong>) , il faut que l\u2019<strong>esp\u00e8ce initiale soit s\u00e9par\u00e9e en deux populations<\/strong> <strong>qui vont cesser de se reproduire entre elles et acqu\u00e9rir des caract\u00e8res diff\u00e9rents <\/strong>: elles deviendront au cours du temps des esp\u00e8ces diff\u00e9rentes.<\/p>\n<p>La s\u00e9paration (appel\u00e9e <strong>isolement reproducteur<\/strong>) peut se faire pour des raisons g\u00e9ographiques (par exemple, une esp\u00e8ce est s\u00e9par\u00e9e par migration ou par l\u2019apparition d\u2019une rivi\u00e8re ou d\u2019une falaise) ou pour des raisons comportementales   (par exemple, les chants deviennent diff\u00e9rents et la communication devient impossible)<\/p>\n<p><img loading=\"lazy\" decoding=\"async\" class=\"aligncenter wp-image-2317\" src=\"http:\/\/thibault-svt.fr\/wp-content\/uploads\/2023\/02\/Schema-evolution.png\" alt=\"\" width=\"657\" height=\"713\" srcset=\"http:\/\/thibault-svt.fr\/wp-content\/uploads\/2023\/02\/Schema-evolution.png 937w, http:\/\/thibault-svt.fr\/wp-content\/uploads\/2023\/02\/Schema-evolution-276x300.png 276w, http:\/\/thibault-svt.fr\/wp-content\/uploads\/2023\/02\/Schema-evolution-768x834.png 768w, http:\/\/thibault-svt.fr\/wp-content\/uploads\/2023\/02\/Schema-evolution-900x977.png 900w\" sizes=\"auto, (max-width: 657px) 100vw, 657px\" \/><\/p>\n<p><span style=\"text-decoration: underline; color: #3366ff;\"><strong>B- L\u2019apparition de nouveaux caract\u00e8res<\/strong><\/span><\/p>\n<p>Pour que de<strong> nouveaux caract\u00e8res <\/strong>apparaissent, il faut que de<strong> nouveaux all\u00e8les <\/strong>apparaissent, donc que <strong>la s\u00e9quence des nucl\u00e9otides d\u2019un g\u00e8ne soit modifi\u00e9e. <\/strong><\/p>\n<p>La modification d\u2019un nucl\u00e9otide s\u2019appelle<strong> une mutation. Il en existe 3 types :<\/strong><\/p>\n<p><img loading=\"lazy\" decoding=\"async\" class=\"wp-image-2320 alignright\" src=\"http:\/\/thibault-svt.fr\/wp-content\/uploads\/2023\/02\/mutations.jpg\" alt=\"\" width=\"292\" height=\"191\" srcset=\"http:\/\/thibault-svt.fr\/wp-content\/uploads\/2023\/02\/mutations.jpg 740w, http:\/\/thibault-svt.fr\/wp-content\/uploads\/2023\/02\/mutations-300x196.jpg 300w\" sizes=\"auto, (max-width: 292px) 100vw, 292px\" \/><\/p>\n<p>&nbsp;<\/p>\n<ul>\n<li>D\u00e9l\u00e9tion : Un ou plusieurs nucl\u00e9otides sont enlev\u00e9s<\/li>\n<li>Insertion : Un ou plusieurs nucl\u00e9otides sont ajout\u00e9s<\/li>\n<li>Substitution : Un ou plusieurs nucl\u00e9otides sont modifi\u00e9s<\/li>\n<\/ul>\n<p>Les mutations peuvent \u00eatre<strong> spontan\u00e9es ou caus\u00e9es par l\u2019environnement <\/strong>(soleil, tabac, UV \u2026)<\/p>\n<p><strong>L\u2019apparition d\u2019un nouveau caract\u00e8re est un processus al\u00e9atoire et spontan\u00e9, qui n\u2019a lieu que chez un seul individu \u00e0 la fois. Ainsi, pour qu\u2019une population enti\u00e8re acqui\u00e8re le nouveau caract\u00e8re, celui-ci doit \u00eatre transmis aux autres individus.<\/strong><\/p>\n<p><span style=\"text-decoration: underline; color: #3366ff;\"><strong>C- La transmission des caract\u00e8res : d\u00e9rive g\u00e9n\u00e9tique et s\u00e9lection naturelle<\/strong><\/span><\/p>\n<p>Les all\u00e8les (donc les caract\u00e8res) se transmettent de g\u00e9n\u00e9ration en g\u00e9n\u00e9ration par la reproduction sexu\u00e9e. Cependant, ils ne sont pas tous transmis de la mani\u00e8re \u00e9quivalent, ce qui fait varier leur proportion dans la population.<\/p>\n<p><strong>Les m\u00e9canismes permettent la transmission des all\u00e8les et la modification de leur proportion sont :  <\/strong><\/p>\n<ul>\n<li><strong>La d\u00e9rive g\u00e9n\u00e9tique <\/strong><\/li>\n<li><strong>La s\u00e9lection naturelle<\/strong><\/li>\n<\/ul>\n<p>&nbsp;<\/p>\n<div class=\"titre-TP\" style=\"text-align: center;\"><span style=\"color: #000000;\"><a style=\"color: #000000;\" href=\"http:\/\/thibault-svt.fr\/wp-content\/uploads\/2023\/02\/TP-derive-et-selection-2023.pdf\" target=\"_blank\" rel=\"noopener\">TP d\u00e9rive et s\u00e9lection <\/a><\/span><\/div>\n<p>&nbsp;<\/p>\n<p><strong>La <u>d\u00e9rive g\u00e9n\u00e9tique <\/u>est un ph\u00e9nom\u00e8ne <u>al\u00e9atoire<\/u> de transmission des all\u00e8les :<\/strong> Les reproductions se font au hasard et la fr\u00e9quence de chaque all\u00e8le \u00e9volue donc au hasard.<br \/>\nAinsi, lorsqu\u2019un nouvel all\u00e8le apparait, la d\u00e9rive g\u00e9n\u00e9tique peut soit le r\u00e9pandre dans la population, soit le faire disparaitre.<\/p>\n<p>Plus la population est petite, plus l\u2019effet de la d\u00e9rive g\u00e9n\u00e9tique sera rapide, et donc plus les fr\u00e9quences des all\u00e8les se modifieront rapidement.<\/p>\n<p><strong>La <u>s\u00e9lection naturelle <\/u>est un ph\u00e9nom\u00e8ne de transmission des all\u00e8les en fonction de <u>l\u2019avantage s\u00e9lectif <\/u>qu\u2019ils apportent \u00e0 leur porteur contre <u>une pression de s\u00e9lection <\/u>de l\u2019environnement. <\/strong><\/p>\n<p>Si un all\u00e8le apporte un avantage contre la pression de s\u00e9lection, les individus qui ont cet all\u00e8le se reproduiront plus (ils ont un <u>avantage reproductif<\/u>) et transmettront donc plus leurs all\u00e8les. La fr\u00e9quence de l\u2019all\u00e8le va alors augmenter.<\/p>\n<p>Au contraire, si un all\u00e8le apporte un d\u00e9savantage s\u00e9lectif contre la pression de s\u00e9lection, les individus qui portent cet all\u00e8le se reproduiront moins et transmettront moins leur all\u00e8le. La fr\u00e9quence de cet all\u00e8le va donc diminuer.<\/p>\n<p>Si la pression de s\u00e9lection change, l\u2019avantage peut changer et la fr\u00e9quence des all\u00e8les changera aussi.<\/p>\n","protected":false},"excerpt":{"rendered":"<p>II- La biodiversit\u00e9 est modifi\u00e9e au cours du temps Quels facteurs peuvent provoquer des modifications de grande ampleur de la biodiversit\u00e9 ? La biodiversit\u00e9 \u00e9volue au cours du temps : certaines esp\u00e8ces et certains groupes d\u2019esp\u00e8ce ont disparus (ex : les dinosaures non aviens) et d\u2019autres sont apparus (ex : les mammif\u00e8res) par \u00e9volution d\u2019une [&hellip;]<\/p>\n","protected":false},"author":1,"featured_media":0,"parent":1633,"menu_order":5,"comment_status":"closed","ping_status":"closed","template":"full-width-page-template.php","meta":{"footnotes":""},"class_list":["post-2327","page","type-page","status-publish","hentry"],"yoast_head":"<!-- This site is optimized with the Yoast SEO plugin v24.4 - https:\/\/yoast.com\/wordpress\/plugins\/seo\/ -->\n<title>Chapitre 4.2 - Evolution de la biodiversit\u00e9 - SVT<\/title>\n<meta name=\"robots\" content=\"index, follow, max-snippet:-1, max-image-preview:large, max-video-preview:-1\" \/>\n<link rel=\"canonical\" href=\"http:\/\/thibault-svt.fr\/index.php\/secondes\/cours-de-svt-2nde\/chapitre-4-2-evolution-de-la-biodiversite\/\" \/>\n<meta property=\"og:locale\" content=\"fr_FR\" \/>\n<meta property=\"og:type\" content=\"article\" \/>\n<meta property=\"og:title\" content=\"Chapitre 4.2 - Evolution de la biodiversit\u00e9 - SVT\" \/>\n<meta property=\"og:description\" content=\"II- La biodiversit\u00e9 est modifi\u00e9e au cours du temps Quels facteurs peuvent provoquer des modifications de grande ampleur de la biodiversit\u00e9 ? La biodiversit\u00e9 \u00e9volue au cours du temps : certaines esp\u00e8ces et certains groupes d\u2019esp\u00e8ce ont disparus (ex : les dinosaures non aviens) et d\u2019autres sont apparus (ex : les mammif\u00e8res) par \u00e9volution d\u2019une [&hellip;]\" \/>\n<meta property=\"og:url\" content=\"http:\/\/thibault-svt.fr\/index.php\/secondes\/cours-de-svt-2nde\/chapitre-4-2-evolution-de-la-biodiversite\/\" \/>\n<meta property=\"og:site_name\" content=\"SVT\" \/>\n<meta property=\"article:modified_time\" content=\"2023-02-07T13:21:55+00:00\" \/>\n<meta property=\"og:image\" content=\"http:\/\/thibault-svt.fr\/wp-content\/uploads\/2023\/02\/graph-crises.png\" \/>\n<meta name=\"twitter:card\" content=\"summary_large_image\" \/>\n<meta name=\"twitter:label1\" content=\"Dur\u00e9e de lecture estim\u00e9e\" \/>\n\t<meta name=\"twitter:data1\" content=\"4 minutes\" \/>\n<script type=\"application\/ld+json\" class=\"yoast-schema-graph\">{\"@context\":\"https:\/\/schema.org\",\"@graph\":[{\"@type\":\"WebPage\",\"@id\":\"http:\/\/thibault-svt.fr\/index.php\/secondes\/cours-de-svt-2nde\/chapitre-4-2-evolution-de-la-biodiversite\/\",\"url\":\"http:\/\/thibault-svt.fr\/index.php\/secondes\/cours-de-svt-2nde\/chapitre-4-2-evolution-de-la-biodiversite\/\",\"name\":\"Chapitre 4.2 - Evolution de la biodiversit\u00e9 - SVT\",\"isPartOf\":{\"@id\":\"http:\/\/thibault-svt.fr\/#website\"},\"primaryImageOfPage\":{\"@id\":\"http:\/\/thibault-svt.fr\/index.php\/secondes\/cours-de-svt-2nde\/chapitre-4-2-evolution-de-la-biodiversite\/#primaryimage\"},\"image\":{\"@id\":\"http:\/\/thibault-svt.fr\/index.php\/secondes\/cours-de-svt-2nde\/chapitre-4-2-evolution-de-la-biodiversite\/#primaryimage\"},\"thumbnailUrl\":\"http:\/\/thibault-svt.fr\/wp-content\/uploads\/2023\/02\/graph-crises.png\",\"datePublished\":\"2023-02-07T13:11:02+00:00\",\"dateModified\":\"2023-02-07T13:21:55+00:00\",\"breadcrumb\":{\"@id\":\"http:\/\/thibault-svt.fr\/index.php\/secondes\/cours-de-svt-2nde\/chapitre-4-2-evolution-de-la-biodiversite\/#breadcrumb\"},\"inLanguage\":\"fr-FR\",\"potentialAction\":[{\"@type\":\"ReadAction\",\"target\":[\"http:\/\/thibault-svt.fr\/index.php\/secondes\/cours-de-svt-2nde\/chapitre-4-2-evolution-de-la-biodiversite\/\"]}]},{\"@type\":\"ImageObject\",\"inLanguage\":\"fr-FR\",\"@id\":\"http:\/\/thibault-svt.fr\/index.php\/secondes\/cours-de-svt-2nde\/chapitre-4-2-evolution-de-la-biodiversite\/#primaryimage\",\"url\":\"http:\/\/thibault-svt.fr\/wp-content\/uploads\/2023\/02\/graph-crises.png\",\"contentUrl\":\"http:\/\/thibault-svt.fr\/wp-content\/uploads\/2023\/02\/graph-crises.png\",\"width\":755,\"height\":647},{\"@type\":\"BreadcrumbList\",\"@id\":\"http:\/\/thibault-svt.fr\/index.php\/secondes\/cours-de-svt-2nde\/chapitre-4-2-evolution-de-la-biodiversite\/#breadcrumb\",\"itemListElement\":[{\"@type\":\"ListItem\",\"position\":1,\"name\":\"Accueil\",\"item\":\"http:\/\/thibault-svt.fr\/\"},{\"@type\":\"ListItem\",\"position\":2,\"name\":\"Secondes\",\"item\":\"http:\/\/thibault-svt.fr\/index.php\/secondes\/\"},{\"@type\":\"ListItem\",\"position\":3,\"name\":\"Cours de SVT &#8211; 2nde\",\"item\":\"http:\/\/thibault-svt.fr\/index.php\/secondes\/cours-de-svt-2nde\/\"},{\"@type\":\"ListItem\",\"position\":4,\"name\":\"Chapitre 4.2 &#8211; Evolution de la biodiversit\u00e9\"}]},{\"@type\":\"WebSite\",\"@id\":\"http:\/\/thibault-svt.fr\/#website\",\"url\":\"http:\/\/thibault-svt.fr\/\",\"name\":\"SVT\",\"description\":\"Cours de SVT de Mme Thibault - Professeure au Lyc\u00e9e Maurice Genevoix\",\"potentialAction\":[{\"@type\":\"SearchAction\",\"target\":{\"@type\":\"EntryPoint\",\"urlTemplate\":\"http:\/\/thibault-svt.fr\/?s={search_term_string}\"},\"query-input\":{\"@type\":\"PropertyValueSpecification\",\"valueRequired\":true,\"valueName\":\"search_term_string\"}}],\"inLanguage\":\"fr-FR\"}]}<\/script>\n<!-- \/ Yoast SEO plugin. -->","yoast_head_json":{"title":"Chapitre 4.2 - Evolution de la biodiversit\u00e9 - SVT","robots":{"index":"index","follow":"follow","max-snippet":"max-snippet:-1","max-image-preview":"max-image-preview:large","max-video-preview":"max-video-preview:-1"},"canonical":"http:\/\/thibault-svt.fr\/index.php\/secondes\/cours-de-svt-2nde\/chapitre-4-2-evolution-de-la-biodiversite\/","og_locale":"fr_FR","og_type":"article","og_title":"Chapitre 4.2 - Evolution de la biodiversit\u00e9 - SVT","og_description":"II- La biodiversit\u00e9 est modifi\u00e9e au cours du temps Quels facteurs peuvent provoquer des modifications de grande ampleur de la biodiversit\u00e9 ? La biodiversit\u00e9 \u00e9volue au cours du temps : certaines esp\u00e8ces et certains groupes d\u2019esp\u00e8ce ont disparus (ex : les dinosaures non aviens) et d\u2019autres sont apparus (ex : les mammif\u00e8res) par \u00e9volution d\u2019une [&hellip;]","og_url":"http:\/\/thibault-svt.fr\/index.php\/secondes\/cours-de-svt-2nde\/chapitre-4-2-evolution-de-la-biodiversite\/","og_site_name":"SVT","article_modified_time":"2023-02-07T13:21:55+00:00","og_image":[{"url":"http:\/\/thibault-svt.fr\/wp-content\/uploads\/2023\/02\/graph-crises.png","type":"","width":"","height":""}],"twitter_card":"summary_large_image","twitter_misc":{"Dur\u00e9e de lecture estim\u00e9e":"4 minutes"},"schema":{"@context":"https:\/\/schema.org","@graph":[{"@type":"WebPage","@id":"http:\/\/thibault-svt.fr\/index.php\/secondes\/cours-de-svt-2nde\/chapitre-4-2-evolution-de-la-biodiversite\/","url":"http:\/\/thibault-svt.fr\/index.php\/secondes\/cours-de-svt-2nde\/chapitre-4-2-evolution-de-la-biodiversite\/","name":"Chapitre 4.2 - Evolution de la biodiversit\u00e9 - SVT","isPartOf":{"@id":"http:\/\/thibault-svt.fr\/#website"},"primaryImageOfPage":{"@id":"http:\/\/thibault-svt.fr\/index.php\/secondes\/cours-de-svt-2nde\/chapitre-4-2-evolution-de-la-biodiversite\/#primaryimage"},"image":{"@id":"http:\/\/thibault-svt.fr\/index.php\/secondes\/cours-de-svt-2nde\/chapitre-4-2-evolution-de-la-biodiversite\/#primaryimage"},"thumbnailUrl":"http:\/\/thibault-svt.fr\/wp-content\/uploads\/2023\/02\/graph-crises.png","datePublished":"2023-02-07T13:11:02+00:00","dateModified":"2023-02-07T13:21:55+00:00","breadcrumb":{"@id":"http:\/\/thibault-svt.fr\/index.php\/secondes\/cours-de-svt-2nde\/chapitre-4-2-evolution-de-la-biodiversite\/#breadcrumb"},"inLanguage":"fr-FR","potentialAction":[{"@type":"ReadAction","target":["http:\/\/thibault-svt.fr\/index.php\/secondes\/cours-de-svt-2nde\/chapitre-4-2-evolution-de-la-biodiversite\/"]}]},{"@type":"ImageObject","inLanguage":"fr-FR","@id":"http:\/\/thibault-svt.fr\/index.php\/secondes\/cours-de-svt-2nde\/chapitre-4-2-evolution-de-la-biodiversite\/#primaryimage","url":"http:\/\/thibault-svt.fr\/wp-content\/uploads\/2023\/02\/graph-crises.png","contentUrl":"http:\/\/thibault-svt.fr\/wp-content\/uploads\/2023\/02\/graph-crises.png","width":755,"height":647},{"@type":"BreadcrumbList","@id":"http:\/\/thibault-svt.fr\/index.php\/secondes\/cours-de-svt-2nde\/chapitre-4-2-evolution-de-la-biodiversite\/#breadcrumb","itemListElement":[{"@type":"ListItem","position":1,"name":"Accueil","item":"http:\/\/thibault-svt.fr\/"},{"@type":"ListItem","position":2,"name":"Secondes","item":"http:\/\/thibault-svt.fr\/index.php\/secondes\/"},{"@type":"ListItem","position":3,"name":"Cours de SVT &#8211; 2nde","item":"http:\/\/thibault-svt.fr\/index.php\/secondes\/cours-de-svt-2nde\/"},{"@type":"ListItem","position":4,"name":"Chapitre 4.2 &#8211; Evolution de la biodiversit\u00e9"}]},{"@type":"WebSite","@id":"http:\/\/thibault-svt.fr\/#website","url":"http:\/\/thibault-svt.fr\/","name":"SVT","description":"Cours de SVT de Mme Thibault - Professeure au Lyc\u00e9e Maurice Genevoix","potentialAction":[{"@type":"SearchAction","target":{"@type":"EntryPoint","urlTemplate":"http:\/\/thibault-svt.fr\/?s={search_term_string}"},"query-input":{"@type":"PropertyValueSpecification","valueRequired":true,"valueName":"search_term_string"}}],"inLanguage":"fr-FR"}]}},"_links":{"self":[{"href":"http:\/\/thibault-svt.fr\/index.php\/wp-json\/wp\/v2\/pages\/2327","targetHints":{"allow":["GET"]}}],"collection":[{"href":"http:\/\/thibault-svt.fr\/index.php\/wp-json\/wp\/v2\/pages"}],"about":[{"href":"http:\/\/thibault-svt.fr\/index.php\/wp-json\/wp\/v2\/types\/page"}],"author":[{"embeddable":true,"href":"http:\/\/thibault-svt.fr\/index.php\/wp-json\/wp\/v2\/users\/1"}],"replies":[{"embeddable":true,"href":"http:\/\/thibault-svt.fr\/index.php\/wp-json\/wp\/v2\/comments?post=2327"}],"version-history":[{"count":6,"href":"http:\/\/thibault-svt.fr\/index.php\/wp-json\/wp\/v2\/pages\/2327\/revisions"}],"predecessor-version":[{"id":2336,"href":"http:\/\/thibault-svt.fr\/index.php\/wp-json\/wp\/v2\/pages\/2327\/revisions\/2336"}],"up":[{"embeddable":true,"href":"http:\/\/thibault-svt.fr\/index.php\/wp-json\/wp\/v2\/pages\/1633"}],"wp:attachment":[{"href":"http:\/\/thibault-svt.fr\/index.php\/wp-json\/wp\/v2\/media?parent=2327"}],"curies":[{"name":"wp","href":"https:\/\/api.w.org\/{rel}","templated":true}]}}