{"id":2184,"date":"2022-09-07T15:12:28","date_gmt":"2022-09-07T13:12:28","guid":{"rendered":"http:\/\/thibault-svt.fr\/?page_id=2184"},"modified":"2025-02-10T13:09:28","modified_gmt":"2025-02-10T12:09:28","slug":"methodes-pour-tous-les-niveaux","status":"publish","type":"page","link":"http:\/\/thibault-svt.fr\/index.php\/methodes-pour-tous-les-niveaux\/","title":{"rendered":"M\u00e9thodes pour tous les niveaux"},"content":{"rendered":"<ul>\n<li><a href=\"http:\/\/thibault-svt.fr\/index.php\/methodes-pour-tous-les-niveaux\/rappels-sur-la-methode-scientifique\/\"><span style=\"color: #000080;\"><strong>Rappels sur la m\u00e9thode scientifique<\/strong><\/span><\/a><\/li>\n<li><a href=\"http:\/\/thibault-svt.fr\/index.php\/methodes-pour-tous-les-niveaux\/fiches-methodes\/\" target=\"_blank\" rel=\"noopener\"><span style=\"text-decoration: underline;\"><strong><span style=\"color: #008080; text-decoration: underline;\">Fiches m\u00e9thodes :\u00a0<\/span><\/strong><\/span><\/a>\n<ul>\n<li><span style=\"color: #000000;\"><a style=\"color: #000000;\" href=\"http:\/\/thibault-svt.fr\/wp-content\/uploads\/2023\/08\/FM-10-Schemas.pdf\" target=\"_blank\" rel=\"noopener\">Construire un sch\u00e9ma structural ou fonctionnel<\/a><\/span><\/li>\n<li><span style=\"color: #000000;\"><a style=\"color: #000000;\" href=\"http:\/\/thibault-svt.fr\/wp-content\/uploads\/2023\/08\/FM-9-Tableau.pdf\" target=\"_blank\" rel=\"noopener\">Construire un tableau<\/a><\/span><\/li>\n<li><span style=\"color: #000000;\"><a style=\"color: #000000;\" href=\"http:\/\/thibault-svt.fr\/wp-content\/uploads\/2023\/08\/FM-2-Etude-de-graphique.pdf\" target=\"_blank\" rel=\"noopener\">Etudier un graphique<\/a><\/span><\/li>\n<li><span style=\"color: #000000;\"><a style=\"color: #000000;\" href=\"http:\/\/thibault-svt.fr\/wp-content\/uploads\/2023\/08\/FM-5-Microscope.pdf\" target=\"_blank\" rel=\"noopener\">Utiliser un microscope<\/a><\/span><\/li>\n<li><span style=\"color: #000000;\"><a style=\"color: #000000;\" href=\"http:\/\/thibault-svt.fr\/wp-content\/uploads\/2023\/08\/FM-7-Calculer-une-taille-a-partir-dune-echelle.pdf\" target=\"_blank\" rel=\"noopener\">Calculer la taille d\u2019un objet photographi\u00e9 \u00e0 partir de l\u2019\u00e9chelle<\/a><\/span><\/li>\n<li><span style=\"color: #000000;\"><a style=\"color: #000000;\" href=\"http:\/\/thibault-svt.fr\/wp-content\/uploads\/2023\/08\/Fiche-methode-Ecriture-scientifique.pdf\" target=\"_blank\" rel=\"noopener\">Utiliser l\u2019\u00e9criture scientifique\u00a0<\/a>\u00a0<\/span><\/li>\n<li><span style=\"color: #000000;\"><a style=\"color: #000000;\" href=\"http:\/\/thibault-svt.fr\/wp-content\/uploads\/2023\/08\/FM-Demarche-ECE.pdf\" target=\"_blank\" rel=\"noopener\">Proposer une strat\u00e9gie de TP<\/a>\u00a0<\/span><\/li>\n<li><span style=\"color: #000000;\"><a style=\"color: #000000;\" href=\"http:\/\/thibault-svt.fr\/wp-content\/uploads\/2023\/08\/Apprendre2.pdf\" target=\"_blank\" rel=\"noopener\">Apprendre son cours<\/a><\/span><\/li>\n<li><span style=\"color: #000000;\"><a style=\"color: #000000;\" href=\"http:\/\/thibault-svt.fr\/wp-content\/uploads\/2023\/08\/FM-3-texte-argumente-avec-documents.pdf\" target=\"_blank\" rel=\"noopener\">R\u00e9aliser une synth\u00e8se\/texte argument\u00e9 \u00e0 partir de document<\/a><\/span><\/li>\n<li><span style=\"color: #000000;\"><a style=\"color: #000000;\" href=\"http:\/\/thibault-svt.fr\/wp-content\/uploads\/2023\/08\/FM-Restitution-de-connaissances.pdf\" target=\"_blank\" rel=\"noopener\">R\u00e9aliser une restitution organis\u00e9e de connaissances<\/a>\n<p><\/span><\/li>\n<\/ul>\n<\/li>\n<li><a href=\"http:\/\/thibault-svt.fr\/index.php\/methodes-pour-tous-les-niveaux\/les-exercices-du-baccalaureat\/\" target=\"_blank\" rel=\"noopener\"><span style=\"text-decoration: underline;\"><strong><span style=\"color: #339966; text-decoration: underline;\">M\u00e9thode des exercices du baccalaur\u00e9at<\/span><\/strong><\/span><\/a>\n<ul>\n<li><span style=\"color: #000000;\"><a style=\"color: #000000;\" href=\"http:\/\/thibault-svt.fr\/wp-content\/uploads\/2023\/08\/FICHE-METHODE-type-1.pdf\" target=\"_blank\" rel=\"noopener\">L\u2019exercice I du Baccalaur\u00e9at<\/a><\/span><\/li>\n<li><span style=\"color: #000000;\"><a style=\"color: #000000;\" href=\"http:\/\/thibault-svt.fr\/wp-content\/uploads\/2023\/08\/FICHE-METHODE-EX2.pdf\" target=\"_blank\" rel=\"noopener\">L\u2019exercice II du Baccalaur\u00e9at<\/a>\n<p><\/span><\/li>\n<\/ul>\n<\/li>\n<li><span style=\"color: #99cc00;\"><a style=\"color: #99cc00;\" href=\"http:\/\/thibault-svt.fr\/index.php\/methodes-pour-tous-les-niveaux\/rappels-les-reactions-chimiques\/\" target=\"_blank\" rel=\"noopener\"><span style=\"text-decoration: underline;\"><strong>Equilibrer une \u00e9quation chimique<\/strong><\/span><\/a><\/span><\/li>\n<\/ul>\n","protected":false},"excerpt":{"rendered":"<p>Rappels sur la m\u00e9thode scientifique Fiches m\u00e9thodes :\u00a0 Construire un sch\u00e9ma structural ou fonctionnel Construire un tableau Etudier un graphique Utiliser un microscope Calculer la taille d\u2019un objet photographi\u00e9 \u00e0 partir de l\u2019\u00e9chelle Utiliser l\u2019\u00e9criture scientifique\u00a0\u00a0 Proposer une strat\u00e9gie de TP\u00a0 Apprendre son cours R\u00e9aliser une synth\u00e8se\/texte argument\u00e9 \u00e0 partir de document R\u00e9aliser une restitution [&hellip;]<\/p>\n","protected":false},"author":1,"featured_media":0,"parent":0,"menu_order":5,"comment_status":"closed","ping_status":"closed","template":"","meta":{"footnotes":""},"class_list":["post-2184","page","type-page","status-publish","hentry"],"yoast_head":"<!-- This site is optimized with the Yoast SEO plugin v24.4 - https:\/\/yoast.com\/wordpress\/plugins\/seo\/ -->\n<title>M\u00e9thodes pour tous les niveaux - SVT<\/title>\n<meta name=\"robots\" content=\"index, follow, max-snippet:-1, max-image-preview:large, max-video-preview:-1\" \/>\n<link rel=\"canonical\" href=\"http:\/\/thibault-svt.fr\/index.php\/methodes-pour-tous-les-niveaux\/\" \/>\n<meta property=\"og:locale\" content=\"fr_FR\" \/>\n<meta property=\"og:type\" content=\"article\" \/>\n<meta property=\"og:title\" content=\"M\u00e9thodes pour tous les niveaux - SVT\" \/>\n<meta property=\"og:description\" content=\"Rappels sur la m\u00e9thode scientifique Fiches m\u00e9thodes :\u00a0 Construire un sch\u00e9ma structural ou fonctionnel Construire un tableau Etudier un graphique Utiliser un microscope Calculer la taille d\u2019un objet photographi\u00e9 \u00e0 partir de l\u2019\u00e9chelle Utiliser l\u2019\u00e9criture scientifique\u00a0\u00a0 Proposer une strat\u00e9gie de TP\u00a0 Apprendre son cours R\u00e9aliser une synth\u00e8se\/texte argument\u00e9 \u00e0 partir de document R\u00e9aliser une restitution [&hellip;]\" \/>\n<meta property=\"og:url\" content=\"http:\/\/thibault-svt.fr\/index.php\/methodes-pour-tous-les-niveaux\/\" \/>\n<meta property=\"og:site_name\" content=\"SVT\" \/>\n<meta property=\"article:modified_time\" content=\"2025-02-10T12:09:28+00:00\" \/>\n<meta name=\"twitter:card\" content=\"summary_large_image\" \/>\n<meta name=\"twitter:label1\" content=\"Dur\u00e9e de lecture estim\u00e9e\" \/>\n\t<meta name=\"twitter:data1\" content=\"1 minute\" \/>\n<script type=\"application\/ld+json\" class=\"yoast-schema-graph\">{\"@context\":\"https:\/\/schema.org\",\"@graph\":[{\"@type\":\"WebPage\",\"@id\":\"http:\/\/thibault-svt.fr\/index.php\/methodes-pour-tous-les-niveaux\/\",\"url\":\"http:\/\/thibault-svt.fr\/index.php\/methodes-pour-tous-les-niveaux\/\",\"name\":\"M\u00e9thodes pour tous les niveaux - SVT\",\"isPartOf\":{\"@id\":\"http:\/\/thibault-svt.fr\/#website\"},\"datePublished\":\"2022-09-07T13:12:28+00:00\",\"dateModified\":\"2025-02-10T12:09:28+00:00\",\"breadcrumb\":{\"@id\":\"http:\/\/thibault-svt.fr\/index.php\/methodes-pour-tous-les-niveaux\/#breadcrumb\"},\"inLanguage\":\"fr-FR\",\"potentialAction\":[{\"@type\":\"ReadAction\",\"target\":[\"http:\/\/thibault-svt.fr\/index.php\/methodes-pour-tous-les-niveaux\/\"]}]},{\"@type\":\"BreadcrumbList\",\"@id\":\"http:\/\/thibault-svt.fr\/index.php\/methodes-pour-tous-les-niveaux\/#breadcrumb\",\"itemListElement\":[{\"@type\":\"ListItem\",\"position\":1,\"name\":\"Accueil\",\"item\":\"http:\/\/thibault-svt.fr\/\"},{\"@type\":\"ListItem\",\"position\":2,\"name\":\"M\u00e9thodes pour tous les niveaux\"}]},{\"@type\":\"WebSite\",\"@id\":\"http:\/\/thibault-svt.fr\/#website\",\"url\":\"http:\/\/thibault-svt.fr\/\",\"name\":\"SVT\",\"description\":\"Cours de SVT de Mme Thibault - Professeure au Lyc\u00e9e Maurice Genevoix\",\"potentialAction\":[{\"@type\":\"SearchAction\",\"target\":{\"@type\":\"EntryPoint\",\"urlTemplate\":\"http:\/\/thibault-svt.fr\/?s={search_term_string}\"},\"query-input\":{\"@type\":\"PropertyValueSpecification\",\"valueRequired\":true,\"valueName\":\"search_term_string\"}}],\"inLanguage\":\"fr-FR\"}]}<\/script>\n<!-- \/ Yoast SEO plugin. -->","yoast_head_json":{"title":"M\u00e9thodes pour tous les niveaux - SVT","robots":{"index":"index","follow":"follow","max-snippet":"max-snippet:-1","max-image-preview":"max-image-preview:large","max-video-preview":"max-video-preview:-1"},"canonical":"http:\/\/thibault-svt.fr\/index.php\/methodes-pour-tous-les-niveaux\/","og_locale":"fr_FR","og_type":"article","og_title":"M\u00e9thodes pour tous les niveaux - SVT","og_description":"Rappels sur la m\u00e9thode scientifique Fiches m\u00e9thodes :\u00a0 Construire un sch\u00e9ma structural ou fonctionnel Construire un tableau Etudier un graphique Utiliser un microscope Calculer la taille d\u2019un objet photographi\u00e9 \u00e0 partir de l\u2019\u00e9chelle Utiliser l\u2019\u00e9criture scientifique\u00a0\u00a0 Proposer une strat\u00e9gie de TP\u00a0 Apprendre son cours R\u00e9aliser une synth\u00e8se\/texte argument\u00e9 \u00e0 partir de document R\u00e9aliser une restitution [&hellip;]","og_url":"http:\/\/thibault-svt.fr\/index.php\/methodes-pour-tous-les-niveaux\/","og_site_name":"SVT","article_modified_time":"2025-02-10T12:09:28+00:00","twitter_card":"summary_large_image","twitter_misc":{"Dur\u00e9e de lecture estim\u00e9e":"1 minute"},"schema":{"@context":"https:\/\/schema.org","@graph":[{"@type":"WebPage","@id":"http:\/\/thibault-svt.fr\/index.php\/methodes-pour-tous-les-niveaux\/","url":"http:\/\/thibault-svt.fr\/index.php\/methodes-pour-tous-les-niveaux\/","name":"M\u00e9thodes pour tous les niveaux - SVT","isPartOf":{"@id":"http:\/\/thibault-svt.fr\/#website"},"datePublished":"2022-09-07T13:12:28+00:00","dateModified":"2025-02-10T12:09:28+00:00","breadcrumb":{"@id":"http:\/\/thibault-svt.fr\/index.php\/methodes-pour-tous-les-niveaux\/#breadcrumb"},"inLanguage":"fr-FR","potentialAction":[{"@type":"ReadAction","target":["http:\/\/thibault-svt.fr\/index.php\/methodes-pour-tous-les-niveaux\/"]}]},{"@type":"BreadcrumbList","@id":"http:\/\/thibault-svt.fr\/index.php\/methodes-pour-tous-les-niveaux\/#breadcrumb","itemListElement":[{"@type":"ListItem","position":1,"name":"Accueil","item":"http:\/\/thibault-svt.fr\/"},{"@type":"ListItem","position":2,"name":"M\u00e9thodes pour tous les niveaux"}]},{"@type":"WebSite","@id":"http:\/\/thibault-svt.fr\/#website","url":"http:\/\/thibault-svt.fr\/","name":"SVT","description":"Cours de SVT de Mme Thibault - Professeure au Lyc\u00e9e Maurice Genevoix","potentialAction":[{"@type":"SearchAction","target":{"@type":"EntryPoint","urlTemplate":"http:\/\/thibault-svt.fr\/?s={search_term_string}"},"query-input":{"@type":"PropertyValueSpecification","valueRequired":true,"valueName":"search_term_string"}}],"inLanguage":"fr-FR"}]}},"_links":{"self":[{"href":"http:\/\/thibault-svt.fr\/index.php\/wp-json\/wp\/v2\/pages\/2184","targetHints":{"allow":["GET"]}}],"collection":[{"href":"http:\/\/thibault-svt.fr\/index.php\/wp-json\/wp\/v2\/pages"}],"about":[{"href":"http:\/\/thibault-svt.fr\/index.php\/wp-json\/wp\/v2\/types\/page"}],"author":[{"embeddable":true,"href":"http:\/\/thibault-svt.fr\/index.php\/wp-json\/wp\/v2\/users\/1"}],"replies":[{"embeddable":true,"href":"http:\/\/thibault-svt.fr\/index.php\/wp-json\/wp\/v2\/comments?post=2184"}],"version-history":[{"count":5,"href":"http:\/\/thibault-svt.fr\/index.php\/wp-json\/wp\/v2\/pages\/2184\/revisions"}],"predecessor-version":[{"id":3500,"href":"http:\/\/thibault-svt.fr\/index.php\/wp-json\/wp\/v2\/pages\/2184\/revisions\/3500"}],"wp:attachment":[{"href":"http:\/\/thibault-svt.fr\/index.php\/wp-json\/wp\/v2\/media?parent=2184"}],"curies":[{"name":"wp","href":"https:\/\/api.w.org\/{rel}","templated":true}]}}