{"id":2053,"date":"2021-08-17T12:16:12","date_gmt":"2021-08-17T10:16:12","guid":{"rendered":"http:\/\/thibault-svt.fr\/?page_id=2053"},"modified":"2021-08-17T12:27:58","modified_gmt":"2021-08-17T10:27:58","slug":"mots-croises-chapitre-1-organisation-fonctionnelle-du-vivant","status":"publish","type":"page","link":"http:\/\/thibault-svt.fr\/index.php\/secondes\/exercices-de-revision-ch1-organisation-fonctionnelle-du-vivant\/mots-croises-chapitre-1-organisation-fonctionnelle-du-vivant\/","title":{"rendered":"Mots crois\u00e9s Chapitre 1 : Organisation fonctionnelle du vivant"},"content":{"rendered":"<div class=\"crossword_wrapper\"><div class=\"wha-row wha-crossword-row\"><div class=\"wha-crossword-container\"><div class=\"wha-center wha-crossword\" id=\"wha-crossword\"><\/div><br\/><\/div><\/div><div class=\"wha-center wha-crossword-questions\"><div class=\"wha-line\">\r\n                      <input class=\"wha-word\" data-counter=\"1\" type=\"hidden\" value=\"Organisme\"\/>\r\n                      <div class=\"wha-clue\" data-counter=\"1\">1. \u00catre vivant  <\/div>\r\n                      <\/div><div class=\"wha-line\">\r\n                      <input class=\"wha-word\" data-counter=\"2\" type=\"hidden\" value=\"Organite\"\/>\r\n                      <div class=\"wha-clue\" data-counter=\"2\">2. Structures pr\u00e9sentes \u00e0 l\u2019int\u00e9rieur de certaines cellules<\/div>\r\n                      <\/div><div class=\"wha-line\">\r\n                      <input class=\"wha-word\" data-counter=\"3\" type=\"hidden\" value=\"Atome\"\/>\r\n                      <div class=\"wha-clue\" data-counter=\"3\">3. Sph\u00e8re qui forme toute la mati\u00e8re <\/div>\r\n                      <\/div><div class=\"wha-line\">\r\n                      <input class=\"wha-word\" data-counter=\"4\" type=\"hidden\" value=\"Tissu\"\/>\r\n                      <div class=\"wha-clue\" data-counter=\"4\">4. Ensemble de cellules ayant une m\u00eame fonction<\/div>\r\n                      <\/div><div class=\"wha-line\">\r\n                      <input class=\"wha-word\" data-counter=\"5\" type=\"hidden\" value=\"Pluricellulaire\"\/>\r\n                      <div class=\"wha-clue\" data-counter=\"5\">5. Etre vivant compos\u00e9 de plusieurs cellule<\/div>\r\n                      <\/div><div class=\"wha-line\">\r\n                      <input class=\"wha-word\" data-counter=\"6\" type=\"hidden\" value=\"Cellule\"\/>\r\n                      <div class=\"wha-clue\" data-counter=\"6\">6. Structure commune \u00e0 tous les \u00eatres vivants<\/div>\r\n                      <\/div><div class=\"wha-line\">\r\n                      <input class=\"wha-word\" data-counter=\"7\" type=\"hidden\" value=\"Unicellulaire\"\/>\r\n                      <div class=\"wha-clue\" data-counter=\"7\">7. Etre vivant form\u00e9 d&#039;une seule cellule<\/div>\r\n                      <\/div><div class=\"wha-line\">\r\n                      <input class=\"wha-word\" data-counter=\"8\" type=\"hidden\" value=\"Organe\"\/>\r\n                      <div class=\"wha-clue\" data-counter=\"8\">8. Partie d\u2019un organisme vivant ayant une fonction pr\u00e9cise<\/div>\r\n                      <\/div><div class=\"wha-line\">\r\n                      <input class=\"wha-word\" data-counter=\"9\" type=\"hidden\" value=\"Mol\u00e9cule\"\/>\r\n                      <div class=\"wha-clue\" data-counter=\"9\">9. Assemblage d\u2019atomes.   <\/div>\r\n                      <\/div><div class=\"wha-line\">\r\n                      <input class=\"wha-word\" data-counter=\"10\" type=\"hidden\" value=\"Sp\u00e9cialis\u00e9e\"\/>\r\n                      <div class=\"wha-clue\" data-counter=\"10\">10. Cellule remplissant une fonction pr\u00e9cise<\/div>\r\n                      <\/div><div class=\"wha-line\">\r\n                      <input class=\"wha-word\" data-counter=\"11\" type=\"hidden\" value=\"Chloroplaste\"\/>\r\n                      <div class=\"wha-clue\" data-counter=\"11\">11. Organite vert permettant la photosynth\u00e8se<\/div>\r\n                      <\/div><div class=\"wha-line\">\r\n                      <input class=\"wha-word\" data-counter=\"12\" type=\"hidden\" value=\"Vacuoles\"\/>\r\n                      <div class=\"wha-clue\" data-counter=\"12\">12. Organite stockant des liquides<\/div>\r\n                      <\/div><div class=\"wha-line\">\r\n                      <input class=\"wha-word\" data-counter=\"13\" type=\"hidden\" value=\"Microscope\"\/>\r\n                      <div class=\"wha-clue\" data-counter=\"13\">13. Outil permettant de voir les cellules et les tissus<\/div>\r\n                      <\/div><div class=\"wha-line\">\r\n                      <input class=\"wha-word\" data-counter=\"14\" type=\"hidden\" value=\"Matrice extra cellulaire\"\/>\r\n                      <div class=\"wha-clue\" data-counter=\"14\">14. Ensemble de mol\u00e9cules \u00e0 l&#039;ext\u00e9rieur de la cellule, qui la prot\u00e8ge<\/div>\r\n                      <\/div><\/div><\/div><div class=\"clearfix\"><\/div><style><\/style><script><\/script><script>\r\n        \/* <![CDATA[ *\/\r\n        var optional_crossword_vars = {\r\n            'whacw_optional_bg_color':'FFFFFF',\r\n            'whacw_optional_border_color':'000000',\r\n            'whacw_optional_text_color':'000000',\r\n            'whacw_optional_question_color':'000000',\r\n            'whacw_optional_counter_color':'000000',\r\n            'whacw_use_global_options':'no',\r\n            'whacw_correct_ansver':'no',\r\n            'whacw_incorrect_ansver':'yes',\r\n            'whacw_align_question':'bottom',            \r\n            'whacw_question_width':'595'            \r\n        };\r\n        \/* ]]> *\/\r\n        <\/script><div id=\"modal_form_crossword\">\r\n                    <span id=\"modal_close\">X<\/span>\r\n                    <div class=\"content\">Bravo, tu maitrises le vocabulaire du chapitre 1 !!<\/div>\r\n                  <\/div>\r\n                  <div id=\"overlay\"><\/div>\n","protected":false},"excerpt":{"rendered":"","protected":false},"author":1,"featured_media":0,"parent":2048,"menu_order":0,"comment_status":"closed","ping_status":"closed","template":"full-width-page-template.php","meta":{"footnotes":""},"class_list":["post-2053","page","type-page","status-publish","hentry"],"yoast_head":"<!-- This site is optimized with the Yoast SEO plugin v24.4 - https:\/\/yoast.com\/wordpress\/plugins\/seo\/ -->\n<title>Mots crois\u00e9s Chapitre 1 : Organisation fonctionnelle du vivant - SVT<\/title>\n<meta name=\"robots\" content=\"index, follow, max-snippet:-1, max-image-preview:large, max-video-preview:-1\" \/>\n<link rel=\"canonical\" href=\"http:\/\/thibault-svt.fr\/index.php\/secondes\/exercices-de-revision-ch1-organisation-fonctionnelle-du-vivant\/mots-croises-chapitre-1-organisation-fonctionnelle-du-vivant\/\" \/>\n<meta property=\"og:locale\" content=\"fr_FR\" \/>\n<meta property=\"og:type\" content=\"article\" \/>\n<meta property=\"og:title\" content=\"Mots crois\u00e9s Chapitre 1 : Organisation fonctionnelle du vivant - SVT\" \/>\n<meta property=\"og:url\" content=\"http:\/\/thibault-svt.fr\/index.php\/secondes\/exercices-de-revision-ch1-organisation-fonctionnelle-du-vivant\/mots-croises-chapitre-1-organisation-fonctionnelle-du-vivant\/\" \/>\n<meta property=\"og:site_name\" content=\"SVT\" \/>\n<meta property=\"article:modified_time\" content=\"2021-08-17T10:27:58+00:00\" \/>\n<meta name=\"twitter:card\" content=\"summary_large_image\" \/>\n<meta name=\"twitter:label1\" content=\"Dur\u00e9e de lecture estim\u00e9e\" \/>\n\t<meta name=\"twitter:data1\" content=\"1 minute\" \/>\n<script type=\"application\/ld+json\" class=\"yoast-schema-graph\">{\"@context\":\"https:\/\/schema.org\",\"@graph\":[{\"@type\":\"WebPage\",\"@id\":\"http:\/\/thibault-svt.fr\/index.php\/secondes\/exercices-de-revision-ch1-organisation-fonctionnelle-du-vivant\/mots-croises-chapitre-1-organisation-fonctionnelle-du-vivant\/\",\"url\":\"http:\/\/thibault-svt.fr\/index.php\/secondes\/exercices-de-revision-ch1-organisation-fonctionnelle-du-vivant\/mots-croises-chapitre-1-organisation-fonctionnelle-du-vivant\/\",\"name\":\"Mots crois\u00e9s Chapitre 1 : Organisation fonctionnelle du vivant - SVT\",\"isPartOf\":{\"@id\":\"http:\/\/thibault-svt.fr\/#website\"},\"datePublished\":\"2021-08-17T10:16:12+00:00\",\"dateModified\":\"2021-08-17T10:27:58+00:00\",\"breadcrumb\":{\"@id\":\"http:\/\/thibault-svt.fr\/index.php\/secondes\/exercices-de-revision-ch1-organisation-fonctionnelle-du-vivant\/mots-croises-chapitre-1-organisation-fonctionnelle-du-vivant\/#breadcrumb\"},\"inLanguage\":\"fr-FR\",\"potentialAction\":[{\"@type\":\"ReadAction\",\"target\":[\"http:\/\/thibault-svt.fr\/index.php\/secondes\/exercices-de-revision-ch1-organisation-fonctionnelle-du-vivant\/mots-croises-chapitre-1-organisation-fonctionnelle-du-vivant\/\"]}]},{\"@type\":\"BreadcrumbList\",\"@id\":\"http:\/\/thibault-svt.fr\/index.php\/secondes\/exercices-de-revision-ch1-organisation-fonctionnelle-du-vivant\/mots-croises-chapitre-1-organisation-fonctionnelle-du-vivant\/#breadcrumb\",\"itemListElement\":[{\"@type\":\"ListItem\",\"position\":1,\"name\":\"Accueil\",\"item\":\"http:\/\/thibault-svt.fr\/\"},{\"@type\":\"ListItem\",\"position\":2,\"name\":\"Secondes\",\"item\":\"http:\/\/thibault-svt.fr\/index.php\/secondes\/\"},{\"@type\":\"ListItem\",\"position\":3,\"name\":\"Exercices de r\u00e9vision &#8211; 2nde\",\"item\":\"http:\/\/thibault-svt.fr\/index.php\/secondes\/exercices-de-revision-ch1-organisation-fonctionnelle-du-vivant\/\"},{\"@type\":\"ListItem\",\"position\":4,\"name\":\"Mots crois\u00e9s Chapitre 1 : Organisation fonctionnelle du vivant\"}]},{\"@type\":\"WebSite\",\"@id\":\"http:\/\/thibault-svt.fr\/#website\",\"url\":\"http:\/\/thibault-svt.fr\/\",\"name\":\"SVT\",\"description\":\"Cours de SVT de Mme Thibault - Professeure au Lyc\u00e9e Maurice Genevoix\",\"potentialAction\":[{\"@type\":\"SearchAction\",\"target\":{\"@type\":\"EntryPoint\",\"urlTemplate\":\"http:\/\/thibault-svt.fr\/?s={search_term_string}\"},\"query-input\":{\"@type\":\"PropertyValueSpecification\",\"valueRequired\":true,\"valueName\":\"search_term_string\"}}],\"inLanguage\":\"fr-FR\"}]}<\/script>\n<!-- \/ Yoast SEO plugin. -->","yoast_head_json":{"title":"Mots crois\u00e9s Chapitre 1 : Organisation fonctionnelle du vivant - SVT","robots":{"index":"index","follow":"follow","max-snippet":"max-snippet:-1","max-image-preview":"max-image-preview:large","max-video-preview":"max-video-preview:-1"},"canonical":"http:\/\/thibault-svt.fr\/index.php\/secondes\/exercices-de-revision-ch1-organisation-fonctionnelle-du-vivant\/mots-croises-chapitre-1-organisation-fonctionnelle-du-vivant\/","og_locale":"fr_FR","og_type":"article","og_title":"Mots crois\u00e9s Chapitre 1 : Organisation fonctionnelle du vivant - SVT","og_url":"http:\/\/thibault-svt.fr\/index.php\/secondes\/exercices-de-revision-ch1-organisation-fonctionnelle-du-vivant\/mots-croises-chapitre-1-organisation-fonctionnelle-du-vivant\/","og_site_name":"SVT","article_modified_time":"2021-08-17T10:27:58+00:00","twitter_card":"summary_large_image","twitter_misc":{"Dur\u00e9e de lecture estim\u00e9e":"1 minute"},"schema":{"@context":"https:\/\/schema.org","@graph":[{"@type":"WebPage","@id":"http:\/\/thibault-svt.fr\/index.php\/secondes\/exercices-de-revision-ch1-organisation-fonctionnelle-du-vivant\/mots-croises-chapitre-1-organisation-fonctionnelle-du-vivant\/","url":"http:\/\/thibault-svt.fr\/index.php\/secondes\/exercices-de-revision-ch1-organisation-fonctionnelle-du-vivant\/mots-croises-chapitre-1-organisation-fonctionnelle-du-vivant\/","name":"Mots crois\u00e9s Chapitre 1 : Organisation fonctionnelle du vivant - SVT","isPartOf":{"@id":"http:\/\/thibault-svt.fr\/#website"},"datePublished":"2021-08-17T10:16:12+00:00","dateModified":"2021-08-17T10:27:58+00:00","breadcrumb":{"@id":"http:\/\/thibault-svt.fr\/index.php\/secondes\/exercices-de-revision-ch1-organisation-fonctionnelle-du-vivant\/mots-croises-chapitre-1-organisation-fonctionnelle-du-vivant\/#breadcrumb"},"inLanguage":"fr-FR","potentialAction":[{"@type":"ReadAction","target":["http:\/\/thibault-svt.fr\/index.php\/secondes\/exercices-de-revision-ch1-organisation-fonctionnelle-du-vivant\/mots-croises-chapitre-1-organisation-fonctionnelle-du-vivant\/"]}]},{"@type":"BreadcrumbList","@id":"http:\/\/thibault-svt.fr\/index.php\/secondes\/exercices-de-revision-ch1-organisation-fonctionnelle-du-vivant\/mots-croises-chapitre-1-organisation-fonctionnelle-du-vivant\/#breadcrumb","itemListElement":[{"@type":"ListItem","position":1,"name":"Accueil","item":"http:\/\/thibault-svt.fr\/"},{"@type":"ListItem","position":2,"name":"Secondes","item":"http:\/\/thibault-svt.fr\/index.php\/secondes\/"},{"@type":"ListItem","position":3,"name":"Exercices de r\u00e9vision &#8211; 2nde","item":"http:\/\/thibault-svt.fr\/index.php\/secondes\/exercices-de-revision-ch1-organisation-fonctionnelle-du-vivant\/"},{"@type":"ListItem","position":4,"name":"Mots crois\u00e9s Chapitre 1 : Organisation fonctionnelle du vivant"}]},{"@type":"WebSite","@id":"http:\/\/thibault-svt.fr\/#website","url":"http:\/\/thibault-svt.fr\/","name":"SVT","description":"Cours de SVT de Mme Thibault - Professeure au Lyc\u00e9e Maurice Genevoix","potentialAction":[{"@type":"SearchAction","target":{"@type":"EntryPoint","urlTemplate":"http:\/\/thibault-svt.fr\/?s={search_term_string}"},"query-input":{"@type":"PropertyValueSpecification","valueRequired":true,"valueName":"search_term_string"}}],"inLanguage":"fr-FR"}]}},"_links":{"self":[{"href":"http:\/\/thibault-svt.fr\/index.php\/wp-json\/wp\/v2\/pages\/2053","targetHints":{"allow":["GET"]}}],"collection":[{"href":"http:\/\/thibault-svt.fr\/index.php\/wp-json\/wp\/v2\/pages"}],"about":[{"href":"http:\/\/thibault-svt.fr\/index.php\/wp-json\/wp\/v2\/types\/page"}],"author":[{"embeddable":true,"href":"http:\/\/thibault-svt.fr\/index.php\/wp-json\/wp\/v2\/users\/1"}],"replies":[{"embeddable":true,"href":"http:\/\/thibault-svt.fr\/index.php\/wp-json\/wp\/v2\/comments?post=2053"}],"version-history":[{"count":1,"href":"http:\/\/thibault-svt.fr\/index.php\/wp-json\/wp\/v2\/pages\/2053\/revisions"}],"predecessor-version":[{"id":2054,"href":"http:\/\/thibault-svt.fr\/index.php\/wp-json\/wp\/v2\/pages\/2053\/revisions\/2054"}],"up":[{"embeddable":true,"href":"http:\/\/thibault-svt.fr\/index.php\/wp-json\/wp\/v2\/pages\/2048"}],"wp:attachment":[{"href":"http:\/\/thibault-svt.fr\/index.php\/wp-json\/wp\/v2\/media?parent=2053"}],"curies":[{"name":"wp","href":"https:\/\/api.w.org\/{rel}","templated":true}]}}