{"id":1848,"date":"2021-07-28T17:27:43","date_gmt":"2021-07-28T15:27:43","guid":{"rendered":"http:\/\/thibault-svt.fr\/?page_id=1848"},"modified":"2025-07-12T16:30:43","modified_gmt":"2025-07-12T14:30:43","slug":"exercices-de-revision-1erespe","status":"publish","type":"page","link":"http:\/\/thibault-svt.fr\/index.php\/premieres\/exercices-de-revision-1erespe\/","title":{"rendered":"Sp\u00e9cialit\u00e9 : Exercices de r\u00e9vision"},"content":{"rendered":"<p style=\"text-align: center;\"><span style=\"text-decoration: underline; color: #ff00ff;\"><strong>THEME 1 : <\/strong><\/span><\/p>\n<p><span style=\"text-decoration: underline; color: #ad36ad;\">Questions-R\u00e9ponses : <\/span><\/p>\n<ul>\n<li><span style=\"color: #333399;\"><a style=\"color: #333399;\" href=\"http:\/\/thibault-svt.fr\/index.php\/wp_quiz\/1erespe-qr-ch1-enzymes\/\" target=\"_blank\" rel=\"noopener\">Enzymes<\/a> <span style=\"color: #000000;\">(Chapitre 1)<\/span><\/span><\/li>\n<li><span style=\"color: #000080;\"><a style=\"color: #000080;\" href=\"http:\/\/thibault-svt.fr\/index.php\/wp_quiz\/1erespe-qr-ch2-expression-de-lig\/\" target=\"_blank\" rel=\"noopener\">Expression de l&rsquo;information g\u00e9n\u00e9tique<\/a> <span style=\"color: #000000;\">(Chapitre 2)<\/span><\/span><\/li>\n<li><span style=\"color: #000080;\"><a style=\"color: #000080;\" href=\"http:\/\/thibault-svt.fr\/index.php\/wp_quiz\/qr-chapitre-3-transmission-de-linformation-genetique\/\" target=\"_blank\" rel=\"noopener\">Transmission de l&rsquo;information g\u00e9n\u00e9tique<\/a><\/span> (Chapitre 3)<\/li>\n<\/ul>\n<p>&nbsp;<\/p>\n<p style=\"text-align: center;\"><span style=\"text-decoration: underline; color: #ff00ff;\"><strong>THEME 3 : <\/strong><\/span><\/p>\n<ul>\n<li><span style=\"color: #000080;\"><a style=\"color: #000080;\" href=\"http:\/\/thibault-svt.fr\/index.php\/premieres\/exercices-de-revision-1erespe\/mots-croises-immunologie\/\" target=\"_blank\" rel=\"noopener\"><span style=\"text-decoration: underline;\">Mots crois\u00e9s du vocabulaire d&rsquo;immunologie <\/span><\/a><\/span><\/li>\n<li><span style=\"color: #000080;\"><a style=\"color: #000080;\" href=\"http:\/\/thibault-svt.fr\/index.php\/premieres\/exercices-de-revision-1erespe\/exercice-schema-dun-anticorps\/\" target=\"_blank\" rel=\"noopener\">Sch\u00e9ma d&rsquo;un anticorps<\/a><\/span><\/li>\n<li><span style=\"color: #000080;\"><a style=\"color: #000080;\" href=\"http:\/\/thibault-svt.fr\/index.php\/premieres\/exercices-de-revision-1erespe\/exercice-etapes-de-la-reaction-inflammatoire\/\" target=\"_blank\" rel=\"noopener\"><span style=\"text-decoration: underline;\">Etapes de la r\u00e9action inflammatoire<\/span><\/a><\/span><\/li>\n<\/ul>\n<p>&nbsp;<\/p>\n","protected":false},"excerpt":{"rendered":"<p>THEME 1 : Questions-R\u00e9ponses : Enzymes (Chapitre 1) Expression de l&rsquo;information g\u00e9n\u00e9tique (Chapitre 2) Transmission de l&rsquo;information g\u00e9n\u00e9tique (Chapitre 3) &nbsp; THEME 3 : Mots crois\u00e9s du vocabulaire d&rsquo;immunologie Sch\u00e9ma d&rsquo;un anticorps Etapes de la r\u00e9action inflammatoire &nbsp;<\/p>\n","protected":false},"author":1,"featured_media":0,"parent":1232,"menu_order":1,"comment_status":"closed","ping_status":"closed","template":"full-width-page-template.php","meta":{"footnotes":""},"class_list":["post-1848","page","type-page","status-publish","hentry"],"yoast_head":"<!-- This site is optimized with the Yoast SEO plugin v24.4 - https:\/\/yoast.com\/wordpress\/plugins\/seo\/ -->\n<title>Sp\u00e9cialit\u00e9 : Exercices de r\u00e9vision - SVT<\/title>\n<meta name=\"robots\" content=\"index, follow, max-snippet:-1, max-image-preview:large, max-video-preview:-1\" \/>\n<link rel=\"canonical\" href=\"http:\/\/thibault-svt.fr\/index.php\/premieres\/exercices-de-revision-1erespe\/\" \/>\n<meta property=\"og:locale\" content=\"fr_FR\" \/>\n<meta property=\"og:type\" content=\"article\" \/>\n<meta property=\"og:title\" content=\"Sp\u00e9cialit\u00e9 : Exercices de r\u00e9vision - SVT\" \/>\n<meta property=\"og:description\" content=\"THEME 1 : Questions-R\u00e9ponses : Enzymes (Chapitre 1) Expression de l&rsquo;information g\u00e9n\u00e9tique (Chapitre 2) Transmission de l&rsquo;information g\u00e9n\u00e9tique (Chapitre 3) &nbsp; THEME 3 : Mots crois\u00e9s du vocabulaire d&rsquo;immunologie Sch\u00e9ma d&rsquo;un anticorps Etapes de la r\u00e9action inflammatoire &nbsp;\" \/>\n<meta property=\"og:url\" content=\"http:\/\/thibault-svt.fr\/index.php\/premieres\/exercices-de-revision-1erespe\/\" \/>\n<meta property=\"og:site_name\" content=\"SVT\" \/>\n<meta property=\"article:modified_time\" content=\"2025-07-12T14:30:43+00:00\" \/>\n<meta name=\"twitter:card\" content=\"summary_large_image\" \/>\n<meta name=\"twitter:label1\" content=\"Dur\u00e9e de lecture estim\u00e9e\" \/>\n\t<meta name=\"twitter:data1\" content=\"1 minute\" \/>\n<script type=\"application\/ld+json\" class=\"yoast-schema-graph\">{\"@context\":\"https:\/\/schema.org\",\"@graph\":[{\"@type\":\"WebPage\",\"@id\":\"http:\/\/thibault-svt.fr\/index.php\/premieres\/exercices-de-revision-1erespe\/\",\"url\":\"http:\/\/thibault-svt.fr\/index.php\/premieres\/exercices-de-revision-1erespe\/\",\"name\":\"Sp\u00e9cialit\u00e9 : Exercices de r\u00e9vision - SVT\",\"isPartOf\":{\"@id\":\"http:\/\/thibault-svt.fr\/#website\"},\"datePublished\":\"2021-07-28T15:27:43+00:00\",\"dateModified\":\"2025-07-12T14:30:43+00:00\",\"breadcrumb\":{\"@id\":\"http:\/\/thibault-svt.fr\/index.php\/premieres\/exercices-de-revision-1erespe\/#breadcrumb\"},\"inLanguage\":\"fr-FR\",\"potentialAction\":[{\"@type\":\"ReadAction\",\"target\":[\"http:\/\/thibault-svt.fr\/index.php\/premieres\/exercices-de-revision-1erespe\/\"]}]},{\"@type\":\"BreadcrumbList\",\"@id\":\"http:\/\/thibault-svt.fr\/index.php\/premieres\/exercices-de-revision-1erespe\/#breadcrumb\",\"itemListElement\":[{\"@type\":\"ListItem\",\"position\":1,\"name\":\"Accueil\",\"item\":\"http:\/\/thibault-svt.fr\/\"},{\"@type\":\"ListItem\",\"position\":2,\"name\":\"Premi\u00e8res\",\"item\":\"http:\/\/thibault-svt.fr\/index.php\/premieres\/\"},{\"@type\":\"ListItem\",\"position\":3,\"name\":\"Sp\u00e9cialit\u00e9 : Exercices de r\u00e9vision\"}]},{\"@type\":\"WebSite\",\"@id\":\"http:\/\/thibault-svt.fr\/#website\",\"url\":\"http:\/\/thibault-svt.fr\/\",\"name\":\"SVT\",\"description\":\"Cours de SVT de Mme Thibault - Professeure au Lyc\u00e9e Maurice Genevoix\",\"potentialAction\":[{\"@type\":\"SearchAction\",\"target\":{\"@type\":\"EntryPoint\",\"urlTemplate\":\"http:\/\/thibault-svt.fr\/?s={search_term_string}\"},\"query-input\":{\"@type\":\"PropertyValueSpecification\",\"valueRequired\":true,\"valueName\":\"search_term_string\"}}],\"inLanguage\":\"fr-FR\"}]}<\/script>\n<!-- \/ Yoast SEO plugin. -->","yoast_head_json":{"title":"Sp\u00e9cialit\u00e9 : Exercices de r\u00e9vision - SVT","robots":{"index":"index","follow":"follow","max-snippet":"max-snippet:-1","max-image-preview":"max-image-preview:large","max-video-preview":"max-video-preview:-1"},"canonical":"http:\/\/thibault-svt.fr\/index.php\/premieres\/exercices-de-revision-1erespe\/","og_locale":"fr_FR","og_type":"article","og_title":"Sp\u00e9cialit\u00e9 : Exercices de r\u00e9vision - SVT","og_description":"THEME 1 : Questions-R\u00e9ponses : Enzymes (Chapitre 1) Expression de l&rsquo;information g\u00e9n\u00e9tique (Chapitre 2) Transmission de l&rsquo;information g\u00e9n\u00e9tique (Chapitre 3) &nbsp; THEME 3 : Mots crois\u00e9s du vocabulaire d&rsquo;immunologie Sch\u00e9ma d&rsquo;un anticorps Etapes de la r\u00e9action inflammatoire &nbsp;","og_url":"http:\/\/thibault-svt.fr\/index.php\/premieres\/exercices-de-revision-1erespe\/","og_site_name":"SVT","article_modified_time":"2025-07-12T14:30:43+00:00","twitter_card":"summary_large_image","twitter_misc":{"Dur\u00e9e de lecture estim\u00e9e":"1 minute"},"schema":{"@context":"https:\/\/schema.org","@graph":[{"@type":"WebPage","@id":"http:\/\/thibault-svt.fr\/index.php\/premieres\/exercices-de-revision-1erespe\/","url":"http:\/\/thibault-svt.fr\/index.php\/premieres\/exercices-de-revision-1erespe\/","name":"Sp\u00e9cialit\u00e9 : Exercices de r\u00e9vision - SVT","isPartOf":{"@id":"http:\/\/thibault-svt.fr\/#website"},"datePublished":"2021-07-28T15:27:43+00:00","dateModified":"2025-07-12T14:30:43+00:00","breadcrumb":{"@id":"http:\/\/thibault-svt.fr\/index.php\/premieres\/exercices-de-revision-1erespe\/#breadcrumb"},"inLanguage":"fr-FR","potentialAction":[{"@type":"ReadAction","target":["http:\/\/thibault-svt.fr\/index.php\/premieres\/exercices-de-revision-1erespe\/"]}]},{"@type":"BreadcrumbList","@id":"http:\/\/thibault-svt.fr\/index.php\/premieres\/exercices-de-revision-1erespe\/#breadcrumb","itemListElement":[{"@type":"ListItem","position":1,"name":"Accueil","item":"http:\/\/thibault-svt.fr\/"},{"@type":"ListItem","position":2,"name":"Premi\u00e8res","item":"http:\/\/thibault-svt.fr\/index.php\/premieres\/"},{"@type":"ListItem","position":3,"name":"Sp\u00e9cialit\u00e9 : Exercices de r\u00e9vision"}]},{"@type":"WebSite","@id":"http:\/\/thibault-svt.fr\/#website","url":"http:\/\/thibault-svt.fr\/","name":"SVT","description":"Cours de SVT de Mme Thibault - Professeure au Lyc\u00e9e Maurice Genevoix","potentialAction":[{"@type":"SearchAction","target":{"@type":"EntryPoint","urlTemplate":"http:\/\/thibault-svt.fr\/?s={search_term_string}"},"query-input":{"@type":"PropertyValueSpecification","valueRequired":true,"valueName":"search_term_string"}}],"inLanguage":"fr-FR"}]}},"_links":{"self":[{"href":"http:\/\/thibault-svt.fr\/index.php\/wp-json\/wp\/v2\/pages\/1848","targetHints":{"allow":["GET"]}}],"collection":[{"href":"http:\/\/thibault-svt.fr\/index.php\/wp-json\/wp\/v2\/pages"}],"about":[{"href":"http:\/\/thibault-svt.fr\/index.php\/wp-json\/wp\/v2\/types\/page"}],"author":[{"embeddable":true,"href":"http:\/\/thibault-svt.fr\/index.php\/wp-json\/wp\/v2\/users\/1"}],"replies":[{"embeddable":true,"href":"http:\/\/thibault-svt.fr\/index.php\/wp-json\/wp\/v2\/comments?post=1848"}],"version-history":[{"count":12,"href":"http:\/\/thibault-svt.fr\/index.php\/wp-json\/wp\/v2\/pages\/1848\/revisions"}],"predecessor-version":[{"id":3687,"href":"http:\/\/thibault-svt.fr\/index.php\/wp-json\/wp\/v2\/pages\/1848\/revisions\/3687"}],"up":[{"embeddable":true,"href":"http:\/\/thibault-svt.fr\/index.php\/wp-json\/wp\/v2\/pages\/1232"}],"wp:attachment":[{"href":"http:\/\/thibault-svt.fr\/index.php\/wp-json\/wp\/v2\/media?parent=1848"}],"curies":[{"name":"wp","href":"https:\/\/api.w.org\/{rel}","templated":true}]}}