{"id":1751,"date":"2021-07-28T13:30:58","date_gmt":"2021-07-28T11:30:58","guid":{"rendered":"http:\/\/thibault-svt.fr\/?page_id=1751"},"modified":"2024-02-04T17:35:09","modified_gmt":"2024-02-04T16:35:09","slug":"chapitre-2-consequences-du-rechauffement-climatique-et-actions-possibles","status":"publish","type":"page","link":"http:\/\/thibault-svt.fr\/index.php\/terminales\/specialite-2\/chapitre-2-consequences-du-rechauffement-climatique-et-actions-possibles\/","title":{"rendered":"CHAPITRE 2 &#8211; Etude des Climats anciens (M\u00e9sozo\u00efque &#8211; C\u00e9nozo\u00efque)"},"content":{"rendered":"<p>Aux variations climatiques des 800 000 derni\u00e8res ann\u00e9es, qui montrent des alternances de p\u00e9riodes glaciaires et interglaciaires selon une p\u00e9riodicit\u00e9 d\u2019environ 100 000 ans, s\u2019ajoutent des changements climatiques de plus grande ampleur.<\/p>\n<p class=\"titre-TP\"><span style=\"color: #000000;\"><strong>\u00a0 <a style=\"color: #000000;\" href=\"http:\/\/thibault-svt.fr\/wp-content\/uploads\/2024\/02\/TP3-Climat-Cenozoique-indice-stomatique-Eleves.pdf\" target=\"_blank\" rel=\"noopener\">TP3 : Indice stomatique<\/a> + <a style=\"color: #000000;\" href=\"http:\/\/thibault-svt.fr\/index.php\/terminales\/specialite-2\/chapitre-2-consequences-du-rechauffement-climatique-et-actions-possibles\/tp-tspe-th3ch2-climats-anciens\/correction-tp3-cliamto\/\" target=\"_blank\" rel=\"noopener\">correction<\/a><\/strong><\/span><\/p>\n<p>Les marqueurs climatiques utilis\u00e9s pour le Quaternaire sont souvent inapplicables aux climats plus anciens (pas de peintures rupestres, difficult\u00e9s \u00e0 trouver des pollens ou calottes glaciaires anciennes \u2026). D\u2019autres indices climatiques sont donc utilis\u00e9s (toujours en appliquant le principe d\u2019actualisme)\u00a0:<\/p>\n<ul>\n<li><strong><img loading=\"lazy\" decoding=\"async\" class=\" wp-image-3084 alignright\" style=\"font-weight: 400;\" src=\"http:\/\/thibault-svt.fr\/wp-content\/uploads\/2024\/02\/roches.png\" alt=\"\" width=\"434\" height=\"289\" srcset=\"http:\/\/thibault-svt.fr\/wp-content\/uploads\/2024\/02\/roches.png 608w, http:\/\/thibault-svt.fr\/wp-content\/uploads\/2024\/02\/roches-300x200.png 300w\" sizes=\"auto, (max-width: 434px) 100vw, 434px\" \/>Etude de la r\u00e9partition des roches<\/strong>: La pr\u00e9sence d\u2019\u00e9vaporites indique un climat chaud, alors que la pr\u00e9sence de tillites ou de moraines indique un climat froid<\/li>\n<li><strong>Etude des fossiles<\/strong>: La pr\u00e9sence de fossiles de coraux indique un climat chaud.<\/li>\n<li><strong>Etude de l\u2019indice stomatique des feuilles de v\u00e9g\u00e9taux fossilis\u00e9es<\/strong>: L\u2019indice stomatique repr\u00e9sente le rapport entre le nombre de tomates et le nombre de cellules \u00e9pidermiques d\u2019une feuille. Chez plusieurs esp\u00e8ces actuelles (dont le gingko biloba, une plante proche de certaines plantes anciennes dont on retrouve des fossiles), un fort nombre de stomate indique une faible quantit\u00e9 de CO<sub>2 <\/sub>atmosph\u00e9rique et donc un faible effet de Serre, donc un climat plut\u00f4t froid. Inversement un faible indice stomatique indique un climat plut\u00f4t chaud.<\/li>\n<\/ul>\n<p style=\"text-align: center;\"><span style=\"color: #bf1177;\"><strong><u> I-\u00a0 Le climat du C\u00e9nozo\u00efque\u00a0: Une temp\u00e9rature froide.<\/u><\/strong><\/span><\/p>\n<p>Le C\u00e9nozo\u00efque est la p\u00e9riode s\u2019\u00e9tendant de -65 Ma \u00e0 Aujourd\u2019hui.<br \/>\nL\u2019\u00e9tude de diff\u00e9rents indices disponibles pour le C\u00e9nozo\u00efque (\u2202O<sup>18 <\/sup>des tests de foraminif\u00e8res, \u00e9tude des s\u00e9diments, indice stomatique des feuilles fossiles \u2026) montre que c\u2019est <strong>une p\u00e9riode de refroidissement des temp\u00e9ratures moyennes de la Terre.<br \/>\n<\/strong>On identifie 2 causes majeures \u00e0 ce refroidissement\u00a0:<\/p>\n<p><span style=\"text-decoration: underline; color: #3366ff;\"><strong> A-\u00a0\u00a0\u00a0\u00a0 L\u2019alt\u00e9ration des cha\u00eenes de collision<\/strong><\/span><\/p>\n<p>Au d\u00e9but du C\u00e9nozo\u00efque, le <strong>mouvement des plaques lithosph\u00e9rique a entrain\u00e9 la formation de chaines de montagnes (form\u00e9es notamment de granites) qui ont ensuite \u00e9t\u00e9 \u00e9rod\u00e9es.<\/strong><\/p>\n<p>Or, les <strong>min\u00e9raux des granites r\u00e9agissent avec le CO<sub>2<\/sub> dissous dans l\u2019eau de mer<\/strong> pour former des ions Ca<sup>2+<\/sup> et HCO<sup>3-<\/sup><sub> \u00a0<\/sub><em>(r\u00e9action (1))<\/em>\u00a0 qui <strong>pr\u00e9cipiteront ensuite sous forme de carbonates CaCO<sub>3<\/sub><\/strong> (soit sous forme de roches s\u00e9dimentaires carbonat\u00e9es soit sous forme de tests carbonat\u00e9s d\u2019organismes marins) <em>(r\u00e9action (2))<\/em><\/p>\n<ul>\n<li>(1) CaSiO<sub>3<\/sub> + 2CO<sub>2<\/sub> + H<sub>2<\/sub>O\u00a0\u00a0\u00a0\u00a0\u00a0\u00a0\u00a0\u00a0\u00a0\u00a0\u00a0\u00a0\u00a0 SiO<sub>2<\/sub> + Ca<sub>2<\/sub><sup>+<\/sup> + 2HCO<sub>3<\/sub><sup>&#8211;<\/sup><\/li>\n<li>(2) Ca<sub>2<\/sub>+\u00a0\u00a0 + 2HCO<sub>3 <\/sub>\u00a0\u00a0\u00a0\u00a0\u00a0\u00a0\u00a0\u00a0\u00a0\u00a0\u00a0CaCO<sub>3<\/sub> + CO<sub>2<\/sub> + H<sub>2<\/sub>O<\/li>\n<\/ul>\n<p><strong>Le bilan de ces r\u00e9actions consomme du CO<sub>2<\/sub>. Il y a donc une diminution de la [CO<sub>2<\/sub>]<sub> oc\u00e9anique<\/sub><br \/>\n<\/strong>La diminution de la [CO<sub>2<\/sub>]<sub> oc\u00e9anique<\/sub> entraine un \u00e9quilibrage avec la [CO<sub>2<\/sub>]<sub> atmosph\u00e9rique <\/sub>qui diminue \u00e9galement, faisant diminuer l\u2019effet de serre et donc faisant diminuer les temp\u00e9ratures.<\/p>\n<p><span style=\"text-decoration: underline; color: #3366ff;\"><strong> B-\u00a0\u00a0\u00a0\u00a0 La modification des courants oc\u00e9aniques<\/strong><\/span><\/p>\n<p class=\"titre-TP\"><span style=\"color: #000000;\"><strong><a style=\"color: #000000;\" href=\"http:\/\/thibault-svt.fr\/wp-content\/uploads\/2024\/02\/TP4-influence-de-la-tectonique-sur-les-variations-climatiques-eleves.pdf\" target=\"_blank\" rel=\"noopener\">TP4 : Tectonique et climats anciens<\/a> + <a style=\"color: #000000;\" href=\"http:\/\/thibault-svt.fr\/index.php\/terminales\/specialite-2\/chapitre-2-consequences-du-rechauffement-climatique-et-actions-possibles\/tp-tspe-th3ch2-climats-anciens\/correction-tp-4-climato\/\" target=\"_blank\" rel=\"noopener\">Correction<\/a><\/strong><\/span><\/p>\n<p><img loading=\"lazy\" decoding=\"async\" class=\" wp-image-3081 alignleft\" src=\"http:\/\/thibault-svt.fr\/wp-content\/uploads\/2024\/02\/courants.png\" alt=\"\" width=\"765\" height=\"374\" srcset=\"http:\/\/thibault-svt.fr\/wp-content\/uploads\/2024\/02\/courants.png 673w, http:\/\/thibault-svt.fr\/wp-content\/uploads\/2024\/02\/courants-300x147.png 300w\" sizes=\"auto, (max-width: 765px) 100vw, 765px\" \/>La position des continents a vari\u00e9 au cours du C\u00e9nozo\u00efque (en raison du mouvement des plaques lithosph\u00e9riques), ce qui a modifi\u00e9 la circulation des eaux oc\u00e9aniques et a permis la <strong>mise en place de courants oc\u00e9aniques<\/strong> refroidissant globalement le climat.<\/p>\n<p><strong>La mise en place du courant circumpolaire Antarctique<\/strong> serait responsable de la <strong>mise en place de calotte glaciaire<\/strong> importante sur l\u2019Antarctique <strong>augmentant ainsi l\u2019alb\u00e9do et son effet r\u00e9troactif<\/strong> <strong>sur les temp\u00e9ratures<\/strong><\/p>\n<p>C\u2019est donc l\u2019activit\u00e9 interne de la Terre, par l\u2019interm\u00e9diaire du mouvement des plaques lithosph\u00e9riques qui explique les <strong>baisses de temp\u00e9rature du C\u00e9nozo\u00efque<\/strong><\/p>\n<p>&nbsp;<\/p>\n<p style=\"text-align: center;\"><span style=\"color: #bf1177;\"><strong><u> II-\u00a0 \u00a0Le climat du Cr\u00e9tac\u00e9 : Une p\u00e9riode chaude.<\/u><\/strong><\/span><\/p>\n<p>Le Cr\u00e9tac\u00e9 est la p\u00e9riode qui s\u2019\u00e9tends de -135 Ma \u00e0 \u2013 65Ma. Le Cr\u00e9tac\u00e9 appartient \u00e0 l\u2019\u00e8re M\u00e9sozo\u00efque<\/p>\n<p>Les diff\u00e9rents indices (nombreux v\u00e9g\u00e9taux fossiles, indice stomatique des feuilles, roches s\u00e9dimentaires de climats chauds (bauxite, argile rouge \u2026) datant du Cr\u00e9tac\u00e9, indiquent que c\u2019est une <strong>p\u00e9riode de r\u00e9chauffement<\/strong>.<\/p>\n<p style=\"text-align: left;\"><img loading=\"lazy\" decoding=\"async\" class=\"size-full wp-image-3082 alignright\" src=\"http:\/\/thibault-svt.fr\/wp-content\/uploads\/2024\/02\/dorsale.jpg\" alt=\"\" width=\"224\" height=\"148\" \/>Ce r\u00e9chauffement s\u2019explique notamment par <strong>l\u2019importance activit\u00e9 des dorsales oc\u00e9aniques<\/strong> * qui rejettent du CO<sub>2<\/sub>. En effet, les dorsales sont des zones volcaniques o\u00f9 des laves sont \u00e9mises (et formeront la croute oc\u00e9anique) et qui rejettent des gaz \u00e0 effet de serre.<br \/>\nAinsi, c\u2019est l\u2019activit\u00e9 interne de la Terre, par l\u2019interm\u00e9diaire des dorsales qui explique les hausses de temp\u00e9rature du Cr\u00e9tac\u00e9.<\/p>\n<p><em>* On peut d\u00e9montrer cela par un calcul cartographique de la vitesse de fonctionnement des dorsales, bas\u00e9 sur l\u2019\u00e2ge des s\u00e9diments de part et d\u2019autre de la dorsale. Mesure de la distance d recouverte par les s\u00e9diments d\u2019un \u00e2ge t puis application de la formule v=d\/t pour avoir la vitesse de la dorsale sur la p\u00e9riode \u00e9tudi\u00e9e<\/em><\/p>\n<p style=\"text-align: center;\"><span style=\"color: #bf1177;\"><strong><u> III-\u00a0\u00a0\u00a0\u00a0\u00a0\u00a0\u00a0\u00a0\u00a0\u00a0\u00a0\u00a0 Le climat du Pal\u00e9ozo\u00efque\u00a0: Une p\u00e9riode chaude suivie d\u2019une glaciation.<\/u><\/strong><\/span><\/p>\n<p><strong>Le Pal\u00e9ozo\u00efque est une longue p\u00e9riode (-350 Ma \u00e0 \u2013 250 Ma)<\/strong><strong>, regroupant de Carbonif\u00e8re (-350 Ma \u00e0 -300 Ma) et le Permien (-300 Ma \u00e0 -250 Ma) <\/strong><\/p>\n<p><strong>Le Carbonif\u00e8re (-350 \u00e0 -300 Ma) \u00e9tait une p\u00e9riode globalement chaude<\/strong> au cours de laquelle d\u2019importantes for\u00eats se sont mises en place, comme en t\u00e9moignent les nombreux fossiles v\u00e9g\u00e9taux retrouv\u00e9s de cette \u00e9poque.<br \/>\nDu carbone atmosph\u00e9rique a donc \u00e9t\u00e9 pi\u00e9g\u00e9 dans la mati\u00e8re organique v\u00e9g\u00e9tale par photosynth\u00e8se.<\/p>\n<p>Or, \u00e0 la fin du Carbonif\u00e8re et <strong>au Permien (-300 \u00e0 -250 Ma) cette mati\u00e8re organique s\u2019est retrouv\u00e9e pi\u00e9g\u00e9e sous des s\u00e9diments<\/strong> et s\u2019est transform\u00e9e en combustibles fossiles (charbons, p\u00e9troles \u2026). Le carbone contenu dans la mati\u00e8re organique n\u2019est donc pas retourn\u00e9 dans l\u2019atmosph\u00e8re, il a \u00e9t\u00e9 pi\u00e9g\u00e9 dans les charbons et p\u00e9troles.<\/p>\n<p><img loading=\"lazy\" decoding=\"async\" class=\"aligncenter wp-image-3083\" src=\"http:\/\/thibault-svt.fr\/wp-content\/uploads\/2024\/02\/piegeage.png\" alt=\"\" width=\"881\" height=\"394\" srcset=\"http:\/\/thibault-svt.fr\/wp-content\/uploads\/2024\/02\/piegeage.png 872w, http:\/\/thibault-svt.fr\/wp-content\/uploads\/2024\/02\/piegeage-300x134.png 300w, http:\/\/thibault-svt.fr\/wp-content\/uploads\/2024\/02\/piegeage-768x343.png 768w\" sizes=\"auto, (max-width: 881px) 100vw, 881px\" \/><\/p>\n<p>Tout ceci a provoqu\u00e9 une <strong>diminution de la quantit\u00e9 de CO<sub>2<\/sub> atmosph\u00e9rique<\/strong> et donc une <strong>diminution de l\u2019effet de Serre entrainant une baisse des temp\u00e9ratures. <\/strong><\/p>\n<p>Les s\u00e9diments qui ont permis la carbonification de la mati\u00e8re organique provenaient de l\u2019\u00e9rosion de la chaine de montagne Hercynienne\u00a0: sous le climat chaud et humide du Carbonif\u00e8re, cette <strong>chaine de montagne a subi un d\u00e9mant\u00e8lement (= \u00e9rosion)<\/strong>.<br \/>\nCette \u00e9rosion a \u00e9galement provoqu\u00e9 une modification du cycle biog\u00e9ochimique du carbone (car comme vu pr\u00e9c\u00e9demment l\u2019alt\u00e9ration des roches associ\u00e9e \u00e0 la pr\u00e9cipitation des carbonates entraine une diminution de la<br \/>\n[CO2]<sub> atmo<\/sub> \u00e0 l\u2019origine d\u2019une <strong>diminution de l\u2019effet de serre.<\/strong><\/p>\n<p><strong>Ainsi, la formation de gisement de roches carbon\u00e9es et l\u2019\u00e9rosion de la chaine hercynienne, ont diminu\u00e9 la<br \/>\n[CO2]<sub> atmo<\/sub> et entrain\u00e9 une glaciation au Permien. <\/strong><\/p>\n<p>Et pour ce chapitre, 2 vid\u00e9os pour le prix d&rsquo;une !<\/p>\n<p><iframe loading=\"lazy\" title=\"COURS DE TERMINALE SP\u00c9CIALIT\u00c9 SVT CHAP.12: RECONSTITUER ET COMPRENDRE LES VARIATIONS CLIMATIQUES -1-\" src=\"https:\/\/www.youtube.com\/embed\/YNybBG0DOaI\" width=\"885\" height=\"498\" frameborder=\"0\" allowfullscreen=\"allowfullscreen\"><\/iframe><\/p>\n<p><iframe loading=\"lazy\" title=\"COURS DE TERMINALE SP\u00c9CIALIT\u00c9 SVT CHAP.12: RECONSTITUER ET COMPRENDRE LES VARIATIONS CLIMATIQUES -2-\" src=\"https:\/\/www.youtube.com\/embed\/uUsQpVQG8QM\" width=\"885\" height=\"498\" frameborder=\"0\" allowfullscreen=\"allowfullscreen\"><\/iframe><\/p>\n","protected":false},"excerpt":{"rendered":"<p>Aux variations climatiques des 800 000 derni\u00e8res ann\u00e9es, qui montrent des alternances de p\u00e9riodes glaciaires et interglaciaires selon une p\u00e9riodicit\u00e9 d\u2019environ 100 000 ans, s\u2019ajoutent des changements climatiques de plus grande ampleur. \u00a0 TP3 : Indice stomatique + correction Les marqueurs climatiques utilis\u00e9s pour le Quaternaire sont souvent inapplicables aux climats plus anciens (pas de [&hellip;]<\/p>\n","protected":false},"author":1,"featured_media":0,"parent":98,"menu_order":15,"comment_status":"closed","ping_status":"closed","template":"full-width-page-template.php","meta":{"footnotes":""},"class_list":["post-1751","page","type-page","status-publish","hentry"],"yoast_head":"<!-- This site is optimized with the Yoast SEO plugin v24.4 - https:\/\/yoast.com\/wordpress\/plugins\/seo\/ -->\n<title>CHAPITRE 2 - Etude des Climats anciens (M\u00e9sozo\u00efque - C\u00e9nozo\u00efque) - SVT<\/title>\n<meta name=\"robots\" content=\"index, follow, max-snippet:-1, max-image-preview:large, max-video-preview:-1\" \/>\n<link rel=\"canonical\" href=\"http:\/\/thibault-svt.fr\/index.php\/terminales\/specialite-2\/chapitre-2-consequences-du-rechauffement-climatique-et-actions-possibles\/\" \/>\n<meta property=\"og:locale\" content=\"fr_FR\" \/>\n<meta property=\"og:type\" content=\"article\" \/>\n<meta property=\"og:title\" content=\"CHAPITRE 2 - Etude des Climats anciens (M\u00e9sozo\u00efque - C\u00e9nozo\u00efque) - SVT\" \/>\n<meta property=\"og:description\" content=\"Aux variations climatiques des 800 000 derni\u00e8res ann\u00e9es, qui montrent des alternances de p\u00e9riodes glaciaires et interglaciaires selon une p\u00e9riodicit\u00e9 d\u2019environ 100 000 ans, s\u2019ajoutent des changements climatiques de plus grande ampleur. \u00a0 TP3 : Indice stomatique + correction Les marqueurs climatiques utilis\u00e9s pour le Quaternaire sont souvent inapplicables aux climats plus anciens (pas de [&hellip;]\" \/>\n<meta property=\"og:url\" content=\"http:\/\/thibault-svt.fr\/index.php\/terminales\/specialite-2\/chapitre-2-consequences-du-rechauffement-climatique-et-actions-possibles\/\" \/>\n<meta property=\"og:site_name\" content=\"SVT\" \/>\n<meta property=\"article:modified_time\" content=\"2024-02-04T16:35:09+00:00\" \/>\n<meta property=\"og:image\" content=\"http:\/\/thibault-svt.fr\/wp-content\/uploads\/2024\/02\/roches.png\" \/>\n<meta name=\"twitter:card\" content=\"summary_large_image\" \/>\n<meta name=\"twitter:label1\" content=\"Dur\u00e9e de lecture estim\u00e9e\" \/>\n\t<meta name=\"twitter:data1\" content=\"6 minutes\" \/>\n<script type=\"application\/ld+json\" class=\"yoast-schema-graph\">{\"@context\":\"https:\/\/schema.org\",\"@graph\":[{\"@type\":\"WebPage\",\"@id\":\"http:\/\/thibault-svt.fr\/index.php\/terminales\/specialite-2\/chapitre-2-consequences-du-rechauffement-climatique-et-actions-possibles\/\",\"url\":\"http:\/\/thibault-svt.fr\/index.php\/terminales\/specialite-2\/chapitre-2-consequences-du-rechauffement-climatique-et-actions-possibles\/\",\"name\":\"CHAPITRE 2 - Etude des Climats anciens (M\u00e9sozo\u00efque - C\u00e9nozo\u00efque) - SVT\",\"isPartOf\":{\"@id\":\"http:\/\/thibault-svt.fr\/#website\"},\"primaryImageOfPage\":{\"@id\":\"http:\/\/thibault-svt.fr\/index.php\/terminales\/specialite-2\/chapitre-2-consequences-du-rechauffement-climatique-et-actions-possibles\/#primaryimage\"},\"image\":{\"@id\":\"http:\/\/thibault-svt.fr\/index.php\/terminales\/specialite-2\/chapitre-2-consequences-du-rechauffement-climatique-et-actions-possibles\/#primaryimage\"},\"thumbnailUrl\":\"http:\/\/thibault-svt.fr\/wp-content\/uploads\/2024\/02\/roches.png\",\"datePublished\":\"2021-07-28T11:30:58+00:00\",\"dateModified\":\"2024-02-04T16:35:09+00:00\",\"breadcrumb\":{\"@id\":\"http:\/\/thibault-svt.fr\/index.php\/terminales\/specialite-2\/chapitre-2-consequences-du-rechauffement-climatique-et-actions-possibles\/#breadcrumb\"},\"inLanguage\":\"fr-FR\",\"potentialAction\":[{\"@type\":\"ReadAction\",\"target\":[\"http:\/\/thibault-svt.fr\/index.php\/terminales\/specialite-2\/chapitre-2-consequences-du-rechauffement-climatique-et-actions-possibles\/\"]}]},{\"@type\":\"ImageObject\",\"inLanguage\":\"fr-FR\",\"@id\":\"http:\/\/thibault-svt.fr\/index.php\/terminales\/specialite-2\/chapitre-2-consequences-du-rechauffement-climatique-et-actions-possibles\/#primaryimage\",\"url\":\"http:\/\/thibault-svt.fr\/wp-content\/uploads\/2024\/02\/roches.png\",\"contentUrl\":\"http:\/\/thibault-svt.fr\/wp-content\/uploads\/2024\/02\/roches.png\",\"width\":608,\"height\":405},{\"@type\":\"BreadcrumbList\",\"@id\":\"http:\/\/thibault-svt.fr\/index.php\/terminales\/specialite-2\/chapitre-2-consequences-du-rechauffement-climatique-et-actions-possibles\/#breadcrumb\",\"itemListElement\":[{\"@type\":\"ListItem\",\"position\":1,\"name\":\"Accueil\",\"item\":\"http:\/\/thibault-svt.fr\/\"},{\"@type\":\"ListItem\",\"position\":2,\"name\":\"Terminales\",\"item\":\"http:\/\/thibault-svt.fr\/index.php\/terminales\/\"},{\"@type\":\"ListItem\",\"position\":3,\"name\":\"Sp\u00e9cialit\u00e9 TG\",\"item\":\"http:\/\/thibault-svt.fr\/index.php\/terminales\/specialite-2\/\"},{\"@type\":\"ListItem\",\"position\":4,\"name\":\"CHAPITRE 2 &#8211; Etude des Climats anciens (M\u00e9sozo\u00efque &#8211; C\u00e9nozo\u00efque)\"}]},{\"@type\":\"WebSite\",\"@id\":\"http:\/\/thibault-svt.fr\/#website\",\"url\":\"http:\/\/thibault-svt.fr\/\",\"name\":\"SVT\",\"description\":\"Cours de SVT de Mme Thibault - Professeure au Lyc\u00e9e Maurice Genevoix\",\"potentialAction\":[{\"@type\":\"SearchAction\",\"target\":{\"@type\":\"EntryPoint\",\"urlTemplate\":\"http:\/\/thibault-svt.fr\/?s={search_term_string}\"},\"query-input\":{\"@type\":\"PropertyValueSpecification\",\"valueRequired\":true,\"valueName\":\"search_term_string\"}}],\"inLanguage\":\"fr-FR\"}]}<\/script>\n<!-- \/ Yoast SEO plugin. -->","yoast_head_json":{"title":"CHAPITRE 2 - Etude des Climats anciens (M\u00e9sozo\u00efque - C\u00e9nozo\u00efque) - SVT","robots":{"index":"index","follow":"follow","max-snippet":"max-snippet:-1","max-image-preview":"max-image-preview:large","max-video-preview":"max-video-preview:-1"},"canonical":"http:\/\/thibault-svt.fr\/index.php\/terminales\/specialite-2\/chapitre-2-consequences-du-rechauffement-climatique-et-actions-possibles\/","og_locale":"fr_FR","og_type":"article","og_title":"CHAPITRE 2 - Etude des Climats anciens (M\u00e9sozo\u00efque - C\u00e9nozo\u00efque) - SVT","og_description":"Aux variations climatiques des 800 000 derni\u00e8res ann\u00e9es, qui montrent des alternances de p\u00e9riodes glaciaires et interglaciaires selon une p\u00e9riodicit\u00e9 d\u2019environ 100 000 ans, s\u2019ajoutent des changements climatiques de plus grande ampleur. \u00a0 TP3 : Indice stomatique + correction Les marqueurs climatiques utilis\u00e9s pour le Quaternaire sont souvent inapplicables aux climats plus anciens (pas de [&hellip;]","og_url":"http:\/\/thibault-svt.fr\/index.php\/terminales\/specialite-2\/chapitre-2-consequences-du-rechauffement-climatique-et-actions-possibles\/","og_site_name":"SVT","article_modified_time":"2024-02-04T16:35:09+00:00","og_image":[{"url":"http:\/\/thibault-svt.fr\/wp-content\/uploads\/2024\/02\/roches.png","type":"","width":"","height":""}],"twitter_card":"summary_large_image","twitter_misc":{"Dur\u00e9e de lecture estim\u00e9e":"6 minutes"},"schema":{"@context":"https:\/\/schema.org","@graph":[{"@type":"WebPage","@id":"http:\/\/thibault-svt.fr\/index.php\/terminales\/specialite-2\/chapitre-2-consequences-du-rechauffement-climatique-et-actions-possibles\/","url":"http:\/\/thibault-svt.fr\/index.php\/terminales\/specialite-2\/chapitre-2-consequences-du-rechauffement-climatique-et-actions-possibles\/","name":"CHAPITRE 2 - Etude des Climats anciens (M\u00e9sozo\u00efque - C\u00e9nozo\u00efque) - SVT","isPartOf":{"@id":"http:\/\/thibault-svt.fr\/#website"},"primaryImageOfPage":{"@id":"http:\/\/thibault-svt.fr\/index.php\/terminales\/specialite-2\/chapitre-2-consequences-du-rechauffement-climatique-et-actions-possibles\/#primaryimage"},"image":{"@id":"http:\/\/thibault-svt.fr\/index.php\/terminales\/specialite-2\/chapitre-2-consequences-du-rechauffement-climatique-et-actions-possibles\/#primaryimage"},"thumbnailUrl":"http:\/\/thibault-svt.fr\/wp-content\/uploads\/2024\/02\/roches.png","datePublished":"2021-07-28T11:30:58+00:00","dateModified":"2024-02-04T16:35:09+00:00","breadcrumb":{"@id":"http:\/\/thibault-svt.fr\/index.php\/terminales\/specialite-2\/chapitre-2-consequences-du-rechauffement-climatique-et-actions-possibles\/#breadcrumb"},"inLanguage":"fr-FR","potentialAction":[{"@type":"ReadAction","target":["http:\/\/thibault-svt.fr\/index.php\/terminales\/specialite-2\/chapitre-2-consequences-du-rechauffement-climatique-et-actions-possibles\/"]}]},{"@type":"ImageObject","inLanguage":"fr-FR","@id":"http:\/\/thibault-svt.fr\/index.php\/terminales\/specialite-2\/chapitre-2-consequences-du-rechauffement-climatique-et-actions-possibles\/#primaryimage","url":"http:\/\/thibault-svt.fr\/wp-content\/uploads\/2024\/02\/roches.png","contentUrl":"http:\/\/thibault-svt.fr\/wp-content\/uploads\/2024\/02\/roches.png","width":608,"height":405},{"@type":"BreadcrumbList","@id":"http:\/\/thibault-svt.fr\/index.php\/terminales\/specialite-2\/chapitre-2-consequences-du-rechauffement-climatique-et-actions-possibles\/#breadcrumb","itemListElement":[{"@type":"ListItem","position":1,"name":"Accueil","item":"http:\/\/thibault-svt.fr\/"},{"@type":"ListItem","position":2,"name":"Terminales","item":"http:\/\/thibault-svt.fr\/index.php\/terminales\/"},{"@type":"ListItem","position":3,"name":"Sp\u00e9cialit\u00e9 TG","item":"http:\/\/thibault-svt.fr\/index.php\/terminales\/specialite-2\/"},{"@type":"ListItem","position":4,"name":"CHAPITRE 2 &#8211; Etude des Climats anciens (M\u00e9sozo\u00efque &#8211; C\u00e9nozo\u00efque)"}]},{"@type":"WebSite","@id":"http:\/\/thibault-svt.fr\/#website","url":"http:\/\/thibault-svt.fr\/","name":"SVT","description":"Cours de SVT de Mme Thibault - Professeure au Lyc\u00e9e Maurice Genevoix","potentialAction":[{"@type":"SearchAction","target":{"@type":"EntryPoint","urlTemplate":"http:\/\/thibault-svt.fr\/?s={search_term_string}"},"query-input":{"@type":"PropertyValueSpecification","valueRequired":true,"valueName":"search_term_string"}}],"inLanguage":"fr-FR"}]}},"_links":{"self":[{"href":"http:\/\/thibault-svt.fr\/index.php\/wp-json\/wp\/v2\/pages\/1751","targetHints":{"allow":["GET"]}}],"collection":[{"href":"http:\/\/thibault-svt.fr\/index.php\/wp-json\/wp\/v2\/pages"}],"about":[{"href":"http:\/\/thibault-svt.fr\/index.php\/wp-json\/wp\/v2\/types\/page"}],"author":[{"embeddable":true,"href":"http:\/\/thibault-svt.fr\/index.php\/wp-json\/wp\/v2\/users\/1"}],"replies":[{"embeddable":true,"href":"http:\/\/thibault-svt.fr\/index.php\/wp-json\/wp\/v2\/comments?post=1751"}],"version-history":[{"count":8,"href":"http:\/\/thibault-svt.fr\/index.php\/wp-json\/wp\/v2\/pages\/1751\/revisions"}],"predecessor-version":[{"id":3103,"href":"http:\/\/thibault-svt.fr\/index.php\/wp-json\/wp\/v2\/pages\/1751\/revisions\/3103"}],"up":[{"embeddable":true,"href":"http:\/\/thibault-svt.fr\/index.php\/wp-json\/wp\/v2\/pages\/98"}],"wp:attachment":[{"href":"http:\/\/thibault-svt.fr\/index.php\/wp-json\/wp\/v2\/media?parent=1751"}],"curies":[{"name":"wp","href":"https:\/\/api.w.org\/{rel}","templated":true}]}}