{"id":1747,"date":"2021-07-28T13:27:59","date_gmt":"2021-07-28T11:27:59","guid":{"rendered":"http:\/\/thibault-svt.fr\/?page_id=1747"},"modified":"2025-01-18T14:10:46","modified_gmt":"2025-01-18T13:10:46","slug":"chapitre-2-les-traces-du-passe-geologique-de-la-terre","status":"publish","type":"page","link":"http:\/\/thibault-svt.fr\/index.php\/terminales\/specialite-2\/chapitre-2-les-traces-du-passe-geologique-de-la-terre\/","title":{"rendered":"CHAPITRE 2 \u2013 Les traces du pass\u00e9 g\u00e9ologique de la Terre"},"content":{"rendered":"<p style=\"text-align: center;\"><span style=\"color: #bf1177;\"><strong><u>INTRODUCTION<\/u><\/strong><\/span><\/p>\n<p>Alors que la lithosph\u00e8re oc\u00e9anique ne d\u00e9passe pas 200 Ma, les roches affleurant \u00e0 la surface des continents pr\u00e9sentent des \u00e2ges vari\u00e9s pouvant atteindre 4 Ga. Ces \u00e2ges consid\u00e9rables s\u2019expliquent par la faible densit\u00e9 de la lithosph\u00e8re continentale (LC), qui demeure principalement en surface malgr\u00e9 les nombreuses d\u00e9formations qu\u2019elle subit. En effet, la convergence de plaques lithosph\u00e9riques conduit \u00e0 la <strong>collision entre deux masses continentales ce qui aboutit \u00e0 la formation de cha\u00eenes de montagne (= orog\u00e8ne)<\/strong> dites de collision (Ex. les Alpes, l\u2019Himalaya\u2026). Ce m\u00e9canisme de formation est appel\u00e9 <strong>orogen\u00e8se.<\/strong><br \/>\nSoumises \u00e0 des m\u00e9canismes d\u2019alt\u00e9ration chimique et physique, les ceintures orog\u00e9niques form\u00e9es tendent \u00e0 dispara\u00eetre, modifiant ainsi progressivement le visage de la Terre.<br \/>\nL\u2019ensemble des processus de formation d\u2019une chaine de montagne jusqu\u2019\u00e0 sa disparition est appel\u00e9 un <strong>cycle orog\u00e9nique.<img loading=\"lazy\" decoding=\"async\" class=\"aligncenter size-full wp-image-3228\" src=\"http:\/\/thibault-svt.fr\/wp-content\/uploads\/2025\/01\/Cycle-orogenique.png\" alt=\"\" width=\"1087\" height=\"765\" srcset=\"http:\/\/thibault-svt.fr\/wp-content\/uploads\/2025\/01\/Cycle-orogenique.png 1087w, http:\/\/thibault-svt.fr\/wp-content\/uploads\/2025\/01\/Cycle-orogenique-300x211.png 300w, http:\/\/thibault-svt.fr\/wp-content\/uploads\/2025\/01\/Cycle-orogenique-1024x721.png 1024w, http:\/\/thibault-svt.fr\/wp-content\/uploads\/2025\/01\/Cycle-orogenique-768x540.png 768w, http:\/\/thibault-svt.fr\/wp-content\/uploads\/2025\/01\/Cycle-orogenique-900x633.png 900w\" sizes=\"auto, (max-width: 1087px) 100vw, 1087px\" \/><\/strong><\/p>\n<p>Les roches continentales portent des indices traduisant la pr\u00e9sence d\u2019anciennes cha\u00eenes montagneuses (d\u00e9formations, plis failles inverses, schistosit\u00e9, min\u00e9raux m\u00e9tamorphiques de collision \u2026). L\u2019\u00e9tude de ces marqueurs permet de reconstituer l\u2019histoire mouvement\u00e9e des domaines continentaux et d\u2019identifier les diff\u00e9rents cycles orog\u00e9niques successifs. L\u2019\u00e9tude de la g\u00e9ographie pass\u00e9e de la Terre s\u2019appelle la pal\u00e9og\u00e9ographie.<\/p>\n<p><span style=\"color: #339966;\"><strong>Comment reconstituer les traces des cycles orog\u00e9niques et ainsi retrouver la trace des visages pass\u00e9s de la Terre\u00a0? <\/strong><\/span><\/p>\n<p style=\"text-align: center;\"><span style=\"color: #bf1177;\"><strong><u>I- Les ophiolites t\u00e9moignent de la fermeture d\u2019oc\u00e9ans aujourd\u2019hui disparus<\/u><\/strong><\/span><\/p>\n<p class=\"titre-TP\"><span style=\"color: #000000;\"><span style=\"color: #000000;\"><a style=\"color: #000000;\" href=\"http:\/\/thibault-svt.fr\/wp-content\/uploads\/2025\/01\/TP3-Ophiolite-ELEVE.pdf\" target=\"_blank\" rel=\"noopener\">TP3\u00a0 : Ophiolites <\/a>\u00a0+ <a style=\"color: #000000;\" href=\"http:\/\/thibault-svt.fr\/index.php\/terminales\/specialite-2\/chapitre-2-les-traces-du-passe-geologique-de-la-terre\/correction-tspe-ch6tp3-ophiolites\/\" target=\"_blank\" rel=\"noopener\">Correction<\/a><\/span><\/span><\/p>\n<p><span style=\"text-decoration: underline; color: #3366ff;\"><strong>A- Les ophiolites : des roches oc\u00e9aniques en milieu continental<\/strong><\/span><br \/>\n<strong>Une ophiolite est un fragment de lithosph\u00e8re oc\u00e9anique observable sur un continent.<br \/>\n<\/strong>Elles sont compos\u00e9es, comme toute lithosph\u00e8re oc\u00e9anique, d\u2019une superposition de <strong>p\u00e9ridotite, de gabbro et de basalte,<\/strong> notamment des basaltes en coussins (pillow-lavas) associ\u00e9s \u00e0 un refroidissement rapide des laves dans l\u2019oc\u00e9an.<\/p>\n<p>Elles sont parfois surmont\u00e9es de s\u00e9diments oc\u00e9aniques, contenant des microfossiles d\u2019\u00eatres vivants marins.<\/p>\n<p><img loading=\"lazy\" decoding=\"async\" class=\"aligncenter size-full wp-image-3236\" src=\"http:\/\/thibault-svt.fr\/wp-content\/uploads\/2025\/01\/Ophiolite-chenaillet.png\" alt=\"\" width=\"1186\" height=\"678\" srcset=\"http:\/\/thibault-svt.fr\/wp-content\/uploads\/2025\/01\/Ophiolite-chenaillet.png 1186w, http:\/\/thibault-svt.fr\/wp-content\/uploads\/2025\/01\/Ophiolite-chenaillet-300x172.png 300w, http:\/\/thibault-svt.fr\/wp-content\/uploads\/2025\/01\/Ophiolite-chenaillet-1024x585.png 1024w, http:\/\/thibault-svt.fr\/wp-content\/uploads\/2025\/01\/Ophiolite-chenaillet-768x439.png 768w, http:\/\/thibault-svt.fr\/wp-content\/uploads\/2025\/01\/Ophiolite-chenaillet-900x515.png 900w\" sizes=\"auto, (max-width: 1186px) 100vw, 1186px\" \/><\/p>\n<p>Elles contiennent parfois des min\u00e9raux m\u00e9tamorphiques issus de l\u2019hydratation des roches\u00a0:<\/p>\n<ul>\n<li>La p\u00e9ridotite peut contenir de la serpentine, un min\u00e9ral typique de l\u2019hydratation des p\u00e9ridotites<\/li>\n<li>Les gabbros peuvent \u00eatre m\u00e9tamorphis\u00e9s dans le facies schiste vert\u00a0: ils contiennent alors de la chlorite, de l\u2019actinote et d\u2019autres min\u00e9raux verts typiques d\u2019une hydratation des roches.<\/li>\n<\/ul>\n<p><u> <\/u><br \/>\n<span style=\"text-decoration: underline; color: #3366ff;\"><strong>B- La mise en place des ophiolites t\u00e9moigne d\u2019une suture entre continents<\/strong><\/span><br \/>\nLes ophiolites sont donc compos\u00e9es de roches se formant en milieu oc\u00e9anique exclusivement et sont parfois hydrat\u00e9es. <strong>Leur pr\u00e9sence sur un continent indique donc la pr\u00e9sence d\u2019un ancien oc\u00e9an \u00e0 cet endroit, qui a \u00e9t\u00e9 referm\u00e9 en \u00ab\u00a0coin\u00e7ant\u00a0\u00bb des fragments de lithosph\u00e8re oc\u00e9anique entre les deux continents\u00a0: les ophiolites t\u00e9moignent donc d\u2019une suture entre deux continents. <\/strong><\/p>\n<p>L\u2019arriv\u00e9e en surface des ophiolites peut se faire par deux processus\u00a0:<\/p>\n<ul>\n<li><strong><img loading=\"lazy\" decoding=\"async\" class=\" wp-image-3238 alignright\" style=\"font-weight: 400;\" src=\"http:\/\/thibault-svt.fr\/wp-content\/uploads\/2025\/01\/obduction.jpg\" alt=\"\" width=\"1031\" height=\"549\" srcset=\"http:\/\/thibault-svt.fr\/wp-content\/uploads\/2025\/01\/obduction.jpg 1500w, http:\/\/thibault-svt.fr\/wp-content\/uploads\/2025\/01\/obduction-300x160.jpg 300w, http:\/\/thibault-svt.fr\/wp-content\/uploads\/2025\/01\/obduction-1024x545.jpg 1024w, http:\/\/thibault-svt.fr\/wp-content\/uploads\/2025\/01\/obduction-768x409.jpg 768w, http:\/\/thibault-svt.fr\/wp-content\/uploads\/2025\/01\/obduction-900x479.jpg 900w, http:\/\/thibault-svt.fr\/wp-content\/uploads\/2025\/01\/obduction-1280x681.jpg 1280w\" sizes=\"auto, (max-width: 1031px) 100vw, 1031px\" \/>L\u2019obduction\u00a0:<\/strong> Lors de la convergence, la LO est charri\u00e9e par-dessus la LC. (ex : Ophiolite de Bou-Azzer au Maroc)<\/li>\n<\/ul>\n<ul>\n<li><strong>La subduction puis exhumation<\/strong>: Lors de la convergence, la LO entre en subduction puis est remise \u00e0 la surface lors de la collision. Les ophiolites qui en r\u00e9sultent pr\u00e9senteront alors des marqueurs de la subduction et notamment un m\u00e9tamorphisme particulier\u00a0suivant un gradient de haute pression et basse temp\u00e9rature : les metagabbros pr\u00e9senteront un facies de schistes verts, de schistes bleus (avec de la glaucophane) ou d\u2019\u00e9clogites (avec du grenat et de la jad\u00e9ite)<\/li>\n<\/ul>\n<p><img loading=\"lazy\" decoding=\"async\" class=\"aligncenter size-full wp-image-3237\" src=\"http:\/\/thibault-svt.fr\/wp-content\/uploads\/2025\/01\/Metam-alpes.png\" alt=\"\" width=\"1157\" height=\"432\" srcset=\"http:\/\/thibault-svt.fr\/wp-content\/uploads\/2025\/01\/Metam-alpes.png 1157w, http:\/\/thibault-svt.fr\/wp-content\/uploads\/2025\/01\/Metam-alpes-300x112.png 300w, http:\/\/thibault-svt.fr\/wp-content\/uploads\/2025\/01\/Metam-alpes-1024x382.png 1024w, http:\/\/thibault-svt.fr\/wp-content\/uploads\/2025\/01\/Metam-alpes-768x287.png 768w, http:\/\/thibault-svt.fr\/wp-content\/uploads\/2025\/01\/Metam-alpes-900x336.png 900w\" sizes=\"auto, (max-width: 1157px) 100vw, 1157px\" \/><\/p>\n<p><strong>L\u2019\u00e9tude des ophiolites permet donc de d\u00e9terminer la pr\u00e9sence d\u2019un ancien oc\u00e9an, referm\u00e9 par convergence. <\/strong><\/p>\n<p style=\"text-align: center;\"><span style=\"color: #bf1177;\"><strong><u>II- Les marges passives et rifts\u00a0: t\u00e9moins de la fracturation continentale et de l\u2019ouverture d\u2019oc\u00e9ans<\/u><\/strong><\/span><\/p>\n<p class=\"titre-TP\"><span style=\"color: #000000;\"><a style=\"color: #000000;\" href=\"http:\/\/thibault-svt.fr\/wp-content\/uploads\/2025\/01\/TP4-Marges-passives-ELEVE.pdf\" target=\"_blank\" rel=\"noopener\">TP4 : Rifts<\/a> + <a style=\"color: #000000;\" href=\"http:\/\/thibault-svt.fr\/index.php\/terminales\/specialite-2\/chapitre-2-les-traces-du-passe-geologique-de-la-terre\/tp-tspe-chap6-traces-du-passe-geologique\/correction-tspe-ch6tp4-rifts\/\" target=\"_blank\" rel=\"noopener\">Correction<\/a><\/span><\/p>\n<p>La mise en place d\u2019un oc\u00e9an n\u00e9cessite une \u00e9tape de <strong>fracturation continentale (ou rifting)<\/strong> suivie de la mise en place d\u2019une dorsale oc\u00e9anique qui formera de la lithosph\u00e8re oc\u00e9anique (= oc\u00e9anisation). Tout ceci a lieu en contexte de divergence.<\/p>\n<p><span style=\"text-decoration: underline; color: #3366ff;\"><strong>A- Les rifts : t\u00e9moins d\u2019une d\u00e9chirure continentale.<\/strong><\/span><br \/>\n<strong>Les rifts, ou bassins s\u00e9dimentaires continentaux<\/strong> sont form\u00e9s par une divergence qui d\u00e9chire la croute continentale.<br \/>\nIls sont marqu\u00e9s par de nombreuses <strong>failles normales<\/strong>, d\u00e9limitant un <strong>foss\u00e9 d\u2019effondrement<\/strong> en marche d\u2019escalier. Souvent, les blocs formant les marches sont bascul\u00e9s (on parle de <strong>blocs bascul\u00e9s<\/strong>)<\/p>\n<p><img loading=\"lazy\" decoding=\"async\" class=\"aligncenter wp-image-3245\" src=\"http:\/\/thibault-svt.fr\/wp-content\/uploads\/2025\/01\/marge-passive.gif\" alt=\"\" width=\"506\" height=\"368\" \/><\/p>\n<p>L\u2019int\u00e9rieur du foss\u00e9 contient des roches s\u00e9dimentaires typiquement continentales\u00a0:<\/p>\n<ul>\n<li><img loading=\"lazy\" decoding=\"async\" class=\"wp-image-3242 alignright\" src=\"http:\/\/thibault-svt.fr\/wp-content\/uploads\/2025\/01\/conglomerat.jpg\" alt=\"\" width=\"186\" height=\"163\" srcset=\"http:\/\/thibault-svt.fr\/wp-content\/uploads\/2025\/01\/conglomerat.jpg 464w, http:\/\/thibault-svt.fr\/wp-content\/uploads\/2025\/01\/conglomerat-300x261.jpg 300w\" sizes=\"auto, (max-width: 186px) 100vw, 186px\" \/>Des<strong> conglom\u00e9rats<\/strong> issus de l\u2019\u00e9rosion des flancs du rift. <em>Voir ci contre<\/em><\/li>\n<li>Des <strong>\u00e9vaporites <\/strong>(sel gemme, gypse \u2026) issues de la pr\u00e9cipitation de sels min\u00e9raux lors de l\u2019\u00e9vaporation des eaux de ruissellement<\/li>\n<\/ul>\n<p>Aujourd\u2019hui des rifts r\u00e9cents sont visibles dans la r\u00e9gion de l\u2019Afar en Ethiopie<\/p>\n<p><span style=\"text-decoration: underline; color: #3366ff;\"><strong> B-\u00a0 Les marges passives : t\u00e9moins d\u2019une ouverture oc\u00e9anique<\/strong><\/span><br \/>\nSuite \u00e0 un rifting, si l\u2019\u00e9tirement continue, la lithosph\u00e8re continentale se rompt. Une nouvelle dorsale oc\u00e9anique se forme dans la d\u00e9chirure et met en place de la lithosph\u00e8re oc\u00e9anique\u00a0: un oc\u00e9an se forme alors.<\/p>\n<p>Les bords du rift deviennent alors des zones de transition entre le continent et l\u2019oc\u00e9an\u00a0: on les appelle alors des <strong>marges passives. <\/strong><\/p>\n<p>Leurs caract\u00e9ristiques sont donc celles d\u2019un rift (<strong>failles normales, blocs bascul\u00e9s et s\u00e9dimentation continentale ant\u00e9rift)<\/strong> auxquelles s\u2019ajoutent une <strong>s\u00e9dimentation particuli\u00e8re<\/strong> t\u00e9moignant de l\u2019oc\u00e9anisation progressive\u00a0:<\/p>\n<p>Des s\u00e9diments marins se mettent en place dans les creux form\u00e9s par les blocs bascul\u00e9s, prenant alors une <strong>structure en \u00e9ventail ( c\u2019est une s\u00e9dimentation syn-rift)<\/strong>, puis des s\u00e9diments marins se d\u00e9posant plus profond\u00e9ment dans les oc\u00e9ans recouvrent la structure, formant une <strong>couche plane de s\u00e9diments post-rifts.<\/strong><\/p>\n<p>Les rifts et marges passives t\u00e9moignent d\u2019un contexte de divergence permettant de retracer les mouvements des plaques lithosph\u00e9riques.<\/p>\n<p><img loading=\"lazy\" decoding=\"async\" class=\"wp-image-3241 aligncenter\" src=\"http:\/\/thibault-svt.fr\/wp-content\/uploads\/2025\/01\/rift.png\" alt=\"\" width=\"1102\" height=\"668\" srcset=\"http:\/\/thibault-svt.fr\/wp-content\/uploads\/2025\/01\/rift.png 1026w, http:\/\/thibault-svt.fr\/wp-content\/uploads\/2025\/01\/rift-300x182.png 300w, http:\/\/thibault-svt.fr\/wp-content\/uploads\/2025\/01\/rift-1024x621.png 1024w, http:\/\/thibault-svt.fr\/wp-content\/uploads\/2025\/01\/rift-768x466.png 768w, http:\/\/thibault-svt.fr\/wp-content\/uploads\/2025\/01\/rift-900x546.png 900w\" sizes=\"auto, (max-width: 1102px) 100vw, 1102px\" \/><\/p>\n","protected":false},"excerpt":{"rendered":"<p>INTRODUCTION Alors que la lithosph\u00e8re oc\u00e9anique ne d\u00e9passe pas 200 Ma, les roches affleurant \u00e0 la surface des continents pr\u00e9sentent des \u00e2ges vari\u00e9s pouvant atteindre 4 Ga. Ces \u00e2ges consid\u00e9rables s\u2019expliquent par la faible densit\u00e9 de la lithosph\u00e8re continentale (LC), qui demeure principalement en surface malgr\u00e9 les nombreuses d\u00e9formations qu\u2019elle subit. En effet, la convergence [&hellip;]<\/p>\n","protected":false},"author":1,"featured_media":0,"parent":98,"menu_order":17,"comment_status":"closed","ping_status":"closed","template":"full-width-page-template.php","meta":{"footnotes":""},"class_list":["post-1747","page","type-page","status-publish","hentry"],"yoast_head":"<!-- This site is optimized with the Yoast SEO plugin v24.4 - https:\/\/yoast.com\/wordpress\/plugins\/seo\/ -->\n<title>CHAPITRE 2 \u2013 Les traces du pass\u00e9 g\u00e9ologique de la Terre - SVT<\/title>\n<meta name=\"robots\" content=\"index, follow, max-snippet:-1, max-image-preview:large, max-video-preview:-1\" \/>\n<link rel=\"canonical\" href=\"http:\/\/thibault-svt.fr\/index.php\/terminales\/specialite-2\/chapitre-2-les-traces-du-passe-geologique-de-la-terre\/\" \/>\n<meta property=\"og:locale\" content=\"fr_FR\" \/>\n<meta property=\"og:type\" content=\"article\" \/>\n<meta property=\"og:title\" content=\"CHAPITRE 2 \u2013 Les traces du pass\u00e9 g\u00e9ologique de la Terre - SVT\" \/>\n<meta property=\"og:description\" content=\"INTRODUCTION Alors que la lithosph\u00e8re oc\u00e9anique ne d\u00e9passe pas 200 Ma, les roches affleurant \u00e0 la surface des continents pr\u00e9sentent des \u00e2ges vari\u00e9s pouvant atteindre 4 Ga. Ces \u00e2ges consid\u00e9rables s\u2019expliquent par la faible densit\u00e9 de la lithosph\u00e8re continentale (LC), qui demeure principalement en surface malgr\u00e9 les nombreuses d\u00e9formations qu\u2019elle subit. En effet, la convergence [&hellip;]\" \/>\n<meta property=\"og:url\" content=\"http:\/\/thibault-svt.fr\/index.php\/terminales\/specialite-2\/chapitre-2-les-traces-du-passe-geologique-de-la-terre\/\" \/>\n<meta property=\"og:site_name\" content=\"SVT\" \/>\n<meta property=\"article:modified_time\" content=\"2025-01-18T13:10:46+00:00\" \/>\n<meta property=\"og:image\" content=\"http:\/\/thibault-svt.fr\/wp-content\/uploads\/2025\/01\/Cycle-orogenique.png\" \/>\n\t<meta property=\"og:image:width\" content=\"1087\" \/>\n\t<meta property=\"og:image:height\" content=\"765\" \/>\n\t<meta property=\"og:image:type\" content=\"image\/png\" \/>\n<meta name=\"twitter:card\" content=\"summary_large_image\" \/>\n<meta name=\"twitter:label1\" content=\"Dur\u00e9e de lecture estim\u00e9e\" \/>\n\t<meta name=\"twitter:data1\" content=\"6 minutes\" \/>\n<script type=\"application\/ld+json\" class=\"yoast-schema-graph\">{\"@context\":\"https:\/\/schema.org\",\"@graph\":[{\"@type\":\"WebPage\",\"@id\":\"http:\/\/thibault-svt.fr\/index.php\/terminales\/specialite-2\/chapitre-2-les-traces-du-passe-geologique-de-la-terre\/\",\"url\":\"http:\/\/thibault-svt.fr\/index.php\/terminales\/specialite-2\/chapitre-2-les-traces-du-passe-geologique-de-la-terre\/\",\"name\":\"CHAPITRE 2 \u2013 Les traces du pass\u00e9 g\u00e9ologique de la Terre - SVT\",\"isPartOf\":{\"@id\":\"http:\/\/thibault-svt.fr\/#website\"},\"primaryImageOfPage\":{\"@id\":\"http:\/\/thibault-svt.fr\/index.php\/terminales\/specialite-2\/chapitre-2-les-traces-du-passe-geologique-de-la-terre\/#primaryimage\"},\"image\":{\"@id\":\"http:\/\/thibault-svt.fr\/index.php\/terminales\/specialite-2\/chapitre-2-les-traces-du-passe-geologique-de-la-terre\/#primaryimage\"},\"thumbnailUrl\":\"http:\/\/thibault-svt.fr\/wp-content\/uploads\/2025\/01\/Cycle-orogenique.png\",\"datePublished\":\"2021-07-28T11:27:59+00:00\",\"dateModified\":\"2025-01-18T13:10:46+00:00\",\"breadcrumb\":{\"@id\":\"http:\/\/thibault-svt.fr\/index.php\/terminales\/specialite-2\/chapitre-2-les-traces-du-passe-geologique-de-la-terre\/#breadcrumb\"},\"inLanguage\":\"fr-FR\",\"potentialAction\":[{\"@type\":\"ReadAction\",\"target\":[\"http:\/\/thibault-svt.fr\/index.php\/terminales\/specialite-2\/chapitre-2-les-traces-du-passe-geologique-de-la-terre\/\"]}]},{\"@type\":\"ImageObject\",\"inLanguage\":\"fr-FR\",\"@id\":\"http:\/\/thibault-svt.fr\/index.php\/terminales\/specialite-2\/chapitre-2-les-traces-du-passe-geologique-de-la-terre\/#primaryimage\",\"url\":\"http:\/\/thibault-svt.fr\/wp-content\/uploads\/2025\/01\/Cycle-orogenique.png\",\"contentUrl\":\"http:\/\/thibault-svt.fr\/wp-content\/uploads\/2025\/01\/Cycle-orogenique.png\",\"width\":1087,\"height\":765},{\"@type\":\"BreadcrumbList\",\"@id\":\"http:\/\/thibault-svt.fr\/index.php\/terminales\/specialite-2\/chapitre-2-les-traces-du-passe-geologique-de-la-terre\/#breadcrumb\",\"itemListElement\":[{\"@type\":\"ListItem\",\"position\":1,\"name\":\"Accueil\",\"item\":\"http:\/\/thibault-svt.fr\/\"},{\"@type\":\"ListItem\",\"position\":2,\"name\":\"Terminales\",\"item\":\"http:\/\/thibault-svt.fr\/index.php\/terminales\/\"},{\"@type\":\"ListItem\",\"position\":3,\"name\":\"Sp\u00e9cialit\u00e9 TG\",\"item\":\"http:\/\/thibault-svt.fr\/index.php\/terminales\/specialite-2\/\"},{\"@type\":\"ListItem\",\"position\":4,\"name\":\"CHAPITRE 2 \u2013 Les traces du pass\u00e9 g\u00e9ologique de la Terre\"}]},{\"@type\":\"WebSite\",\"@id\":\"http:\/\/thibault-svt.fr\/#website\",\"url\":\"http:\/\/thibault-svt.fr\/\",\"name\":\"SVT\",\"description\":\"Cours de SVT de Mme Thibault - Professeure au Lyc\u00e9e Maurice Genevoix\",\"potentialAction\":[{\"@type\":\"SearchAction\",\"target\":{\"@type\":\"EntryPoint\",\"urlTemplate\":\"http:\/\/thibault-svt.fr\/?s={search_term_string}\"},\"query-input\":{\"@type\":\"PropertyValueSpecification\",\"valueRequired\":true,\"valueName\":\"search_term_string\"}}],\"inLanguage\":\"fr-FR\"}]}<\/script>\n<!-- \/ Yoast SEO plugin. -->","yoast_head_json":{"title":"CHAPITRE 2 \u2013 Les traces du pass\u00e9 g\u00e9ologique de la Terre - SVT","robots":{"index":"index","follow":"follow","max-snippet":"max-snippet:-1","max-image-preview":"max-image-preview:large","max-video-preview":"max-video-preview:-1"},"canonical":"http:\/\/thibault-svt.fr\/index.php\/terminales\/specialite-2\/chapitre-2-les-traces-du-passe-geologique-de-la-terre\/","og_locale":"fr_FR","og_type":"article","og_title":"CHAPITRE 2 \u2013 Les traces du pass\u00e9 g\u00e9ologique de la Terre - SVT","og_description":"INTRODUCTION Alors que la lithosph\u00e8re oc\u00e9anique ne d\u00e9passe pas 200 Ma, les roches affleurant \u00e0 la surface des continents pr\u00e9sentent des \u00e2ges vari\u00e9s pouvant atteindre 4 Ga. Ces \u00e2ges consid\u00e9rables s\u2019expliquent par la faible densit\u00e9 de la lithosph\u00e8re continentale (LC), qui demeure principalement en surface malgr\u00e9 les nombreuses d\u00e9formations qu\u2019elle subit. En effet, la convergence [&hellip;]","og_url":"http:\/\/thibault-svt.fr\/index.php\/terminales\/specialite-2\/chapitre-2-les-traces-du-passe-geologique-de-la-terre\/","og_site_name":"SVT","article_modified_time":"2025-01-18T13:10:46+00:00","og_image":[{"width":1087,"height":765,"url":"http:\/\/thibault-svt.fr\/wp-content\/uploads\/2025\/01\/Cycle-orogenique.png","type":"image\/png"}],"twitter_card":"summary_large_image","twitter_misc":{"Dur\u00e9e de lecture estim\u00e9e":"6 minutes"},"schema":{"@context":"https:\/\/schema.org","@graph":[{"@type":"WebPage","@id":"http:\/\/thibault-svt.fr\/index.php\/terminales\/specialite-2\/chapitre-2-les-traces-du-passe-geologique-de-la-terre\/","url":"http:\/\/thibault-svt.fr\/index.php\/terminales\/specialite-2\/chapitre-2-les-traces-du-passe-geologique-de-la-terre\/","name":"CHAPITRE 2 \u2013 Les traces du pass\u00e9 g\u00e9ologique de la Terre - SVT","isPartOf":{"@id":"http:\/\/thibault-svt.fr\/#website"},"primaryImageOfPage":{"@id":"http:\/\/thibault-svt.fr\/index.php\/terminales\/specialite-2\/chapitre-2-les-traces-du-passe-geologique-de-la-terre\/#primaryimage"},"image":{"@id":"http:\/\/thibault-svt.fr\/index.php\/terminales\/specialite-2\/chapitre-2-les-traces-du-passe-geologique-de-la-terre\/#primaryimage"},"thumbnailUrl":"http:\/\/thibault-svt.fr\/wp-content\/uploads\/2025\/01\/Cycle-orogenique.png","datePublished":"2021-07-28T11:27:59+00:00","dateModified":"2025-01-18T13:10:46+00:00","breadcrumb":{"@id":"http:\/\/thibault-svt.fr\/index.php\/terminales\/specialite-2\/chapitre-2-les-traces-du-passe-geologique-de-la-terre\/#breadcrumb"},"inLanguage":"fr-FR","potentialAction":[{"@type":"ReadAction","target":["http:\/\/thibault-svt.fr\/index.php\/terminales\/specialite-2\/chapitre-2-les-traces-du-passe-geologique-de-la-terre\/"]}]},{"@type":"ImageObject","inLanguage":"fr-FR","@id":"http:\/\/thibault-svt.fr\/index.php\/terminales\/specialite-2\/chapitre-2-les-traces-du-passe-geologique-de-la-terre\/#primaryimage","url":"http:\/\/thibault-svt.fr\/wp-content\/uploads\/2025\/01\/Cycle-orogenique.png","contentUrl":"http:\/\/thibault-svt.fr\/wp-content\/uploads\/2025\/01\/Cycle-orogenique.png","width":1087,"height":765},{"@type":"BreadcrumbList","@id":"http:\/\/thibault-svt.fr\/index.php\/terminales\/specialite-2\/chapitre-2-les-traces-du-passe-geologique-de-la-terre\/#breadcrumb","itemListElement":[{"@type":"ListItem","position":1,"name":"Accueil","item":"http:\/\/thibault-svt.fr\/"},{"@type":"ListItem","position":2,"name":"Terminales","item":"http:\/\/thibault-svt.fr\/index.php\/terminales\/"},{"@type":"ListItem","position":3,"name":"Sp\u00e9cialit\u00e9 TG","item":"http:\/\/thibault-svt.fr\/index.php\/terminales\/specialite-2\/"},{"@type":"ListItem","position":4,"name":"CHAPITRE 2 \u2013 Les traces du pass\u00e9 g\u00e9ologique de la Terre"}]},{"@type":"WebSite","@id":"http:\/\/thibault-svt.fr\/#website","url":"http:\/\/thibault-svt.fr\/","name":"SVT","description":"Cours de SVT de Mme Thibault - Professeure au Lyc\u00e9e Maurice Genevoix","potentialAction":[{"@type":"SearchAction","target":{"@type":"EntryPoint","urlTemplate":"http:\/\/thibault-svt.fr\/?s={search_term_string}"},"query-input":{"@type":"PropertyValueSpecification","valueRequired":true,"valueName":"search_term_string"}}],"inLanguage":"fr-FR"}]}},"_links":{"self":[{"href":"http:\/\/thibault-svt.fr\/index.php\/wp-json\/wp\/v2\/pages\/1747","targetHints":{"allow":["GET"]}}],"collection":[{"href":"http:\/\/thibault-svt.fr\/index.php\/wp-json\/wp\/v2\/pages"}],"about":[{"href":"http:\/\/thibault-svt.fr\/index.php\/wp-json\/wp\/v2\/types\/page"}],"author":[{"embeddable":true,"href":"http:\/\/thibault-svt.fr\/index.php\/wp-json\/wp\/v2\/users\/1"}],"replies":[{"embeddable":true,"href":"http:\/\/thibault-svt.fr\/index.php\/wp-json\/wp\/v2\/comments?post=1747"}],"version-history":[{"count":14,"href":"http:\/\/thibault-svt.fr\/index.php\/wp-json\/wp\/v2\/pages\/1747\/revisions"}],"predecessor-version":[{"id":3246,"href":"http:\/\/thibault-svt.fr\/index.php\/wp-json\/wp\/v2\/pages\/1747\/revisions\/3246"}],"up":[{"embeddable":true,"href":"http:\/\/thibault-svt.fr\/index.php\/wp-json\/wp\/v2\/pages\/98"}],"wp:attachment":[{"href":"http:\/\/thibault-svt.fr\/index.php\/wp-json\/wp\/v2\/media?parent=1747"}],"curies":[{"name":"wp","href":"https:\/\/api.w.org\/{rel}","templated":true}]}}