{"id":1682,"date":"2021-07-28T11:28:46","date_gmt":"2021-07-28T09:28:46","guid":{"rendered":"http:\/\/thibault-svt.fr\/?page_id=1682"},"modified":"2026-02-27T17:40:01","modified_gmt":"2026-02-27T16:40:01","slug":"chapitre-5-fonctionnement-de-loreille","status":"publish","type":"page","link":"http:\/\/thibault-svt.fr\/index.php\/premieres\/enseignement-obligatoire\/chapitre-5-fonctionnement-de-loreille\/","title":{"rendered":"Chapitre 5 &#8211; Fonctionnement de l&rsquo;oreille"},"content":{"rendered":"<h2 style=\"text-align: center;\"><span style=\"color: #ff0000;\"><strong><u>THEME 4 \u2013 Le son<\/u><\/strong><\/span><\/h2>\n<p>Un son est une onde sinuso\u00efdale propag\u00e9e dans l\u2019air, caract\u00e9ris\u00e9e par\u00a0:<\/p>\n<p><img loading=\"lazy\" decoding=\"async\" class=\"wp-image-3809 alignright\" src=\"http:\/\/thibault-svt.fr\/wp-content\/uploads\/2026\/02\/Onde-sonore.png\" alt=\"\" width=\"551\" height=\"368\" srcset=\"http:\/\/thibault-svt.fr\/wp-content\/uploads\/2026\/02\/Onde-sonore.png 922w, http:\/\/thibault-svt.fr\/wp-content\/uploads\/2026\/02\/Onde-sonore-300x200.png 300w, http:\/\/thibault-svt.fr\/wp-content\/uploads\/2026\/02\/Onde-sonore-768x513.png 768w, http:\/\/thibault-svt.fr\/wp-content\/uploads\/2026\/02\/Onde-sonore-900x601.png 900w\" sizes=\"auto, (max-width: 551px) 100vw, 551px\" \/><\/p>\n<ul>\n<li>Une <strong>hauteur<\/strong> (son aigu ou son grave) qui d\u00e9pend de la <strong>fr\u00e9quence de l\u2019onde<\/strong> : plus la fr\u00e9quence est \u00e9lev\u00e9e, plus le son est aigu<\/li>\n<li>Une <strong>intensit\u00e9<\/strong> (son fort ou son faible) qui d\u00e9pend de <strong>l\u2019amplitude de l\u2019onde<\/strong> sonore.<\/li>\n<\/ul>\n<p>Cette onde peut \u00eatre capt\u00e9e par l\u2019oreille humaine, puis transform\u00e9e en un message nerveux interpr\u00e9t\u00e9 par le cerveau.<\/p>\n<p>&nbsp;<\/p>\n<p>&nbsp;<\/p>\n<p><span style=\"color: #34c234;\"><strong>Comment l\u2019organisme humain per\u00e7oit il le son ? <\/strong><\/span><\/p>\n<p style=\"text-align: center;\"><span style=\"color: #bf1177;\"><strong><u>I- Les sons perceptibles par l\u2019humain<\/u><\/strong><\/span><\/p>\n<p>Le <strong>champ auditif<\/strong><strong> humain<\/strong> est l\u2019ensemble des sons perceptibles par l\u2019oreille humaine sans douleur (donc sans l\u00e9sions)<\/p>\n<p><img loading=\"lazy\" decoding=\"async\" class=\" wp-image-3808 alignleft\" src=\"http:\/\/thibault-svt.fr\/wp-content\/uploads\/2026\/02\/Champs-auditif.png\" alt=\"\" width=\"600\" height=\"391\" srcset=\"http:\/\/thibault-svt.fr\/wp-content\/uploads\/2026\/02\/Champs-auditif.png 801w, http:\/\/thibault-svt.fr\/wp-content\/uploads\/2026\/02\/Champs-auditif-300x196.png 300w, http:\/\/thibault-svt.fr\/wp-content\/uploads\/2026\/02\/Champs-auditif-768x500.png 768w\" sizes=\"auto, (max-width: 600px) 100vw, 600px\" \/><\/p>\n<p>L\u2019\u00eatre humain peut percevoir des sons\u00a0:<\/p>\n<ul>\n<li><strong><u>D\u2019intensit\u00e9 sonore<\/u><\/strong> comprise approximativement entre 0 Db et 120 Db. Au-del\u00e0 de ce seuil, les sons sont douloureux et provoquent des l\u00e9sions de l\u2019oreille.<\/li>\n<li><strong><u>De fr\u00e9quence <\/u><\/strong>comprise entre 20Hz et 20\u00a0000 Hz.<\/li>\n<\/ul>\n<p>Le champ auditif ne varie pas, mais <strong>l\u2019a<\/strong><strong>cuit\u00e9 auditive<\/strong> d\u2019une personne, c\u2019est-\u00e0-dire l\u2019ensemble des sons perceptible par <u>une personne<\/u> sans douleur peut varier en fonction de l\u2019\u00e9tat de l\u2019oreille, l\u00e9sions, hygi\u00e8ne \u2026<\/p>\n<p>&nbsp;<\/p>\n<p>&nbsp;<\/p>\n<p style=\"text-align: center;\"><span style=\"color: #bf1177;\"><strong><u>II- Structure de l\u2019oreille et r\u00f4les dans l\u2019audition<\/u><\/strong><\/span><\/p>\n<p class=\"titre-TP\" style=\"text-align: center;\"><span style=\"color: #000000;\"><a style=\"color: #000000;\" href=\"http:\/\/thibault-svt.fr\/wp-content\/uploads\/2026\/02\/TP-oreille-genially.pdf\" target=\"_blank\" rel=\"noopener\">Activit\u00e9 &#8211; Fonctionnement de l&rsquo;audition<\/a><\/span><\/p>\n<p><strong>Le pavillon et le canal auditif<\/strong> canalisent les sons du milieu ext\u00e9rieur et les transmettent au tympan sous forme de vibrations de l\u2019air.<br \/>\n<strong>Le tympan<\/strong> est une fine membrane qui entre en vibration avec la m\u00eame fr\u00e9quence et la m\u00eame amplitude que l&rsquo;onde sonore.<br \/>\nLe pavillon, le canal auditif et le tympan forment <strong>l\u2019oreille externe.<\/strong><\/p>\n<p>Le tympan transmet ensuite la vibration aux <strong>osselets <\/strong>qui forment <strong>l\u2019oreille moyenne.<\/strong><\/p>\n<p>Les osselets propagent alors la vibration jusqu\u2019\u00e0 <strong>l\u2019oreille interne<\/strong> et plus pr\u00e9cis\u00e9ment \u00e0 la <strong>cochl\u00e9e <\/strong>qui contient un liquide appel\u00e9 <strong>endolymphe<\/strong>.<br \/>\nCe liquide est mis en mouvement par les vibrations de la cochl\u00e9e (qui ont toujours la m\u00eame fr\u00e9quence et amplitude que la vibration initiale de l\u2019air) et courbe les cils des <strong>cellules cili\u00e9es de l\u2019organe de corti. <\/strong><\/p>\n<p>La courbure des cils g\u00e9n\u00e8re un <strong>message \u00e9lectrique<\/strong> qui est transmis au cerveau par <strong>le nerf auditif.<\/strong><br \/>\nLe cerveau va alors pouvoir d\u00e9coder l\u2019information qui sera alors interpr\u00e9t\u00e9e comme un son.<\/p>\n<p><strong>On distingue donc plusieurs phases dans l\u2019audition d\u2019un signal sonore\u00a0:<\/strong><br \/>\n<strong>&#8211; La transmission a\u00e9rienne, effectu\u00e9e par l\u2019oreille externe<\/strong><br \/>\n<strong>&#8211; La transmission osseuse, effectu\u00e9e par l\u2019oreille moyenne et interne<\/strong><br \/>\n<strong>&#8211; Le traitement nerveux du signal par le cerveau<\/strong><\/p>\n<p><span style=\"color: #ff0000;\"><strong><u>Sch\u00e9ma des relations structure-fonction de l&rsquo;oreille humaine<\/u><\/strong><\/span><u><\/u><\/p>\n<p><img loading=\"lazy\" decoding=\"async\" class=\"aligncenter wp-image-3810\" src=\"http:\/\/thibault-svt.fr\/wp-content\/uploads\/2026\/02\/Structure-oreille.png\" alt=\"\" width=\"786\" height=\"554\" srcset=\"http:\/\/thibault-svt.fr\/wp-content\/uploads\/2026\/02\/Structure-oreille.png 1263w, http:\/\/thibault-svt.fr\/wp-content\/uploads\/2026\/02\/Structure-oreille-300x211.png 300w, http:\/\/thibault-svt.fr\/wp-content\/uploads\/2026\/02\/Structure-oreille-1024x722.png 1024w, http:\/\/thibault-svt.fr\/wp-content\/uploads\/2026\/02\/Structure-oreille-768x541.png 768w, http:\/\/thibault-svt.fr\/wp-content\/uploads\/2026\/02\/Structure-oreille-900x634.png 900w\" sizes=\"auto, (max-width: 786px) 100vw, 786px\" \/><\/p>\n<p>&nbsp;<\/p>\n<p style=\"text-align: center;\"><span style=\"color: #bf1177;\"><strong><u>III-\u00a0 Traitement c\u00e9r\u00e9bral du son.<\/u><\/strong><\/span><\/p>\n<p class=\"titre-TP\" style=\"text-align: center;\"><span style=\"color: #000000;\"><a style=\"color: #000000;\" href=\"http:\/\/thibault-svt.fr\/wp-content\/uploads\/2026\/02\/TP-IRM-Musique.pdf\" target=\"_blank\" rel=\"noopener\">Activit\u00e9 &#8211; Traitement c\u00e9r\u00e9bral du son<\/a> + <a style=\"color: #000000;\" href=\"http:\/\/thibault-svt.fr\/index.php\/premieres\/enseignement-obligatoire\/chapitre-5-fonctionnement-de-loreille\/1es-correction-tp-traitement-du-son\/\" target=\"_blank\" rel=\"noopener\">Correction<\/a><\/span><\/p>\n<p>Lorsque le message nerveux \u00e9lectrique arrive au cerveau, il active des zones particuli\u00e8res. Cela peut \u00eatre observ\u00e9 par la technique de l<strong>\u2019IRM fonctionnelle.<\/strong><img loading=\"lazy\" decoding=\"async\" class=\"wp-image-3812 alignright\" src=\"http:\/\/thibault-svt.fr\/wp-content\/uploads\/2026\/02\/IRM.png\" alt=\"\" width=\"714\" height=\"517\" srcset=\"http:\/\/thibault-svt.fr\/wp-content\/uploads\/2026\/02\/IRM.png 1103w, http:\/\/thibault-svt.fr\/wp-content\/uploads\/2026\/02\/IRM-300x217.png 300w, http:\/\/thibault-svt.fr\/wp-content\/uploads\/2026\/02\/IRM-1024x742.png 1024w, http:\/\/thibault-svt.fr\/wp-content\/uploads\/2026\/02\/IRM-768x556.png 768w, http:\/\/thibault-svt.fr\/wp-content\/uploads\/2026\/02\/IRM-900x652.png 900w\" sizes=\"auto, (max-width: 714px) 100vw, 714px\" \/>Cette technique consiste \u00e0 visualiser le niveau d\u2019activit\u00e9 de zones du cerveau lors de la r\u00e9alisation d\u2019une fonction. On compare ensuite ces images \u00e0 des IRM t\u00e9moins d\u2019une personne ne r\u00e9alisant pas la fonction. Les zones qui sont plus actives chez le patient test\u00e9 que chez le t\u00e9moin sont celles utilis\u00e9es pour r\u00e9aliser la fonction.<\/p>\n<p>&nbsp;<\/p>\n<p>&nbsp;<\/p>\n<p>&nbsp;<\/p>\n<p>Cela a permis de constater que le message nerveux auditif est trait\u00e9 par diff\u00e9rentes zones du cerveau\u00a0:<\/p>\n<ul>\n<li>Les sons simples activent le <strong>cortex auditif du lobe temporal<\/strong><\/li>\n<li>Les mots ayant un sens, donc appartenant au langage activent \u00e9galement les <strong>aires de Wernicke et Broca<\/strong><\/li>\n<\/ul>\n<p><img loading=\"lazy\" decoding=\"async\" class=\"aligncenter wp-image-3811\" src=\"http:\/\/thibault-svt.fr\/wp-content\/uploads\/2026\/02\/cerveau.png\" alt=\"\" width=\"603\" height=\"387\" srcset=\"http:\/\/thibault-svt.fr\/wp-content\/uploads\/2026\/02\/cerveau.png 1231w, http:\/\/thibault-svt.fr\/wp-content\/uploads\/2026\/02\/cerveau-300x192.png 300w, http:\/\/thibault-svt.fr\/wp-content\/uploads\/2026\/02\/cerveau-1024x656.png 1024w, http:\/\/thibault-svt.fr\/wp-content\/uploads\/2026\/02\/cerveau-768x492.png 768w, http:\/\/thibault-svt.fr\/wp-content\/uploads\/2026\/02\/cerveau-900x577.png 900w\" sizes=\"auto, (max-width: 603px) 100vw, 603px\" \/><\/p>\n<p>Plus la fonction est complexe (comparaison des sons entendus avec la m\u00e9moire, \u00e9motion ressentie \u00e0 l\u2019\u00e9coute du sons, analyse musicale \u2026.) plus les zones du cerveau activ\u00e9es seront nombreuses.<\/p>\n<p>&nbsp;<\/p>\n<p style=\"text-align: center;\"><span style=\"color: #bf1177;\"><strong><u>IV- Encodage du<\/u><\/strong><u> <strong>message nerveux.<\/strong><\/u><\/span><\/p>\n<p>Le signal sonore est d\u2019abord une onde m\u00e9canique (caract\u00e9ris\u00e9e par son amplitude et sa fr\u00e9quence), qui est transform\u00e9e en message nerveux \u00e9lectrique par les cellules cili\u00e9es\u00a0: <strong><span style=\"color: #34c234;\"><u>comment les caract\u00e9ristiques du son sont elles conserv\u00e9es\u00a0lors de la formation du message nerveux \u00e9lectrique ?<\/u><\/span><\/strong><\/p>\n<p>Le message nerveux est un <strong>signal \u00e9lectrique<\/strong> form\u00e9s de plusieurs impulsions appel\u00e9es les <strong>potentiels d\u2019action<\/strong>.<\/p>\n<p><img loading=\"lazy\" decoding=\"async\" class=\"wp-image-3815 alignnone\" src=\"http:\/\/thibault-svt.fr\/wp-content\/uploads\/2026\/02\/PA-message-nerveux.png\" alt=\"\" width=\"776\" height=\"400\" srcset=\"http:\/\/thibault-svt.fr\/wp-content\/uploads\/2026\/02\/PA-message-nerveux.png 4375w, http:\/\/thibault-svt.fr\/wp-content\/uploads\/2026\/02\/PA-message-nerveux-300x155.png 300w, http:\/\/thibault-svt.fr\/wp-content\/uploads\/2026\/02\/PA-message-nerveux-1024x528.png 1024w, http:\/\/thibault-svt.fr\/wp-content\/uploads\/2026\/02\/PA-message-nerveux-768x396.png 768w, http:\/\/thibault-svt.fr\/wp-content\/uploads\/2026\/02\/PA-message-nerveux-1536x792.png 1536w, http:\/\/thibault-svt.fr\/wp-content\/uploads\/2026\/02\/PA-message-nerveux-2048x1056.png 2048w, http:\/\/thibault-svt.fr\/wp-content\/uploads\/2026\/02\/PA-message-nerveux-900x464.png 900w, http:\/\/thibault-svt.fr\/wp-content\/uploads\/2026\/02\/PA-message-nerveux-1280x660.png 1280w\" sizes=\"auto, (max-width: 776px) 100vw, 776px\" \/><br \/>\nLorsque les cils d\u2019une cellule cili\u00e9e sont courb\u00e9s sous l\u2019effet d\u2019une onde sonore, les neurones associ\u00e9s aux cellules cili\u00e9es cr\u00e9ent des potentiels d\u2019actions qui constituent le message nerveux.<\/p>\n<p><img loading=\"lazy\" decoding=\"async\" class=\"aligncenter wp-image-3814\" src=\"http:\/\/thibault-svt.fr\/wp-content\/uploads\/2026\/02\/cellule-ciliee.png\" alt=\"\" width=\"984\" height=\"420\" srcset=\"http:\/\/thibault-svt.fr\/wp-content\/uploads\/2026\/02\/cellule-ciliee.png 1553w, http:\/\/thibault-svt.fr\/wp-content\/uploads\/2026\/02\/cellule-ciliee-300x128.png 300w, http:\/\/thibault-svt.fr\/wp-content\/uploads\/2026\/02\/cellule-ciliee-1024x437.png 1024w, http:\/\/thibault-svt.fr\/wp-content\/uploads\/2026\/02\/cellule-ciliee-768x328.png 768w, http:\/\/thibault-svt.fr\/wp-content\/uploads\/2026\/02\/cellule-ciliee-1536x656.png 1536w, http:\/\/thibault-svt.fr\/wp-content\/uploads\/2026\/02\/cellule-ciliee-900x384.png 900w, http:\/\/thibault-svt.fr\/wp-content\/uploads\/2026\/02\/cellule-ciliee-1280x546.png 1280w\" sizes=\"auto, (max-width: 984px) 100vw, 984px\" \/><\/p>\n<p>&nbsp;<\/p>\n<ul>\n<li><span style=\"color: #3366ff;\"><strong><u>Codage de l\u2019intensit\u00e9 du son <\/u><\/strong><\/span><\/li>\n<\/ul>\n<p>Plus le son entendu est fort, plus les cils sont courb\u00e9s et plus la cellule cr\u00e9e des potentiels d\u2019action rapidement :<strong> l&rsquo;intensit\u00e9 d&rsquo;un son est donc cod\u00e9e en fr\u00e9quence de potentiels d&rsquo;action<\/strong>. Plus le son est intense, plus la fr\u00e9quence des potentiels d\u2019action dans le message nerveux sera grande.<br \/>\nA l\u2019inverse, un son de faible intensit\u00e9 entrainera un message nerveux avec une faible fr\u00e9quence de potentiel d\u2019action.<\/p>\n<p>Ainsi l\u2019intensit\u00e9 du son est cod\u00e9e en fr\u00e9quence de potentiels d\u2019action.<\/p>\n<p><img loading=\"lazy\" decoding=\"async\" class=\"aligncenter wp-image-3813\" src=\"http:\/\/thibault-svt.fr\/wp-content\/uploads\/2026\/02\/Codage-intensite-cils.png\" alt=\"\" width=\"585\" height=\"554\" srcset=\"http:\/\/thibault-svt.fr\/wp-content\/uploads\/2026\/02\/Codage-intensite-cils.png 2346w, http:\/\/thibault-svt.fr\/wp-content\/uploads\/2026\/02\/Codage-intensite-cils-300x284.png 300w, http:\/\/thibault-svt.fr\/wp-content\/uploads\/2026\/02\/Codage-intensite-cils-1024x969.png 1024w, http:\/\/thibault-svt.fr\/wp-content\/uploads\/2026\/02\/Codage-intensite-cils-768x727.png 768w, http:\/\/thibault-svt.fr\/wp-content\/uploads\/2026\/02\/Codage-intensite-cils-1536x1454.png 1536w, http:\/\/thibault-svt.fr\/wp-content\/uploads\/2026\/02\/Codage-intensite-cils-2048x1939.png 2048w, http:\/\/thibault-svt.fr\/wp-content\/uploads\/2026\/02\/Codage-intensite-cils-900x852.png 900w, http:\/\/thibault-svt.fr\/wp-content\/uploads\/2026\/02\/Codage-intensite-cils-1280x1212.png 1280w\" sizes=\"auto, (max-width: 585px) 100vw, 585px\" \/><\/p>\n<p>&nbsp;<\/p>\n<ul>\n<li><span style=\"color: #3366ff;\"><strong><u>Codage de la dur\u00e9e du son<\/u><\/strong><\/span><\/li>\n<\/ul>\n<p>La dur\u00e9e du son est cod\u00e9e en dur\u00e9e du message nerveux : <strong>plus le son est long, plus le message nerveux est long<\/strong>, mais la dur\u00e9e d\u2019un potentiel d\u2019action ne varie pas.<\/p>\n<p>&nbsp;<\/p>\n<ul>\n<li><span style=\"color: #3366ff;\"><strong><u>Codage de la fr\u00e9quence du son <\/u><\/strong><\/span><\/li>\n<\/ul>\n<p>Les sons de haute fr\u00e9quence activent les cellules cili\u00e9es de la base de la cochl\u00e9e alors que les sons de basse fr\u00e9quence activent les cellules cili\u00e9es du centre (apex) de la cochl\u00e9e.<br \/>\nOr, selon leur localisation dans la cochl\u00e9e, les cellules cili\u00e9es ne transmettent pas leur message nerveux au m\u00eame endroit du cerveau\u00a0: on parle de tonotopie.<br \/>\nAinsi, le cerveau re\u00e7oit des messages nerveux \u00e0 des endroits diff\u00e9rents selon la fr\u00e9quence du son, et cela lui permet de distinguer les sons de fr\u00e9quence diff\u00e9rentes.<\/p>\n","protected":false},"excerpt":{"rendered":"<p>THEME 4 \u2013 Le son Un son est une onde sinuso\u00efdale propag\u00e9e dans l\u2019air, caract\u00e9ris\u00e9e par\u00a0: Une hauteur (son aigu ou son grave) qui d\u00e9pend de la fr\u00e9quence de l\u2019onde : plus la fr\u00e9quence est \u00e9lev\u00e9e, plus le son est aigu Une intensit\u00e9 (son fort ou son faible) qui d\u00e9pend de l\u2019amplitude de l\u2019onde sonore. [&hellip;]<\/p>\n","protected":false},"author":1,"featured_media":0,"parent":1237,"menu_order":4,"comment_status":"closed","ping_status":"closed","template":"full-width-page-template.php","meta":{"footnotes":""},"class_list":["post-1682","page","type-page","status-publish","hentry"],"yoast_head":"<!-- This site is optimized with the Yoast SEO plugin v24.4 - https:\/\/yoast.com\/wordpress\/plugins\/seo\/ -->\n<title>Chapitre 5 - Fonctionnement de l&#039;oreille - SVT<\/title>\n<meta name=\"robots\" content=\"index, follow, max-snippet:-1, max-image-preview:large, max-video-preview:-1\" \/>\n<link rel=\"canonical\" href=\"http:\/\/thibault-svt.fr\/index.php\/premieres\/enseignement-obligatoire\/chapitre-5-fonctionnement-de-loreille\/\" \/>\n<meta property=\"og:locale\" content=\"fr_FR\" \/>\n<meta property=\"og:type\" content=\"article\" \/>\n<meta property=\"og:title\" content=\"Chapitre 5 - Fonctionnement de l&#039;oreille - SVT\" \/>\n<meta property=\"og:description\" content=\"THEME 4 \u2013 Le son Un son est une onde sinuso\u00efdale propag\u00e9e dans l\u2019air, caract\u00e9ris\u00e9e par\u00a0: Une hauteur (son aigu ou son grave) qui d\u00e9pend de la fr\u00e9quence de l\u2019onde : plus la fr\u00e9quence est \u00e9lev\u00e9e, plus le son est aigu Une intensit\u00e9 (son fort ou son faible) qui d\u00e9pend de l\u2019amplitude de l\u2019onde sonore. [&hellip;]\" \/>\n<meta property=\"og:url\" content=\"http:\/\/thibault-svt.fr\/index.php\/premieres\/enseignement-obligatoire\/chapitre-5-fonctionnement-de-loreille\/\" \/>\n<meta property=\"og:site_name\" content=\"SVT\" \/>\n<meta property=\"article:modified_time\" content=\"2026-02-27T16:40:01+00:00\" \/>\n<meta property=\"og:image\" content=\"http:\/\/thibault-svt.fr\/wp-content\/uploads\/2026\/02\/Onde-sonore.png\" \/>\n\t<meta property=\"og:image:width\" content=\"922\" \/>\n\t<meta property=\"og:image:height\" content=\"616\" \/>\n\t<meta property=\"og:image:type\" content=\"image\/png\" \/>\n<meta name=\"twitter:card\" content=\"summary_large_image\" \/>\n<meta name=\"twitter:label1\" content=\"Dur\u00e9e de lecture estim\u00e9e\" \/>\n\t<meta name=\"twitter:data1\" content=\"6 minutes\" \/>\n<script type=\"application\/ld+json\" class=\"yoast-schema-graph\">{\"@context\":\"https:\/\/schema.org\",\"@graph\":[{\"@type\":\"WebPage\",\"@id\":\"http:\/\/thibault-svt.fr\/index.php\/premieres\/enseignement-obligatoire\/chapitre-5-fonctionnement-de-loreille\/\",\"url\":\"http:\/\/thibault-svt.fr\/index.php\/premieres\/enseignement-obligatoire\/chapitre-5-fonctionnement-de-loreille\/\",\"name\":\"Chapitre 5 - Fonctionnement de l'oreille - SVT\",\"isPartOf\":{\"@id\":\"http:\/\/thibault-svt.fr\/#website\"},\"primaryImageOfPage\":{\"@id\":\"http:\/\/thibault-svt.fr\/index.php\/premieres\/enseignement-obligatoire\/chapitre-5-fonctionnement-de-loreille\/#primaryimage\"},\"image\":{\"@id\":\"http:\/\/thibault-svt.fr\/index.php\/premieres\/enseignement-obligatoire\/chapitre-5-fonctionnement-de-loreille\/#primaryimage\"},\"thumbnailUrl\":\"http:\/\/thibault-svt.fr\/wp-content\/uploads\/2026\/02\/Onde-sonore.png\",\"datePublished\":\"2021-07-28T09:28:46+00:00\",\"dateModified\":\"2026-02-27T16:40:01+00:00\",\"breadcrumb\":{\"@id\":\"http:\/\/thibault-svt.fr\/index.php\/premieres\/enseignement-obligatoire\/chapitre-5-fonctionnement-de-loreille\/#breadcrumb\"},\"inLanguage\":\"fr-FR\",\"potentialAction\":[{\"@type\":\"ReadAction\",\"target\":[\"http:\/\/thibault-svt.fr\/index.php\/premieres\/enseignement-obligatoire\/chapitre-5-fonctionnement-de-loreille\/\"]}]},{\"@type\":\"ImageObject\",\"inLanguage\":\"fr-FR\",\"@id\":\"http:\/\/thibault-svt.fr\/index.php\/premieres\/enseignement-obligatoire\/chapitre-5-fonctionnement-de-loreille\/#primaryimage\",\"url\":\"http:\/\/thibault-svt.fr\/wp-content\/uploads\/2026\/02\/Onde-sonore.png\",\"contentUrl\":\"http:\/\/thibault-svt.fr\/wp-content\/uploads\/2026\/02\/Onde-sonore.png\",\"width\":922,\"height\":616},{\"@type\":\"BreadcrumbList\",\"@id\":\"http:\/\/thibault-svt.fr\/index.php\/premieres\/enseignement-obligatoire\/chapitre-5-fonctionnement-de-loreille\/#breadcrumb\",\"itemListElement\":[{\"@type\":\"ListItem\",\"position\":1,\"name\":\"Accueil\",\"item\":\"http:\/\/thibault-svt.fr\/\"},{\"@type\":\"ListItem\",\"position\":2,\"name\":\"Premi\u00e8res\",\"item\":\"http:\/\/thibault-svt.fr\/index.php\/premieres\/\"},{\"@type\":\"ListItem\",\"position\":3,\"name\":\"Enseignement scientifique\",\"item\":\"http:\/\/thibault-svt.fr\/index.php\/premieres\/enseignement-obligatoire\/\"},{\"@type\":\"ListItem\",\"position\":4,\"name\":\"Chapitre 5 &#8211; Fonctionnement de l&rsquo;oreille\"}]},{\"@type\":\"WebSite\",\"@id\":\"http:\/\/thibault-svt.fr\/#website\",\"url\":\"http:\/\/thibault-svt.fr\/\",\"name\":\"SVT\",\"description\":\"Cours de SVT de Mme Thibault - Professeure au Lyc\u00e9e Maurice Genevoix\",\"potentialAction\":[{\"@type\":\"SearchAction\",\"target\":{\"@type\":\"EntryPoint\",\"urlTemplate\":\"http:\/\/thibault-svt.fr\/?s={search_term_string}\"},\"query-input\":{\"@type\":\"PropertyValueSpecification\",\"valueRequired\":true,\"valueName\":\"search_term_string\"}}],\"inLanguage\":\"fr-FR\"}]}<\/script>\n<!-- \/ Yoast SEO plugin. -->","yoast_head_json":{"title":"Chapitre 5 - Fonctionnement de l'oreille - SVT","robots":{"index":"index","follow":"follow","max-snippet":"max-snippet:-1","max-image-preview":"max-image-preview:large","max-video-preview":"max-video-preview:-1"},"canonical":"http:\/\/thibault-svt.fr\/index.php\/premieres\/enseignement-obligatoire\/chapitre-5-fonctionnement-de-loreille\/","og_locale":"fr_FR","og_type":"article","og_title":"Chapitre 5 - Fonctionnement de l'oreille - SVT","og_description":"THEME 4 \u2013 Le son Un son est une onde sinuso\u00efdale propag\u00e9e dans l\u2019air, caract\u00e9ris\u00e9e par\u00a0: Une hauteur (son aigu ou son grave) qui d\u00e9pend de la fr\u00e9quence de l\u2019onde : plus la fr\u00e9quence est \u00e9lev\u00e9e, plus le son est aigu Une intensit\u00e9 (son fort ou son faible) qui d\u00e9pend de l\u2019amplitude de l\u2019onde sonore. [&hellip;]","og_url":"http:\/\/thibault-svt.fr\/index.php\/premieres\/enseignement-obligatoire\/chapitre-5-fonctionnement-de-loreille\/","og_site_name":"SVT","article_modified_time":"2026-02-27T16:40:01+00:00","og_image":[{"width":922,"height":616,"url":"http:\/\/thibault-svt.fr\/wp-content\/uploads\/2026\/02\/Onde-sonore.png","type":"image\/png"}],"twitter_card":"summary_large_image","twitter_misc":{"Dur\u00e9e de lecture estim\u00e9e":"6 minutes"},"schema":{"@context":"https:\/\/schema.org","@graph":[{"@type":"WebPage","@id":"http:\/\/thibault-svt.fr\/index.php\/premieres\/enseignement-obligatoire\/chapitre-5-fonctionnement-de-loreille\/","url":"http:\/\/thibault-svt.fr\/index.php\/premieres\/enseignement-obligatoire\/chapitre-5-fonctionnement-de-loreille\/","name":"Chapitre 5 - Fonctionnement de l'oreille - SVT","isPartOf":{"@id":"http:\/\/thibault-svt.fr\/#website"},"primaryImageOfPage":{"@id":"http:\/\/thibault-svt.fr\/index.php\/premieres\/enseignement-obligatoire\/chapitre-5-fonctionnement-de-loreille\/#primaryimage"},"image":{"@id":"http:\/\/thibault-svt.fr\/index.php\/premieres\/enseignement-obligatoire\/chapitre-5-fonctionnement-de-loreille\/#primaryimage"},"thumbnailUrl":"http:\/\/thibault-svt.fr\/wp-content\/uploads\/2026\/02\/Onde-sonore.png","datePublished":"2021-07-28T09:28:46+00:00","dateModified":"2026-02-27T16:40:01+00:00","breadcrumb":{"@id":"http:\/\/thibault-svt.fr\/index.php\/premieres\/enseignement-obligatoire\/chapitre-5-fonctionnement-de-loreille\/#breadcrumb"},"inLanguage":"fr-FR","potentialAction":[{"@type":"ReadAction","target":["http:\/\/thibault-svt.fr\/index.php\/premieres\/enseignement-obligatoire\/chapitre-5-fonctionnement-de-loreille\/"]}]},{"@type":"ImageObject","inLanguage":"fr-FR","@id":"http:\/\/thibault-svt.fr\/index.php\/premieres\/enseignement-obligatoire\/chapitre-5-fonctionnement-de-loreille\/#primaryimage","url":"http:\/\/thibault-svt.fr\/wp-content\/uploads\/2026\/02\/Onde-sonore.png","contentUrl":"http:\/\/thibault-svt.fr\/wp-content\/uploads\/2026\/02\/Onde-sonore.png","width":922,"height":616},{"@type":"BreadcrumbList","@id":"http:\/\/thibault-svt.fr\/index.php\/premieres\/enseignement-obligatoire\/chapitre-5-fonctionnement-de-loreille\/#breadcrumb","itemListElement":[{"@type":"ListItem","position":1,"name":"Accueil","item":"http:\/\/thibault-svt.fr\/"},{"@type":"ListItem","position":2,"name":"Premi\u00e8res","item":"http:\/\/thibault-svt.fr\/index.php\/premieres\/"},{"@type":"ListItem","position":3,"name":"Enseignement scientifique","item":"http:\/\/thibault-svt.fr\/index.php\/premieres\/enseignement-obligatoire\/"},{"@type":"ListItem","position":4,"name":"Chapitre 5 &#8211; Fonctionnement de l&rsquo;oreille"}]},{"@type":"WebSite","@id":"http:\/\/thibault-svt.fr\/#website","url":"http:\/\/thibault-svt.fr\/","name":"SVT","description":"Cours de SVT de Mme Thibault - Professeure au Lyc\u00e9e Maurice Genevoix","potentialAction":[{"@type":"SearchAction","target":{"@type":"EntryPoint","urlTemplate":"http:\/\/thibault-svt.fr\/?s={search_term_string}"},"query-input":{"@type":"PropertyValueSpecification","valueRequired":true,"valueName":"search_term_string"}}],"inLanguage":"fr-FR"}]}},"_links":{"self":[{"href":"http:\/\/thibault-svt.fr\/index.php\/wp-json\/wp\/v2\/pages\/1682","targetHints":{"allow":["GET"]}}],"collection":[{"href":"http:\/\/thibault-svt.fr\/index.php\/wp-json\/wp\/v2\/pages"}],"about":[{"href":"http:\/\/thibault-svt.fr\/index.php\/wp-json\/wp\/v2\/types\/page"}],"author":[{"embeddable":true,"href":"http:\/\/thibault-svt.fr\/index.php\/wp-json\/wp\/v2\/users\/1"}],"replies":[{"embeddable":true,"href":"http:\/\/thibault-svt.fr\/index.php\/wp-json\/wp\/v2\/comments?post=1682"}],"version-history":[{"count":12,"href":"http:\/\/thibault-svt.fr\/index.php\/wp-json\/wp\/v2\/pages\/1682\/revisions"}],"predecessor-version":[{"id":3830,"href":"http:\/\/thibault-svt.fr\/index.php\/wp-json\/wp\/v2\/pages\/1682\/revisions\/3830"}],"up":[{"embeddable":true,"href":"http:\/\/thibault-svt.fr\/index.php\/wp-json\/wp\/v2\/pages\/1237"}],"wp:attachment":[{"href":"http:\/\/thibault-svt.fr\/index.php\/wp-json\/wp\/v2\/media?parent=1682"}],"curies":[{"name":"wp","href":"https:\/\/api.w.org\/{rel}","templated":true}]}}