{"id":1662,"date":"2021-07-28T11:00:06","date_gmt":"2021-07-28T09:00:06","guid":{"rendered":"http:\/\/thibault-svt.fr\/?page_id=1662"},"modified":"2021-07-28T13:05:51","modified_gmt":"2021-07-28T11:05:51","slug":"chapitre-1-lerosion-modifie-les-paysages","status":"publish","type":"page","link":"http:\/\/thibault-svt.fr\/index.php\/secondes\/cours-de-svt-2nde\/chapitre-1-lerosion-modifie-les-paysages\/","title":{"rendered":"CHAPITRE 1 \u2013 L&rsquo;\u00e9rosion modifie les paysages"},"content":{"rendered":"<div class=\"titre-chapitre\">\n<h3 style=\"text-align: center;\"><span style=\"font-size: 16px;\">I- Comparaison de cha\u00eenes de montagnes anciennes et r\u00e9centes<\/span><\/h3>\n<\/div>\n<p class=\"titre-TP\"><span style=\"color: #000000;\"><a style=\"color: #000000;\" href=\"http:\/\/thibault-svt.fr\/wp-content\/uploads\/2018\/08\/TP-5-Partie-1-Disparition-des-reliefs-2018.pdf\" target=\"_blank\" rel=\"noopener\">TP5 &#8211; Partie 1 : Comparaison des Pyr\u00e9n\u00e9es et du massif central.<\/a><\/span><\/p>\n<p><img loading=\"lazy\" decoding=\"async\" class=\"wp-image-1017 aligncenter\" style=\"margin-bottom: 0px;\" src=\"http:\/\/thibault-svt.fr\/wp-content\/uploads\/2018\/08\/Comparaison-pyr\u00e9n\u00e9es-Massif-central.png\" alt=\"Comparaison relief pyr\u00e9n\u00e9es Massif central\" width=\"1090\" height=\"723\" \/>Les chaines de montagnes anciennes (ex : le massif central) ont un relief moins \u00e9lev\u00e9 que les cha\u00eenes r\u00e9centes.<br \/>\nLeur racine crustale est \u00e9galement moins importante que celle des chaines r\u00e9centes (Ceci s&rsquo;explique par le r\u00e9ajustement isostatique qui se produit apr\u00e8s la disparition des roches en surface)<\/p>\n<p>On y trouve, \u00e0 l\u2019affleurement, des roches telles que les <strong>granites et les granodiorites<\/strong>, qui sont des roches form\u00e9es en profondeur (dans des plutons), ce indique une <strong>disparition des roches superficielles<\/strong> qui formaient les chaines montagnes et qui \u00e9taient d\u00e9pos\u00e9es sur les granites.<\/p>\n<p><img loading=\"lazy\" decoding=\"async\" class=\"wp-image-1019 aligncenter\" src=\"http:\/\/thibault-svt.fr\/wp-content\/uploads\/2018\/08\/Erosion.png\" alt=\"Erosion des reliefs\" width=\"553\" height=\"198\" \/><\/p>\n<p class=\"titre-probleme\" style=\"text-align: center;\">Comment ces roches ont-elles disparu ?<\/p>\n<p class=\"titre-partie\">II- Les processus permettant la disparition des roches des chaines de montagnes<\/p>\n<p class=\"titre-TP\"><span style=\"color: #000000;\"><a style=\"color: #000000;\" href=\"http:\/\/thibault-svt.fr\/wp-content\/uploads\/2018\/08\/TP-5-Partie-1-Disparition-des-reliefs-2018.pdf\" target=\"_blank\" rel=\"noopener\">TP5 &#8211; Partie 2 : Processus de disparition des reliefs<\/a><\/span><\/p>\n<p style=\"text-align: center;\"><span style=\"text-decoration: underline;\"><strong style=\"margin-bottom: 0px; color: #ff00ff; text-decoration: underline;\">A- L&rsquo;alt\u00e9ration chimique<\/strong><\/span><\/p>\n<p>Le premier processus permettant la disparition des reliefs est <strong><u>l\u2019alt\u00e9ration chimique<\/u> <\/strong>: C&rsquo;est un ensemble de r\u00e9actions chimiques caus\u00e9es par l\u2019eau (= r\u00e9action d\u2019hydrolyse) , qui transforment les min\u00e9raux des roches.<br \/>\nPar exemple, les feldspaths et les micas d\u2019un granite r\u00e9agissent avec l\u2019eau pour former :<br \/>\n&#8211; <strong>de nouveaux min\u00e9raux : les argiles<\/strong>, qui sont moins li\u00e9s entre eux que les min\u00e9raux d&rsquo;un granite : La roche form\u00e9e est donc plus friable.<br \/>\n&#8211; <strong>une solution de lessivage<\/strong> (eau contenant des ions dissous) qui va ruisseler et donc d\u00e9placer les ions dissous.<br \/>\n<img loading=\"lazy\" decoding=\"async\" class=\"alignnone size-full wp-image-1028\" src=\"http:\/\/thibault-svt.fr\/wp-content\/uploads\/2018\/08\/r\u00e9actions-dhydrolyse.png\" alt=\"r\u00e9actions d'hydrolyse\" width=\"1066\" height=\"351\" srcset=\"http:\/\/thibault-svt.fr\/wp-content\/uploads\/2018\/08\/r\u00e9actions-dhydrolyse.png 1066w, http:\/\/thibault-svt.fr\/wp-content\/uploads\/2018\/08\/r\u00e9actions-dhydrolyse-300x99.png 300w, http:\/\/thibault-svt.fr\/wp-content\/uploads\/2018\/08\/r\u00e9actions-dhydrolyse-768x253.png 768w, http:\/\/thibault-svt.fr\/wp-content\/uploads\/2018\/08\/r\u00e9actions-dhydrolyse-1024x337.png 1024w, http:\/\/thibault-svt.fr\/wp-content\/uploads\/2018\/08\/r\u00e9actions-dhydrolyse-900x296.png 900w\" sizes=\"auto, (max-width: 1066px) 100vw, 1066px\" \/><br \/>\nLes min\u00e9raux ne r\u00e9agissent pas de la m\u00eame fa\u00e7on \u00e0 l\u2019alt\u00e9ration. Par exemple, les roches calcaires sont tr\u00e8s sensibles \u00e0 l\u2019acidit\u00e9, le quartz est quasiment inalt\u00e9rable &#8230;<\/p>\n<p style=\"text-align: center;\"><span style=\"text-decoration: underline; color: #ff00ff;\"><strong>B- L&rsquo;\u00e9rosion m\u00e9canique<\/strong><\/span><\/p>\n<p>Le second processus permettant la disparition des reliefs est <u><strong>l\u2019\u00e9rosion m\u00e9canique<\/strong><\/u> : C&rsquo;est un ensemble de processus physiques qui cassent la roche et la d\u00e9mant\u00e8lent.<br \/>\nElle peut \u00eatre caus\u00e9e par l\u2019eau, le gel , les variations de temp\u00e9rature , le vent, les v\u00e9g\u00e9taux, les s\u00e9ismes, l\u2019Homme \u2026.<br \/>\nElle forme des particules de diff\u00e9rentes tailles appel\u00e9es <strong><u>s\u00e9diments<\/u>.<\/strong> Le nom des s\u00e9diments d\u00e9pends de leur taille : Graviers; sables; argiles<\/p>\n<p>Toutes les roches n&rsquo;ont pas la m\u00eame sensibilit\u00e9 \u00e0 l&rsquo;\u00e9rosion : une roche friable (car ayant subit de l&rsquo;alt\u00e9ration par exemple) sera plus facilement \u00e9rodable.<\/p>\n<p class=\"titre-partie\">III- Le transport des produits de l\u2019\u00e9rosion.<\/p>\n<p>Les produits de l\u2019\u00e9rosion <strong>(s\u00e9diments)<\/strong> et de l\u2019alt\u00e9ration<strong> (solution de lessivage)<\/strong> sont<strong> transport\u00e9s par l\u2019eau des fleuves.<\/strong><br \/>\nLes s\u00e9diments se d\u00e9posent ensuite, et sont compact\u00e9s formant des <strong>roches s\u00e9dimentaires<\/strong> telles que le gr\u00e8s ou les calcaires.  Le processus de compaction s\u2019appelle la <strong><u>diagen\u00e8se. <\/u><\/strong><\/p>\n<p>Le transport ou le d\u00e9p\u00f4t d\u2019un s\u00e9diment par un courant d\u00e9pend de la force du courant et de la taille du s\u00e9diment.<\/p>\n<p><img loading=\"lazy\" decoding=\"async\" class=\"alignnone size-full wp-image-1029 aligncenter\" src=\"http:\/\/thibault-svt.fr\/wp-content\/uploads\/2018\/08\/Hulstrom.png\" alt=\"Diagramme de Hulstrom\" width=\"1448\" height=\"787\" srcset=\"http:\/\/thibault-svt.fr\/wp-content\/uploads\/2018\/08\/Hulstrom.png 1448w, http:\/\/thibault-svt.fr\/wp-content\/uploads\/2018\/08\/Hulstrom-300x163.png 300w, http:\/\/thibault-svt.fr\/wp-content\/uploads\/2018\/08\/Hulstrom-768x417.png 768w, http:\/\/thibault-svt.fr\/wp-content\/uploads\/2018\/08\/Hulstrom-1024x557.png 1024w, http:\/\/thibault-svt.fr\/wp-content\/uploads\/2018\/08\/Hulstrom-900x489.png 900w, http:\/\/thibault-svt.fr\/wp-content\/uploads\/2018\/08\/Hulstrom-1280x696.png 1280w\" sizes=\"auto, (max-width: 1448px) 100vw, 1448px\" \/><br \/>\nAinsi, au niveau des chaines de montagnes les torrents, qui ont un fort d\u00e9bit ne permettent le d\u00e9p\u00f4t que des gros s\u00e9diments : on forme alors des conglom\u00e9rats.<br \/>\nEn revanche, au niveau des estuaires, o\u00f9 le courant est plus calme, on peut d\u00e9poser des sables et des argiles, formant ainsi des gr\u00e8s ou des argilites<\/p>\n<p>Les ions contenus dans la solution de lessivage peuvent \u00e9galement former de nouvelles roches appel\u00e9es les<strong> roches \u00e9vaporitiques<\/strong> : Pour cela, il faut que la solution de lessivage contenant les ions s&rsquo;\u00e9vapore, les ions vont alors pr\u00e9cipiter, formant une nouvelle roche. C&rsquo;est par exemple le cas du sel gemme (ions Na+ et Cl- pr\u00e9cipitant en cristaux de NaCl)<\/p>\n","protected":false},"excerpt":{"rendered":"<p>I- Comparaison de cha\u00eenes de montagnes anciennes et r\u00e9centes TP5 &#8211; Partie 1 : Comparaison des Pyr\u00e9n\u00e9es et du massif central. Les chaines de montagnes anciennes (ex : le massif central) ont un relief moins \u00e9lev\u00e9 que les cha\u00eenes r\u00e9centes. Leur racine crustale est \u00e9galement moins importante que celle des chaines r\u00e9centes (Ceci s&rsquo;explique par [&hellip;]<\/p>\n","protected":false},"author":1,"featured_media":0,"parent":1633,"menu_order":11,"comment_status":"closed","ping_status":"closed","template":"full-width-page-template.php","meta":{"footnotes":""},"class_list":["post-1662","page","type-page","status-publish","hentry"],"yoast_head":"<!-- This site is optimized with the Yoast SEO plugin v24.4 - https:\/\/yoast.com\/wordpress\/plugins\/seo\/ -->\n<title>CHAPITRE 1 \u2013 L&#039;\u00e9rosion modifie les paysages - SVT<\/title>\n<meta name=\"robots\" content=\"index, follow, max-snippet:-1, max-image-preview:large, max-video-preview:-1\" \/>\n<link rel=\"canonical\" href=\"http:\/\/thibault-svt.fr\/index.php\/secondes\/cours-de-svt-2nde\/chapitre-1-lerosion-modifie-les-paysages\/\" \/>\n<meta property=\"og:locale\" content=\"fr_FR\" \/>\n<meta property=\"og:type\" content=\"article\" \/>\n<meta property=\"og:title\" content=\"CHAPITRE 1 \u2013 L&#039;\u00e9rosion modifie les paysages - SVT\" \/>\n<meta property=\"og:description\" content=\"I- Comparaison de cha\u00eenes de montagnes anciennes et r\u00e9centes TP5 &#8211; Partie 1 : Comparaison des Pyr\u00e9n\u00e9es et du massif central. Les chaines de montagnes anciennes (ex : le massif central) ont un relief moins \u00e9lev\u00e9 que les cha\u00eenes r\u00e9centes. Leur racine crustale est \u00e9galement moins importante que celle des chaines r\u00e9centes (Ceci s&rsquo;explique par [&hellip;]\" \/>\n<meta property=\"og:url\" content=\"http:\/\/thibault-svt.fr\/index.php\/secondes\/cours-de-svt-2nde\/chapitre-1-lerosion-modifie-les-paysages\/\" \/>\n<meta property=\"og:site_name\" content=\"SVT\" \/>\n<meta property=\"article:modified_time\" content=\"2021-07-28T11:05:51+00:00\" \/>\n<meta property=\"og:image\" content=\"http:\/\/thibault-svt.fr\/wp-content\/uploads\/2018\/08\/Erosion.png\" \/>\n<meta name=\"twitter:card\" content=\"summary_large_image\" \/>\n<meta name=\"twitter:label1\" content=\"Dur\u00e9e de lecture estim\u00e9e\" \/>\n\t<meta name=\"twitter:data1\" content=\"4 minutes\" \/>\n<script type=\"application\/ld+json\" class=\"yoast-schema-graph\">{\"@context\":\"https:\/\/schema.org\",\"@graph\":[{\"@type\":\"WebPage\",\"@id\":\"http:\/\/thibault-svt.fr\/index.php\/secondes\/cours-de-svt-2nde\/chapitre-1-lerosion-modifie-les-paysages\/\",\"url\":\"http:\/\/thibault-svt.fr\/index.php\/secondes\/cours-de-svt-2nde\/chapitre-1-lerosion-modifie-les-paysages\/\",\"name\":\"CHAPITRE 1 \u2013 L'\u00e9rosion modifie les paysages - SVT\",\"isPartOf\":{\"@id\":\"http:\/\/thibault-svt.fr\/#website\"},\"primaryImageOfPage\":{\"@id\":\"http:\/\/thibault-svt.fr\/index.php\/secondes\/cours-de-svt-2nde\/chapitre-1-lerosion-modifie-les-paysages\/#primaryimage\"},\"image\":{\"@id\":\"http:\/\/thibault-svt.fr\/index.php\/secondes\/cours-de-svt-2nde\/chapitre-1-lerosion-modifie-les-paysages\/#primaryimage\"},\"thumbnailUrl\":\"http:\/\/thibault-svt.fr\/wp-content\/uploads\/2018\/08\/Erosion.png\",\"datePublished\":\"2021-07-28T09:00:06+00:00\",\"dateModified\":\"2021-07-28T11:05:51+00:00\",\"breadcrumb\":{\"@id\":\"http:\/\/thibault-svt.fr\/index.php\/secondes\/cours-de-svt-2nde\/chapitre-1-lerosion-modifie-les-paysages\/#breadcrumb\"},\"inLanguage\":\"fr-FR\",\"potentialAction\":[{\"@type\":\"ReadAction\",\"target\":[\"http:\/\/thibault-svt.fr\/index.php\/secondes\/cours-de-svt-2nde\/chapitre-1-lerosion-modifie-les-paysages\/\"]}]},{\"@type\":\"ImageObject\",\"inLanguage\":\"fr-FR\",\"@id\":\"http:\/\/thibault-svt.fr\/index.php\/secondes\/cours-de-svt-2nde\/chapitre-1-lerosion-modifie-les-paysages\/#primaryimage\",\"url\":\"http:\/\/thibault-svt.fr\/wp-content\/uploads\/2018\/08\/Erosion.png\",\"contentUrl\":\"http:\/\/thibault-svt.fr\/wp-content\/uploads\/2018\/08\/Erosion.png\"},{\"@type\":\"BreadcrumbList\",\"@id\":\"http:\/\/thibault-svt.fr\/index.php\/secondes\/cours-de-svt-2nde\/chapitre-1-lerosion-modifie-les-paysages\/#breadcrumb\",\"itemListElement\":[{\"@type\":\"ListItem\",\"position\":1,\"name\":\"Accueil\",\"item\":\"http:\/\/thibault-svt.fr\/\"},{\"@type\":\"ListItem\",\"position\":2,\"name\":\"Secondes\",\"item\":\"http:\/\/thibault-svt.fr\/index.php\/secondes\/\"},{\"@type\":\"ListItem\",\"position\":3,\"name\":\"Cours de SVT &#8211; 2nde\",\"item\":\"http:\/\/thibault-svt.fr\/index.php\/secondes\/cours-de-svt-2nde\/\"},{\"@type\":\"ListItem\",\"position\":4,\"name\":\"CHAPITRE 1 \u2013 L&rsquo;\u00e9rosion modifie les paysages\"}]},{\"@type\":\"WebSite\",\"@id\":\"http:\/\/thibault-svt.fr\/#website\",\"url\":\"http:\/\/thibault-svt.fr\/\",\"name\":\"SVT\",\"description\":\"Cours de SVT de Mme Thibault - Professeure au Lyc\u00e9e Maurice Genevoix\",\"potentialAction\":[{\"@type\":\"SearchAction\",\"target\":{\"@type\":\"EntryPoint\",\"urlTemplate\":\"http:\/\/thibault-svt.fr\/?s={search_term_string}\"},\"query-input\":{\"@type\":\"PropertyValueSpecification\",\"valueRequired\":true,\"valueName\":\"search_term_string\"}}],\"inLanguage\":\"fr-FR\"}]}<\/script>\n<!-- \/ Yoast SEO plugin. -->","yoast_head_json":{"title":"CHAPITRE 1 \u2013 L'\u00e9rosion modifie les paysages - SVT","robots":{"index":"index","follow":"follow","max-snippet":"max-snippet:-1","max-image-preview":"max-image-preview:large","max-video-preview":"max-video-preview:-1"},"canonical":"http:\/\/thibault-svt.fr\/index.php\/secondes\/cours-de-svt-2nde\/chapitre-1-lerosion-modifie-les-paysages\/","og_locale":"fr_FR","og_type":"article","og_title":"CHAPITRE 1 \u2013 L'\u00e9rosion modifie les paysages - SVT","og_description":"I- Comparaison de cha\u00eenes de montagnes anciennes et r\u00e9centes TP5 &#8211; Partie 1 : Comparaison des Pyr\u00e9n\u00e9es et du massif central. Les chaines de montagnes anciennes (ex : le massif central) ont un relief moins \u00e9lev\u00e9 que les cha\u00eenes r\u00e9centes. Leur racine crustale est \u00e9galement moins importante que celle des chaines r\u00e9centes (Ceci s&rsquo;explique par [&hellip;]","og_url":"http:\/\/thibault-svt.fr\/index.php\/secondes\/cours-de-svt-2nde\/chapitre-1-lerosion-modifie-les-paysages\/","og_site_name":"SVT","article_modified_time":"2021-07-28T11:05:51+00:00","og_image":[{"url":"http:\/\/thibault-svt.fr\/wp-content\/uploads\/2018\/08\/Erosion.png","type":"","width":"","height":""}],"twitter_card":"summary_large_image","twitter_misc":{"Dur\u00e9e de lecture estim\u00e9e":"4 minutes"},"schema":{"@context":"https:\/\/schema.org","@graph":[{"@type":"WebPage","@id":"http:\/\/thibault-svt.fr\/index.php\/secondes\/cours-de-svt-2nde\/chapitre-1-lerosion-modifie-les-paysages\/","url":"http:\/\/thibault-svt.fr\/index.php\/secondes\/cours-de-svt-2nde\/chapitre-1-lerosion-modifie-les-paysages\/","name":"CHAPITRE 1 \u2013 L'\u00e9rosion modifie les paysages - SVT","isPartOf":{"@id":"http:\/\/thibault-svt.fr\/#website"},"primaryImageOfPage":{"@id":"http:\/\/thibault-svt.fr\/index.php\/secondes\/cours-de-svt-2nde\/chapitre-1-lerosion-modifie-les-paysages\/#primaryimage"},"image":{"@id":"http:\/\/thibault-svt.fr\/index.php\/secondes\/cours-de-svt-2nde\/chapitre-1-lerosion-modifie-les-paysages\/#primaryimage"},"thumbnailUrl":"http:\/\/thibault-svt.fr\/wp-content\/uploads\/2018\/08\/Erosion.png","datePublished":"2021-07-28T09:00:06+00:00","dateModified":"2021-07-28T11:05:51+00:00","breadcrumb":{"@id":"http:\/\/thibault-svt.fr\/index.php\/secondes\/cours-de-svt-2nde\/chapitre-1-lerosion-modifie-les-paysages\/#breadcrumb"},"inLanguage":"fr-FR","potentialAction":[{"@type":"ReadAction","target":["http:\/\/thibault-svt.fr\/index.php\/secondes\/cours-de-svt-2nde\/chapitre-1-lerosion-modifie-les-paysages\/"]}]},{"@type":"ImageObject","inLanguage":"fr-FR","@id":"http:\/\/thibault-svt.fr\/index.php\/secondes\/cours-de-svt-2nde\/chapitre-1-lerosion-modifie-les-paysages\/#primaryimage","url":"http:\/\/thibault-svt.fr\/wp-content\/uploads\/2018\/08\/Erosion.png","contentUrl":"http:\/\/thibault-svt.fr\/wp-content\/uploads\/2018\/08\/Erosion.png"},{"@type":"BreadcrumbList","@id":"http:\/\/thibault-svt.fr\/index.php\/secondes\/cours-de-svt-2nde\/chapitre-1-lerosion-modifie-les-paysages\/#breadcrumb","itemListElement":[{"@type":"ListItem","position":1,"name":"Accueil","item":"http:\/\/thibault-svt.fr\/"},{"@type":"ListItem","position":2,"name":"Secondes","item":"http:\/\/thibault-svt.fr\/index.php\/secondes\/"},{"@type":"ListItem","position":3,"name":"Cours de SVT &#8211; 2nde","item":"http:\/\/thibault-svt.fr\/index.php\/secondes\/cours-de-svt-2nde\/"},{"@type":"ListItem","position":4,"name":"CHAPITRE 1 \u2013 L&rsquo;\u00e9rosion modifie les paysages"}]},{"@type":"WebSite","@id":"http:\/\/thibault-svt.fr\/#website","url":"http:\/\/thibault-svt.fr\/","name":"SVT","description":"Cours de SVT de Mme Thibault - Professeure au Lyc\u00e9e Maurice Genevoix","potentialAction":[{"@type":"SearchAction","target":{"@type":"EntryPoint","urlTemplate":"http:\/\/thibault-svt.fr\/?s={search_term_string}"},"query-input":{"@type":"PropertyValueSpecification","valueRequired":true,"valueName":"search_term_string"}}],"inLanguage":"fr-FR"}]}},"_links":{"self":[{"href":"http:\/\/thibault-svt.fr\/index.php\/wp-json\/wp\/v2\/pages\/1662","targetHints":{"allow":["GET"]}}],"collection":[{"href":"http:\/\/thibault-svt.fr\/index.php\/wp-json\/wp\/v2\/pages"}],"about":[{"href":"http:\/\/thibault-svt.fr\/index.php\/wp-json\/wp\/v2\/types\/page"}],"author":[{"embeddable":true,"href":"http:\/\/thibault-svt.fr\/index.php\/wp-json\/wp\/v2\/users\/1"}],"replies":[{"embeddable":true,"href":"http:\/\/thibault-svt.fr\/index.php\/wp-json\/wp\/v2\/comments?post=1662"}],"version-history":[{"count":3,"href":"http:\/\/thibault-svt.fr\/index.php\/wp-json\/wp\/v2\/pages\/1662\/revisions"}],"predecessor-version":[{"id":1736,"href":"http:\/\/thibault-svt.fr\/index.php\/wp-json\/wp\/v2\/pages\/1662\/revisions\/1736"}],"up":[{"embeddable":true,"href":"http:\/\/thibault-svt.fr\/index.php\/wp-json\/wp\/v2\/pages\/1633"}],"wp:attachment":[{"href":"http:\/\/thibault-svt.fr\/index.php\/wp-json\/wp\/v2\/media?parent=1662"}],"curies":[{"name":"wp","href":"https:\/\/api.w.org\/{rel}","templated":true}]}}