{"id":1653,"date":"2021-07-27T21:59:35","date_gmt":"2021-07-27T19:59:35","guid":{"rendered":"http:\/\/thibault-svt.fr\/?page_id=1653"},"modified":"2025-02-11T19:28:20","modified_gmt":"2025-02-11T18:28:20","slug":"chapitre-3-contraception-et-plaisir","status":"publish","type":"page","link":"http:\/\/thibault-svt.fr\/index.php\/secondes\/cours-de-svt-2nde\/chapitre-3-contraception-et-plaisir\/","title":{"rendered":"CHAPITRE 3 \u2013 Maitrise de la procr\u00e9ation"},"content":{"rendered":"<div class=\"titre-chapitre\">\n<h3 style=\"text-align: center;\">CHAPITRE 3 \u2013 Maitrise de la procr\u00e9ation<\/h3>\n<\/div>\n<p>Aujourd\u2019hui, la procr\u00e9ation peut \u00eatre maitris\u00e9e\u00a0: pour \u00e9viter d\u2019avoir des enfants si on ne le souhaite pas ou, \u00e0 l\u2019inverse, pour avoir des enfants lorsque l\u2019on n\u2019y arrive pas.<br \/>\nLa connaissance du fonctionnement des appareils reproducteurs <span style=\"color: #000000;\"><a style=\"color: #000000;\" href=\"http:\/\/thibault-svt.fr\/index.php\/secondes\/cours-de-svt-2nde\/chapitre-2-hormones-et-procreation\/\" target=\"_blank\" rel=\"noopener\">(voir chapitre 2)\u00a0<\/a><\/span> a permis la mise au point de techniques de <strong>contraception<\/strong> (permettant d&#8217;emp\u00eacher la formation d&rsquo;un embryon) ou d&rsquo;<strong>aide \u00e0 la procr\u00e9ation<\/strong> (pour favoriser une grossesse en cas de st\u00e9rilit\u00e9)<\/p>\n<p class=\"titre-partie\">I- Les m\u00e9thodes contraceptives<\/p>\n<p class=\"titre-TP\"><span style=\"color: #000000;\"><a style=\"color: #000000;\" href=\"http:\/\/thibault-svt.fr\/wp-content\/uploads\/2025\/02\/Activite-3-ateliers-1-et-2.pdf\" target=\"_blank\" rel=\"noopener\">Activit\u00e9 3 &#8211; Les m\u00e9thodes contraceptives<\/a><\/span> + <span style=\"color: #000000;\"><a style=\"color: #000000;\" href=\"http:\/\/thibault-svt.fr\/index.php\/secondes\/cours-de-svt-2nde\/chapitre-3-contraception-et-plaisir\/correction-2nde-act-contraception\/\" target=\"_blank\" rel=\"noopener\">correction<\/a><\/span><\/p>\n<p><span class=\"titre-souspartie\"> A- Les contraceptifs hormonaux<\/span><\/p>\n<ul>\n<li><strong><u><img loading=\"lazy\" decoding=\"async\" class=\"wp-image-3504 alignleft\" src=\"http:\/\/thibault-svt.fr\/wp-content\/uploads\/2025\/02\/pilule.png\" alt=\"\" width=\"659\" height=\"371\" srcset=\"http:\/\/thibault-svt.fr\/wp-content\/uploads\/2025\/02\/pilule.png 1920w, http:\/\/thibault-svt.fr\/wp-content\/uploads\/2025\/02\/pilule-300x169.png 300w, http:\/\/thibault-svt.fr\/wp-content\/uploads\/2025\/02\/pilule-1024x576.png 1024w, http:\/\/thibault-svt.fr\/wp-content\/uploads\/2025\/02\/pilule-768x432.png 768w, http:\/\/thibault-svt.fr\/wp-content\/uploads\/2025\/02\/pilule-1536x864.png 1536w, http:\/\/thibault-svt.fr\/wp-content\/uploads\/2025\/02\/pilule-900x506.png 900w, http:\/\/thibault-svt.fr\/wp-content\/uploads\/2025\/02\/pilule-1280x720.png 1280w\" sizes=\"auto, (max-width: 659px) 100vw, 659px\" \/> La pilule contraceptive :<\/u><\/strong> Cette m\u00e9thode de contraception bloque l\u2019ovulation et aminci l\u2019endom\u00e8tre.<br \/>\nChaque pilule contient une dose pr\u00e9cise d\u2019hormones de synth\u00e8se qui miment l\u2019effet des \u0153strog\u00e8nes et de la progest\u00e9rone\u00a0: ce sont des leurres mol\u00e9culaires, c\u2019est-\u00e0-dire des mol\u00e9cules qui ont une forme ressemblante \u00e0 celle des hormones naturelles et qui se fixent sur les r\u00e9cepteurs \u00e0 leur place. Elles vont alors remplacer leur action en emp\u00eachant le pic de LH et de FSH, ce qui bloque l\u2019ovulation.<\/li>\n<\/ul>\n<p>Pour fonctionner, cette m\u00e9thode implique que les quantit\u00e9s d\u2019hormones soient contr\u00f4l\u00e9es en permanence\u00a0: il faut donc prendre les pilules \u00e0 heure fixe, tous les jours et sans oubli. En cas d\u2019oubli, il faut envisager un autre mode de contraception jusqu\u2019au mois suivant.<\/p>\n<ul>\n<li><strong><u>La pilule du lendemain ou contraception d\u2019urgence\u00a0: <\/u><\/strong>C\u2019est une pilule qui contient \u00e9galement des hormones de synth\u00e8se permettant d\u2019emp\u00eacher l\u2019ovulation et de provoquer des r\u00e8gles, emp\u00eachant la nidation d\u2019un possible embryon. Les hormones de synth\u00e8se se fixent sur les r\u00e9cepteurs \u00e0 la progest\u00e9rone (car elles ont une forme ressemblante) et bloquent ainsi l\u2019acc\u00e8s \u00e0 la progest\u00e9rone qui ne peut plus agir\u00a0: cela d\u00e9clenche les r\u00e8gles.<\/li>\n<\/ul>\n<p>Cette contraception doit \u00eatre prise de mani\u00e8re exceptionnelle en cas de rapport non prot\u00e9g\u00e9 ou d\u2019accident de contraception, et dans les 48h suivant le rapport.<\/p>\n<p style=\"text-align: center;\"><span style=\"color: #ff00ff;\"><strong><u>Sch\u00e9ma du principe d\u2019un leurre mol\u00e9culaire<\/u><\/strong><\/span><\/p>\n<p><img loading=\"lazy\" decoding=\"async\" class=\"aligncenter size-full wp-image-3508\" src=\"http:\/\/thibault-svt.fr\/wp-content\/uploads\/2025\/02\/leurre-moleculaire.png\" alt=\"\" width=\"856\" height=\"547\" srcset=\"http:\/\/thibault-svt.fr\/wp-content\/uploads\/2025\/02\/leurre-moleculaire.png 856w, http:\/\/thibault-svt.fr\/wp-content\/uploads\/2025\/02\/leurre-moleculaire-300x192.png 300w, http:\/\/thibault-svt.fr\/wp-content\/uploads\/2025\/02\/leurre-moleculaire-768x491.png 768w\" sizes=\"auto, (max-width: 856px) 100vw, 856px\" \/><\/p>\n<p><span class=\"titre-souspartie\">B- Les contraceptifs m\u00e9caniques<\/span><\/p>\n<ul>\n<li style=\"text-align: left;\"><strong><u><img loading=\"lazy\" decoding=\"async\" class=\"wp-image-3509 alignleft\" src=\"http:\/\/thibault-svt.fr\/wp-content\/uploads\/2025\/02\/sterilet.png\" alt=\"\" width=\"524\" height=\"296\" srcset=\"http:\/\/thibault-svt.fr\/wp-content\/uploads\/2025\/02\/sterilet.png 1107w, http:\/\/thibault-svt.fr\/wp-content\/uploads\/2025\/02\/sterilet-300x169.png 300w, http:\/\/thibault-svt.fr\/wp-content\/uploads\/2025\/02\/sterilet-1024x578.png 1024w, http:\/\/thibault-svt.fr\/wp-content\/uploads\/2025\/02\/sterilet-768x434.png 768w, http:\/\/thibault-svt.fr\/wp-content\/uploads\/2025\/02\/sterilet-900x508.png 900w\" sizes=\"auto, (max-width: 524px) 100vw, 524px\" \/>Le st\u00e9rilet\u00a0:<\/u><\/strong> C\u2019est un petit objet en forme de T, qui est install\u00e9 dans l\u2019ut\u00e9rus par un gyn\u00e9cologue pour une p\u00e9riode pouvant aller jusqu\u2019\u00e0 5 ans. Il emp\u00eache la nidation de l\u2019embryon en cas de f\u00e9condation. Il peut \u00e9galement contenir de faible quantit\u00e9 d\u2019hormones de synth\u00e8se qui \u00e9paissit la glaire cervicale et emp\u00eache donc le passage des spermatozo\u00efdes ou contenir du cuivre qui inactive les spermatozo\u00efdes.<\/li>\n<\/ul>\n<p>&nbsp;<\/p>\n<ul>\n<li><strong><u>Les pr\u00e9servatifs masculins et f\u00e9minins\u00a0:<\/u><\/strong> Ce sont des dispositifs \u00e0 placer sur le p\u00e9nis ou dans le vagin lors d\u2019un rapport sexuel et qui bloquent le passage des spermatozo\u00efdes.<\/li>\n<\/ul>\n<p>Ce sont les seuls dispositifs contraceptifs emp\u00eachant la transmission d\u2018IST.<\/p>\n<p><img loading=\"lazy\" decoding=\"async\" class=\"aligncenter size-full wp-image-3518\" src=\"http:\/\/thibault-svt.fr\/wp-content\/uploads\/2025\/02\/recap-contraception.png\" alt=\"\" width=\"1692\" height=\"385\" srcset=\"http:\/\/thibault-svt.fr\/wp-content\/uploads\/2025\/02\/recap-contraception.png 1692w, http:\/\/thibault-svt.fr\/wp-content\/uploads\/2025\/02\/recap-contraception-300x68.png 300w, http:\/\/thibault-svt.fr\/wp-content\/uploads\/2025\/02\/recap-contraception-1024x233.png 1024w, http:\/\/thibault-svt.fr\/wp-content\/uploads\/2025\/02\/recap-contraception-768x175.png 768w, http:\/\/thibault-svt.fr\/wp-content\/uploads\/2025\/02\/recap-contraception-1536x350.png 1536w, http:\/\/thibault-svt.fr\/wp-content\/uploads\/2025\/02\/recap-contraception-900x205.png 900w, http:\/\/thibault-svt.fr\/wp-content\/uploads\/2025\/02\/recap-contraception-1280x291.png 1280w\" sizes=\"auto, (max-width: 1692px) 100vw, 1692px\" \/><\/p>\n<p class=\"titre-partie\">II- L\u2019aide m\u00e9dicale \u00e0 la procr\u00e9ation<\/p>\n<p><a href=\"http:\/\/thibault-svt.fr\/wp-content\/uploads\/2025\/02\/etapes-fecondation.png\" target=\"_blank\" rel=\"noopener\"><strong>Rappel des \u00e9tapes d&rsquo;un d\u00e9but de grossesse<\/strong><\/a><\/p>\n<p>En cas de st\u00e9rilit\u00e9, des techniques d\u2019aide m\u00e9dicale \u00e0 la procr\u00e9ation existent.<br \/>\nLes causes de st\u00e9rilit\u00e9 peuvent \u00eatre diverses, n\u00e9anmoins les plus fr\u00e9quentes sont\u00a0:<\/p>\n<ul>\n<li><strong>Mobilit\u00e9 des spermatozo\u00efdes<\/strong> r\u00e9duite ou anomalie dans le nombre de spermatozo\u00efdes<\/li>\n<li><strong>Trompes bouch\u00e9es<\/strong>: la f\u00e9condation est donc impossible car les spermatozo\u00efdes n\u2019ont pas acc\u00e8s \u00e0 l\u2019ovule dans les trompes.<\/li>\n<li><strong>Qualit\u00e9 de l\u2019endom\u00e8tre alt\u00e9r\u00e9e <\/strong>(par exemple par de l\u2019endom\u00e9triose) ce qui emp\u00eache la nidation<\/li>\n<li><strong>Probl\u00e8me hormonal<\/strong> comme par exemple une absence de pic de LH \u00e0 j14 (donc pas d\u2019ovulation)<\/li>\n<\/ul>\n<p>En fonction des causes de st\u00e9rilit\u00e9, diff\u00e9rentes techniques peuvent \u00eatre employ\u00e9es.<\/p>\n<p class=\"titre-TP\"><span style=\"color: #000000;\"><a style=\"color: #000000;\" href=\"http:\/\/thibault-svt.fr\/wp-content\/uploads\/2025\/02\/Activite-4-PMA-.pdf\" target=\"_blank\" rel=\"noopener\">Activit\u00e9 4 &#8211; M\u00e9thodes de PMA<\/a><\/span> + <span style=\"color: #000000;\"><a style=\"color: #000000;\" href=\"http:\/\/thibault-svt.fr\/index.php\/secondes\/cours-de-svt-2nde\/chapitre-3-contraception-et-plaisir\/correction-2nde-pma\/\">correction<\/a><\/span><\/p>\n<p><strong><u><span style=\"color: #800080;\">La FIV &#8211; F\u00e9condation in vitro :<\/span> <\/u><\/strong>Cette m\u00e9thode consiste \u00e0 pr\u00e9lever des ovules dans l&rsquo;ovaire et des spermatozo\u00efdes, \u00e0 les faire fusionner hors du corps, puis \u00e0 r\u00e9implanter les embryons dans l&rsquo;ut\u00e9rus. Pour cela des stimulations ovariennes sont n\u00e9cessaires afin que plusieurs follicules soient matures en m\u00eame temps : c&rsquo;est donc un processus assez long pour la femme.<br \/>\nG\u00e9n\u00e9ralement, plusieurs embryons sont implant\u00e9s, afin de maximiser les chances de r\u00e9ussite : il n&rsquo;est donc pas rare que les FIV aboutissent \u00e0 des grossesses multiples (jumeaux, tripl\u00e9s &#8230;)<br \/>\nCette m\u00e9thode est conseill\u00e9e si les trompes sont abim\u00e9es, si l&rsquo;ovulation n&rsquo;a pas lieu ou si les spermatozo\u00efdes sont peu mobiles.<\/p>\n<p><img loading=\"lazy\" decoding=\"async\" class=\"size-full wp-image-3514 alignnone\" src=\"http:\/\/thibault-svt.fr\/wp-content\/uploads\/2025\/02\/FIV.png\" alt=\"\" width=\"421\" height=\"318\" srcset=\"http:\/\/thibault-svt.fr\/wp-content\/uploads\/2025\/02\/FIV.png 421w, http:\/\/thibault-svt.fr\/wp-content\/uploads\/2025\/02\/FIV-300x227.png 300w\" sizes=\"auto, (max-width: 421px) 100vw, 421px\" \/><\/p>\n<p><strong><u>L\u2019ICSI &#8211; Injection Intra Cytoplasmique :<\/u>\u00a0<\/strong>Cette m\u00e9thode est une FIV \u00e0 laquelle on ajoute une \u00e9tape : un spermatozo\u00efde est inject\u00e9\u00a0 directement dans un ovule.<br \/>\nCette m\u00e9thode est conseill\u00e9e lorsque les spermatozo\u00efdes sont tr\u00e8s peu mobiles et\/ou incapables de f\u00e9conder l&rsquo;ovule.<\/p>\n<p><img loading=\"lazy\" decoding=\"async\" class=\"size-full wp-image-3515 alignnone\" src=\"http:\/\/thibault-svt.fr\/wp-content\/uploads\/2025\/02\/ICSI.png\" alt=\"\" width=\"710\" height=\"246\" srcset=\"http:\/\/thibault-svt.fr\/wp-content\/uploads\/2025\/02\/ICSI.png 710w, http:\/\/thibault-svt.fr\/wp-content\/uploads\/2025\/02\/ICSI-300x104.png 300w\" sizes=\"auto, (max-width: 710px) 100vw, 710px\" \/><\/p>\n","protected":false},"excerpt":{"rendered":"<p>CHAPITRE 3 \u2013 Maitrise de la procr\u00e9ation Aujourd\u2019hui, la procr\u00e9ation peut \u00eatre maitris\u00e9e\u00a0: pour \u00e9viter d\u2019avoir des enfants si on ne le souhaite pas ou, \u00e0 l\u2019inverse, pour avoir des enfants lorsque l\u2019on n\u2019y arrive pas. La connaissance du fonctionnement des appareils reproducteurs (voir chapitre 2)\u00a0 a permis la mise au point de techniques de [&hellip;]<\/p>\n","protected":false},"author":1,"featured_media":0,"parent":1633,"menu_order":8,"comment_status":"closed","ping_status":"closed","template":"full-width-page-template.php","meta":{"footnotes":""},"class_list":["post-1653","page","type-page","status-publish","hentry"],"yoast_head":"<!-- This site is optimized with the Yoast SEO plugin v24.4 - https:\/\/yoast.com\/wordpress\/plugins\/seo\/ -->\n<title>CHAPITRE 3 \u2013 Maitrise de la procr\u00e9ation - SVT<\/title>\n<meta name=\"robots\" content=\"index, follow, max-snippet:-1, max-image-preview:large, max-video-preview:-1\" \/>\n<link rel=\"canonical\" href=\"http:\/\/thibault-svt.fr\/index.php\/secondes\/cours-de-svt-2nde\/chapitre-3-contraception-et-plaisir\/\" \/>\n<meta property=\"og:locale\" content=\"fr_FR\" \/>\n<meta property=\"og:type\" content=\"article\" \/>\n<meta property=\"og:title\" content=\"CHAPITRE 3 \u2013 Maitrise de la procr\u00e9ation - SVT\" \/>\n<meta property=\"og:description\" content=\"CHAPITRE 3 \u2013 Maitrise de la procr\u00e9ation Aujourd\u2019hui, la procr\u00e9ation peut \u00eatre maitris\u00e9e\u00a0: pour \u00e9viter d\u2019avoir des enfants si on ne le souhaite pas ou, \u00e0 l\u2019inverse, pour avoir des enfants lorsque l\u2019on n\u2019y arrive pas. La connaissance du fonctionnement des appareils reproducteurs (voir chapitre 2)\u00a0 a permis la mise au point de techniques de [&hellip;]\" \/>\n<meta property=\"og:url\" content=\"http:\/\/thibault-svt.fr\/index.php\/secondes\/cours-de-svt-2nde\/chapitre-3-contraception-et-plaisir\/\" \/>\n<meta property=\"og:site_name\" content=\"SVT\" \/>\n<meta property=\"article:modified_time\" content=\"2025-02-11T18:28:20+00:00\" \/>\n<meta property=\"og:image\" content=\"http:\/\/thibault-svt.fr\/wp-content\/uploads\/2025\/02\/pilule.png\" \/>\n\t<meta property=\"og:image:width\" content=\"1920\" \/>\n\t<meta property=\"og:image:height\" content=\"1080\" \/>\n\t<meta property=\"og:image:type\" content=\"image\/png\" \/>\n<meta name=\"twitter:card\" content=\"summary_large_image\" \/>\n<meta name=\"twitter:label1\" content=\"Dur\u00e9e de lecture estim\u00e9e\" \/>\n\t<meta name=\"twitter:data1\" content=\"5 minutes\" \/>\n<script type=\"application\/ld+json\" class=\"yoast-schema-graph\">{\"@context\":\"https:\/\/schema.org\",\"@graph\":[{\"@type\":\"WebPage\",\"@id\":\"http:\/\/thibault-svt.fr\/index.php\/secondes\/cours-de-svt-2nde\/chapitre-3-contraception-et-plaisir\/\",\"url\":\"http:\/\/thibault-svt.fr\/index.php\/secondes\/cours-de-svt-2nde\/chapitre-3-contraception-et-plaisir\/\",\"name\":\"CHAPITRE 3 \u2013 Maitrise de la procr\u00e9ation - SVT\",\"isPartOf\":{\"@id\":\"http:\/\/thibault-svt.fr\/#website\"},\"primaryImageOfPage\":{\"@id\":\"http:\/\/thibault-svt.fr\/index.php\/secondes\/cours-de-svt-2nde\/chapitre-3-contraception-et-plaisir\/#primaryimage\"},\"image\":{\"@id\":\"http:\/\/thibault-svt.fr\/index.php\/secondes\/cours-de-svt-2nde\/chapitre-3-contraception-et-plaisir\/#primaryimage\"},\"thumbnailUrl\":\"http:\/\/thibault-svt.fr\/wp-content\/uploads\/2025\/02\/pilule.png\",\"datePublished\":\"2021-07-27T19:59:35+00:00\",\"dateModified\":\"2025-02-11T18:28:20+00:00\",\"breadcrumb\":{\"@id\":\"http:\/\/thibault-svt.fr\/index.php\/secondes\/cours-de-svt-2nde\/chapitre-3-contraception-et-plaisir\/#breadcrumb\"},\"inLanguage\":\"fr-FR\",\"potentialAction\":[{\"@type\":\"ReadAction\",\"target\":[\"http:\/\/thibault-svt.fr\/index.php\/secondes\/cours-de-svt-2nde\/chapitre-3-contraception-et-plaisir\/\"]}]},{\"@type\":\"ImageObject\",\"inLanguage\":\"fr-FR\",\"@id\":\"http:\/\/thibault-svt.fr\/index.php\/secondes\/cours-de-svt-2nde\/chapitre-3-contraception-et-plaisir\/#primaryimage\",\"url\":\"http:\/\/thibault-svt.fr\/wp-content\/uploads\/2025\/02\/pilule.png\",\"contentUrl\":\"http:\/\/thibault-svt.fr\/wp-content\/uploads\/2025\/02\/pilule.png\",\"width\":1920,\"height\":1080},{\"@type\":\"BreadcrumbList\",\"@id\":\"http:\/\/thibault-svt.fr\/index.php\/secondes\/cours-de-svt-2nde\/chapitre-3-contraception-et-plaisir\/#breadcrumb\",\"itemListElement\":[{\"@type\":\"ListItem\",\"position\":1,\"name\":\"Accueil\",\"item\":\"http:\/\/thibault-svt.fr\/\"},{\"@type\":\"ListItem\",\"position\":2,\"name\":\"Secondes\",\"item\":\"http:\/\/thibault-svt.fr\/index.php\/secondes\/\"},{\"@type\":\"ListItem\",\"position\":3,\"name\":\"Cours de SVT &#8211; 2nde\",\"item\":\"http:\/\/thibault-svt.fr\/index.php\/secondes\/cours-de-svt-2nde\/\"},{\"@type\":\"ListItem\",\"position\":4,\"name\":\"CHAPITRE 3 \u2013 Maitrise de la procr\u00e9ation\"}]},{\"@type\":\"WebSite\",\"@id\":\"http:\/\/thibault-svt.fr\/#website\",\"url\":\"http:\/\/thibault-svt.fr\/\",\"name\":\"SVT\",\"description\":\"Cours de SVT de Mme Thibault - Professeure au Lyc\u00e9e Maurice Genevoix\",\"potentialAction\":[{\"@type\":\"SearchAction\",\"target\":{\"@type\":\"EntryPoint\",\"urlTemplate\":\"http:\/\/thibault-svt.fr\/?s={search_term_string}\"},\"query-input\":{\"@type\":\"PropertyValueSpecification\",\"valueRequired\":true,\"valueName\":\"search_term_string\"}}],\"inLanguage\":\"fr-FR\"}]}<\/script>\n<!-- \/ Yoast SEO plugin. -->","yoast_head_json":{"title":"CHAPITRE 3 \u2013 Maitrise de la procr\u00e9ation - SVT","robots":{"index":"index","follow":"follow","max-snippet":"max-snippet:-1","max-image-preview":"max-image-preview:large","max-video-preview":"max-video-preview:-1"},"canonical":"http:\/\/thibault-svt.fr\/index.php\/secondes\/cours-de-svt-2nde\/chapitre-3-contraception-et-plaisir\/","og_locale":"fr_FR","og_type":"article","og_title":"CHAPITRE 3 \u2013 Maitrise de la procr\u00e9ation - SVT","og_description":"CHAPITRE 3 \u2013 Maitrise de la procr\u00e9ation Aujourd\u2019hui, la procr\u00e9ation peut \u00eatre maitris\u00e9e\u00a0: pour \u00e9viter d\u2019avoir des enfants si on ne le souhaite pas ou, \u00e0 l\u2019inverse, pour avoir des enfants lorsque l\u2019on n\u2019y arrive pas. La connaissance du fonctionnement des appareils reproducteurs (voir chapitre 2)\u00a0 a permis la mise au point de techniques de [&hellip;]","og_url":"http:\/\/thibault-svt.fr\/index.php\/secondes\/cours-de-svt-2nde\/chapitre-3-contraception-et-plaisir\/","og_site_name":"SVT","article_modified_time":"2025-02-11T18:28:20+00:00","og_image":[{"width":1920,"height":1080,"url":"http:\/\/thibault-svt.fr\/wp-content\/uploads\/2025\/02\/pilule.png","type":"image\/png"}],"twitter_card":"summary_large_image","twitter_misc":{"Dur\u00e9e de lecture estim\u00e9e":"5 minutes"},"schema":{"@context":"https:\/\/schema.org","@graph":[{"@type":"WebPage","@id":"http:\/\/thibault-svt.fr\/index.php\/secondes\/cours-de-svt-2nde\/chapitre-3-contraception-et-plaisir\/","url":"http:\/\/thibault-svt.fr\/index.php\/secondes\/cours-de-svt-2nde\/chapitre-3-contraception-et-plaisir\/","name":"CHAPITRE 3 \u2013 Maitrise de la procr\u00e9ation - SVT","isPartOf":{"@id":"http:\/\/thibault-svt.fr\/#website"},"primaryImageOfPage":{"@id":"http:\/\/thibault-svt.fr\/index.php\/secondes\/cours-de-svt-2nde\/chapitre-3-contraception-et-plaisir\/#primaryimage"},"image":{"@id":"http:\/\/thibault-svt.fr\/index.php\/secondes\/cours-de-svt-2nde\/chapitre-3-contraception-et-plaisir\/#primaryimage"},"thumbnailUrl":"http:\/\/thibault-svt.fr\/wp-content\/uploads\/2025\/02\/pilule.png","datePublished":"2021-07-27T19:59:35+00:00","dateModified":"2025-02-11T18:28:20+00:00","breadcrumb":{"@id":"http:\/\/thibault-svt.fr\/index.php\/secondes\/cours-de-svt-2nde\/chapitre-3-contraception-et-plaisir\/#breadcrumb"},"inLanguage":"fr-FR","potentialAction":[{"@type":"ReadAction","target":["http:\/\/thibault-svt.fr\/index.php\/secondes\/cours-de-svt-2nde\/chapitre-3-contraception-et-plaisir\/"]}]},{"@type":"ImageObject","inLanguage":"fr-FR","@id":"http:\/\/thibault-svt.fr\/index.php\/secondes\/cours-de-svt-2nde\/chapitre-3-contraception-et-plaisir\/#primaryimage","url":"http:\/\/thibault-svt.fr\/wp-content\/uploads\/2025\/02\/pilule.png","contentUrl":"http:\/\/thibault-svt.fr\/wp-content\/uploads\/2025\/02\/pilule.png","width":1920,"height":1080},{"@type":"BreadcrumbList","@id":"http:\/\/thibault-svt.fr\/index.php\/secondes\/cours-de-svt-2nde\/chapitre-3-contraception-et-plaisir\/#breadcrumb","itemListElement":[{"@type":"ListItem","position":1,"name":"Accueil","item":"http:\/\/thibault-svt.fr\/"},{"@type":"ListItem","position":2,"name":"Secondes","item":"http:\/\/thibault-svt.fr\/index.php\/secondes\/"},{"@type":"ListItem","position":3,"name":"Cours de SVT &#8211; 2nde","item":"http:\/\/thibault-svt.fr\/index.php\/secondes\/cours-de-svt-2nde\/"},{"@type":"ListItem","position":4,"name":"CHAPITRE 3 \u2013 Maitrise de la procr\u00e9ation"}]},{"@type":"WebSite","@id":"http:\/\/thibault-svt.fr\/#website","url":"http:\/\/thibault-svt.fr\/","name":"SVT","description":"Cours de SVT de Mme Thibault - Professeure au Lyc\u00e9e Maurice Genevoix","potentialAction":[{"@type":"SearchAction","target":{"@type":"EntryPoint","urlTemplate":"http:\/\/thibault-svt.fr\/?s={search_term_string}"},"query-input":{"@type":"PropertyValueSpecification","valueRequired":true,"valueName":"search_term_string"}}],"inLanguage":"fr-FR"}]}},"_links":{"self":[{"href":"http:\/\/thibault-svt.fr\/index.php\/wp-json\/wp\/v2\/pages\/1653","targetHints":{"allow":["GET"]}}],"collection":[{"href":"http:\/\/thibault-svt.fr\/index.php\/wp-json\/wp\/v2\/pages"}],"about":[{"href":"http:\/\/thibault-svt.fr\/index.php\/wp-json\/wp\/v2\/types\/page"}],"author":[{"embeddable":true,"href":"http:\/\/thibault-svt.fr\/index.php\/wp-json\/wp\/v2\/users\/1"}],"replies":[{"embeddable":true,"href":"http:\/\/thibault-svt.fr\/index.php\/wp-json\/wp\/v2\/comments?post=1653"}],"version-history":[{"count":12,"href":"http:\/\/thibault-svt.fr\/index.php\/wp-json\/wp\/v2\/pages\/1653\/revisions"}],"predecessor-version":[{"id":3529,"href":"http:\/\/thibault-svt.fr\/index.php\/wp-json\/wp\/v2\/pages\/1653\/revisions\/3529"}],"up":[{"embeddable":true,"href":"http:\/\/thibault-svt.fr\/index.php\/wp-json\/wp\/v2\/pages\/1633"}],"wp:attachment":[{"href":"http:\/\/thibault-svt.fr\/index.php\/wp-json\/wp\/v2\/media?parent=1653"}],"curies":[{"name":"wp","href":"https:\/\/api.w.org\/{rel}","templated":true}]}}