{"id":1649,"date":"2021-07-27T21:55:54","date_gmt":"2021-07-27T19:55:54","guid":{"rendered":"http:\/\/thibault-svt.fr\/?page_id=1649"},"modified":"2025-01-21T16:18:50","modified_gmt":"2025-01-21T15:18:50","slug":"chapitre-1-mise-en-place-du-sexe-au-cours-de-la-vie","status":"publish","type":"page","link":"http:\/\/thibault-svt.fr\/index.php\/secondes\/cours-de-svt-2nde\/chapitre-1-mise-en-place-du-sexe-au-cours-de-la-vie\/","title":{"rendered":"CHAPITRE 1 \u2013 Mise en place du sexe au cours de la vie"},"content":{"rendered":"<div class=\"titre-chapitre\">\n<h3 style=\"text-align: center;\">CHAPITRE 1 \u2013 Mise en place des appareils reproducteurs<\/h3>\n<\/div>\n<p class=\"titre-partie\">INTRODUCTION<\/p>\n<p><span class=\"titre-souspartie\">Rappels de coll\u00e8ge\u00a0: l\u2019organisation des appareils reproducteurs masculins et f\u00e9minins<\/span><\/p>\n<p class=\"titre-TP\"><span style=\"color: #000000;\"><a style=\"color: #000000;\" href=\"http:\/\/thibault-svt.fr\/wp-content\/uploads\/2025\/01\/Anatomie-systeme-reproducteur.pdf\" target=\"_blank\" rel=\"noopener\">Activit\u00e9 pr\u00e9paratoire\u00a0: anatomie des appareils reproducteurs<\/a><\/span><\/p>\n<ul>\n<li><img loading=\"lazy\" decoding=\"async\" class=\"wp-image-3405 alignleft\" src=\"http:\/\/thibault-svt.fr\/wp-content\/uploads\/2025\/01\/fecondation.gif\" alt=\"\" width=\"309\" height=\"278\" \/>La naissance d\u2019un nouvel individu r\u00e9sulte de la f\u00e9condation, c\u2019est \u00e0 dire la fusion de deux <strong><u>gam\u00e8tes <\/u><\/strong>(= cellules sexuelles)\u00a0: le s<strong>permatozo\u00efde <\/strong>et l\u2019<strong>ovule<\/strong> qui fusionnent afin de mettre en commun leur mat\u00e9riel g\u00e9n\u00e9tique.<\/li>\n<\/ul>\n<ul>\n<li>Les gam\u00e8tes sont produits par des organes appel\u00e9s les <strong>gonades (ovaires et testicules<\/strong>) qui appartiennent aux appareils reproducteurs.<\/li>\n<li>Les appareils reproducteurs m\u00e2les et femelles pr\u00e9sentent chacun des caract\u00e8res sp\u00e9cifiques\u00a0: on parle de <strong><u>dimorphisme sexuel.<\/u> <\/strong>Les caract\u00e8res sexuels (ou <strong>ph\u00e9notype sexuel<\/strong>) peuvent \u00eatre pr\u00e9sents d\u00e8s la naissance\u00a0: on parle de <strong><u>caract\u00e8res sexuels primaires<\/u><\/strong> ou n\u2019apparaitre qu\u2019\u00e0 la pubert\u00e9, on parle alors de<strong><u> caract\u00e8res sexuels secondaires. <\/u><\/strong><\/li>\n<\/ul>\n<p><strong><u>D\u00e9finitions\u00a0: <\/u><\/strong><\/p>\n<ul>\n<li><strong><u>Gam\u00e8tes\u00a0: <\/u><\/strong>Cellules reproductrices permettant la f\u00e9condation (ovules et spermatozo\u00efdes)<\/li>\n<li><strong><u>Gonades\u00a0: <\/u><\/strong>Organes sexuels produisant les gam\u00e8tes (ovaires et testicules)<\/li>\n<li><strong><u>Caract\u00e8res sexuels primaires\u00a0: <\/u><\/strong>Caract\u00e9ristiques visibles sp\u00e9cifiques d\u2019un sexe et permettant la reproduction, pr\u00e9sentes d\u00e8s la naissance (p\u00e9nis, vagin, ut\u00e9rus, testicules, ovaires \u2026)<\/li>\n<li><strong><u>Caract\u00e8res sexuels secondaires\u00a0: <\/u><\/strong>Caract\u00e9ristiques visibles en lien avec la sexualit\u00e9 mais sans r\u00f4le indispensable dans la reproduction qui apparaissant \u00e0 la pubert\u00e9 (pilosit\u00e9, mue de la voix, d\u00e9veloppement de la poitrine \u2026)<\/li>\n<\/ul>\n<p>&nbsp;<\/p>\n<p><span style=\"color: #008000;\"><strong>Probl\u00e9matique\u00a0: Comment le dimorphisme sexuel est-il d\u00e9termin\u00e9 et mis en place au cours du d\u00e9veloppement d\u2019un \u00eatre humain\u00a0? <\/strong><\/span><\/p>\n<p class=\"titre-partie\">I- La mise en place de l\u2019appareil reproducteur passe par plusieurs \u00e9tapes<\/p>\n<p class=\"titre-TP\"><span style=\"color: #000000;\"><a style=\"color: #000000;\" href=\"http:\/\/thibault-svt.fr\/wp-content\/uploads\/2025\/01\/Activite-1-Mise-en-place-du-sexe-2025.pdf\" target=\"_blank\" rel=\"noopener\">Activit\u00e9 1 \u2013 Mise en place du ph\u00e9notype sexuel<\/a><\/span><\/p>\n<p><span class=\"titre-souspartie\">A- Mise en place du sexe g\u00e9n\u00e9tique<\/span><\/p>\n<p><img loading=\"lazy\" decoding=\"async\" class=\"size-full wp-image-3404 alignnone\" src=\"http:\/\/thibault-svt.fr\/wp-content\/uploads\/2025\/01\/caryotypes-hommes-femme.png\" alt=\"\" width=\"1464\" height=\"655\" srcset=\"http:\/\/thibault-svt.fr\/wp-content\/uploads\/2025\/01\/caryotypes-hommes-femme.png 1464w, http:\/\/thibault-svt.fr\/wp-content\/uploads\/2025\/01\/caryotypes-hommes-femme-300x134.png 300w, http:\/\/thibault-svt.fr\/wp-content\/uploads\/2025\/01\/caryotypes-hommes-femme-1024x458.png 1024w, http:\/\/thibault-svt.fr\/wp-content\/uploads\/2025\/01\/caryotypes-hommes-femme-768x344.png 768w, http:\/\/thibault-svt.fr\/wp-content\/uploads\/2025\/01\/caryotypes-hommes-femme-900x403.png 900w, http:\/\/thibault-svt.fr\/wp-content\/uploads\/2025\/01\/caryotypes-hommes-femme-1280x573.png 1280w\" sizes=\"auto, (max-width: 1464px) 100vw, 1464px\" \/><\/p>\n<p>Sur le document 1, je vois que chez la femme, les chromosomes sont XX et chez l&rsquo;homme, les chromosomes sont XY<br \/>\nOr je sais que les chromosomes viennent des gam\u00e8tes des parents<br \/>\nJ&rsquo;en d\u00e9duis que le <strong><u>sexe g\u00e9n\u00e9tique<\/u><\/strong> est d\u00e9termin\u00e9 d\u00e8s la f\u00e9condation par les chromosomes sexuels re\u00e7u des parents lors de la f\u00e9condation<\/p>\n<p><span class=\"titre-souspartie\">B- Mise en place du sexe gonadique<\/span><br \/>\nAu d\u00e9but du d\u00e9veloppement embryonnaire, aucune diff\u00e9rence n\u2019est visible entre les deux sexes : l\u2019appareil reproducteur est indiff\u00e9renci\u00e9.<br \/>\nIl est form\u00e9 de gonades indiff\u00e9renci\u00e9es, des canaux de Wolff et de Muller et d&rsquo;un sinus uro-g\u00e9nital indiff\u00e9renci\u00e9.<\/p>\n<p><img loading=\"lazy\" decoding=\"async\" class=\"size-full wp-image-3410 aligncenter\" src=\"http:\/\/thibault-svt.fr\/wp-content\/uploads\/2025\/01\/voies-genitales-indifferenciees.jpg\" alt=\"\" width=\"679\" height=\"740\" srcset=\"http:\/\/thibault-svt.fr\/wp-content\/uploads\/2025\/01\/voies-genitales-indifferenciees.jpg 679w, http:\/\/thibault-svt.fr\/wp-content\/uploads\/2025\/01\/voies-genitales-indifferenciees-275x300.jpg 275w\" sizes=\"auto, (max-width: 679px) 100vw, 679px\" \/><\/p>\n<p><strong><u>Le sexe gonadique<\/u> <\/strong>\u00a0se met en place vers la 5<sup>\u00e8me<\/sup> semaine :\u00a0 les gonades indiff\u00e9renci\u00e9es deviennent des testicules si le sexe g\u00e9n\u00e9tique est (XY) ou des ovaires si le sexe g\u00e9n\u00e9tique est (XX) : Il y a donc un lien entre le sexe g\u00e9n\u00e9tique et le sexe gonadique : En effet, le chromosome Y porte un g\u00e8ne appel\u00e9 SRY. Or, si on transf\u00e8re ce g\u00e8ne SRY, venant d&rsquo;un chromosome Y dans le chromosome X d&rsquo;une souris femelle, on observe que la souris nait avec des testicules<br \/>\nOn en d\u00e9duit que le g\u00e8ne SRY est responsable de la transformation des gonades indiff\u00e9renci\u00e9es en testicules<\/p>\n<p><img loading=\"lazy\" decoding=\"async\" class=\"size-full wp-image-3409 alignnone\" src=\"http:\/\/thibault-svt.fr\/wp-content\/uploads\/2025\/01\/transgenese-SRY.png\" alt=\"\" width=\"1532\" height=\"374\" srcset=\"http:\/\/thibault-svt.fr\/wp-content\/uploads\/2025\/01\/transgenese-SRY.png 1532w, http:\/\/thibault-svt.fr\/wp-content\/uploads\/2025\/01\/transgenese-SRY-300x73.png 300w, http:\/\/thibault-svt.fr\/wp-content\/uploads\/2025\/01\/transgenese-SRY-1024x250.png 1024w, http:\/\/thibault-svt.fr\/wp-content\/uploads\/2025\/01\/transgenese-SRY-768x187.png 768w, http:\/\/thibault-svt.fr\/wp-content\/uploads\/2025\/01\/transgenese-SRY-900x220.png 900w, http:\/\/thibault-svt.fr\/wp-content\/uploads\/2025\/01\/transgenese-SRY-1280x312.png 1280w\" sizes=\"auto, (max-width: 1532px) 100vw, 1532px\" \/><\/p>\n<p><strong>Si un individu a un chromosome Y, il a le g\u00e8ne SRY qui permet la transformation des gonades indiff\u00e9renci\u00e9es en testicules.<br \/>\nSi un individu n\u2019a pas de chromosome Y, d\u2019autres g\u00e8nes s\u2019expriment et les gonades indiff\u00e9renci\u00e9es deviennent des ovaires.<\/strong><\/p>\n<p><span class=\"titre-souspartie\">C- Mise en place du sexe ph\u00e9notypique.<\/span><br \/>\nLes caract\u00e8res sexuels primaires (=sexe ph\u00e9notypique primaire) apparaissent apr\u00e8s la diff\u00e9renciation des gonades :\u00a0 il existe donc peut-\u00eatre un lien entre les deux ?<\/p>\n<p>Une fois mis en place, les testicules s\u00e9cr\u00e8tent des <strong>hormones<\/strong>\u00a0<strong>(notamment la testost\u00e9rone et l\u2019AMH = hormone anti-Mullerienne) qui vont<\/strong> <strong>contr\u00f4ler la masculinisation de l\u2019appareil g\u00e9nital\u00a0: <\/strong>Le <strong>sinus g\u00e9nital indiff\u00e9renci\u00e9 <\/strong>devient un p\u00e9nis, le canal de Wolff forme les spermiductes et le canal de Muller disparait.<\/p>\n<p><img loading=\"lazy\" decoding=\"async\" class=\"size-full wp-image-3406 alignnone\" src=\"http:\/\/thibault-svt.fr\/wp-content\/uploads\/2025\/01\/Hormones-testiculaires.png\" alt=\"\" width=\"1496\" height=\"802\" srcset=\"http:\/\/thibault-svt.fr\/wp-content\/uploads\/2025\/01\/Hormones-testiculaires.png 1496w, http:\/\/thibault-svt.fr\/wp-content\/uploads\/2025\/01\/Hormones-testiculaires-300x161.png 300w, http:\/\/thibault-svt.fr\/wp-content\/uploads\/2025\/01\/Hormones-testiculaires-1024x549.png 1024w, http:\/\/thibault-svt.fr\/wp-content\/uploads\/2025\/01\/Hormones-testiculaires-768x412.png 768w, http:\/\/thibault-svt.fr\/wp-content\/uploads\/2025\/01\/Hormones-testiculaires-900x482.png 900w, http:\/\/thibault-svt.fr\/wp-content\/uploads\/2025\/01\/Hormones-testiculaires-1280x686.png 1280w\" sizes=\"auto, (max-width: 1496px) 100vw, 1496px\" \/><\/p>\n<p><strong>L\u2019absence d\u2019hormones testiculaires entraine f\u00e9minisation de l\u2019appareil g\u00e9nital<\/strong>\u00a0: le canal de Wolff disparait et le canal de Muller devient les oviductes, l\u2019ut\u00e9rus et le vagin<\/p>\n<p>Le sexe ph\u00e9notypique secondaire apparait \u00e0 la pubert\u00e9\u00a0: \u00a0les <strong>ovaires s\u00e9cr\u00e8tent des hormones (\u0153strog\u00e8nes, progest\u00e9rone) qui permettent la mise en place des caract\u00e8res sexuels secondaires f\u00e9minins et les testicules s\u00e9cr\u00e8tent de la testost\u00e9rone qui permet la mise en place des caract\u00e8res sexuels secondaires masculins<\/strong><\/p>\n<p>Ces hormones agissent sur de nombreux organes du corps (muscles, tissu adipeux, syst\u00e8me pileux \u2026), ce qui explique que les caract\u00e8res sexuels secondaires soient tr\u00e8s vari\u00e9s.<\/p>\n<p style=\"text-align: center;\"><span style=\"color: #ff00ff;\"><strong><u>SCHEMA RECAPITULATIF DE LA MISE EN PLACE DU SEXE<\/u><\/strong><\/span><\/p>\n<p><img loading=\"lazy\" decoding=\"async\" class=\"aligncenter size-full wp-image-3414\" src=\"http:\/\/thibault-svt.fr\/wp-content\/uploads\/2025\/01\/schema-mep-sexe.png\" alt=\"\" width=\"1196\" height=\"675\" srcset=\"http:\/\/thibault-svt.fr\/wp-content\/uploads\/2025\/01\/schema-mep-sexe.png 1196w, http:\/\/thibault-svt.fr\/wp-content\/uploads\/2025\/01\/schema-mep-sexe-300x169.png 300w, http:\/\/thibault-svt.fr\/wp-content\/uploads\/2025\/01\/schema-mep-sexe-1024x578.png 1024w, http:\/\/thibault-svt.fr\/wp-content\/uploads\/2025\/01\/schema-mep-sexe-768x433.png 768w, http:\/\/thibault-svt.fr\/wp-content\/uploads\/2025\/01\/schema-mep-sexe-900x508.png 900w\" sizes=\"auto, (max-width: 1196px) 100vw, 1196px\" \/><\/p>\n<p><span class=\"titre-souspartie\">D- L\u2019identit\u00e9 sexuelle<\/span><br \/>\nChaque individu poss\u00e8de son\u00a0<strong>identit\u00e9 sexuelle<\/strong>, c\u2019est-\u00e0-dire la fa\u00e7on dont il se consid\u00e8re comme \u00e9tant une femme, un homme ou ni l\u2019un ni l\u2019autre. Cette identit\u00e9 sexuelle peut varier au cours de la vie, et n\u2019a aucun rapport avec la biologie ni avec les <strong>pr\u00e9f\u00e9rences sexuelles<\/strong> (= aimer les femmes, les hommes, les deux ou aucun)\u00a0: Elle d\u00e9pend de <strong>la personnalit\u00e9 et de crit\u00e8res culturels et sociaux<\/strong>.<\/p>\n<p><strong>Pour certains individus, l\u2019identit\u00e9 sexuelle n\u2019est pas en accord avec le sexe biologique <\/strong>(ex\u00a0: individus\u00a0transgenres)<strong> ou avec le sexe chromosomique <\/strong>(ex\u00a0: anomalies de d\u00e9veloppement (syndrome de Swyer)). Ce constat, ind\u00e9pendant de la volont\u00e9 des individus, doit amener chacun \u00e0 respecter l\u2019identit\u00e9 de tous et toutes.<\/p>\n","protected":false},"excerpt":{"rendered":"<p>CHAPITRE 1 \u2013 Mise en place des appareils reproducteurs INTRODUCTION Rappels de coll\u00e8ge\u00a0: l\u2019organisation des appareils reproducteurs masculins et f\u00e9minins Activit\u00e9 pr\u00e9paratoire\u00a0: anatomie des appareils reproducteurs La naissance d\u2019un nouvel individu r\u00e9sulte de la f\u00e9condation, c\u2019est \u00e0 dire la fusion de deux gam\u00e8tes (= cellules sexuelles)\u00a0: le spermatozo\u00efde et l\u2019ovule qui fusionnent afin de mettre [&hellip;]<\/p>\n","protected":false},"author":1,"featured_media":0,"parent":1633,"menu_order":6,"comment_status":"closed","ping_status":"closed","template":"full-width-page-template.php","meta":{"footnotes":""},"class_list":["post-1649","page","type-page","status-publish","hentry"],"yoast_head":"<!-- This site is optimized with the Yoast SEO plugin v24.4 - https:\/\/yoast.com\/wordpress\/plugins\/seo\/ -->\n<title>CHAPITRE 1 \u2013 Mise en place du sexe au cours de la vie - SVT<\/title>\n<meta name=\"robots\" content=\"index, follow, max-snippet:-1, max-image-preview:large, max-video-preview:-1\" \/>\n<link rel=\"canonical\" href=\"http:\/\/thibault-svt.fr\/index.php\/secondes\/cours-de-svt-2nde\/chapitre-1-mise-en-place-du-sexe-au-cours-de-la-vie\/\" \/>\n<meta property=\"og:locale\" content=\"fr_FR\" \/>\n<meta property=\"og:type\" content=\"article\" \/>\n<meta property=\"og:title\" content=\"CHAPITRE 1 \u2013 Mise en place du sexe au cours de la vie - SVT\" \/>\n<meta property=\"og:description\" content=\"CHAPITRE 1 \u2013 Mise en place des appareils reproducteurs INTRODUCTION Rappels de coll\u00e8ge\u00a0: l\u2019organisation des appareils reproducteurs masculins et f\u00e9minins Activit\u00e9 pr\u00e9paratoire\u00a0: anatomie des appareils reproducteurs La naissance d\u2019un nouvel individu r\u00e9sulte de la f\u00e9condation, c\u2019est \u00e0 dire la fusion de deux gam\u00e8tes (= cellules sexuelles)\u00a0: le spermatozo\u00efde et l\u2019ovule qui fusionnent afin de mettre [&hellip;]\" \/>\n<meta property=\"og:url\" content=\"http:\/\/thibault-svt.fr\/index.php\/secondes\/cours-de-svt-2nde\/chapitre-1-mise-en-place-du-sexe-au-cours-de-la-vie\/\" \/>\n<meta property=\"og:site_name\" content=\"SVT\" \/>\n<meta property=\"article:modified_time\" content=\"2025-01-21T15:18:50+00:00\" \/>\n<meta property=\"og:image\" content=\"http:\/\/thibault-svt.fr\/wp-content\/uploads\/2025\/01\/fecondation.gif\" \/>\n\t<meta property=\"og:image:width\" content=\"723\" \/>\n\t<meta property=\"og:image:height\" content=\"651\" \/>\n\t<meta property=\"og:image:type\" content=\"image\/gif\" \/>\n<meta name=\"twitter:card\" content=\"summary_large_image\" \/>\n<meta name=\"twitter:label1\" content=\"Dur\u00e9e de lecture estim\u00e9e\" \/>\n\t<meta name=\"twitter:data1\" content=\"6 minutes\" \/>\n<script type=\"application\/ld+json\" class=\"yoast-schema-graph\">{\"@context\":\"https:\/\/schema.org\",\"@graph\":[{\"@type\":\"WebPage\",\"@id\":\"http:\/\/thibault-svt.fr\/index.php\/secondes\/cours-de-svt-2nde\/chapitre-1-mise-en-place-du-sexe-au-cours-de-la-vie\/\",\"url\":\"http:\/\/thibault-svt.fr\/index.php\/secondes\/cours-de-svt-2nde\/chapitre-1-mise-en-place-du-sexe-au-cours-de-la-vie\/\",\"name\":\"CHAPITRE 1 \u2013 Mise en place du sexe au cours de la vie - SVT\",\"isPartOf\":{\"@id\":\"http:\/\/thibault-svt.fr\/#website\"},\"primaryImageOfPage\":{\"@id\":\"http:\/\/thibault-svt.fr\/index.php\/secondes\/cours-de-svt-2nde\/chapitre-1-mise-en-place-du-sexe-au-cours-de-la-vie\/#primaryimage\"},\"image\":{\"@id\":\"http:\/\/thibault-svt.fr\/index.php\/secondes\/cours-de-svt-2nde\/chapitre-1-mise-en-place-du-sexe-au-cours-de-la-vie\/#primaryimage\"},\"thumbnailUrl\":\"http:\/\/thibault-svt.fr\/wp-content\/uploads\/2025\/01\/fecondation.gif\",\"datePublished\":\"2021-07-27T19:55:54+00:00\",\"dateModified\":\"2025-01-21T15:18:50+00:00\",\"breadcrumb\":{\"@id\":\"http:\/\/thibault-svt.fr\/index.php\/secondes\/cours-de-svt-2nde\/chapitre-1-mise-en-place-du-sexe-au-cours-de-la-vie\/#breadcrumb\"},\"inLanguage\":\"fr-FR\",\"potentialAction\":[{\"@type\":\"ReadAction\",\"target\":[\"http:\/\/thibault-svt.fr\/index.php\/secondes\/cours-de-svt-2nde\/chapitre-1-mise-en-place-du-sexe-au-cours-de-la-vie\/\"]}]},{\"@type\":\"ImageObject\",\"inLanguage\":\"fr-FR\",\"@id\":\"http:\/\/thibault-svt.fr\/index.php\/secondes\/cours-de-svt-2nde\/chapitre-1-mise-en-place-du-sexe-au-cours-de-la-vie\/#primaryimage\",\"url\":\"http:\/\/thibault-svt.fr\/wp-content\/uploads\/2025\/01\/fecondation.gif\",\"contentUrl\":\"http:\/\/thibault-svt.fr\/wp-content\/uploads\/2025\/01\/fecondation.gif\",\"width\":723,\"height\":651},{\"@type\":\"BreadcrumbList\",\"@id\":\"http:\/\/thibault-svt.fr\/index.php\/secondes\/cours-de-svt-2nde\/chapitre-1-mise-en-place-du-sexe-au-cours-de-la-vie\/#breadcrumb\",\"itemListElement\":[{\"@type\":\"ListItem\",\"position\":1,\"name\":\"Accueil\",\"item\":\"http:\/\/thibault-svt.fr\/\"},{\"@type\":\"ListItem\",\"position\":2,\"name\":\"Secondes\",\"item\":\"http:\/\/thibault-svt.fr\/index.php\/secondes\/\"},{\"@type\":\"ListItem\",\"position\":3,\"name\":\"Cours de SVT &#8211; 2nde\",\"item\":\"http:\/\/thibault-svt.fr\/index.php\/secondes\/cours-de-svt-2nde\/\"},{\"@type\":\"ListItem\",\"position\":4,\"name\":\"CHAPITRE 1 \u2013 Mise en place du sexe au cours de la vie\"}]},{\"@type\":\"WebSite\",\"@id\":\"http:\/\/thibault-svt.fr\/#website\",\"url\":\"http:\/\/thibault-svt.fr\/\",\"name\":\"SVT\",\"description\":\"Cours de SVT de Mme Thibault - Professeure au Lyc\u00e9e Maurice Genevoix\",\"potentialAction\":[{\"@type\":\"SearchAction\",\"target\":{\"@type\":\"EntryPoint\",\"urlTemplate\":\"http:\/\/thibault-svt.fr\/?s={search_term_string}\"},\"query-input\":{\"@type\":\"PropertyValueSpecification\",\"valueRequired\":true,\"valueName\":\"search_term_string\"}}],\"inLanguage\":\"fr-FR\"}]}<\/script>\n<!-- \/ Yoast SEO plugin. -->","yoast_head_json":{"title":"CHAPITRE 1 \u2013 Mise en place du sexe au cours de la vie - SVT","robots":{"index":"index","follow":"follow","max-snippet":"max-snippet:-1","max-image-preview":"max-image-preview:large","max-video-preview":"max-video-preview:-1"},"canonical":"http:\/\/thibault-svt.fr\/index.php\/secondes\/cours-de-svt-2nde\/chapitre-1-mise-en-place-du-sexe-au-cours-de-la-vie\/","og_locale":"fr_FR","og_type":"article","og_title":"CHAPITRE 1 \u2013 Mise en place du sexe au cours de la vie - SVT","og_description":"CHAPITRE 1 \u2013 Mise en place des appareils reproducteurs INTRODUCTION Rappels de coll\u00e8ge\u00a0: l\u2019organisation des appareils reproducteurs masculins et f\u00e9minins Activit\u00e9 pr\u00e9paratoire\u00a0: anatomie des appareils reproducteurs La naissance d\u2019un nouvel individu r\u00e9sulte de la f\u00e9condation, c\u2019est \u00e0 dire la fusion de deux gam\u00e8tes (= cellules sexuelles)\u00a0: le spermatozo\u00efde et l\u2019ovule qui fusionnent afin de mettre [&hellip;]","og_url":"http:\/\/thibault-svt.fr\/index.php\/secondes\/cours-de-svt-2nde\/chapitre-1-mise-en-place-du-sexe-au-cours-de-la-vie\/","og_site_name":"SVT","article_modified_time":"2025-01-21T15:18:50+00:00","og_image":[{"width":723,"height":651,"url":"http:\/\/thibault-svt.fr\/wp-content\/uploads\/2025\/01\/fecondation.gif","type":"image\/gif"}],"twitter_card":"summary_large_image","twitter_misc":{"Dur\u00e9e de lecture estim\u00e9e":"6 minutes"},"schema":{"@context":"https:\/\/schema.org","@graph":[{"@type":"WebPage","@id":"http:\/\/thibault-svt.fr\/index.php\/secondes\/cours-de-svt-2nde\/chapitre-1-mise-en-place-du-sexe-au-cours-de-la-vie\/","url":"http:\/\/thibault-svt.fr\/index.php\/secondes\/cours-de-svt-2nde\/chapitre-1-mise-en-place-du-sexe-au-cours-de-la-vie\/","name":"CHAPITRE 1 \u2013 Mise en place du sexe au cours de la vie - SVT","isPartOf":{"@id":"http:\/\/thibault-svt.fr\/#website"},"primaryImageOfPage":{"@id":"http:\/\/thibault-svt.fr\/index.php\/secondes\/cours-de-svt-2nde\/chapitre-1-mise-en-place-du-sexe-au-cours-de-la-vie\/#primaryimage"},"image":{"@id":"http:\/\/thibault-svt.fr\/index.php\/secondes\/cours-de-svt-2nde\/chapitre-1-mise-en-place-du-sexe-au-cours-de-la-vie\/#primaryimage"},"thumbnailUrl":"http:\/\/thibault-svt.fr\/wp-content\/uploads\/2025\/01\/fecondation.gif","datePublished":"2021-07-27T19:55:54+00:00","dateModified":"2025-01-21T15:18:50+00:00","breadcrumb":{"@id":"http:\/\/thibault-svt.fr\/index.php\/secondes\/cours-de-svt-2nde\/chapitre-1-mise-en-place-du-sexe-au-cours-de-la-vie\/#breadcrumb"},"inLanguage":"fr-FR","potentialAction":[{"@type":"ReadAction","target":["http:\/\/thibault-svt.fr\/index.php\/secondes\/cours-de-svt-2nde\/chapitre-1-mise-en-place-du-sexe-au-cours-de-la-vie\/"]}]},{"@type":"ImageObject","inLanguage":"fr-FR","@id":"http:\/\/thibault-svt.fr\/index.php\/secondes\/cours-de-svt-2nde\/chapitre-1-mise-en-place-du-sexe-au-cours-de-la-vie\/#primaryimage","url":"http:\/\/thibault-svt.fr\/wp-content\/uploads\/2025\/01\/fecondation.gif","contentUrl":"http:\/\/thibault-svt.fr\/wp-content\/uploads\/2025\/01\/fecondation.gif","width":723,"height":651},{"@type":"BreadcrumbList","@id":"http:\/\/thibault-svt.fr\/index.php\/secondes\/cours-de-svt-2nde\/chapitre-1-mise-en-place-du-sexe-au-cours-de-la-vie\/#breadcrumb","itemListElement":[{"@type":"ListItem","position":1,"name":"Accueil","item":"http:\/\/thibault-svt.fr\/"},{"@type":"ListItem","position":2,"name":"Secondes","item":"http:\/\/thibault-svt.fr\/index.php\/secondes\/"},{"@type":"ListItem","position":3,"name":"Cours de SVT &#8211; 2nde","item":"http:\/\/thibault-svt.fr\/index.php\/secondes\/cours-de-svt-2nde\/"},{"@type":"ListItem","position":4,"name":"CHAPITRE 1 \u2013 Mise en place du sexe au cours de la vie"}]},{"@type":"WebSite","@id":"http:\/\/thibault-svt.fr\/#website","url":"http:\/\/thibault-svt.fr\/","name":"SVT","description":"Cours de SVT de Mme Thibault - Professeure au Lyc\u00e9e Maurice Genevoix","potentialAction":[{"@type":"SearchAction","target":{"@type":"EntryPoint","urlTemplate":"http:\/\/thibault-svt.fr\/?s={search_term_string}"},"query-input":{"@type":"PropertyValueSpecification","valueRequired":true,"valueName":"search_term_string"}}],"inLanguage":"fr-FR"}]}},"_links":{"self":[{"href":"http:\/\/thibault-svt.fr\/index.php\/wp-json\/wp\/v2\/pages\/1649","targetHints":{"allow":["GET"]}}],"collection":[{"href":"http:\/\/thibault-svt.fr\/index.php\/wp-json\/wp\/v2\/pages"}],"about":[{"href":"http:\/\/thibault-svt.fr\/index.php\/wp-json\/wp\/v2\/types\/page"}],"author":[{"embeddable":true,"href":"http:\/\/thibault-svt.fr\/index.php\/wp-json\/wp\/v2\/users\/1"}],"replies":[{"embeddable":true,"href":"http:\/\/thibault-svt.fr\/index.php\/wp-json\/wp\/v2\/comments?post=1649"}],"version-history":[{"count":10,"href":"http:\/\/thibault-svt.fr\/index.php\/wp-json\/wp\/v2\/pages\/1649\/revisions"}],"predecessor-version":[{"id":3420,"href":"http:\/\/thibault-svt.fr\/index.php\/wp-json\/wp\/v2\/pages\/1649\/revisions\/3420"}],"up":[{"embeddable":true,"href":"http:\/\/thibault-svt.fr\/index.php\/wp-json\/wp\/v2\/pages\/1633"}],"wp:attachment":[{"href":"http:\/\/thibault-svt.fr\/index.php\/wp-json\/wp\/v2\/media?parent=1649"}],"curies":[{"name":"wp","href":"https:\/\/api.w.org\/{rel}","templated":true}]}}