{"id":1635,"date":"2021-07-27T21:23:38","date_gmt":"2021-07-27T19:23:38","guid":{"rendered":"http:\/\/thibault-svt.fr\/?page_id=1635"},"modified":"2023-02-07T14:18:04","modified_gmt":"2023-02-07T13:18:04","slug":"chapitre-1-decrire-les-etres-vivants-a-differentes-echelles","status":"publish","type":"page","link":"http:\/\/thibault-svt.fr\/index.php\/secondes\/cours-de-svt-2nde\/chapitre-1-decrire-les-etres-vivants-a-differentes-echelles\/","title":{"rendered":"CHAPITRE 1 \u2013 Organisation fonctionnelle du vivant"},"content":{"rendered":"<p>Tous les \u00eatres vivants <strong>(= <span style=\"color: #0000ff;\"><a style=\"color: #0000ff;\" href=\"http:\/\/thibault-svt.fr\/index.php\/secondes\/cours-de-svt-2nde\/chapitre-1-decrire-les-etres-vivants-a-differentes-echelles\/definitions-chapitre-1\/\" target=\"_blank\" rel=\"noopener\">organismes<\/a><\/span>)<\/strong> sont form\u00e9s d\u2019une ou de plusieurs<span style=\"color: #0000ff;\"> <a style=\"color: #0000ff;\" href=\"http:\/\/thibault-svt.fr\/index.php\/secondes\/cours-de-svt-2nde\/chapitre-1-decrire-les-etres-vivants-a-differentes-echelles\/definitions-chapitre-1\/\" target=\"_blank\" rel=\"noopener\"><strong>cellules.<\/strong><\/a><\/span><br \/>\nLa cellule est donc l\u2019unit\u00e9 commune \u00e0 tous les \u00eatres vivants.<br \/>\nLes \u00eatres vivants <strong>unicellulaires <\/strong>n\u2019ont qu\u2019une seule cellule alors que les<strong> pluricellulaires <\/strong>en ont plusieurs (plusieurs centaines de milliards pour l\u2019\u00eatre humain)<\/p>\n<p style=\"text-align: center;\"><span style=\"color: #bf1177;\"><strong><u> I- L\u2019organisation des \u00eatres vivants pluricellulaires<\/u><\/strong><\/span><\/p>\n<p><span style=\"text-decoration: underline; color: #3366ff;\"><strong>A-    Diff\u00e9rents niveaux d\u2019organisation chez un \u00eatre vivant pluricellulaire<\/strong><\/span><\/p>\n<p style=\"padding-left: 80px;\"><span style=\"color: #339966;\"> Probl\u00e8me : Comment sont organis\u00e9s les \u00eatres vivants ?<\/span><\/p>\n<div class=\"titre-TP\" style=\"text-align: center;\"><span style=\"color: #000000;\"><a style=\"color: #000000;\" href=\"http:\/\/thibault-svt.fr\/wp-content\/uploads\/2022\/09\/TP1-Organisation-fonctionnelle-des-etres-vivants.pdf\" target=\"_blank\" rel=\"noopener\">Activit\u00e9 1 \u2013 Niveaux d\u2019organisation des \u00eatres vivants<\/a><\/span><\/div>\n<p>&nbsp;<\/p>\n<p><img loading=\"lazy\" decoding=\"async\" class=\"wp-image-1996 aligncenter\" src=\"http:\/\/thibault-svt.fr\/wp-content\/uploads\/2021\/08\/Niveau-organismation-vivant.png\" alt=\"\" width=\"647\" height=\"699\" srcset=\"http:\/\/thibault-svt.fr\/wp-content\/uploads\/2021\/08\/Niveau-organismation-vivant.png 1042w, http:\/\/thibault-svt.fr\/wp-content\/uploads\/2021\/08\/Niveau-organismation-vivant-278x300.png 278w, http:\/\/thibault-svt.fr\/wp-content\/uploads\/2021\/08\/Niveau-organismation-vivant-948x1024.png 948w, http:\/\/thibault-svt.fr\/wp-content\/uploads\/2021\/08\/Niveau-organismation-vivant-768x829.png 768w, http:\/\/thibault-svt.fr\/wp-content\/uploads\/2021\/08\/Niveau-organismation-vivant-900x972.png 900w\" sizes=\"auto, (max-width: 647px) 100vw, 647px\" \/><\/p>\n<div><\/div>\n<p>Un organisme pluricellulaire assure diff\u00e9rentes fonctions : le d\u00e9placement, la nutrition, la respiration, l\u2019excr\u00e9tion\u2026.<\/p>\n<p>Chacune de ces fonctions est assur\u00e9e par <strong>un appareil (= syst\u00e8me) sp\u00e9cifique<\/strong> compos\u00e9 lui-m\u00eame d\u2019un ensemble d\u2019<span style=\"color: #0000ff;\"><a style=\"color: #0000ff;\" href=\"http:\/\/thibault-svt.fr\/index.php\/secondes\/cours-de-svt-2nde\/chapitre-1-decrire-les-etres-vivants-a-differentes-echelles\/definitions-chapitre-1\/\" target=\"_blank\" rel=\"noopener\"><strong>organes<\/strong>.<\/a><\/span><\/p>\n<p><img loading=\"lazy\" decoding=\"async\" class=\"alignright\" src=\"https:\/\/www.annabac.com\/modules-assets\/images\/15492_biophy1_ST2S_Media\/15492_P2_112.png\" alt=\"L'organisation de l'appareil respiratoire - Fiche de R\u00e9vision | Annabac\" width=\"389\" height=\"216\" \/><\/p>\n<p>&nbsp;<\/p>\n<p><em>Par exemple, L&rsquo;appareil respiratoire est l&rsquo;appareil (ensemble d&rsquo;organes), qui permet la respiration, c&rsquo;est-\u00e0-dire les \u00e9changes gazeux entre l&rsquo;organisme et l&rsquo;environnement.  Cet ap<\/em><em>pareil est compos\u00e9 d\u2019un ensemble d\u2019or<\/em><em>ganes : poumons, trach\u00e9e, pharynx\u2026 qui ont chacun un r\u00f4le pr\u00e9cis dans la conduction de l&rsquo;air. <\/em><\/p>\n<p>&nbsp;<\/p>\n<p>&nbsp;<\/p>\n<p>Chaque organe comporte au minimum deux <span style=\"color: #0000ff;\"> <a style=\"color: #0000ff;\" href=\"http:\/\/thibault-svt.fr\/index.php\/secondes\/cours-de-svt-2nde\/chapitre-1-decrire-les-etres-vivants-a-differentes-echelles\/definitions-chapitre-1\/\"><strong>tissus<\/strong><\/a><\/span>. Ces derniers sont compos\u00e9s de <strong>cellules sp\u00e9cialis\u00e9es, <\/strong>c\u2019est-\u00e0-dire de cellules qui remplissent des fonctions particuli\u00e8res. Il existe plus de 200 types de cellules humaines ( globules rouges, neurones, cellules du foie \u2026.)<\/p>\n<p><em><img loading=\"lazy\" decoding=\"async\" class=\"wp-image-2169 alignleft\" src=\"http:\/\/thibault-svt.fr\/wp-content\/uploads\/2022\/09\/Image1.png\" alt=\"\" width=\"441\" height=\"266\" srcset=\"http:\/\/thibault-svt.fr\/wp-content\/uploads\/2022\/09\/Image1.png 888w, http:\/\/thibault-svt.fr\/wp-content\/uploads\/2022\/09\/Image1-300x181.png 300w, http:\/\/thibault-svt.fr\/wp-content\/uploads\/2022\/09\/Image1-768x464.png 768w\" sizes=\"auto, (max-width: 441px) 100vw, 441px\" \/>Par exemple, le pancr\u00e9as est fait : <\/em><\/p>\n<ul>\n<li><em>de tissu acineux, qui contient les cellules sp\u00e9cialis\u00e9es dans la fabrication de sucs digestifs<\/em><\/li>\n<li><em>de tissu endocrine, qui contient des cellules sp\u00e9cialis\u00e9es dans la fabrication d\u2019hormones<\/em><\/li>\n<li><em>de tissu sanguin (seul tissu dont les cellules ne sont pas reli\u00e9es), qui contient des cellules sp\u00e9cialis\u00e9es dans le transport de dioxyg\u00e8ne<\/em><\/li>\n<\/ul>\n<p>&nbsp;<\/p>\n<p>Ainsi, l&rsquo;\u00eatre humain est un organisme hi\u00e9rarchis\u00e9 : il poss\u00e8de plusieurs <strong>niveaux d&rsquo;organisation<\/strong> : Ces niveaux sont du plus grand au plus petit : organisme, appareils, organes, tissus, cellules, <span style=\"color: #000000;\">organites, mol\u00e9cules, atomes<\/span><\/p>\n<p>&nbsp;<\/p>\n<p style=\"text-align: center;\"><span style=\"color: #ff00ff;\"><strong><u>Sch\u00e9ma des niveaux d\u2019organisation du vivant.<\/u><\/strong><\/span><\/p>\n<p><img loading=\"lazy\" decoding=\"async\" class=\"aligncenter wp-image-1999\" src=\"http:\/\/thibault-svt.fr\/wp-content\/uploads\/2021\/08\/Schema-organisation-vivant.png\" alt=\"\" width=\"925\" height=\"331\" srcset=\"http:\/\/thibault-svt.fr\/wp-content\/uploads\/2021\/08\/Schema-organisation-vivant.png 1926w, http:\/\/thibault-svt.fr\/wp-content\/uploads\/2021\/08\/Schema-organisation-vivant-300x107.png 300w, http:\/\/thibault-svt.fr\/wp-content\/uploads\/2021\/08\/Schema-organisation-vivant-1024x366.png 1024w, http:\/\/thibault-svt.fr\/wp-content\/uploads\/2021\/08\/Schema-organisation-vivant-768x275.png 768w, http:\/\/thibault-svt.fr\/wp-content\/uploads\/2021\/08\/Schema-organisation-vivant-1536x549.png 1536w, http:\/\/thibault-svt.fr\/wp-content\/uploads\/2021\/08\/Schema-organisation-vivant-900x322.png 900w, http:\/\/thibault-svt.fr\/wp-content\/uploads\/2021\/08\/Schema-organisation-vivant-1280x458.png 1280w\" sizes=\"auto, (max-width: 925px) 100vw, 925px\" \/><\/p>\n<p>&nbsp;<\/p>\n<p><span style=\"text-decoration: underline; color: #3366ff;\"><strong>B-     Organisation \u00e0 l\u2019\u00e9chelle cellulaire<\/strong><\/span><\/p>\n<div class=\"titre-TP\"><strong><span style=\"color: #000000;\"><a style=\"color: #000000;\" href=\"http:\/\/thibault-svt.fr\/wp-content\/uploads\/2021\/08\/Act-2-Observation-cellules.pdf\" target=\"_blank\" rel=\"noopener\"> Activit\u00e9 2 \u2013 TP Organisation de la cellule <\/a><\/span><\/strong><\/div>\n<p>&nbsp;<\/p>\n<p>Chez les \u00eatres vivants <strong>unicellulaires<\/strong> (ex : eugl\u00e8ne, levure, bact\u00e9rie \u2026) l\u2019organisme vivant est form\u00e9 d\u2019une seule cellule<\/p>\n<p>Chez les \u00eatres vivants <strong>pluricellulaires <\/strong>(ex : Homme, laurier \u2026) l\u2019organisme est compos\u00e9 de nombreuses cellules diff\u00e9rentes les unes des autres. Les cellules ayant une m\u00eame fonction sont alors associ\u00e9es en <strong>tissus<\/strong>, qui forment eux m\u00eame des <strong>organes. <\/strong><\/p>\n<p>Toutes les cellules sont form\u00e9es d\u2019une membrane plasmique et d\u2019un cytoplasme, et elles contiennent toutes des mol\u00e9cules d\u2019ADN (parfois dans un noyau et parfois dans le cytoplasme)<\/p>\n<p>Certaines cellules contiennent \u00e9galement dans leur cytoplasme des organites ayant des fonctions pr\u00e9cises :<\/p>\n<ul>\n<li>Le <strong>noyau<\/strong> contient l\u2019information g\u00e9n\u00e9tique (l\u2019ADN)<\/li>\n<li>Les <strong>mitochondries<\/strong> permettent la respiration cellulaire<\/li>\n<li>Les <strong>chloroplastes<\/strong> permettent la photosynth\u00e8se. Ce sont des organites verts.<\/li>\n<li>Les <strong>vacuoles<\/strong> stockent certains liquides \u2026<\/li>\n<\/ul>\n<p>Les cellules peuvent \u00eatre entour\u00e9es d\u2019une <strong>matrice extra-cellulaire <\/strong>: c\u2019est un ensemble de mol\u00e9cules s\u00e9cr\u00e9t\u00e9es (= cr\u00e9\u00e9es puis rejet\u00e9es) par la cellule (ex : Lame basale chez les animaux, Paroi chez les v\u00e9g\u00e9taux \u2026).<br \/>\nCes matrices extra-cellulaires permettent l\u2019assemblage des cellules en tissu chez les pluricellulaires et prot\u00e8gent les cellules<\/p>\n<p><img loading=\"lazy\" decoding=\"async\" class=\"aligncenter size-full wp-image-2001\" src=\"http:\/\/thibault-svt.fr\/wp-content\/uploads\/2021\/08\/Image1.png\" alt=\"\" width=\"1306\" height=\"577\" srcset=\"http:\/\/thibault-svt.fr\/wp-content\/uploads\/2021\/08\/Image1.png 1306w, http:\/\/thibault-svt.fr\/wp-content\/uploads\/2021\/08\/Image1-300x133.png 300w, http:\/\/thibault-svt.fr\/wp-content\/uploads\/2021\/08\/Image1-1024x452.png 1024w, http:\/\/thibault-svt.fr\/wp-content\/uploads\/2021\/08\/Image1-768x339.png 768w, http:\/\/thibault-svt.fr\/wp-content\/uploads\/2021\/08\/Image1-900x398.png 900w, http:\/\/thibault-svt.fr\/wp-content\/uploads\/2021\/08\/Image1-1280x566.png 1280w\" sizes=\"auto, (max-width: 1306px) 100vw, 1306px\" \/><\/p>\n<p>&nbsp;<\/p>\n<p style=\"text-align: center;\"><span style=\"color: #bf1177;\"><strong><u>II-  Relations entre la structure des cellules et leur fonction<\/u><\/strong><\/span><\/p>\n<p>Les \u00eatres vivants r\u00e9alisent tous certaines <strong>fonctions<\/strong> indispensables : Se <strong>nourrir, se reproduire, se prot\u00e9ger<\/strong> \u2026<br \/>\nPour tout cela, ils ont besoin d\u2019\u00e9nergie, qu\u2019ils fabriquent dans leurs cellules. La <strong>production de l\u2019\u00e9nergie <\/strong>est donc \u00e9galement une fonction du vivant.<\/p>\n<p style=\"padding-left: 80px;\"><span style=\"color: #339966;\">Probl\u00e8me : Comment les cellules permettent-elles aux \u00eatres vivants de r\u00e9aliser leurs fonctions ?<\/span><\/p>\n<p><span style=\"text-decoration: underline; color: #3366ff;\"><strong>A-     Chez les unicellulaires, la cellule peut remplir toutes les fonctions<\/strong><\/span><\/p>\n<div class=\"titre-TP\"><strong><span style=\"color: #000000;\"><a style=\"color: #000000;\" href=\"http:\/\/thibault-svt.fr\/wp-content\/uploads\/2021\/08\/Act-3-et-4-Relations-structure-fonction-dans-la-cellule.pdf\" target=\"_blank\" rel=\"noopener\">Activit\u00e9 3 &#8211; Relations Structure-fonction chez l&rsquo;eugl\u00e8ne <\/a><\/span><br \/>\n<\/strong><\/div>\n<p>&nbsp;<\/p>\n<p><strong>Chez les \u00eatres vivants unicellulaires,<\/strong> l\u2019unique cellule r\u00e9alise toutes les fonctions de l\u2019organisme (se reproduire, se nourrir, produire de l\u2019\u00e9nergie et se prot\u00e9ger) car <strong>la cellule poss\u00e8de tous les organites et toutes les mol\u00e9cules n\u00e9cessaires <\/strong>pour toutes ces fonctions : elle est autonome.<\/p>\n<p><span style=\"text-decoration: underline; color: #3366ff;\"><strong>B-     Chez les pluricellulaires, les cellules sont sp\u00e9cialis\u00e9es dans une fonction<\/strong><\/span><\/p>\n<div class=\"titre-TP\"><strong><span style=\"color: #000000;\"><a style=\"color: #000000;\" href=\"http:\/\/thibault-svt.fr\/wp-content\/uploads\/2021\/08\/Act-3-et-4-Relations-structure-fonction-dans-la-cellule.pdf\" target=\"_blank\" rel=\"noopener\">Activit\u00e9 4 &#8211; Relations structure-fonction chez les pluricellulaires<\/a>   +  <a style=\"color: #000000;\" href=\"http:\/\/thibault-svt.fr\/index.php\/secondes\/cours-de-svt-2nde\/chapitre-1-decrire-les-etres-vivants-a-differentes-echelles\/documents-activite-4\/\" target=\"_blank\" rel=\"noopener\">Documents associ\u00e9s<\/a> +  <a style=\"color: #000000;\" href=\"http:\/\/thibault-svt.fr\/index.php\/secondes\/cours-de-svt-2nde\/chapitre-1-decrire-les-etres-vivants-a-differentes-echelles\/correction-act4\/\" target=\"_blank\" rel=\"noopener\">Correction<\/a><\/span><\/strong><\/div>\n<p>&nbsp;<\/p>\n<p><strong>Chez les \u00eatres vivants pluricellulaires<\/strong>, <strong>chaque fonction est assur\u00e9e par des organes ou des tissus particuliers<\/strong>.<\/p>\n<p>Les cellules qui forment ces tissus ou ces organes sont <strong>sp\u00e9cialis\u00e9es<\/strong> dans la r\u00e9alisation de certaines fonctions : elles peuvent faire certaines fonctions, mais pas toutes<\/p>\n<p>Les cellules sont sp\u00e9cialis\u00e9es car elles ont des<strong> adaptations qui leur permettent de r\u00e9aliser leur fonction<\/strong> : ces adaptations peuvent \u00eatre : une forme, des organites et\/ou des mol\u00e9cules particuliers :  Il y a <strong>une relation entre la structure de la cellule et la fonction qu\u2019elle occupe. <\/strong><\/p>\n<p><em>Par exemple, les cellules de la peau sont sp\u00e9cialis\u00e9es dans la protection de l\u2019organisme. Elles poss\u00e8dent des mol\u00e9cules de m\u00e9lanine qui prot\u00e8gent du soleil, stock\u00e9es dans des organites appel\u00e9s m\u00e9lanosomes \u2026<\/em><\/p>\n<p>&nbsp;<\/p>\n<p style=\"text-align: center;\"><span style=\"color: #0000ff;\"><strong><a style=\"color: #0000ff;\" href=\"http:\/\/thibault-svt.fr\/index.php\/secondes\/cours-de-svt-2nde\/chapitre-1-decrire-les-etres-vivants-a-differentes-echelles\/exercices-de-revision-ch1-organisation-fonctionnelle-du-vivant\/\" target=\"_blank\" rel=\"noopener\">&#8211;&gt; Des exercices pour r\u00e9viser ce chapitre <\/a><\/strong><\/span><\/p>\n<p>&nbsp;<\/p>\n<p style=\"text-align: center;\"><span style=\"color: #0000ff;\"><strong>Tr\u00e8s bonne vid\u00e9o de pr\u00e9sentation de cellules sp\u00e9cialis\u00e9es : <\/strong><\/span><\/p>\n<p><iframe loading=\"lazy\" title=\"SP\u00c9CIALISATION CELLULAIRE chez les humains -SECONDE-\" src=\"https:\/\/www.youtube.com\/embed\/fzml2SWFwco\" width=\"853\" height=\"480\" frameborder=\"0\" allowfullscreen=\"allowfullscreen\"><\/iframe><\/p>\n","protected":false},"excerpt":{"rendered":"<p>Tous les \u00eatres vivants (= organismes) sont form\u00e9s d\u2019une ou de plusieurs cellules. La cellule est donc l\u2019unit\u00e9 commune \u00e0 tous les \u00eatres vivants. Les \u00eatres vivants unicellulaires n\u2019ont qu\u2019une seule cellule alors que les pluricellulaires en ont plusieurs (plusieurs centaines de milliards pour l\u2019\u00eatre humain) I- L\u2019organisation des \u00eatres vivants pluricellulaires A- Diff\u00e9rents niveaux [&hellip;]<\/p>\n","protected":false},"author":1,"featured_media":0,"parent":1633,"menu_order":0,"comment_status":"closed","ping_status":"closed","template":"full-width-page-template.php","meta":{"footnotes":""},"class_list":["post-1635","page","type-page","status-publish","hentry"],"yoast_head":"<!-- This site is optimized with the Yoast SEO plugin v24.4 - https:\/\/yoast.com\/wordpress\/plugins\/seo\/ -->\n<title>CHAPITRE 1 \u2013 Organisation fonctionnelle du vivant - SVT<\/title>\n<meta name=\"description\" content=\"Cours SVT 2nde. Chapitre 1. Organisation fonctionnelle des \u00eatres vivants. Niveaux d&#039;organisation. Cellules sp\u00e9cialis\u00e9es\" \/>\n<meta name=\"robots\" content=\"index, follow, max-snippet:-1, max-image-preview:large, max-video-preview:-1\" \/>\n<link rel=\"canonical\" href=\"http:\/\/thibault-svt.fr\/index.php\/secondes\/cours-de-svt-2nde\/chapitre-1-decrire-les-etres-vivants-a-differentes-echelles\/\" \/>\n<meta property=\"og:locale\" content=\"fr_FR\" \/>\n<meta property=\"og:type\" content=\"article\" \/>\n<meta property=\"og:title\" content=\"CHAPITRE 1 \u2013 Organisation fonctionnelle du vivant - SVT\" \/>\n<meta property=\"og:description\" content=\"Cours SVT 2nde. Chapitre 1. Organisation fonctionnelle des \u00eatres vivants. Niveaux d&#039;organisation. Cellules sp\u00e9cialis\u00e9es\" \/>\n<meta property=\"og:url\" content=\"http:\/\/thibault-svt.fr\/index.php\/secondes\/cours-de-svt-2nde\/chapitre-1-decrire-les-etres-vivants-a-differentes-echelles\/\" \/>\n<meta property=\"og:site_name\" content=\"SVT\" \/>\n<meta property=\"article:modified_time\" content=\"2023-02-07T13:18:04+00:00\" \/>\n<meta property=\"og:image\" content=\"http:\/\/thibault-svt.fr\/wp-content\/uploads\/2021\/08\/Niveau-organismation-vivant.png\" \/>\n<meta name=\"twitter:card\" content=\"summary_large_image\" \/>\n<meta name=\"twitter:label1\" content=\"Dur\u00e9e de lecture estim\u00e9e\" \/>\n\t<meta name=\"twitter:data1\" content=\"5 minutes\" \/>\n<script type=\"application\/ld+json\" class=\"yoast-schema-graph\">{\"@context\":\"https:\/\/schema.org\",\"@graph\":[{\"@type\":\"WebPage\",\"@id\":\"http:\/\/thibault-svt.fr\/index.php\/secondes\/cours-de-svt-2nde\/chapitre-1-decrire-les-etres-vivants-a-differentes-echelles\/\",\"url\":\"http:\/\/thibault-svt.fr\/index.php\/secondes\/cours-de-svt-2nde\/chapitre-1-decrire-les-etres-vivants-a-differentes-echelles\/\",\"name\":\"CHAPITRE 1 \u2013 Organisation fonctionnelle du vivant - SVT\",\"isPartOf\":{\"@id\":\"http:\/\/thibault-svt.fr\/#website\"},\"primaryImageOfPage\":{\"@id\":\"http:\/\/thibault-svt.fr\/index.php\/secondes\/cours-de-svt-2nde\/chapitre-1-decrire-les-etres-vivants-a-differentes-echelles\/#primaryimage\"},\"image\":{\"@id\":\"http:\/\/thibault-svt.fr\/index.php\/secondes\/cours-de-svt-2nde\/chapitre-1-decrire-les-etres-vivants-a-differentes-echelles\/#primaryimage\"},\"thumbnailUrl\":\"http:\/\/thibault-svt.fr\/wp-content\/uploads\/2021\/08\/Niveau-organismation-vivant.png\",\"datePublished\":\"2021-07-27T19:23:38+00:00\",\"dateModified\":\"2023-02-07T13:18:04+00:00\",\"description\":\"Cours SVT 2nde. Chapitre 1. Organisation fonctionnelle des \u00eatres vivants. Niveaux d'organisation. Cellules sp\u00e9cialis\u00e9es\",\"breadcrumb\":{\"@id\":\"http:\/\/thibault-svt.fr\/index.php\/secondes\/cours-de-svt-2nde\/chapitre-1-decrire-les-etres-vivants-a-differentes-echelles\/#breadcrumb\"},\"inLanguage\":\"fr-FR\",\"potentialAction\":[{\"@type\":\"ReadAction\",\"target\":[\"http:\/\/thibault-svt.fr\/index.php\/secondes\/cours-de-svt-2nde\/chapitre-1-decrire-les-etres-vivants-a-differentes-echelles\/\"]}]},{\"@type\":\"ImageObject\",\"inLanguage\":\"fr-FR\",\"@id\":\"http:\/\/thibault-svt.fr\/index.php\/secondes\/cours-de-svt-2nde\/chapitre-1-decrire-les-etres-vivants-a-differentes-echelles\/#primaryimage\",\"url\":\"http:\/\/thibault-svt.fr\/wp-content\/uploads\/2021\/08\/Niveau-organismation-vivant.png\",\"contentUrl\":\"http:\/\/thibault-svt.fr\/wp-content\/uploads\/2021\/08\/Niveau-organismation-vivant.png\",\"width\":1042,\"height\":1125},{\"@type\":\"BreadcrumbList\",\"@id\":\"http:\/\/thibault-svt.fr\/index.php\/secondes\/cours-de-svt-2nde\/chapitre-1-decrire-les-etres-vivants-a-differentes-echelles\/#breadcrumb\",\"itemListElement\":[{\"@type\":\"ListItem\",\"position\":1,\"name\":\"Accueil\",\"item\":\"http:\/\/thibault-svt.fr\/\"},{\"@type\":\"ListItem\",\"position\":2,\"name\":\"Secondes\",\"item\":\"http:\/\/thibault-svt.fr\/index.php\/secondes\/\"},{\"@type\":\"ListItem\",\"position\":3,\"name\":\"Cours de SVT &#8211; 2nde\",\"item\":\"http:\/\/thibault-svt.fr\/index.php\/secondes\/cours-de-svt-2nde\/\"},{\"@type\":\"ListItem\",\"position\":4,\"name\":\"CHAPITRE 1 \u2013 Organisation fonctionnelle du vivant\"}]},{\"@type\":\"WebSite\",\"@id\":\"http:\/\/thibault-svt.fr\/#website\",\"url\":\"http:\/\/thibault-svt.fr\/\",\"name\":\"SVT\",\"description\":\"Cours de SVT de Mme Thibault - Professeure au Lyc\u00e9e Maurice Genevoix\",\"potentialAction\":[{\"@type\":\"SearchAction\",\"target\":{\"@type\":\"EntryPoint\",\"urlTemplate\":\"http:\/\/thibault-svt.fr\/?s={search_term_string}\"},\"query-input\":{\"@type\":\"PropertyValueSpecification\",\"valueRequired\":true,\"valueName\":\"search_term_string\"}}],\"inLanguage\":\"fr-FR\"}]}<\/script>\n<!-- \/ Yoast SEO plugin. -->","yoast_head_json":{"title":"CHAPITRE 1 \u2013 Organisation fonctionnelle du vivant - SVT","description":"Cours SVT 2nde. Chapitre 1. Organisation fonctionnelle des \u00eatres vivants. Niveaux d'organisation. Cellules sp\u00e9cialis\u00e9es","robots":{"index":"index","follow":"follow","max-snippet":"max-snippet:-1","max-image-preview":"max-image-preview:large","max-video-preview":"max-video-preview:-1"},"canonical":"http:\/\/thibault-svt.fr\/index.php\/secondes\/cours-de-svt-2nde\/chapitre-1-decrire-les-etres-vivants-a-differentes-echelles\/","og_locale":"fr_FR","og_type":"article","og_title":"CHAPITRE 1 \u2013 Organisation fonctionnelle du vivant - SVT","og_description":"Cours SVT 2nde. Chapitre 1. Organisation fonctionnelle des \u00eatres vivants. Niveaux d'organisation. Cellules sp\u00e9cialis\u00e9es","og_url":"http:\/\/thibault-svt.fr\/index.php\/secondes\/cours-de-svt-2nde\/chapitre-1-decrire-les-etres-vivants-a-differentes-echelles\/","og_site_name":"SVT","article_modified_time":"2023-02-07T13:18:04+00:00","og_image":[{"url":"http:\/\/thibault-svt.fr\/wp-content\/uploads\/2021\/08\/Niveau-organismation-vivant.png","type":"","width":"","height":""}],"twitter_card":"summary_large_image","twitter_misc":{"Dur\u00e9e de lecture estim\u00e9e":"5 minutes"},"schema":{"@context":"https:\/\/schema.org","@graph":[{"@type":"WebPage","@id":"http:\/\/thibault-svt.fr\/index.php\/secondes\/cours-de-svt-2nde\/chapitre-1-decrire-les-etres-vivants-a-differentes-echelles\/","url":"http:\/\/thibault-svt.fr\/index.php\/secondes\/cours-de-svt-2nde\/chapitre-1-decrire-les-etres-vivants-a-differentes-echelles\/","name":"CHAPITRE 1 \u2013 Organisation fonctionnelle du vivant - SVT","isPartOf":{"@id":"http:\/\/thibault-svt.fr\/#website"},"primaryImageOfPage":{"@id":"http:\/\/thibault-svt.fr\/index.php\/secondes\/cours-de-svt-2nde\/chapitre-1-decrire-les-etres-vivants-a-differentes-echelles\/#primaryimage"},"image":{"@id":"http:\/\/thibault-svt.fr\/index.php\/secondes\/cours-de-svt-2nde\/chapitre-1-decrire-les-etres-vivants-a-differentes-echelles\/#primaryimage"},"thumbnailUrl":"http:\/\/thibault-svt.fr\/wp-content\/uploads\/2021\/08\/Niveau-organismation-vivant.png","datePublished":"2021-07-27T19:23:38+00:00","dateModified":"2023-02-07T13:18:04+00:00","description":"Cours SVT 2nde. Chapitre 1. Organisation fonctionnelle des \u00eatres vivants. Niveaux d'organisation. Cellules sp\u00e9cialis\u00e9es","breadcrumb":{"@id":"http:\/\/thibault-svt.fr\/index.php\/secondes\/cours-de-svt-2nde\/chapitre-1-decrire-les-etres-vivants-a-differentes-echelles\/#breadcrumb"},"inLanguage":"fr-FR","potentialAction":[{"@type":"ReadAction","target":["http:\/\/thibault-svt.fr\/index.php\/secondes\/cours-de-svt-2nde\/chapitre-1-decrire-les-etres-vivants-a-differentes-echelles\/"]}]},{"@type":"ImageObject","inLanguage":"fr-FR","@id":"http:\/\/thibault-svt.fr\/index.php\/secondes\/cours-de-svt-2nde\/chapitre-1-decrire-les-etres-vivants-a-differentes-echelles\/#primaryimage","url":"http:\/\/thibault-svt.fr\/wp-content\/uploads\/2021\/08\/Niveau-organismation-vivant.png","contentUrl":"http:\/\/thibault-svt.fr\/wp-content\/uploads\/2021\/08\/Niveau-organismation-vivant.png","width":1042,"height":1125},{"@type":"BreadcrumbList","@id":"http:\/\/thibault-svt.fr\/index.php\/secondes\/cours-de-svt-2nde\/chapitre-1-decrire-les-etres-vivants-a-differentes-echelles\/#breadcrumb","itemListElement":[{"@type":"ListItem","position":1,"name":"Accueil","item":"http:\/\/thibault-svt.fr\/"},{"@type":"ListItem","position":2,"name":"Secondes","item":"http:\/\/thibault-svt.fr\/index.php\/secondes\/"},{"@type":"ListItem","position":3,"name":"Cours de SVT &#8211; 2nde","item":"http:\/\/thibault-svt.fr\/index.php\/secondes\/cours-de-svt-2nde\/"},{"@type":"ListItem","position":4,"name":"CHAPITRE 1 \u2013 Organisation fonctionnelle du vivant"}]},{"@type":"WebSite","@id":"http:\/\/thibault-svt.fr\/#website","url":"http:\/\/thibault-svt.fr\/","name":"SVT","description":"Cours de SVT de Mme Thibault - Professeure au Lyc\u00e9e Maurice Genevoix","potentialAction":[{"@type":"SearchAction","target":{"@type":"EntryPoint","urlTemplate":"http:\/\/thibault-svt.fr\/?s={search_term_string}"},"query-input":{"@type":"PropertyValueSpecification","valueRequired":true,"valueName":"search_term_string"}}],"inLanguage":"fr-FR"}]}},"_links":{"self":[{"href":"http:\/\/thibault-svt.fr\/index.php\/wp-json\/wp\/v2\/pages\/1635","targetHints":{"allow":["GET"]}}],"collection":[{"href":"http:\/\/thibault-svt.fr\/index.php\/wp-json\/wp\/v2\/pages"}],"about":[{"href":"http:\/\/thibault-svt.fr\/index.php\/wp-json\/wp\/v2\/types\/page"}],"author":[{"embeddable":true,"href":"http:\/\/thibault-svt.fr\/index.php\/wp-json\/wp\/v2\/users\/1"}],"replies":[{"embeddable":true,"href":"http:\/\/thibault-svt.fr\/index.php\/wp-json\/wp\/v2\/comments?post=1635"}],"version-history":[{"count":34,"href":"http:\/\/thibault-svt.fr\/index.php\/wp-json\/wp\/v2\/pages\/1635\/revisions"}],"predecessor-version":[{"id":2338,"href":"http:\/\/thibault-svt.fr\/index.php\/wp-json\/wp\/v2\/pages\/1635\/revisions\/2338"}],"up":[{"embeddable":true,"href":"http:\/\/thibault-svt.fr\/index.php\/wp-json\/wp\/v2\/pages\/1633"}],"wp:attachment":[{"href":"http:\/\/thibault-svt.fr\/index.php\/wp-json\/wp\/v2\/media?parent=1635"}],"curies":[{"name":"wp","href":"https:\/\/api.w.org\/{rel}","templated":true}]}}