{"id":1633,"date":"2021-07-27T21:22:20","date_gmt":"2021-07-27T19:22:20","guid":{"rendered":"http:\/\/thibault-svt.fr\/?page_id=1633"},"modified":"2025-02-11T19:31:30","modified_gmt":"2025-02-11T18:31:30","slug":"cours-de-svt-2nde","status":"publish","type":"page","link":"http:\/\/thibault-svt.fr\/index.php\/secondes\/cours-de-svt-2nde\/","title":{"rendered":"Cours de SVT &#8211; 2nde"},"content":{"rendered":"<p style=\"text-align: center;\"><span style=\"color: #2fc23d;\"><strong>THEME 1 \u2013 Organisation fonctionnelle des \u00eatres vivants<\/strong><\/span><\/p>\n<ul>\n<li><span style=\"color: #008080;\"><a style=\"color: #008080;\" href=\"http:\/\/thibault-svt.fr\/index.php\/secondes\/cours-de-svt-2nde\/chapitre-1-decrire-les-etres-vivants-a-differentes-echelles\/\" target=\"_blank\" rel=\"noopener\"><strong>CHAPITRE 1 \u2013 Organisation fonctionnelle du vivant<\/strong><\/a><\/span><\/li>\n<li><a href=\"http:\/\/thibault-svt.fr\/index.php\/secondes\/cours-de-svt-2nde\/chapitre-2-origine-des-differences-entre-les-etres-vivants\/\"><span style=\"text-decoration: underline; color: #339966;\"><strong>CHAPITRE 2 &#8211; L&rsquo;ADN : origine de la sp\u00e9cialisation cellulaire<\/strong><\/span><\/a><\/li>\n<li><span style=\"color: #33cccc;\"><a style=\"color: #33cccc;\" href=\"http:\/\/thibault-svt.fr\/index.php\/secondes\/cours-de-svt-2nde\/chapitre-3-le-fonctionnement-des-etres-vivants\/\" target=\"_blank\" rel=\"noopener\"><strong>CHAPITRE 3 &#8211; Le m\u00e9tabolisme des cellules<\/strong><\/a><\/span><\/li>\n<li><span style=\"color: #2fe09c;\"><a style=\"color: #2fe09c;\" href=\"http:\/\/thibault-svt.fr\/index.php\/secondes\/cours-de-svt-2nde\/chapitre-4-evolution-des-etres-vivants\/\"><strong>CHAPITRE 4.1 \u2013 La Biodiversit\u00e9 <\/strong><\/a><\/span><\/li>\n<li><span style=\"color: #5cc45c;\"><a style=\"color: #5cc45c;\" href=\"http:\/\/thibault-svt.fr\/index.php\/secondes\/cours-de-svt-2nde\/chapitre-4-2-evolution-de-la-biodiversite\/\" target=\"_blank\" rel=\"noopener\"><strong>CHAPITRE 4.2 &#8211; L&rsquo;\u00e9volution de la biodiversit\u00e9<\/strong><\/a><\/span><\/li>\n<\/ul>\n<p>&nbsp;<\/p>\n<p style=\"text-align: center;\"><span style=\"color: #db2121;\"><strong>THEME 2 \u2013 Corps humain et sant\u00e9<\/strong><\/span><\/p>\n<ul>\n<li><span style=\"color: #800080;\"><strong>THEME 2A &#8211; Sexualit\u00e9 humaine, sant\u00e9 et procr\u00e9ation<\/strong><\/span>\n<ul>\n<li><span style=\"color: #b83074;\"><a style=\"color: #b83074;\" href=\"http:\/\/thibault-svt.fr\/index.php\/secondes\/cours-de-svt-2nde\/chapitre-1-mise-en-place-du-sexe-au-cours-de-la-vie\/\"><strong>CHAPITRE 1 \u2013 Mise en place du sexe au cours de la vie<\/strong><\/a><\/span><\/li>\n<li><a href=\"http:\/\/thibault-svt.fr\/index.php\/secondes\/cours-de-svt-2nde\/chapitre-2-hormones-et-procreation\/\" target=\"_blank\" rel=\"noopener\"><span style=\"color: #b830ac;\"><strong>CHAPITRE 2 \u2013 Fonctionnement des appareils reproducteurs \u00e0 la pubert\u00e9<\/strong><\/span><\/a><\/li>\n<li><a href=\"http:\/\/thibault-svt.fr\/index.php\/secondes\/cours-de-svt-2nde\/chapitre-3-contraception-et-plaisir\/\" target=\"_blank\" rel=\"noopener\"><span style=\"color: #9630b8;\"><strong>CHAPITRE 3 \u2013 Maitrise de la procr\u00e9ation<\/strong><\/span><\/a><\/li>\n<\/ul>\n<\/li>\n<\/ul>\n<p>&nbsp;<\/p>\n<ul>\n<li><span style=\"color: #8f4e22;\"><strong>THEME 2B- Microorganismes et sant\u00e9<\/strong><\/span>\n<ul>\n<li><span style=\"color: #db681a;\"><strong>CHAPITRE 4 \u2013 Les microorganismes pathog\u00e8nes, vecteurs de maladies<\/strong><\/span><\/li>\n<li><span style=\"color: #de8909;\"><strong>CHAPITRE 5 \u2013 Le microbiote, une composante de la sant\u00e9 humaine<\/strong><\/span><\/li>\n<\/ul>\n<\/li>\n<\/ul>\n<p>&nbsp;<\/p>\n<p style=\"text-align: center;\"><span style=\"color: #0000ff;\"><strong>THEME 3 \u2013 Enjeux plan\u00e9taires contemporains<\/strong><\/span><\/p>\n<ul>\n<li><span style=\"color: #0000ff;\"><strong>CHAPITRE 1 \u2013 L&rsquo;\u00e9rosion modifie les paysages<\/strong><\/span><\/li>\n<li><span style=\"color: #00aaff;\"><strong>CHAPITRE 2 \u2013 La s\u00e9dimentation<\/strong><\/span><\/li>\n<li><span style=\"color: #3fc0d1;\"><strong>CHAPITRE 3 \u2013 Le sol, une ressource \u00e0 pr\u00e9server<\/strong><\/span><\/li>\n<li><span style=\"color: #41d1c3;\"><strong>CHAPITRE 4 &#8211; Agrosyst\u00e8mes : structure et gestion<\/strong><\/span><\/li>\n<\/ul>\n","protected":false},"excerpt":{"rendered":"<p>THEME 1 \u2013 Organisation fonctionnelle des \u00eatres vivants CHAPITRE 1 \u2013 Organisation fonctionnelle du vivant CHAPITRE 2 &#8211; L&rsquo;ADN : origine de la sp\u00e9cialisation cellulaire CHAPITRE 3 &#8211; Le m\u00e9tabolisme des cellules CHAPITRE 4.1 \u2013 La Biodiversit\u00e9 CHAPITRE 4.2 &#8211; L&rsquo;\u00e9volution de la biodiversit\u00e9 &nbsp; THEME 2 \u2013 Corps humain et sant\u00e9 THEME 2A &#8211; [&hellip;]<\/p>\n","protected":false},"author":1,"featured_media":0,"parent":95,"menu_order":0,"comment_status":"closed","ping_status":"closed","template":"full-width-page-template.php","meta":{"footnotes":""},"class_list":["post-1633","page","type-page","status-publish","hentry"],"yoast_head":"<!-- This site is optimized with the Yoast SEO plugin v24.4 - https:\/\/yoast.com\/wordpress\/plugins\/seo\/ -->\n<title>Cours de SVT - 2nde - SVT<\/title>\n<meta name=\"description\" content=\"Cours de SVT - niveau seconde. Chapitres\" \/>\n<meta name=\"robots\" content=\"index, follow, max-snippet:-1, max-image-preview:large, max-video-preview:-1\" \/>\n<link rel=\"canonical\" href=\"http:\/\/thibault-svt.fr\/index.php\/secondes\/cours-de-svt-2nde\/\" \/>\n<meta property=\"og:locale\" content=\"fr_FR\" \/>\n<meta property=\"og:type\" content=\"article\" \/>\n<meta property=\"og:title\" content=\"Cours de SVT - 2nde - SVT\" \/>\n<meta property=\"og:description\" content=\"Cours de SVT - niveau seconde. Chapitres\" \/>\n<meta property=\"og:url\" content=\"http:\/\/thibault-svt.fr\/index.php\/secondes\/cours-de-svt-2nde\/\" \/>\n<meta property=\"og:site_name\" content=\"SVT\" \/>\n<meta property=\"article:modified_time\" content=\"2025-02-11T18:31:30+00:00\" \/>\n<meta name=\"twitter:card\" content=\"summary_large_image\" \/>\n<meta name=\"twitter:label1\" content=\"Dur\u00e9e de lecture estim\u00e9e\" \/>\n\t<meta name=\"twitter:data1\" content=\"1 minute\" \/>\n<script type=\"application\/ld+json\" class=\"yoast-schema-graph\">{\"@context\":\"https:\/\/schema.org\",\"@graph\":[{\"@type\":\"WebPage\",\"@id\":\"http:\/\/thibault-svt.fr\/index.php\/secondes\/cours-de-svt-2nde\/\",\"url\":\"http:\/\/thibault-svt.fr\/index.php\/secondes\/cours-de-svt-2nde\/\",\"name\":\"Cours de SVT - 2nde - SVT\",\"isPartOf\":{\"@id\":\"http:\/\/thibault-svt.fr\/#website\"},\"datePublished\":\"2021-07-27T19:22:20+00:00\",\"dateModified\":\"2025-02-11T18:31:30+00:00\",\"description\":\"Cours de SVT - niveau seconde. Chapitres\",\"breadcrumb\":{\"@id\":\"http:\/\/thibault-svt.fr\/index.php\/secondes\/cours-de-svt-2nde\/#breadcrumb\"},\"inLanguage\":\"fr-FR\",\"potentialAction\":[{\"@type\":\"ReadAction\",\"target\":[\"http:\/\/thibault-svt.fr\/index.php\/secondes\/cours-de-svt-2nde\/\"]}]},{\"@type\":\"BreadcrumbList\",\"@id\":\"http:\/\/thibault-svt.fr\/index.php\/secondes\/cours-de-svt-2nde\/#breadcrumb\",\"itemListElement\":[{\"@type\":\"ListItem\",\"position\":1,\"name\":\"Accueil\",\"item\":\"http:\/\/thibault-svt.fr\/\"},{\"@type\":\"ListItem\",\"position\":2,\"name\":\"Secondes\",\"item\":\"http:\/\/thibault-svt.fr\/index.php\/secondes\/\"},{\"@type\":\"ListItem\",\"position\":3,\"name\":\"Cours de SVT &#8211; 2nde\"}]},{\"@type\":\"WebSite\",\"@id\":\"http:\/\/thibault-svt.fr\/#website\",\"url\":\"http:\/\/thibault-svt.fr\/\",\"name\":\"SVT\",\"description\":\"Cours de SVT de Mme Thibault - Professeure au Lyc\u00e9e Maurice Genevoix\",\"potentialAction\":[{\"@type\":\"SearchAction\",\"target\":{\"@type\":\"EntryPoint\",\"urlTemplate\":\"http:\/\/thibault-svt.fr\/?s={search_term_string}\"},\"query-input\":{\"@type\":\"PropertyValueSpecification\",\"valueRequired\":true,\"valueName\":\"search_term_string\"}}],\"inLanguage\":\"fr-FR\"}]}<\/script>\n<!-- \/ Yoast SEO plugin. -->","yoast_head_json":{"title":"Cours de SVT - 2nde - SVT","description":"Cours de SVT - niveau seconde. Chapitres","robots":{"index":"index","follow":"follow","max-snippet":"max-snippet:-1","max-image-preview":"max-image-preview:large","max-video-preview":"max-video-preview:-1"},"canonical":"http:\/\/thibault-svt.fr\/index.php\/secondes\/cours-de-svt-2nde\/","og_locale":"fr_FR","og_type":"article","og_title":"Cours de SVT - 2nde - SVT","og_description":"Cours de SVT - niveau seconde. Chapitres","og_url":"http:\/\/thibault-svt.fr\/index.php\/secondes\/cours-de-svt-2nde\/","og_site_name":"SVT","article_modified_time":"2025-02-11T18:31:30+00:00","twitter_card":"summary_large_image","twitter_misc":{"Dur\u00e9e de lecture estim\u00e9e":"1 minute"},"schema":{"@context":"https:\/\/schema.org","@graph":[{"@type":"WebPage","@id":"http:\/\/thibault-svt.fr\/index.php\/secondes\/cours-de-svt-2nde\/","url":"http:\/\/thibault-svt.fr\/index.php\/secondes\/cours-de-svt-2nde\/","name":"Cours de SVT - 2nde - SVT","isPartOf":{"@id":"http:\/\/thibault-svt.fr\/#website"},"datePublished":"2021-07-27T19:22:20+00:00","dateModified":"2025-02-11T18:31:30+00:00","description":"Cours de SVT - niveau seconde. Chapitres","breadcrumb":{"@id":"http:\/\/thibault-svt.fr\/index.php\/secondes\/cours-de-svt-2nde\/#breadcrumb"},"inLanguage":"fr-FR","potentialAction":[{"@type":"ReadAction","target":["http:\/\/thibault-svt.fr\/index.php\/secondes\/cours-de-svt-2nde\/"]}]},{"@type":"BreadcrumbList","@id":"http:\/\/thibault-svt.fr\/index.php\/secondes\/cours-de-svt-2nde\/#breadcrumb","itemListElement":[{"@type":"ListItem","position":1,"name":"Accueil","item":"http:\/\/thibault-svt.fr\/"},{"@type":"ListItem","position":2,"name":"Secondes","item":"http:\/\/thibault-svt.fr\/index.php\/secondes\/"},{"@type":"ListItem","position":3,"name":"Cours de SVT &#8211; 2nde"}]},{"@type":"WebSite","@id":"http:\/\/thibault-svt.fr\/#website","url":"http:\/\/thibault-svt.fr\/","name":"SVT","description":"Cours de SVT de Mme Thibault - Professeure au Lyc\u00e9e Maurice Genevoix","potentialAction":[{"@type":"SearchAction","target":{"@type":"EntryPoint","urlTemplate":"http:\/\/thibault-svt.fr\/?s={search_term_string}"},"query-input":{"@type":"PropertyValueSpecification","valueRequired":true,"valueName":"search_term_string"}}],"inLanguage":"fr-FR"}]}},"_links":{"self":[{"href":"http:\/\/thibault-svt.fr\/index.php\/wp-json\/wp\/v2\/pages\/1633","targetHints":{"allow":["GET"]}}],"collection":[{"href":"http:\/\/thibault-svt.fr\/index.php\/wp-json\/wp\/v2\/pages"}],"about":[{"href":"http:\/\/thibault-svt.fr\/index.php\/wp-json\/wp\/v2\/types\/page"}],"author":[{"embeddable":true,"href":"http:\/\/thibault-svt.fr\/index.php\/wp-json\/wp\/v2\/users\/1"}],"replies":[{"embeddable":true,"href":"http:\/\/thibault-svt.fr\/index.php\/wp-json\/wp\/v2\/comments?post=1633"}],"version-history":[{"count":23,"href":"http:\/\/thibault-svt.fr\/index.php\/wp-json\/wp\/v2\/pages\/1633\/revisions"}],"predecessor-version":[{"id":3531,"href":"http:\/\/thibault-svt.fr\/index.php\/wp-json\/wp\/v2\/pages\/1633\/revisions\/3531"}],"up":[{"embeddable":true,"href":"http:\/\/thibault-svt.fr\/index.php\/wp-json\/wp\/v2\/pages\/95"}],"wp:attachment":[{"href":"http:\/\/thibault-svt.fr\/index.php\/wp-json\/wp\/v2\/media?parent=1633"}],"curies":[{"name":"wp","href":"https:\/\/api.w.org\/{rel}","templated":true}]}}