{"id":1605,"date":"2021-02-18T16:56:09","date_gmt":"2021-02-18T15:56:09","guid":{"rendered":"http:\/\/thibault-svt.fr\/?page_id=1605"},"modified":"2025-07-03T10:49:24","modified_gmt":"2025-07-03T08:49:24","slug":"theme-1-internet","status":"publish","type":"page","link":"http:\/\/thibault-svt.fr\/index.php\/secondes\/snt\/theme-1-internet\/","title":{"rendered":"THEME 1 &#8211; Internet"},"content":{"rendered":"<h1 style=\"text-align: center;\"><span style=\"color: #ff00ff;\"><strong>INTERNET : Qu&rsquo;est-ce que c&rsquo;est ?<\/strong><\/span><\/h1>\n<div class=\"titre-TP\"><span style=\"text-align: center;\"><span style=\"color: #000000;\"><a style=\"color: #000000;\" href=\"http:\/\/thibault-svt.fr\/wp-content\/uploads\/2021\/02\/S1-Internet-protocole-TCP.pdf\" target=\"_blank\" rel=\"noopener\">Activit\u00e9 1 &#8211; Internet et protocole TCP<\/a> <\/span><\/span><\/div>\n<p>Petite vid\u00e9o explicative : <iframe loading=\"lazy\" src=\"https:\/\/www.youtube.com\/embed\/xhjgvhZQ-j8\" width=\"916\" height=\"515\" frameborder=\"0\" allowfullscreen=\"allowfullscreen\"><\/iframe><\/p>\n<p>Internet est<strong> un r\u00e9seau de machines<\/strong> (ordinateurs, smartphones, objets connect\u00e9s \u2026.) reli\u00e9es les unes aux autres partout dans le monde.<\/p>\n<h1 style=\"text-align: center;\"><span style=\"color: #cf3ce6;\">INTERNET : Depuis quand \u00e7a existe ? <\/span><\/h1>\n<p><img loading=\"lazy\" decoding=\"async\" class=\" wp-image-1612 aligncenter\" src=\"http:\/\/thibault-svt.fr\/wp-content\/uploads\/2021\/02\/historique-internet.jpg\" alt=\"\" width=\"744\" height=\"425\" \/><\/p>\n<h1 style=\"text-align: center;\"><span style=\"color: #7d3ce6;\">INTERNET : Comment \u00e7a fonctionne ? <\/span><\/h1>\n<h4><span style=\"color: #2eb35a;\">A- Principe global<\/span><\/h4>\n<p>Internet permet la communication entre les machines connect\u00e9es par l\u2019\u00e9change de donn\u00e9es vari\u00e9es (Texte, Vid\u00e9o, Audio, Programmes informatiques \u2026).<\/p>\n<p>Les donn\u00e9es sont transmises d\u2019un exp\u00e9diteur \u00e0 un destinataire en passant d\u2019une machine \u00e0 l\u2019autre. Les machines qui transmettent les messages sont appel\u00e9s <b>des routeurs.<\/b><\/p>\n<h4><span style=\"color: #2eb35a;\">B- Protocole IP<\/span><\/h4>\n<p><strong>Chaque machine est identifi\u00e9e par une adresse IP unique<\/strong> d\u00e9finie par le <strong>protocole IP<\/strong> (Internet Protocol). Cette adresse permet de retrouver une machine sur le r\u00e9seau et de s&rsquo;assurer que chaque machine a un nom unique.<\/p>\n<h4><span style=\"color: #2eb35a;\"><strong>C- Protocole TCP<\/strong><\/span><\/h4>\n<p>G\u00e9n\u00e9ralement, les donn\u00e9es d\u2019un message sont s\u00e9par\u00e9es en plusieurs <b>paquets<\/b> transmis ind\u00e9pendamment les uns des autres.<\/p>\n<p>Pour que les messages soient compris par tous les ordinateurs dans le monde, ils doivent respecter une norme d\u00e9finie par le <b>protocole TCP<\/b> ( Transmission Control Protocol)<\/p>\n<p>Ce protocole impose que chaque message doit contenir :<\/p>\n<ul>\n<li>L\u2019adresse IP du destinataire<\/li>\n<li>L\u2019adresse IP de l\u2019exp\u00e9diteur (pour l\u2019accus\u00e9-r\u00e9ception du message)<\/li>\n<li>Les donn\u00e9es \u00e0 \u00e9changer<\/li>\n<li>Le num\u00e9ro du paquet (pour que le destinataire puisse remettre le message dans l\u2019ordre \u00e0 la r\u00e9ception)<\/li>\n<\/ul>\n<h1 style=\"text-align: center;\"><span style=\"color: #3c8ee6;\">LE ROUTAGE DE L&rsquo;INFORMATION : <\/span><\/h1>\n<div class=\"titre-TP\"><span style=\"color: #000000;\"><a style=\"color: #000000;\" href=\"http:\/\/thibault-svt.fr\/wp-content\/uploads\/2021\/02\/S2-Routage-et-DNS.pdf\" target=\"_blank\" rel=\"noopener\">Activit\u00e9 2 &#8211; Routage et DNS<\/a><\/span><\/div>\n<h4><span style=\"color: #2eb35a;\"><u><b>A- Identifier le destinataire : le r\u00f4le du DNS<\/b><\/u><\/span><\/h4>\n<p>Les machines sont identifi\u00e9es par leur <b>adresse IP <\/b>qui est difficile \u00e0 retenir pour un humain.<\/p>\n<p>Ainsi, pour faciliter la communication, on utilise des adresses symboliques (URL) (exemple : www.google.fr ou fr.wikipedia.org)<\/p>\n<p>Pour qu\u2019un message arrive au destinataire, il faut que l\u2019adresse symbolique soit transform\u00e9e en adresse IP : c\u2019est le r\u00f4le du <b>syst\u00e8me DNS <\/b>(Domain Name System). Ce syst\u00e8me DNS est form\u00e9 de plusieurs ordinateurs qui connaissent la correspondance entre adresse symbolique et adresse IP<\/p>\n<p><img loading=\"lazy\" decoding=\"async\" class=\"aligncenter wp-image-1624\" src=\"http:\/\/thibault-svt.fr\/wp-content\/uploads\/2021\/02\/DNS.png\" alt=\"\" width=\"707\" height=\"450\" \/><\/p>\n<p>Pour atteindre le destinataire, les paquets d\u2019un messages sont transmis d\u2019un routeur \u00e0 un autre en suivant la route la plus rapide.<\/p>\n<p>Pour cela, chaque routeur \u00e9tablit en permanence <b>une table de routage <\/b>qui lui permet de connaitre l\u2019\u00e9tat des connexions avec les routeurs voisins et de choisir la route optimale vers le destinataire. Ce principe \u00e9vite notamment la surcharge des routeurs en envoyant les paquets vers des routeurs libres.<\/p>\n<p><em>C&rsquo;est un peu le m\u00eame principe que pour partir en vacances : Vous voulez aller de Paris \u00e0 Marseille, plusieurs routes sont possibles, passant par plusieurs villes. A chaque ville, votre GPS identifie la route la plus rapide pour vous rapprocher de votre destination, en fonction du trafic, de l&rsquo;\u00e9tat des routes et des villes reli\u00e9es \u00e0 celle o\u00f9 vous \u00eates. <\/em><\/p>\n<p><img loading=\"lazy\" decoding=\"async\" class=\"aligncenter size-full wp-image-1625\" src=\"http:\/\/thibault-svt.fr\/wp-content\/uploads\/2021\/02\/Analogie-routage-de-linformation.png\" alt=\"\" width=\"898\" height=\"942\" srcset=\"http:\/\/thibault-svt.fr\/wp-content\/uploads\/2021\/02\/Analogie-routage-de-linformation.png 898w, http:\/\/thibault-svt.fr\/wp-content\/uploads\/2021\/02\/Analogie-routage-de-linformation-286x300.png 286w, http:\/\/thibault-svt.fr\/wp-content\/uploads\/2021\/02\/Analogie-routage-de-linformation-768x806.png 768w\" sizes=\"auto, (max-width: 898px) 100vw, 898px\" \/><\/p>\n<h1 style=\"text-align: center;\"><span style=\"color: #3c8ee6;\"> LES DIFFERENTS RESEAUX<\/span><\/h1>\n<div class=\"titre-TP\">\n<h4><a href=\"http:\/\/thibault-svt.fr\/wp-content\/uploads\/2025\/07\/S3-Reseaux-connexions-p2p.pdf\" target=\"_blank\" rel=\"noopener\">Activit\u00e9 3 &#8211; R\u00e9seaux, connections et architectures<\/a>\u00a0 + <a href=\"http:\/\/thibault-svt.fr\/wp-content\/uploads\/2025\/07\/S3-Documents.pdf\" target=\"_blank\" rel=\"noopener\">Documents<\/a> <u><b> <\/b><\/u><\/h4>\n<\/div>\n<p>Diff\u00e9rents types de r\u00e9seaux existent :<\/p>\n<p>&#8211; Des r\u00e9seaux priv\u00e9s (LAN) connectent des ordinateurs priv\u00e9s (par exemple pour jouer \u00e0 un jeu multijoueur, ou brancher les ordinateurs d\u2019un lyc\u00e9e entre eux)<\/p>\n<p>&#8211; Des r\u00e9seaux mobiles permettent, avec des connexions par ondes (4G, Bluetooth \u2026) de connecter les smartphones sans acc\u00e8s \u00e0 un fil<\/p>\n<p>&#8211; Internet est le r\u00e9seau qui relie tous ces r\u00e9seaux.<\/p>\n<p>Ces diff\u00e9rents r\u00e9seaux s\u2019appuient sur diff\u00e9rents types de connexions : filaire (c\u00e2bles Ethernet, fibre optique) ou par ondes (4G, Wifi) et peuvent passer d\u2019une connexion \u00e0 l\u2019autre : le type de connexion est ind\u00e9pendant du type de r\u00e9seau.<\/p>\n<h4><span style=\"color: #2eb35a;\"><u><b>B- Diff\u00e9rentes architectures de r\u00e9seaux <\/b><\/u><\/span><\/h4>\n<ul>\n<li>Il existe diff\u00e9rentes architectures de r\u00e9seaux (=fa\u00e7on dont les r\u00e9seaux sont construits) :<\/li>\n<li><u><b>L\u2019architecture client-serveur <\/b><\/u>: l\u2019ordinateur client envoie une requ\u00eate http au serveur contenant les informations, le DNS envoie vers le bon serveur et le serveur renvoie l\u2019information demand\u00e9e au client<\/li>\n<li><u><b>L\u2019architecture peer-to-peer <\/b><\/u>(=pair \u00e0 pair) : chaque ordinateur est \u00e0 la fois client et serveur : il r\u00e9cup\u00e8re des morceaux d\u2019informations \u00e0 d\u2019autres ordinateurs et les partage \u00e0 son tour.<\/li>\n<\/ul>\n<h4><span style=\"color: #2eb35a;\"><u><b><img loading=\"lazy\" decoding=\"async\" class=\"aligncenter  wp-image-3580\" src=\"http:\/\/thibault-svt.fr\/wp-content\/uploads\/2025\/07\/reseaux.png\" alt=\"\" width=\"569\" height=\"194\" srcset=\"http:\/\/thibault-svt.fr\/wp-content\/uploads\/2025\/07\/reseaux.png 660w, http:\/\/thibault-svt.fr\/wp-content\/uploads\/2025\/07\/reseaux-300x102.png 300w\" sizes=\"auto, (max-width: 569px) 100vw, 569px\" \/><\/b><\/u><\/span><\/h4>\n<p>Cette architecture est utilis\u00e9e pour effectuer des op\u00e9rations tr\u00e8s longues (d\u00e9cryptage du g\u00e9nome par exemple) ou pour \u00e9changer des fichiers (souvent vid\u00e9o\/musicaux et parfois ill\u00e9gaux)<\/p>\n<p>Elle pr\u00e9sente l\u2019avantage d\u2019\u00e9viter les surcharges de serveurs.<\/p>\n","protected":false},"excerpt":{"rendered":"<p>INTERNET : Qu&rsquo;est-ce que c&rsquo;est ? Activit\u00e9 1 &#8211; Internet et protocole TCP Petite vid\u00e9o explicative : Internet est un r\u00e9seau de machines (ordinateurs, smartphones, objets connect\u00e9s \u2026.) reli\u00e9es les unes aux autres partout dans le monde. INTERNET : Depuis quand \u00e7a existe ? INTERNET : Comment \u00e7a fonctionne ? A- Principe global Internet permet [&hellip;]<\/p>\n","protected":false},"author":1,"featured_media":0,"parent":96,"menu_order":0,"comment_status":"closed","ping_status":"closed","template":"full-width-page-template.php","meta":{"footnotes":""},"class_list":["post-1605","page","type-page","status-publish","hentry"],"yoast_head":"<!-- This site is optimized with the Yoast SEO plugin v24.4 - https:\/\/yoast.com\/wordpress\/plugins\/seo\/ -->\n<title>THEME 1 - Internet - SVT<\/title>\n<meta name=\"robots\" content=\"index, follow, max-snippet:-1, max-image-preview:large, max-video-preview:-1\" \/>\n<link rel=\"canonical\" href=\"http:\/\/thibault-svt.fr\/index.php\/secondes\/snt\/theme-1-internet\/\" \/>\n<meta property=\"og:locale\" content=\"fr_FR\" \/>\n<meta property=\"og:type\" content=\"article\" \/>\n<meta property=\"og:title\" content=\"THEME 1 - Internet - SVT\" \/>\n<meta property=\"og:description\" content=\"INTERNET : Qu&rsquo;est-ce que c&rsquo;est ? Activit\u00e9 1 &#8211; Internet et protocole TCP Petite vid\u00e9o explicative : Internet est un r\u00e9seau de machines (ordinateurs, smartphones, objets connect\u00e9s \u2026.) reli\u00e9es les unes aux autres partout dans le monde. INTERNET : Depuis quand \u00e7a existe ? INTERNET : Comment \u00e7a fonctionne ? A- Principe global Internet permet [&hellip;]\" \/>\n<meta property=\"og:url\" content=\"http:\/\/thibault-svt.fr\/index.php\/secondes\/snt\/theme-1-internet\/\" \/>\n<meta property=\"og:site_name\" content=\"SVT\" \/>\n<meta property=\"article:modified_time\" content=\"2025-07-03T08:49:24+00:00\" \/>\n<meta property=\"og:image\" content=\"http:\/\/thibault-svt.fr\/wp-content\/uploads\/2021\/02\/historique-internet.jpg\" \/>\n\t<meta property=\"og:image:width\" content=\"1351\" \/>\n\t<meta property=\"og:image:height\" content=\"763\" \/>\n\t<meta property=\"og:image:type\" content=\"image\/jpeg\" \/>\n<meta name=\"twitter:card\" content=\"summary_large_image\" \/>\n<meta name=\"twitter:label1\" content=\"Dur\u00e9e de lecture estim\u00e9e\" \/>\n\t<meta name=\"twitter:data1\" content=\"5 minutes\" \/>\n<script type=\"application\/ld+json\" class=\"yoast-schema-graph\">{\"@context\":\"https:\/\/schema.org\",\"@graph\":[{\"@type\":\"WebPage\",\"@id\":\"http:\/\/thibault-svt.fr\/index.php\/secondes\/snt\/theme-1-internet\/\",\"url\":\"http:\/\/thibault-svt.fr\/index.php\/secondes\/snt\/theme-1-internet\/\",\"name\":\"THEME 1 - Internet - SVT\",\"isPartOf\":{\"@id\":\"http:\/\/thibault-svt.fr\/#website\"},\"primaryImageOfPage\":{\"@id\":\"http:\/\/thibault-svt.fr\/index.php\/secondes\/snt\/theme-1-internet\/#primaryimage\"},\"image\":{\"@id\":\"http:\/\/thibault-svt.fr\/index.php\/secondes\/snt\/theme-1-internet\/#primaryimage\"},\"thumbnailUrl\":\"http:\/\/thibault-svt.fr\/wp-content\/uploads\/2021\/02\/historique-internet.jpg\",\"datePublished\":\"2021-02-18T15:56:09+00:00\",\"dateModified\":\"2025-07-03T08:49:24+00:00\",\"breadcrumb\":{\"@id\":\"http:\/\/thibault-svt.fr\/index.php\/secondes\/snt\/theme-1-internet\/#breadcrumb\"},\"inLanguage\":\"fr-FR\",\"potentialAction\":[{\"@type\":\"ReadAction\",\"target\":[\"http:\/\/thibault-svt.fr\/index.php\/secondes\/snt\/theme-1-internet\/\"]}]},{\"@type\":\"ImageObject\",\"inLanguage\":\"fr-FR\",\"@id\":\"http:\/\/thibault-svt.fr\/index.php\/secondes\/snt\/theme-1-internet\/#primaryimage\",\"url\":\"http:\/\/thibault-svt.fr\/wp-content\/uploads\/2021\/02\/historique-internet.jpg\",\"contentUrl\":\"http:\/\/thibault-svt.fr\/wp-content\/uploads\/2021\/02\/historique-internet.jpg\",\"width\":1351,\"height\":763},{\"@type\":\"BreadcrumbList\",\"@id\":\"http:\/\/thibault-svt.fr\/index.php\/secondes\/snt\/theme-1-internet\/#breadcrumb\",\"itemListElement\":[{\"@type\":\"ListItem\",\"position\":1,\"name\":\"Accueil\",\"item\":\"http:\/\/thibault-svt.fr\/\"},{\"@type\":\"ListItem\",\"position\":2,\"name\":\"Secondes\",\"item\":\"http:\/\/thibault-svt.fr\/index.php\/secondes\/\"},{\"@type\":\"ListItem\",\"position\":3,\"name\":\"SNT\",\"item\":\"http:\/\/thibault-svt.fr\/index.php\/secondes\/snt\/\"},{\"@type\":\"ListItem\",\"position\":4,\"name\":\"THEME 1 &#8211; Internet\"}]},{\"@type\":\"WebSite\",\"@id\":\"http:\/\/thibault-svt.fr\/#website\",\"url\":\"http:\/\/thibault-svt.fr\/\",\"name\":\"SVT\",\"description\":\"Cours de SVT de Mme Thibault - Professeure au Lyc\u00e9e Maurice Genevoix\",\"potentialAction\":[{\"@type\":\"SearchAction\",\"target\":{\"@type\":\"EntryPoint\",\"urlTemplate\":\"http:\/\/thibault-svt.fr\/?s={search_term_string}\"},\"query-input\":{\"@type\":\"PropertyValueSpecification\",\"valueRequired\":true,\"valueName\":\"search_term_string\"}}],\"inLanguage\":\"fr-FR\"}]}<\/script>\n<!-- \/ Yoast SEO plugin. -->","yoast_head_json":{"title":"THEME 1 - Internet - SVT","robots":{"index":"index","follow":"follow","max-snippet":"max-snippet:-1","max-image-preview":"max-image-preview:large","max-video-preview":"max-video-preview:-1"},"canonical":"http:\/\/thibault-svt.fr\/index.php\/secondes\/snt\/theme-1-internet\/","og_locale":"fr_FR","og_type":"article","og_title":"THEME 1 - Internet - SVT","og_description":"INTERNET : Qu&rsquo;est-ce que c&rsquo;est ? Activit\u00e9 1 &#8211; Internet et protocole TCP Petite vid\u00e9o explicative : Internet est un r\u00e9seau de machines (ordinateurs, smartphones, objets connect\u00e9s \u2026.) reli\u00e9es les unes aux autres partout dans le monde. INTERNET : Depuis quand \u00e7a existe ? INTERNET : Comment \u00e7a fonctionne ? A- Principe global Internet permet [&hellip;]","og_url":"http:\/\/thibault-svt.fr\/index.php\/secondes\/snt\/theme-1-internet\/","og_site_name":"SVT","article_modified_time":"2025-07-03T08:49:24+00:00","og_image":[{"width":1351,"height":763,"url":"http:\/\/thibault-svt.fr\/wp-content\/uploads\/2021\/02\/historique-internet.jpg","type":"image\/jpeg"}],"twitter_card":"summary_large_image","twitter_misc":{"Dur\u00e9e de lecture estim\u00e9e":"5 minutes"},"schema":{"@context":"https:\/\/schema.org","@graph":[{"@type":"WebPage","@id":"http:\/\/thibault-svt.fr\/index.php\/secondes\/snt\/theme-1-internet\/","url":"http:\/\/thibault-svt.fr\/index.php\/secondes\/snt\/theme-1-internet\/","name":"THEME 1 - Internet - SVT","isPartOf":{"@id":"http:\/\/thibault-svt.fr\/#website"},"primaryImageOfPage":{"@id":"http:\/\/thibault-svt.fr\/index.php\/secondes\/snt\/theme-1-internet\/#primaryimage"},"image":{"@id":"http:\/\/thibault-svt.fr\/index.php\/secondes\/snt\/theme-1-internet\/#primaryimage"},"thumbnailUrl":"http:\/\/thibault-svt.fr\/wp-content\/uploads\/2021\/02\/historique-internet.jpg","datePublished":"2021-02-18T15:56:09+00:00","dateModified":"2025-07-03T08:49:24+00:00","breadcrumb":{"@id":"http:\/\/thibault-svt.fr\/index.php\/secondes\/snt\/theme-1-internet\/#breadcrumb"},"inLanguage":"fr-FR","potentialAction":[{"@type":"ReadAction","target":["http:\/\/thibault-svt.fr\/index.php\/secondes\/snt\/theme-1-internet\/"]}]},{"@type":"ImageObject","inLanguage":"fr-FR","@id":"http:\/\/thibault-svt.fr\/index.php\/secondes\/snt\/theme-1-internet\/#primaryimage","url":"http:\/\/thibault-svt.fr\/wp-content\/uploads\/2021\/02\/historique-internet.jpg","contentUrl":"http:\/\/thibault-svt.fr\/wp-content\/uploads\/2021\/02\/historique-internet.jpg","width":1351,"height":763},{"@type":"BreadcrumbList","@id":"http:\/\/thibault-svt.fr\/index.php\/secondes\/snt\/theme-1-internet\/#breadcrumb","itemListElement":[{"@type":"ListItem","position":1,"name":"Accueil","item":"http:\/\/thibault-svt.fr\/"},{"@type":"ListItem","position":2,"name":"Secondes","item":"http:\/\/thibault-svt.fr\/index.php\/secondes\/"},{"@type":"ListItem","position":3,"name":"SNT","item":"http:\/\/thibault-svt.fr\/index.php\/secondes\/snt\/"},{"@type":"ListItem","position":4,"name":"THEME 1 &#8211; Internet"}]},{"@type":"WebSite","@id":"http:\/\/thibault-svt.fr\/#website","url":"http:\/\/thibault-svt.fr\/","name":"SVT","description":"Cours de SVT de Mme Thibault - Professeure au Lyc\u00e9e Maurice Genevoix","potentialAction":[{"@type":"SearchAction","target":{"@type":"EntryPoint","urlTemplate":"http:\/\/thibault-svt.fr\/?s={search_term_string}"},"query-input":{"@type":"PropertyValueSpecification","valueRequired":true,"valueName":"search_term_string"}}],"inLanguage":"fr-FR"}]}},"_links":{"self":[{"href":"http:\/\/thibault-svt.fr\/index.php\/wp-json\/wp\/v2\/pages\/1605","targetHints":{"allow":["GET"]}}],"collection":[{"href":"http:\/\/thibault-svt.fr\/index.php\/wp-json\/wp\/v2\/pages"}],"about":[{"href":"http:\/\/thibault-svt.fr\/index.php\/wp-json\/wp\/v2\/types\/page"}],"author":[{"embeddable":true,"href":"http:\/\/thibault-svt.fr\/index.php\/wp-json\/wp\/v2\/users\/1"}],"replies":[{"embeddable":true,"href":"http:\/\/thibault-svt.fr\/index.php\/wp-json\/wp\/v2\/comments?post=1605"}],"version-history":[{"count":20,"href":"http:\/\/thibault-svt.fr\/index.php\/wp-json\/wp\/v2\/pages\/1605\/revisions"}],"predecessor-version":[{"id":3581,"href":"http:\/\/thibault-svt.fr\/index.php\/wp-json\/wp\/v2\/pages\/1605\/revisions\/3581"}],"up":[{"embeddable":true,"href":"http:\/\/thibault-svt.fr\/index.php\/wp-json\/wp\/v2\/pages\/96"}],"wp:attachment":[{"href":"http:\/\/thibault-svt.fr\/index.php\/wp-json\/wp\/v2\/media?parent=1605"}],"curies":[{"name":"wp","href":"https:\/\/api.w.org\/{rel}","templated":true}]}}