{"id":143,"date":"2018-04-26T14:42:08","date_gmt":"2018-04-26T12:42:08","guid":{"rendered":"http:\/\/thibault-svt.fr\/?page_id=143"},"modified":"2021-07-28T13:12:20","modified_gmt":"2021-07-28T11:12:20","slug":"ressources-pour-reviser","status":"publish","type":"page","link":"http:\/\/thibault-svt.fr\/index.php\/terminales\/ressources-pour-reviser\/","title":{"rendered":"Ressources pour r\u00e9viser"},"content":{"rendered":"<p><strong style=\"color: #0f49a2;\">ANNALES DE SUJETS DU BAC :<\/strong><br \/>\n<span style=\"color: #1dab72;\"><a style=\"color: #1dab72;\" href=\"http:\/\/svt.ac-besancon.fr\/banque-de-sujets-de-bac-sujets-s\/\" target=\"_blank\" rel=\"noopener\">&gt; Site de l&rsquo;acad\u00e9mie de Besan\u00e7on<\/a> :<\/span> A utiliser pour vous entra\u00eener sur des sujets<\/p>\n<p><strong style=\"color: #0f49a2;\">LOGICIELS POUR LES ECE :<\/strong><br \/>\n<span style=\"color: #1dab72;\"><a style=\"color: #1dab72;\" href=\"http:\/\/acces.ens-lyon.fr\/acces\/logiciels\/applications\/rastop\/telechargements\" target=\"_blank\" rel=\"noopener\"> &gt; Rastop &#8211; Site de l&rsquo;ENS Lyon<\/a> :<\/span> Logiciel de visualisation de mol\u00e9cules<br \/>\n<span style=\"color: #1dab72;\"><a style=\"color: #1dab72;\" href=\"http:\/\/acces.ens-lyon.fr\/acces\/thematiques\/evolution\/logiciels\/phylogene\" target=\"_blank\" rel=\"noopener\"> &gt; Phylog\u00e8ne &#8211; Site de l&rsquo;ENS Lyon<\/a> :<\/span> Logiciel de construction et d&rsquo;\u00e9tude d&rsquo;arbres phylog\u00e9n\u00e9tiques.<br \/>\n<span style=\"color: #1dab72;\"><a style=\"color: #1dab72;\" href=\"http:\/\/acces.ens-lyon.fr\/acces\/thematiques\/evolution\/logiciels\/anagene\" target=\"_blank\" rel=\"noopener\"> &gt; Anag\u00e8ne &#8211; Site de l&rsquo;ENS Lyon<\/a> :<\/span> Logiciel de comparaison de s\u00e9quences peptidiques et nucl\u00e9otidiques<br \/>\n<span style=\"color: #1dab72;\"><a style=\"color: #1dab72;\" href=\"http:\/\/acces.ens-lyon.fr\/acces\/thematiques\/neurosciences\/outils-numeriques\/eduanatomist\" target=\"_blank\" rel=\"noopener\"> &gt; Eduanatomist &#8211; Site de l&rsquo;ENS Lyon<\/a> :<\/span> Logiciel visualisation d&rsquo;IRM<br \/>\n<span style=\"color: #1dab72;\"><a style=\"color: #1dab72;\" href=\"http:\/\/acces.ens-lyon.fr\/acces\/logiciels\/applications\/mesurim\/mesurim-telechargement-du-logiciel\" target=\"_blank\" rel=\"noopener\"> &gt; Mesurim &#8211; Site de l&rsquo;ENS Lyon<\/a> :<\/span> Logiciel de mesure sur photographies et images<br \/>\n<span style=\"color: #1dab72;\"><a style=\"color: #1dab72;\" href=\"http:\/\/acces.ens-lyon.fr\/acces\/logiciels\/applications\/tectoglob\/Tectoglob_11_complet.zip\/view\" target=\"_blank\" rel=\"noopener\"> &gt; Tectoglob &#8211; Site de l&rsquo;ENS Lyon<\/a> :<\/span> Logiciel de visualisation de donn\u00e9es g\u00e9ologiques<br \/>\n<span style=\"color: #1dab72;\"><a style=\"color: #1dab72;\" href=\"https:\/\/www.google.com\/earth\/download\/gep\/agree.html\" target=\"_blank\" rel=\"noopener\"> &gt; Google-earth &#8211; Distribu\u00e9 par Google<\/a> :<\/span> Logiciel de visualisation d&rsquo;images satellitaires; des reliefs &#8230;<\/p>\n","protected":false},"excerpt":{"rendered":"<p>ANNALES DE SUJETS DU BAC : &gt; Site de l&rsquo;acad\u00e9mie de Besan\u00e7on : A utiliser pour vous entra\u00eener sur des sujets LOGICIELS POUR LES ECE : &gt; Rastop &#8211; Site de l&rsquo;ENS Lyon : Logiciel de visualisation de mol\u00e9cules &gt; Phylog\u00e8ne &#8211; Site de l&rsquo;ENS Lyon : Logiciel de construction et d&rsquo;\u00e9tude d&rsquo;arbres phylog\u00e9n\u00e9tiques. &gt; [&hellip;]<\/p>\n","protected":false},"author":1,"featured_media":0,"parent":86,"menu_order":2,"comment_status":"closed","ping_status":"closed","template":"","meta":{"footnotes":""},"class_list":["post-143","page","type-page","status-publish","hentry"],"yoast_head":"<!-- This site is optimized with the Yoast SEO plugin v24.4 - https:\/\/yoast.com\/wordpress\/plugins\/seo\/ -->\n<title>SVT-TS : Ressources pour r\u00e9viser le bac en SVT.<\/title>\n<meta name=\"description\" content=\"Ressources pour r\u00e9viser le bac en SVT - Enseignement obligatoire. Annales de sujets de baccalaur\u00e9at en SVT. Liens vers les logiciels t\u00e9l\u00e9chargeables et utilisables en ECE (TP)\" \/>\n<meta name=\"robots\" content=\"index, follow, max-snippet:-1, max-image-preview:large, max-video-preview:-1\" \/>\n<link rel=\"canonical\" href=\"http:\/\/thibault-svt.fr\/index.php\/terminales\/ressources-pour-reviser\/\" \/>\n<meta property=\"og:locale\" content=\"fr_FR\" \/>\n<meta property=\"og:type\" content=\"article\" \/>\n<meta property=\"og:title\" content=\"SVT-TS : Ressources pour r\u00e9viser le bac en SVT.\" \/>\n<meta property=\"og:description\" content=\"Ressources pour r\u00e9viser le bac en SVT - Enseignement obligatoire. Annales de sujets de baccalaur\u00e9at en SVT. Liens vers les logiciels t\u00e9l\u00e9chargeables et utilisables en ECE (TP)\" \/>\n<meta property=\"og:url\" content=\"http:\/\/thibault-svt.fr\/index.php\/terminales\/ressources-pour-reviser\/\" \/>\n<meta property=\"og:site_name\" content=\"SVT\" \/>\n<meta property=\"article:modified_time\" content=\"2021-07-28T11:12:20+00:00\" \/>\n<meta name=\"twitter:card\" content=\"summary_large_image\" \/>\n<meta name=\"twitter:label1\" content=\"Dur\u00e9e de lecture estim\u00e9e\" \/>\n\t<meta name=\"twitter:data1\" content=\"1 minute\" \/>\n<script type=\"application\/ld+json\" class=\"yoast-schema-graph\">{\"@context\":\"https:\/\/schema.org\",\"@graph\":[{\"@type\":\"WebPage\",\"@id\":\"http:\/\/thibault-svt.fr\/index.php\/terminales\/ressources-pour-reviser\/\",\"url\":\"http:\/\/thibault-svt.fr\/index.php\/terminales\/ressources-pour-reviser\/\",\"name\":\"SVT-TS : Ressources pour r\u00e9viser le bac en SVT.\",\"isPartOf\":{\"@id\":\"http:\/\/thibault-svt.fr\/#website\"},\"datePublished\":\"2018-04-26T12:42:08+00:00\",\"dateModified\":\"2021-07-28T11:12:20+00:00\",\"description\":\"Ressources pour r\u00e9viser le bac en SVT - Enseignement obligatoire. Annales de sujets de baccalaur\u00e9at en SVT. Liens vers les logiciels t\u00e9l\u00e9chargeables et utilisables en ECE (TP)\",\"breadcrumb\":{\"@id\":\"http:\/\/thibault-svt.fr\/index.php\/terminales\/ressources-pour-reviser\/#breadcrumb\"},\"inLanguage\":\"fr-FR\",\"potentialAction\":[{\"@type\":\"ReadAction\",\"target\":[\"http:\/\/thibault-svt.fr\/index.php\/terminales\/ressources-pour-reviser\/\"]}]},{\"@type\":\"BreadcrumbList\",\"@id\":\"http:\/\/thibault-svt.fr\/index.php\/terminales\/ressources-pour-reviser\/#breadcrumb\",\"itemListElement\":[{\"@type\":\"ListItem\",\"position\":1,\"name\":\"Accueil\",\"item\":\"http:\/\/thibault-svt.fr\/\"},{\"@type\":\"ListItem\",\"position\":2,\"name\":\"Terminales\",\"item\":\"http:\/\/thibault-svt.fr\/index.php\/terminales\/\"},{\"@type\":\"ListItem\",\"position\":3,\"name\":\"Ressources pour r\u00e9viser\"}]},{\"@type\":\"WebSite\",\"@id\":\"http:\/\/thibault-svt.fr\/#website\",\"url\":\"http:\/\/thibault-svt.fr\/\",\"name\":\"SVT\",\"description\":\"Cours de SVT de Mme Thibault - Professeure au Lyc\u00e9e Maurice Genevoix\",\"potentialAction\":[{\"@type\":\"SearchAction\",\"target\":{\"@type\":\"EntryPoint\",\"urlTemplate\":\"http:\/\/thibault-svt.fr\/?s={search_term_string}\"},\"query-input\":{\"@type\":\"PropertyValueSpecification\",\"valueRequired\":true,\"valueName\":\"search_term_string\"}}],\"inLanguage\":\"fr-FR\"}]}<\/script>\n<!-- \/ Yoast SEO plugin. -->","yoast_head_json":{"title":"SVT-TS : Ressources pour r\u00e9viser le bac en SVT.","description":"Ressources pour r\u00e9viser le bac en SVT - Enseignement obligatoire. Annales de sujets de baccalaur\u00e9at en SVT. Liens vers les logiciels t\u00e9l\u00e9chargeables et utilisables en ECE (TP)","robots":{"index":"index","follow":"follow","max-snippet":"max-snippet:-1","max-image-preview":"max-image-preview:large","max-video-preview":"max-video-preview:-1"},"canonical":"http:\/\/thibault-svt.fr\/index.php\/terminales\/ressources-pour-reviser\/","og_locale":"fr_FR","og_type":"article","og_title":"SVT-TS : Ressources pour r\u00e9viser le bac en SVT.","og_description":"Ressources pour r\u00e9viser le bac en SVT - Enseignement obligatoire. Annales de sujets de baccalaur\u00e9at en SVT. Liens vers les logiciels t\u00e9l\u00e9chargeables et utilisables en ECE (TP)","og_url":"http:\/\/thibault-svt.fr\/index.php\/terminales\/ressources-pour-reviser\/","og_site_name":"SVT","article_modified_time":"2021-07-28T11:12:20+00:00","twitter_card":"summary_large_image","twitter_misc":{"Dur\u00e9e de lecture estim\u00e9e":"1 minute"},"schema":{"@context":"https:\/\/schema.org","@graph":[{"@type":"WebPage","@id":"http:\/\/thibault-svt.fr\/index.php\/terminales\/ressources-pour-reviser\/","url":"http:\/\/thibault-svt.fr\/index.php\/terminales\/ressources-pour-reviser\/","name":"SVT-TS : Ressources pour r\u00e9viser le bac en SVT.","isPartOf":{"@id":"http:\/\/thibault-svt.fr\/#website"},"datePublished":"2018-04-26T12:42:08+00:00","dateModified":"2021-07-28T11:12:20+00:00","description":"Ressources pour r\u00e9viser le bac en SVT - Enseignement obligatoire. Annales de sujets de baccalaur\u00e9at en SVT. Liens vers les logiciels t\u00e9l\u00e9chargeables et utilisables en ECE (TP)","breadcrumb":{"@id":"http:\/\/thibault-svt.fr\/index.php\/terminales\/ressources-pour-reviser\/#breadcrumb"},"inLanguage":"fr-FR","potentialAction":[{"@type":"ReadAction","target":["http:\/\/thibault-svt.fr\/index.php\/terminales\/ressources-pour-reviser\/"]}]},{"@type":"BreadcrumbList","@id":"http:\/\/thibault-svt.fr\/index.php\/terminales\/ressources-pour-reviser\/#breadcrumb","itemListElement":[{"@type":"ListItem","position":1,"name":"Accueil","item":"http:\/\/thibault-svt.fr\/"},{"@type":"ListItem","position":2,"name":"Terminales","item":"http:\/\/thibault-svt.fr\/index.php\/terminales\/"},{"@type":"ListItem","position":3,"name":"Ressources pour r\u00e9viser"}]},{"@type":"WebSite","@id":"http:\/\/thibault-svt.fr\/#website","url":"http:\/\/thibault-svt.fr\/","name":"SVT","description":"Cours de SVT de Mme Thibault - Professeure au Lyc\u00e9e Maurice Genevoix","potentialAction":[{"@type":"SearchAction","target":{"@type":"EntryPoint","urlTemplate":"http:\/\/thibault-svt.fr\/?s={search_term_string}"},"query-input":{"@type":"PropertyValueSpecification","valueRequired":true,"valueName":"search_term_string"}}],"inLanguage":"fr-FR"}]}},"_links":{"self":[{"href":"http:\/\/thibault-svt.fr\/index.php\/wp-json\/wp\/v2\/pages\/143","targetHints":{"allow":["GET"]}}],"collection":[{"href":"http:\/\/thibault-svt.fr\/index.php\/wp-json\/wp\/v2\/pages"}],"about":[{"href":"http:\/\/thibault-svt.fr\/index.php\/wp-json\/wp\/v2\/types\/page"}],"author":[{"embeddable":true,"href":"http:\/\/thibault-svt.fr\/index.php\/wp-json\/wp\/v2\/users\/1"}],"replies":[{"embeddable":true,"href":"http:\/\/thibault-svt.fr\/index.php\/wp-json\/wp\/v2\/comments?post=143"}],"version-history":[{"count":11,"href":"http:\/\/thibault-svt.fr\/index.php\/wp-json\/wp\/v2\/pages\/143\/revisions"}],"predecessor-version":[{"id":1097,"href":"http:\/\/thibault-svt.fr\/index.php\/wp-json\/wp\/v2\/pages\/143\/revisions\/1097"}],"up":[{"embeddable":true,"href":"http:\/\/thibault-svt.fr\/index.php\/wp-json\/wp\/v2\/pages\/86"}],"wp:attachment":[{"href":"http:\/\/thibault-svt.fr\/index.php\/wp-json\/wp\/v2\/media?parent=143"}],"curies":[{"name":"wp","href":"https:\/\/api.w.org\/{rel}","templated":true}]}}