{"id":1078,"date":"2018-12-04T12:17:43","date_gmt":"2018-12-04T11:17:43","guid":{"rendered":"http:\/\/thibault-svt.fr\/?page_id=1078"},"modified":"2018-12-04T12:28:02","modified_gmt":"2018-12-04T11:28:02","slug":"tomographie","status":"publish","type":"page","link":"http:\/\/thibault-svt.fr\/index.php\/terminales\/enseignement-obligatoire\/theme-2-c-geothermie-et-proprietes-thermiques-de-la-terre\/tomographie\/","title":{"rendered":"Tomographie"},"content":{"rendered":"<div class=\"titre-chapitre\">\n<h3>La tomographie sismique<\/h3>\n<\/div>\n<p>La tomographie est une technique d&rsquo;\u00e9tude du sous-sol consistant \u00e0 \u00e9tudier la vitesse de propagation des ondes. Plus le milieu est dense, plus les ondes se propagent rapidement, or, on peut (en admettant quelques hypoth\u00e8ses de travail) corr\u00e9ler la densit\u00e9 des roches avec leur temp\u00e9rature. <\/p>\n<p>Ainsi :<br \/>\n&#8211; Dans un milieu chaud, donc peu dense, les ondes seront ralenties.<br \/>\n&#8211; Dans un milieu froid, donc plus dense, les ondes seront acc\u00e9l\u00e9r\u00e9es. <\/p>\n<p><img loading=\"lazy\" decoding=\"async\" src=\"http:\/\/thibault-svt.fr\/wp-content\/uploads\/2018\/12\/Tomographie.jpg\" alt=\"Tomographie\" width=\"1162\" height=\"1131\" class=\"aligncenter size-full wp-image-1079\" srcset=\"http:\/\/thibault-svt.fr\/wp-content\/uploads\/2018\/12\/Tomographie.jpg 1162w, http:\/\/thibault-svt.fr\/wp-content\/uploads\/2018\/12\/Tomographie-300x292.jpg 300w, http:\/\/thibault-svt.fr\/wp-content\/uploads\/2018\/12\/Tomographie-768x748.jpg 768w, http:\/\/thibault-svt.fr\/wp-content\/uploads\/2018\/12\/Tomographie-1024x997.jpg 1024w, http:\/\/thibault-svt.fr\/wp-content\/uploads\/2018\/12\/Tomographie-900x876.jpg 900w\" sizes=\"auto, (max-width: 1162px) 100vw, 1162px\" \/><\/p>\n<p>Par exemple, sur la tomographie 4 (Tonga), on observe une anomalie de vitesse positive, correcpondant \u00e0 du mat\u00e9riel dense (donc froid) plongeant dans du mat\u00e9riel dans lequel les ondes sont ralenties, donc un milieu peu dense, donc un milieu chaud. On en d\u00e9duit que c&rsquo;est une zone de subduction, o\u00f9 une lithosph\u00e8re froide plonge dans l&rsquo;ast\u00e9nosph\u00e8re. <\/p>\n","protected":false},"excerpt":{"rendered":"<p>La tomographie sismique La tomographie est une technique d&rsquo;\u00e9tude du sous-sol consistant \u00e0 \u00e9tudier la vitesse de propagation des ondes. Plus le milieu est dense, plus les ondes se propagent rapidement, or, on peut (en admettant quelques hypoth\u00e8ses de travail) corr\u00e9ler la densit\u00e9 des roches avec leur temp\u00e9rature. Ainsi : &#8211; Dans un milieu chaud, [&hellip;]<\/p>\n","protected":false},"author":1,"featured_media":0,"parent":190,"menu_order":0,"comment_status":"closed","ping_status":"closed","template":"full-width-page-template.php","meta":{"footnotes":""},"class_list":["post-1078","page","type-page","status-publish","hentry"],"yoast_head":"<!-- This site is optimized with the Yoast SEO plugin v24.4 - https:\/\/yoast.com\/wordpress\/plugins\/seo\/ -->\n<title>Tomographie - SVT<\/title>\n<meta name=\"robots\" content=\"index, follow, max-snippet:-1, max-image-preview:large, max-video-preview:-1\" \/>\n<link rel=\"canonical\" href=\"http:\/\/thibault-svt.fr\/index.php\/terminales\/enseignement-obligatoire\/theme-2-c-geothermie-et-proprietes-thermiques-de-la-terre\/tomographie\/\" \/>\n<meta property=\"og:locale\" content=\"fr_FR\" \/>\n<meta property=\"og:type\" content=\"article\" \/>\n<meta property=\"og:title\" content=\"Tomographie - SVT\" \/>\n<meta property=\"og:description\" content=\"La tomographie sismique La tomographie est une technique d&rsquo;\u00e9tude du sous-sol consistant \u00e0 \u00e9tudier la vitesse de propagation des ondes. Plus le milieu est dense, plus les ondes se propagent rapidement, or, on peut (en admettant quelques hypoth\u00e8ses de travail) corr\u00e9ler la densit\u00e9 des roches avec leur temp\u00e9rature. Ainsi : &#8211; Dans un milieu chaud, [&hellip;]\" \/>\n<meta property=\"og:url\" content=\"http:\/\/thibault-svt.fr\/index.php\/terminales\/enseignement-obligatoire\/theme-2-c-geothermie-et-proprietes-thermiques-de-la-terre\/tomographie\/\" \/>\n<meta property=\"og:site_name\" content=\"SVT\" \/>\n<meta property=\"article:modified_time\" content=\"2018-12-04T11:28:02+00:00\" \/>\n<meta property=\"og:image\" content=\"http:\/\/thibault-svt.fr\/wp-content\/uploads\/2018\/12\/Tomographie.jpg\" \/>\n<meta name=\"twitter:card\" content=\"summary_large_image\" \/>\n<meta name=\"twitter:label1\" content=\"Dur\u00e9e de lecture estim\u00e9e\" \/>\n\t<meta name=\"twitter:data1\" content=\"1 minute\" \/>\n<script type=\"application\/ld+json\" class=\"yoast-schema-graph\">{\"@context\":\"https:\/\/schema.org\",\"@graph\":[{\"@type\":\"WebPage\",\"@id\":\"http:\/\/thibault-svt.fr\/index.php\/terminales\/enseignement-obligatoire\/theme-2-c-geothermie-et-proprietes-thermiques-de-la-terre\/tomographie\/\",\"url\":\"http:\/\/thibault-svt.fr\/index.php\/terminales\/enseignement-obligatoire\/theme-2-c-geothermie-et-proprietes-thermiques-de-la-terre\/tomographie\/\",\"name\":\"Tomographie - SVT\",\"isPartOf\":{\"@id\":\"http:\/\/thibault-svt.fr\/#website\"},\"primaryImageOfPage\":{\"@id\":\"http:\/\/thibault-svt.fr\/index.php\/terminales\/enseignement-obligatoire\/theme-2-c-geothermie-et-proprietes-thermiques-de-la-terre\/tomographie\/#primaryimage\"},\"image\":{\"@id\":\"http:\/\/thibault-svt.fr\/index.php\/terminales\/enseignement-obligatoire\/theme-2-c-geothermie-et-proprietes-thermiques-de-la-terre\/tomographie\/#primaryimage\"},\"thumbnailUrl\":\"http:\/\/thibault-svt.fr\/wp-content\/uploads\/2018\/12\/Tomographie.jpg\",\"datePublished\":\"2018-12-04T11:17:43+00:00\",\"dateModified\":\"2018-12-04T11:28:02+00:00\",\"breadcrumb\":{\"@id\":\"http:\/\/thibault-svt.fr\/index.php\/terminales\/enseignement-obligatoire\/theme-2-c-geothermie-et-proprietes-thermiques-de-la-terre\/tomographie\/#breadcrumb\"},\"inLanguage\":\"fr-FR\",\"potentialAction\":[{\"@type\":\"ReadAction\",\"target\":[\"http:\/\/thibault-svt.fr\/index.php\/terminales\/enseignement-obligatoire\/theme-2-c-geothermie-et-proprietes-thermiques-de-la-terre\/tomographie\/\"]}]},{\"@type\":\"ImageObject\",\"inLanguage\":\"fr-FR\",\"@id\":\"http:\/\/thibault-svt.fr\/index.php\/terminales\/enseignement-obligatoire\/theme-2-c-geothermie-et-proprietes-thermiques-de-la-terre\/tomographie\/#primaryimage\",\"url\":\"http:\/\/thibault-svt.fr\/wp-content\/uploads\/2018\/12\/Tomographie.jpg\",\"contentUrl\":\"http:\/\/thibault-svt.fr\/wp-content\/uploads\/2018\/12\/Tomographie.jpg\"},{\"@type\":\"BreadcrumbList\",\"@id\":\"http:\/\/thibault-svt.fr\/index.php\/terminales\/enseignement-obligatoire\/theme-2-c-geothermie-et-proprietes-thermiques-de-la-terre\/tomographie\/#breadcrumb\",\"itemListElement\":[{\"@type\":\"ListItem\",\"position\":1,\"name\":\"Accueil\",\"item\":\"http:\/\/thibault-svt.fr\/\"},{\"@type\":\"ListItem\",\"position\":2,\"name\":\"Terminales\",\"item\":\"http:\/\/thibault-svt.fr\/index.php\/terminales\/\"},{\"@type\":\"ListItem\",\"position\":3,\"name\":\"Enseignement obligatoire &#8211; Ancien programme\",\"item\":\"http:\/\/thibault-svt.fr\/index.php\/terminales\/enseignement-obligatoire\/\"},{\"@type\":\"ListItem\",\"position\":4,\"name\":\"Th\u00e8me 2.c &#8211; G\u00e9othermie et propri\u00e9t\u00e9s thermiques de la Terre\",\"item\":\"http:\/\/thibault-svt.fr\/index.php\/terminales\/enseignement-obligatoire\/theme-2-c-geothermie-et-proprietes-thermiques-de-la-terre\/\"},{\"@type\":\"ListItem\",\"position\":5,\"name\":\"Tomographie\"}]},{\"@type\":\"WebSite\",\"@id\":\"http:\/\/thibault-svt.fr\/#website\",\"url\":\"http:\/\/thibault-svt.fr\/\",\"name\":\"SVT\",\"description\":\"Cours de SVT de Mme Thibault - Professeure au Lyc\u00e9e Maurice Genevoix\",\"potentialAction\":[{\"@type\":\"SearchAction\",\"target\":{\"@type\":\"EntryPoint\",\"urlTemplate\":\"http:\/\/thibault-svt.fr\/?s={search_term_string}\"},\"query-input\":{\"@type\":\"PropertyValueSpecification\",\"valueRequired\":true,\"valueName\":\"search_term_string\"}}],\"inLanguage\":\"fr-FR\"}]}<\/script>\n<!-- \/ Yoast SEO plugin. -->","yoast_head_json":{"title":"Tomographie - SVT","robots":{"index":"index","follow":"follow","max-snippet":"max-snippet:-1","max-image-preview":"max-image-preview:large","max-video-preview":"max-video-preview:-1"},"canonical":"http:\/\/thibault-svt.fr\/index.php\/terminales\/enseignement-obligatoire\/theme-2-c-geothermie-et-proprietes-thermiques-de-la-terre\/tomographie\/","og_locale":"fr_FR","og_type":"article","og_title":"Tomographie - SVT","og_description":"La tomographie sismique La tomographie est une technique d&rsquo;\u00e9tude du sous-sol consistant \u00e0 \u00e9tudier la vitesse de propagation des ondes. Plus le milieu est dense, plus les ondes se propagent rapidement, or, on peut (en admettant quelques hypoth\u00e8ses de travail) corr\u00e9ler la densit\u00e9 des roches avec leur temp\u00e9rature. Ainsi : &#8211; Dans un milieu chaud, [&hellip;]","og_url":"http:\/\/thibault-svt.fr\/index.php\/terminales\/enseignement-obligatoire\/theme-2-c-geothermie-et-proprietes-thermiques-de-la-terre\/tomographie\/","og_site_name":"SVT","article_modified_time":"2018-12-04T11:28:02+00:00","og_image":[{"url":"http:\/\/thibault-svt.fr\/wp-content\/uploads\/2018\/12\/Tomographie.jpg","type":"","width":"","height":""}],"twitter_card":"summary_large_image","twitter_misc":{"Dur\u00e9e de lecture estim\u00e9e":"1 minute"},"schema":{"@context":"https:\/\/schema.org","@graph":[{"@type":"WebPage","@id":"http:\/\/thibault-svt.fr\/index.php\/terminales\/enseignement-obligatoire\/theme-2-c-geothermie-et-proprietes-thermiques-de-la-terre\/tomographie\/","url":"http:\/\/thibault-svt.fr\/index.php\/terminales\/enseignement-obligatoire\/theme-2-c-geothermie-et-proprietes-thermiques-de-la-terre\/tomographie\/","name":"Tomographie - SVT","isPartOf":{"@id":"http:\/\/thibault-svt.fr\/#website"},"primaryImageOfPage":{"@id":"http:\/\/thibault-svt.fr\/index.php\/terminales\/enseignement-obligatoire\/theme-2-c-geothermie-et-proprietes-thermiques-de-la-terre\/tomographie\/#primaryimage"},"image":{"@id":"http:\/\/thibault-svt.fr\/index.php\/terminales\/enseignement-obligatoire\/theme-2-c-geothermie-et-proprietes-thermiques-de-la-terre\/tomographie\/#primaryimage"},"thumbnailUrl":"http:\/\/thibault-svt.fr\/wp-content\/uploads\/2018\/12\/Tomographie.jpg","datePublished":"2018-12-04T11:17:43+00:00","dateModified":"2018-12-04T11:28:02+00:00","breadcrumb":{"@id":"http:\/\/thibault-svt.fr\/index.php\/terminales\/enseignement-obligatoire\/theme-2-c-geothermie-et-proprietes-thermiques-de-la-terre\/tomographie\/#breadcrumb"},"inLanguage":"fr-FR","potentialAction":[{"@type":"ReadAction","target":["http:\/\/thibault-svt.fr\/index.php\/terminales\/enseignement-obligatoire\/theme-2-c-geothermie-et-proprietes-thermiques-de-la-terre\/tomographie\/"]}]},{"@type":"ImageObject","inLanguage":"fr-FR","@id":"http:\/\/thibault-svt.fr\/index.php\/terminales\/enseignement-obligatoire\/theme-2-c-geothermie-et-proprietes-thermiques-de-la-terre\/tomographie\/#primaryimage","url":"http:\/\/thibault-svt.fr\/wp-content\/uploads\/2018\/12\/Tomographie.jpg","contentUrl":"http:\/\/thibault-svt.fr\/wp-content\/uploads\/2018\/12\/Tomographie.jpg"},{"@type":"BreadcrumbList","@id":"http:\/\/thibault-svt.fr\/index.php\/terminales\/enseignement-obligatoire\/theme-2-c-geothermie-et-proprietes-thermiques-de-la-terre\/tomographie\/#breadcrumb","itemListElement":[{"@type":"ListItem","position":1,"name":"Accueil","item":"http:\/\/thibault-svt.fr\/"},{"@type":"ListItem","position":2,"name":"Terminales","item":"http:\/\/thibault-svt.fr\/index.php\/terminales\/"},{"@type":"ListItem","position":3,"name":"Enseignement obligatoire &#8211; Ancien programme","item":"http:\/\/thibault-svt.fr\/index.php\/terminales\/enseignement-obligatoire\/"},{"@type":"ListItem","position":4,"name":"Th\u00e8me 2.c &#8211; G\u00e9othermie et propri\u00e9t\u00e9s thermiques de la Terre","item":"http:\/\/thibault-svt.fr\/index.php\/terminales\/enseignement-obligatoire\/theme-2-c-geothermie-et-proprietes-thermiques-de-la-terre\/"},{"@type":"ListItem","position":5,"name":"Tomographie"}]},{"@type":"WebSite","@id":"http:\/\/thibault-svt.fr\/#website","url":"http:\/\/thibault-svt.fr\/","name":"SVT","description":"Cours de SVT de Mme Thibault - Professeure au Lyc\u00e9e Maurice Genevoix","potentialAction":[{"@type":"SearchAction","target":{"@type":"EntryPoint","urlTemplate":"http:\/\/thibault-svt.fr\/?s={search_term_string}"},"query-input":{"@type":"PropertyValueSpecification","valueRequired":true,"valueName":"search_term_string"}}],"inLanguage":"fr-FR"}]}},"_links":{"self":[{"href":"http:\/\/thibault-svt.fr\/index.php\/wp-json\/wp\/v2\/pages\/1078","targetHints":{"allow":["GET"]}}],"collection":[{"href":"http:\/\/thibault-svt.fr\/index.php\/wp-json\/wp\/v2\/pages"}],"about":[{"href":"http:\/\/thibault-svt.fr\/index.php\/wp-json\/wp\/v2\/types\/page"}],"author":[{"embeddable":true,"href":"http:\/\/thibault-svt.fr\/index.php\/wp-json\/wp\/v2\/users\/1"}],"replies":[{"embeddable":true,"href":"http:\/\/thibault-svt.fr\/index.php\/wp-json\/wp\/v2\/comments?post=1078"}],"version-history":[{"count":4,"href":"http:\/\/thibault-svt.fr\/index.php\/wp-json\/wp\/v2\/pages\/1078\/revisions"}],"predecessor-version":[{"id":1085,"href":"http:\/\/thibault-svt.fr\/index.php\/wp-json\/wp\/v2\/pages\/1078\/revisions\/1085"}],"up":[{"embeddable":true,"href":"http:\/\/thibault-svt.fr\/index.php\/wp-json\/wp\/v2\/pages\/190"}],"wp:attachment":[{"href":"http:\/\/thibault-svt.fr\/index.php\/wp-json\/wp\/v2\/media?parent=1078"}],"curies":[{"name":"wp","href":"https:\/\/api.w.org\/{rel}","templated":true}]}}